{"id":224884,"date":"2026-02-23T00:00:11","date_gmt":"2026-02-22T23:00:11","guid":{"rendered":"https:\/\/www.voustensports.com\/valenza-shorts-monsoon-42649-2\/"},"modified":"2026-04-15T03:48:10","modified_gmt":"2026-04-15T01:48:10","slug":"valenza-shorts-monsoon-42649-2","status":"publish","type":"product","link":"https:\/\/www.voustensports.com\/fr\/valenza-shorts-monsoon-42649-2\/","title":{"rendered":"VALENZA &#8211; Shorts Monsoon (42649)"},"content":{"rendered":"<ul>\n<li>Coupe d\u00e9contract\u00e9e<\/li>\n<li>Short de sport avec fermeture \u00e0 lacets<\/li>\n<li>Fermeture \u00e9clair en nylon \u00e0 la poche arri\u00e8re<\/li>\n<li>Tissu\u00a0: Coton Supima interlock<\/li>\n<li>Fabriqu\u00e9 en Italie<\/li>\n<li>Composition\u00a0: 100\u00a0% coton<\/li>\n<li>Grammage\u00a0: 190\u00a0g\/m\u00b2<\/li>\n<li>\u00c9tiquettes en coton recycl\u00e9<\/li>\n<li>\u00c9tiquettes volantes en papier recycl\u00e9<\/li>\n<li>Lacets\u00a0: 100\u00a0% coton, embouts en caoutchouc ton sur ton<\/li>\n<li>Fermeture \u00e9clair\u00a0: Fermeture \u00e9clair en nylon<\/li>\n<li>Fabriqu\u00e9 dans les Marches, en Italie. Certifi\u00e9 100\u00a0% Made in Italy. Toutes les \u00e9tapes de la fabrication de ce short ont \u00e9t\u00e9 r\u00e9alis\u00e9es dans les Marches, en Italie, selon des m\u00e9thodes artisanales.<\/li>\n<\/ul>\n","protected":false},"excerpt":{"rendered":"<p>Coupe d\u00e9contract\u00e9e Short de sport avec fermeture \u00e0 lacets Fermeture \u00e9clair en nylon \u00e0 la poche arri\u00e8re Tissu\u00a0: Coton Supima interlock Fabriqu\u00e9 en Italie Composition\u00a0: 100\u00a0% coton Grammage\u00a0: 190\u00a0g\/m\u00b2 \u00c9tiquettes en coton recycl\u00e9 \u00c9tiquettes volantes en papier recycl\u00e9 Lacets\u00a0: 100\u00a0% coton, embouts en caoutchouc ton sur ton Fermeture \u00e9clair\u00a0: Fermeture \u00e9clair en nylon Fabriqu\u00e9 dans [&#8230;]\n","protected":false},"featured_media":224872,"comment_status":"open","ping_status":"closed","template":"","meta":{"rank_math_lock_modified_date":false},"product_cat":[446,450,458,462,466,778,786],"product_tag":[],"class_list":{"0":"post-224884","1":"product","2":"type-product","3":"status-publish","4":"has-post-thumbnail","6":"product_cat-kleding-fr","7":"product_cat-heren-fr","8":"product_cat-shorts-fr-2","9":"product_cat-vousten-sports-fr-2","10":"product_cat-broeken-fr","11":"product_cat-valenza-fr","12":"product_cat-broek-fr","14":"first","15":"instock","16":"taxable","17":"shipping-taxable","18":"purchasable","19":"product-type-variable"},"acf":[],"yoast_head":"<!-- This site is optimized with the Yoast SEO plugin v23.9 - https:\/\/yoast.com\/wordpress\/plugins\/seo\/ -->\n<title>VALENZA - Shorts Monsoon (42649) - Vousten Sports<\/title>\n<meta name=\"robots\" content=\"index, follow, max-snippet:-1, max-image-preview:large, max-video-preview:-1\" \/>\n<link rel=\"canonical\" href=\"https:\/\/www.voustensports.com\/fr\/valenza-shorts-monsoon-42649-2\/\" \/>\n<meta property=\"og:locale\" content=\"fr_FR\" \/>\n<meta property=\"og:type\" content=\"article\" \/>\n<meta property=\"og:title\" content=\"VALENZA - Shorts Monsoon (42649) - Vousten Sports\" \/>\n<meta property=\"og:description\" content=\"Coupe d\u00e9contract\u00e9e Short de sport avec fermeture \u00e0 lacets Fermeture \u00e9clair en nylon \u00e0 la poche arri\u00e8re Tissu\u00a0: Coton Supima interlock Fabriqu\u00e9 en Italie Composition\u00a0: 100\u00a0% coton Grammage\u00a0: 190\u00a0g\/m\u00b2 \u00c9tiquettes en coton recycl\u00e9 \u00c9tiquettes volantes en papier recycl\u00e9 Lacets\u00a0: 100\u00a0% coton, embouts en caoutchouc ton sur ton Fermeture \u00e9clair\u00a0: Fermeture \u00e9clair en nylon Fabriqu\u00e9 dans [...]\" \/>\n<meta property=\"og:url\" content=\"https:\/\/www.voustensports.com\/fr\/valenza-shorts-monsoon-42649-2\/\" \/>\n<meta property=\"og:site_name\" content=\"Vousten Sports\" \/>\n<meta property=\"article:modified_time\" content=\"2026-04-15T01:48:10+00:00\" \/>\n<meta property=\"og:image\" content=\"https:\/\/www.voustensports.com\/wp-content\/uploads\/2023\/06\/VALENZA-Shorts-Monsoon-42649-1.jpg\" \/>\n\t<meta property=\"og:image:width\" content=\"1365\" \/>\n\t<meta property=\"og:image:height\" content=\"2048\" \/>\n\t<meta property=\"og:image:type\" content=\"image\/jpeg\" \/>\n<meta name=\"twitter:card\" content=\"summary_large_image\" \/>\n<script type=\"application\/ld+json\" class=\"yoast-schema-graph\">{\"@context\":\"https:\/\/schema.org\",\"@graph\":[{\"@type\":\"WebPage\",\"@id\":\"https:\/\/www.voustensports.com\/fr\/valenza-shorts-monsoon-42649-2\/\",\"url\":\"https:\/\/www.voustensports.com\/fr\/valenza-shorts-monsoon-42649-2\/\",\"name\":\"VALENZA - Shorts Monsoon (42649) - Vousten Sports\",\"isPartOf\":{\"@id\":\"https:\/\/www.voustensports.com\/nl\/#website\"},\"primaryImageOfPage\":{\"@id\":\"https:\/\/www.voustensports.com\/fr\/valenza-shorts-monsoon-42649-2\/#primaryimage\"},\"image\":{\"@id\":\"https:\/\/www.voustensports.com\/fr\/valenza-shorts-monsoon-42649-2\/#primaryimage\"},\"thumbnailUrl\":\"https:\/\/www.voustensports.com\/wp-content\/uploads\/2023\/06\/VALENZA-Shorts-Monsoon-42649-1.jpg\",\"datePublished\":\"2026-02-22T23:00:11+00:00\",\"dateModified\":\"2026-04-15T01:48:10+00:00\",\"breadcrumb\":{\"@id\":\"https:\/\/www.voustensports.com\/fr\/valenza-shorts-monsoon-42649-2\/#breadcrumb\"},\"inLanguage\":\"fr-FR\",\"potentialAction\":[{\"@type\":\"ReadAction\",\"target\":[\"https:\/\/www.voustensports.com\/fr\/valenza-shorts-monsoon-42649-2\/\"]}]},{\"@type\":\"ImageObject\",\"inLanguage\":\"fr-FR\",\"@id\":\"https:\/\/www.voustensports.com\/fr\/valenza-shorts-monsoon-42649-2\/#primaryimage\",\"url\":\"https:\/\/www.voustensports.com\/wp-content\/uploads\/2023\/06\/VALENZA-Shorts-Monsoon-42649-1.jpg\",\"contentUrl\":\"https:\/\/www.voustensports.com\/wp-content\/uploads\/2023\/06\/VALENZA-Shorts-Monsoon-42649-1.jpg\",\"width\":1365,\"height\":2048},{\"@type\":\"BreadcrumbList\",\"@id\":\"https:\/\/www.voustensports.com\/fr\/valenza-shorts-monsoon-42649-2\/#breadcrumb\",\"itemListElement\":[{\"@type\":\"ListItem\",\"position\":1,\"name\":\"Home\",\"item\":\"https:\/\/www.voustensports.com\/fr\/\"},{\"@type\":\"ListItem\",\"position\":2,\"name\":\"Boutique\",\"item\":\"https:\/\/www.voustensports.com\/fr\/shop\/\"},{\"@type\":\"ListItem\",\"position\":3,\"name\":\"VALENZA &#8211; Shorts Monsoon (42649)\"}]},{\"@type\":\"WebSite\",\"@id\":\"https:\/\/www.voustensports.com\/nl\/#website\",\"url\":\"https:\/\/www.voustensports.com\/nl\/\",\"name\":\"Vousten Sports\",\"description\":\"\",\"potentialAction\":[{\"@type\":\"SearchAction\",\"target\":{\"@type\":\"EntryPoint\",\"urlTemplate\":\"https:\/\/www.voustensports.com\/nl\/?s={search_term_string}\"},\"query-input\":{\"@type\":\"PropertyValueSpecification\",\"valueRequired\":true,\"valueName\":\"search_term_string\"}}],\"inLanguage\":\"fr-FR\"}]}<\/script>\n<!-- \/ Yoast SEO plugin. -->","yoast_head_json":{"title":"VALENZA - Shorts Monsoon (42649) - Vousten Sports","robots":{"index":"index","follow":"follow","max-snippet":"max-snippet:-1","max-image-preview":"max-image-preview:large","max-video-preview":"max-video-preview:-1"},"canonical":"https:\/\/www.voustensports.com\/fr\/valenza-shorts-monsoon-42649-2\/","og_locale":"fr_FR","og_type":"article","og_title":"VALENZA - Shorts Monsoon (42649) - Vousten Sports","og_description":"Coupe d\u00e9contract\u00e9e Short de sport avec fermeture \u00e0 lacets Fermeture \u00e9clair en nylon \u00e0 la poche arri\u00e8re Tissu\u00a0: Coton Supima interlock Fabriqu\u00e9 en Italie Composition\u00a0: 100\u00a0% coton Grammage\u00a0: 190\u00a0g\/m\u00b2 \u00c9tiquettes en coton recycl\u00e9 \u00c9tiquettes volantes en papier recycl\u00e9 Lacets\u00a0: 100\u00a0% coton, embouts en caoutchouc ton sur ton Fermeture \u00e9clair\u00a0: Fermeture \u00e9clair en nylon Fabriqu\u00e9 dans [...]","og_url":"https:\/\/www.voustensports.com\/fr\/valenza-shorts-monsoon-42649-2\/","og_site_name":"Vousten Sports","article_modified_time":"2026-04-15T01:48:10+00:00","og_image":[{"width":1365,"height":2048,"url":"https:\/\/www.voustensports.com\/wp-content\/uploads\/2023\/06\/VALENZA-Shorts-Monsoon-42649-1.jpg","type":"image\/jpeg"}],"twitter_card":"summary_large_image","schema":{"@context":"https:\/\/schema.org","@graph":[{"@type":"WebPage","@id":"https:\/\/www.voustensports.com\/fr\/valenza-shorts-monsoon-42649-2\/","url":"https:\/\/www.voustensports.com\/fr\/valenza-shorts-monsoon-42649-2\/","name":"VALENZA - Shorts Monsoon (42649) - Vousten Sports","isPartOf":{"@id":"https:\/\/www.voustensports.com\/nl\/#website"},"primaryImageOfPage":{"@id":"https:\/\/www.voustensports.com\/fr\/valenza-shorts-monsoon-42649-2\/#primaryimage"},"image":{"@id":"https:\/\/www.voustensports.com\/fr\/valenza-shorts-monsoon-42649-2\/#primaryimage"},"thumbnailUrl":"https:\/\/www.voustensports.com\/wp-content\/uploads\/2023\/06\/VALENZA-Shorts-Monsoon-42649-1.jpg","datePublished":"2026-02-22T23:00:11+00:00","dateModified":"2026-04-15T01:48:10+00:00","breadcrumb":{"@id":"https:\/\/www.voustensports.com\/fr\/valenza-shorts-monsoon-42649-2\/#breadcrumb"},"inLanguage":"fr-FR","potentialAction":[{"@type":"ReadAction","target":["https:\/\/www.voustensports.com\/fr\/valenza-shorts-monsoon-42649-2\/"]}]},{"@type":"ImageObject","inLanguage":"fr-FR","@id":"https:\/\/www.voustensports.com\/fr\/valenza-shorts-monsoon-42649-2\/#primaryimage","url":"https:\/\/www.voustensports.com\/wp-content\/uploads\/2023\/06\/VALENZA-Shorts-Monsoon-42649-1.jpg","contentUrl":"https:\/\/www.voustensports.com\/wp-content\/uploads\/2023\/06\/VALENZA-Shorts-Monsoon-42649-1.jpg","width":1365,"height":2048},{"@type":"BreadcrumbList","@id":"https:\/\/www.voustensports.com\/fr\/valenza-shorts-monsoon-42649-2\/#breadcrumb","itemListElement":[{"@type":"ListItem","position":1,"name":"Home","item":"https:\/\/www.voustensports.com\/fr\/"},{"@type":"ListItem","position":2,"name":"Boutique","item":"https:\/\/www.voustensports.com\/fr\/shop\/"},{"@type":"ListItem","position":3,"name":"VALENZA &#8211; Shorts Monsoon (42649)"}]},{"@type":"WebSite","@id":"https:\/\/www.voustensports.com\/nl\/#website","url":"https:\/\/www.voustensports.com\/nl\/","name":"Vousten Sports","description":"","potentialAction":[{"@type":"SearchAction","target":{"@type":"EntryPoint","urlTemplate":"https:\/\/www.voustensports.com\/nl\/?s={search_term_string}"},"query-input":{"@type":"PropertyValueSpecification","valueRequired":true,"valueName":"search_term_string"}}],"inLanguage":"fr-FR"}]}},"_links":{"self":[{"href":"https:\/\/www.voustensports.com\/fr\/wp-json\/wp\/v2\/product\/224884","targetHints":{"allow":["GET"]}}],"collection":[{"href":"https:\/\/www.voustensports.com\/fr\/wp-json\/wp\/v2\/product"}],"about":[{"href":"https:\/\/www.voustensports.com\/fr\/wp-json\/wp\/v2\/types\/product"}],"replies":[{"embeddable":true,"href":"https:\/\/www.voustensports.com\/fr\/wp-json\/wp\/v2\/comments?post=224884"}],"wp:featuredmedia":[{"embeddable":true,"href":"https:\/\/www.voustensports.com\/fr\/wp-json\/wp\/v2\/media\/224872"}],"wp:attachment":[{"href":"https:\/\/www.voustensports.com\/fr\/wp-json\/wp\/v2\/media?parent=224884"}],"wp:term":[{"taxonomy":"product_cat","embeddable":true,"href":"https:\/\/www.voustensports.com\/fr\/wp-json\/wp\/v2\/product_cat?post=224884"},{"taxonomy":"product_tag","embeddable":true,"href":"https:\/\/www.voustensports.com\/fr\/wp-json\/wp\/v2\/product_tag?post=224884"}],"curies":[{"name":"wp","href":"https:\/\/api.w.org\/{rel}","templated":true}]}}