{"id":224624,"date":"2026-02-22T01:03:16","date_gmt":"2026-02-22T00:03:16","guid":{"rendered":"https:\/\/www.voustensports.com\/genti-polo-gris-fonce-42627\/"},"modified":"2026-03-23T15:51:08","modified_gmt":"2026-03-23T14:51:08","slug":"genti-polo-gris-fonce-42627","status":"publish","type":"product","link":"https:\/\/www.voustensports.com\/fr\/genti-polo-gris-fonce-42627\/","title":{"rendered":"GENTI &#8211; Polo gris fonc\u00e9 (42627)"},"content":{"rendered":"<div>Ce polo Genti est un incontournable moderne au style \u00e9l\u00e9gant et raffin\u00e9. Son m\u00e9lange de coton stretch de haute qualit\u00e9 est doux et offre un confort optimal tout au long de la journ\u00e9e. Sa patte de boutonnage classique \u00e0 3 boutons et ses manches courtes en font une pi\u00e8ce polyvalente, adapt\u00e9e \u00e0 de nombreuses occasions.<\/div>\n<ul>\n<li>Composition : 93 % coton, 7 % \u00e9lasthanne<\/li>\n<li>Couleur : Gris Fonc\u00e9<\/li>\n<li>Coupe : Coupe classique<\/li>\n<li>Fermeture : Boutons<\/li>\n<\/ul>\n<div>Un polo intemporel qui allie confort et style avec aisance. Id\u00e9al au quotidien, pour un look d\u00e9contract\u00e9 ou chic.<\/div>\n<div>Le m\u00e9lange de coton respirant est agr\u00e9able au toucher, tandis que l&rsquo;\u00e9lasticit\u00e9 assure une coupe confortable et une tenue impeccable. Ses finitions soign\u00e9es soulignent le caract\u00e8re haut de gamme de cette pi\u00e8ce.<\/div>\n","protected":false},"excerpt":{"rendered":"<p>Ce polo Genti est un incontournable moderne au style \u00e9l\u00e9gant et raffin\u00e9. Son m\u00e9lange de coton stretch de haute qualit\u00e9 est doux et offre un confort optimal tout au long de la journ\u00e9e. Sa patte de boutonnage classique \u00e0 3 boutons et ses manches courtes en font une pi\u00e8ce polyvalente, adapt\u00e9e \u00e0 de nombreuses occasions. [&#8230;]\n","protected":false},"featured_media":224612,"comment_status":"open","ping_status":"closed","template":"","meta":{"rank_math_lock_modified_date":false},"product_cat":[446,450,462,478,486,710],"product_tag":[],"class_list":{"0":"post-224624","1":"product","2":"type-product","3":"status-publish","4":"has-post-thumbnail","6":"product_cat-kleding-fr","7":"product_cat-heren-fr","8":"product_cat-vousten-sports-fr-2","9":"product_cat-polos-fr-2","10":"product_cat-shirt-fr-2","11":"product_cat-genti-fr","13":"first","14":"instock","15":"taxable","16":"shipping-taxable","17":"purchasable","18":"product-type-variable"},"acf":[],"yoast_head":"<!-- This site is optimized with the Yoast SEO plugin v23.9 - https:\/\/yoast.com\/wordpress\/plugins\/seo\/ -->\n<title>GENTI - Polo gris fonc\u00e9 (42627) - Vousten Sports<\/title>\n<meta name=\"robots\" content=\"index, follow, max-snippet:-1, max-image-preview:large, max-video-preview:-1\" \/>\n<link rel=\"canonical\" href=\"https:\/\/www.voustensports.com\/fr\/genti-polo-gris-fonce-42627\/\" \/>\n<meta property=\"og:locale\" content=\"fr_FR\" \/>\n<meta property=\"og:type\" content=\"article\" \/>\n<meta property=\"og:title\" content=\"GENTI - Polo gris fonc\u00e9 (42627) - Vousten Sports\" \/>\n<meta property=\"og:description\" content=\"Ce polo Genti est un incontournable moderne au style \u00e9l\u00e9gant et raffin\u00e9. Son m\u00e9lange de coton stretch de haute qualit\u00e9 est doux et offre un confort optimal tout au long de la journ\u00e9e. Sa patte de boutonnage classique \u00e0 3 boutons et ses manches courtes en font une pi\u00e8ce polyvalente, adapt\u00e9e \u00e0 de nombreuses occasions. [...]\" \/>\n<meta property=\"og:url\" content=\"https:\/\/www.voustensports.com\/fr\/genti-polo-gris-fonce-42627\/\" \/>\n<meta property=\"og:site_name\" content=\"Vousten Sports\" \/>\n<meta property=\"article:modified_time\" content=\"2026-03-23T14:51:08+00:00\" \/>\n<meta property=\"og:image\" content=\"https:\/\/www.voustensports.com\/wp-content\/uploads\/2023\/06\/Polo-donkergrijs-426271.png\" \/>\n\t<meta property=\"og:image:width\" content=\"1365\" \/>\n\t<meta property=\"og:image:height\" content=\"2048\" \/>\n\t<meta property=\"og:image:type\" content=\"image\/png\" \/>\n<meta name=\"twitter:card\" content=\"summary_large_image\" \/>\n<meta name=\"twitter:label1\" content=\"Est. reading time\" \/>\n\t<meta name=\"twitter:data1\" content=\"1 minute\" \/>\n<script type=\"application\/ld+json\" class=\"yoast-schema-graph\">{\"@context\":\"https:\/\/schema.org\",\"@graph\":[{\"@type\":\"WebPage\",\"@id\":\"https:\/\/www.voustensports.com\/fr\/genti-polo-gris-fonce-42627\/\",\"url\":\"https:\/\/www.voustensports.com\/fr\/genti-polo-gris-fonce-42627\/\",\"name\":\"GENTI - Polo gris fonc\u00e9 (42627) - Vousten Sports\",\"isPartOf\":{\"@id\":\"https:\/\/www.voustensports.com\/nl\/#website\"},\"primaryImageOfPage\":{\"@id\":\"https:\/\/www.voustensports.com\/fr\/genti-polo-gris-fonce-42627\/#primaryimage\"},\"image\":{\"@id\":\"https:\/\/www.voustensports.com\/fr\/genti-polo-gris-fonce-42627\/#primaryimage\"},\"thumbnailUrl\":\"https:\/\/www.voustensports.com\/wp-content\/uploads\/2023\/06\/Polo-donkergrijs-426271.png\",\"datePublished\":\"2026-02-22T00:03:16+00:00\",\"dateModified\":\"2026-03-23T14:51:08+00:00\",\"breadcrumb\":{\"@id\":\"https:\/\/www.voustensports.com\/fr\/genti-polo-gris-fonce-42627\/#breadcrumb\"},\"inLanguage\":\"fr-FR\",\"potentialAction\":[{\"@type\":\"ReadAction\",\"target\":[\"https:\/\/www.voustensports.com\/fr\/genti-polo-gris-fonce-42627\/\"]}]},{\"@type\":\"ImageObject\",\"inLanguage\":\"fr-FR\",\"@id\":\"https:\/\/www.voustensports.com\/fr\/genti-polo-gris-fonce-42627\/#primaryimage\",\"url\":\"https:\/\/www.voustensports.com\/wp-content\/uploads\/2023\/06\/Polo-donkergrijs-426271.png\",\"contentUrl\":\"https:\/\/www.voustensports.com\/wp-content\/uploads\/2023\/06\/Polo-donkergrijs-426271.png\",\"width\":1365,\"height\":2048},{\"@type\":\"BreadcrumbList\",\"@id\":\"https:\/\/www.voustensports.com\/fr\/genti-polo-gris-fonce-42627\/#breadcrumb\",\"itemListElement\":[{\"@type\":\"ListItem\",\"position\":1,\"name\":\"Home\",\"item\":\"https:\/\/www.voustensports.com\/fr\/\"},{\"@type\":\"ListItem\",\"position\":2,\"name\":\"Boutique\",\"item\":\"https:\/\/www.voustensports.com\/fr\/shop\/\"},{\"@type\":\"ListItem\",\"position\":3,\"name\":\"GENTI &#8211; Polo gris fonc\u00e9 (42627)\"}]},{\"@type\":\"WebSite\",\"@id\":\"https:\/\/www.voustensports.com\/nl\/#website\",\"url\":\"https:\/\/www.voustensports.com\/nl\/\",\"name\":\"Vousten Sports\",\"description\":\"\",\"potentialAction\":[{\"@type\":\"SearchAction\",\"target\":{\"@type\":\"EntryPoint\",\"urlTemplate\":\"https:\/\/www.voustensports.com\/nl\/?s={search_term_string}\"},\"query-input\":{\"@type\":\"PropertyValueSpecification\",\"valueRequired\":true,\"valueName\":\"search_term_string\"}}],\"inLanguage\":\"fr-FR\"}]}<\/script>\n<!-- \/ Yoast SEO plugin. -->","yoast_head_json":{"title":"GENTI - Polo gris fonc\u00e9 (42627) - Vousten Sports","robots":{"index":"index","follow":"follow","max-snippet":"max-snippet:-1","max-image-preview":"max-image-preview:large","max-video-preview":"max-video-preview:-1"},"canonical":"https:\/\/www.voustensports.com\/fr\/genti-polo-gris-fonce-42627\/","og_locale":"fr_FR","og_type":"article","og_title":"GENTI - Polo gris fonc\u00e9 (42627) - Vousten Sports","og_description":"Ce polo Genti est un incontournable moderne au style \u00e9l\u00e9gant et raffin\u00e9. Son m\u00e9lange de coton stretch de haute qualit\u00e9 est doux et offre un confort optimal tout au long de la journ\u00e9e. Sa patte de boutonnage classique \u00e0 3 boutons et ses manches courtes en font une pi\u00e8ce polyvalente, adapt\u00e9e \u00e0 de nombreuses occasions. [...]","og_url":"https:\/\/www.voustensports.com\/fr\/genti-polo-gris-fonce-42627\/","og_site_name":"Vousten Sports","article_modified_time":"2026-03-23T14:51:08+00:00","og_image":[{"width":1365,"height":2048,"url":"https:\/\/www.voustensports.com\/wp-content\/uploads\/2023\/06\/Polo-donkergrijs-426271.png","type":"image\/png"}],"twitter_card":"summary_large_image","twitter_misc":{"Est. reading time":"1 minute"},"schema":{"@context":"https:\/\/schema.org","@graph":[{"@type":"WebPage","@id":"https:\/\/www.voustensports.com\/fr\/genti-polo-gris-fonce-42627\/","url":"https:\/\/www.voustensports.com\/fr\/genti-polo-gris-fonce-42627\/","name":"GENTI - Polo gris fonc\u00e9 (42627) - Vousten Sports","isPartOf":{"@id":"https:\/\/www.voustensports.com\/nl\/#website"},"primaryImageOfPage":{"@id":"https:\/\/www.voustensports.com\/fr\/genti-polo-gris-fonce-42627\/#primaryimage"},"image":{"@id":"https:\/\/www.voustensports.com\/fr\/genti-polo-gris-fonce-42627\/#primaryimage"},"thumbnailUrl":"https:\/\/www.voustensports.com\/wp-content\/uploads\/2023\/06\/Polo-donkergrijs-426271.png","datePublished":"2026-02-22T00:03:16+00:00","dateModified":"2026-03-23T14:51:08+00:00","breadcrumb":{"@id":"https:\/\/www.voustensports.com\/fr\/genti-polo-gris-fonce-42627\/#breadcrumb"},"inLanguage":"fr-FR","potentialAction":[{"@type":"ReadAction","target":["https:\/\/www.voustensports.com\/fr\/genti-polo-gris-fonce-42627\/"]}]},{"@type":"ImageObject","inLanguage":"fr-FR","@id":"https:\/\/www.voustensports.com\/fr\/genti-polo-gris-fonce-42627\/#primaryimage","url":"https:\/\/www.voustensports.com\/wp-content\/uploads\/2023\/06\/Polo-donkergrijs-426271.png","contentUrl":"https:\/\/www.voustensports.com\/wp-content\/uploads\/2023\/06\/Polo-donkergrijs-426271.png","width":1365,"height":2048},{"@type":"BreadcrumbList","@id":"https:\/\/www.voustensports.com\/fr\/genti-polo-gris-fonce-42627\/#breadcrumb","itemListElement":[{"@type":"ListItem","position":1,"name":"Home","item":"https:\/\/www.voustensports.com\/fr\/"},{"@type":"ListItem","position":2,"name":"Boutique","item":"https:\/\/www.voustensports.com\/fr\/shop\/"},{"@type":"ListItem","position":3,"name":"GENTI &#8211; Polo gris fonc\u00e9 (42627)"}]},{"@type":"WebSite","@id":"https:\/\/www.voustensports.com\/nl\/#website","url":"https:\/\/www.voustensports.com\/nl\/","name":"Vousten Sports","description":"","potentialAction":[{"@type":"SearchAction","target":{"@type":"EntryPoint","urlTemplate":"https:\/\/www.voustensports.com\/nl\/?s={search_term_string}"},"query-input":{"@type":"PropertyValueSpecification","valueRequired":true,"valueName":"search_term_string"}}],"inLanguage":"fr-FR"}]}},"_links":{"self":[{"href":"https:\/\/www.voustensports.com\/fr\/wp-json\/wp\/v2\/product\/224624","targetHints":{"allow":["GET"]}}],"collection":[{"href":"https:\/\/www.voustensports.com\/fr\/wp-json\/wp\/v2\/product"}],"about":[{"href":"https:\/\/www.voustensports.com\/fr\/wp-json\/wp\/v2\/types\/product"}],"replies":[{"embeddable":true,"href":"https:\/\/www.voustensports.com\/fr\/wp-json\/wp\/v2\/comments?post=224624"}],"wp:featuredmedia":[{"embeddable":true,"href":"https:\/\/www.voustensports.com\/fr\/wp-json\/wp\/v2\/media\/224612"}],"wp:attachment":[{"href":"https:\/\/www.voustensports.com\/fr\/wp-json\/wp\/v2\/media?parent=224624"}],"wp:term":[{"taxonomy":"product_cat","embeddable":true,"href":"https:\/\/www.voustensports.com\/fr\/wp-json\/wp\/v2\/product_cat?post=224624"},{"taxonomy":"product_tag","embeddable":true,"href":"https:\/\/www.voustensports.com\/fr\/wp-json\/wp\/v2\/product_tag?post=224624"}],"curies":[{"name":"wp","href":"https:\/\/api.w.org\/{rel}","templated":true}]}}