{"id":224546,"date":"2026-02-21T06:12:24","date_gmt":"2026-02-21T05:12:24","guid":{"rendered":"https:\/\/www.voustensports.com\/genti-pantalon-bleu-fonce-42520\/"},"modified":"2026-02-21T10:36:10","modified_gmt":"2026-02-21T09:36:10","slug":"genti-pantalon-bleu-fonce-42520","status":"publish","type":"product","link":"https:\/\/www.voustensports.com\/fr\/genti-pantalon-bleu-fonce-42520\/","title":{"rendered":"GENTI &#8211; Pantalon bleu fonc\u00e9 (42520)"},"content":{"rendered":"<div>Ce pantalon Genti est confectionn\u00e9 en laine Marzotto B-Dynamic de haute qualit\u00e9 et offre un confort moderne et une allure raffin\u00e9e. Son \u00e9lasticit\u00e9 naturelle assure une libert\u00e9 de mouvement optimale, tandis que ses finitions impeccables le rendent id\u00e9al pour les occasions professionnelles comme d\u00e9contract\u00e9es.<\/div>\n<ul>\n<li>Composition : 100 % laine (Marzotto B-Dynamic)<\/li>\n<li>Couleur : Bleu fonc\u00e9<\/li>\n<li>Coupe : Coupe classique<\/li>\n<li>Motif : Uni<\/li>\n<li>Fermeture : Boutons et fermeture \u00e9clair<\/li>\n<\/ul>\n<div>Laine italienne premium \u00e0 l&rsquo;\u00e9lasticit\u00e9 naturelle. Confortable et \u00e9l\u00e9gante tout au long de la journ\u00e9e.<\/div>\n<div>La qualit\u00e9 Marzotto B-Dynamic allie respirabilit\u00e9 et tenue. Le pantalon conserve ainsi sa coupe et son aspect, m\u00eame apr\u00e8s de nombreux lavages. Id\u00e9al pour l&rsquo;homme qui souhaite allier confort et style avec aisance.<\/div>\n","protected":false},"excerpt":{"rendered":"<p>Ce pantalon Genti est confectionn\u00e9 en laine Marzotto B-Dynamic de haute qualit\u00e9 et offre un confort moderne et une allure raffin\u00e9e. Son \u00e9lasticit\u00e9 naturelle assure une libert\u00e9 de mouvement optimale, tandis que ses finitions impeccables le rendent id\u00e9al pour les occasions professionnelles comme d\u00e9contract\u00e9es. Composition : 100 % laine (Marzotto B-Dynamic) Couleur : Bleu fonc\u00e9 [&#8230;]\n","protected":false},"featured_media":224534,"comment_status":"open","ping_status":"closed","template":"","meta":{"rank_math_lock_modified_date":false},"product_cat":[446,450,462,466,710,786,1004],"product_tag":[],"class_list":{"0":"post-224546","1":"product","2":"type-product","3":"status-publish","4":"has-post-thumbnail","6":"product_cat-kleding-fr","7":"product_cat-heren-fr","8":"product_cat-vousten-sports-fr-2","9":"product_cat-broeken-fr","10":"product_cat-genti-fr","11":"product_cat-broek-fr","12":"product_cat-chino-fr","14":"first","15":"instock","16":"taxable","17":"shipping-taxable","18":"purchasable","19":"product-type-variable"},"acf":[],"yoast_head":"<!-- This site is optimized with the Yoast SEO plugin v23.9 - https:\/\/yoast.com\/wordpress\/plugins\/seo\/ -->\n<title>GENTI - Pantalon bleu fonc\u00e9 (42520) - Vousten Sports<\/title>\n<meta name=\"robots\" content=\"index, follow, max-snippet:-1, max-image-preview:large, max-video-preview:-1\" \/>\n<link rel=\"canonical\" href=\"https:\/\/www.voustensports.com\/fr\/genti-pantalon-bleu-fonce-42520\/\" \/>\n<meta property=\"og:locale\" content=\"fr_FR\" \/>\n<meta property=\"og:type\" content=\"article\" \/>\n<meta property=\"og:title\" content=\"GENTI - Pantalon bleu fonc\u00e9 (42520) - Vousten Sports\" \/>\n<meta property=\"og:description\" content=\"Ce pantalon Genti est confectionn\u00e9 en laine Marzotto B-Dynamic de haute qualit\u00e9 et offre un confort moderne et une allure raffin\u00e9e. Son \u00e9lasticit\u00e9 naturelle assure une libert\u00e9 de mouvement optimale, tandis que ses finitions impeccables le rendent id\u00e9al pour les occasions professionnelles comme d\u00e9contract\u00e9es. Composition : 100 % laine (Marzotto B-Dynamic) Couleur : Bleu fonc\u00e9 [...]\" \/>\n<meta property=\"og:url\" content=\"https:\/\/www.voustensports.com\/fr\/genti-pantalon-bleu-fonce-42520\/\" \/>\n<meta property=\"og:site_name\" content=\"Vousten Sports\" \/>\n<meta property=\"article:modified_time\" content=\"2026-02-21T09:36:10+00:00\" \/>\n<meta property=\"og:image\" content=\"https:\/\/www.voustensports.com\/wp-content\/uploads\/2023\/06\/Pantalon-donkerblauw-425201.png\" \/>\n\t<meta property=\"og:image:width\" content=\"1365\" \/>\n\t<meta property=\"og:image:height\" content=\"2048\" \/>\n\t<meta property=\"og:image:type\" content=\"image\/png\" \/>\n<meta name=\"twitter:card\" content=\"summary_large_image\" \/>\n<meta name=\"twitter:label1\" content=\"Est. reading time\" \/>\n\t<meta name=\"twitter:data1\" content=\"1 minute\" \/>\n<script type=\"application\/ld+json\" class=\"yoast-schema-graph\">{\"@context\":\"https:\/\/schema.org\",\"@graph\":[{\"@type\":\"WebPage\",\"@id\":\"https:\/\/www.voustensports.com\/fr\/genti-pantalon-bleu-fonce-42520\/\",\"url\":\"https:\/\/www.voustensports.com\/fr\/genti-pantalon-bleu-fonce-42520\/\",\"name\":\"GENTI - Pantalon bleu fonc\u00e9 (42520) - Vousten Sports\",\"isPartOf\":{\"@id\":\"https:\/\/www.voustensports.com\/nl\/#website\"},\"primaryImageOfPage\":{\"@id\":\"https:\/\/www.voustensports.com\/fr\/genti-pantalon-bleu-fonce-42520\/#primaryimage\"},\"image\":{\"@id\":\"https:\/\/www.voustensports.com\/fr\/genti-pantalon-bleu-fonce-42520\/#primaryimage\"},\"thumbnailUrl\":\"https:\/\/www.voustensports.com\/wp-content\/uploads\/2023\/06\/Pantalon-donkerblauw-425201.png\",\"datePublished\":\"2026-02-21T05:12:24+00:00\",\"dateModified\":\"2026-02-21T09:36:10+00:00\",\"breadcrumb\":{\"@id\":\"https:\/\/www.voustensports.com\/fr\/genti-pantalon-bleu-fonce-42520\/#breadcrumb\"},\"inLanguage\":\"fr-FR\",\"potentialAction\":[{\"@type\":\"ReadAction\",\"target\":[\"https:\/\/www.voustensports.com\/fr\/genti-pantalon-bleu-fonce-42520\/\"]}]},{\"@type\":\"ImageObject\",\"inLanguage\":\"fr-FR\",\"@id\":\"https:\/\/www.voustensports.com\/fr\/genti-pantalon-bleu-fonce-42520\/#primaryimage\",\"url\":\"https:\/\/www.voustensports.com\/wp-content\/uploads\/2023\/06\/Pantalon-donkerblauw-425201.png\",\"contentUrl\":\"https:\/\/www.voustensports.com\/wp-content\/uploads\/2023\/06\/Pantalon-donkerblauw-425201.png\",\"width\":1365,\"height\":2048},{\"@type\":\"BreadcrumbList\",\"@id\":\"https:\/\/www.voustensports.com\/fr\/genti-pantalon-bleu-fonce-42520\/#breadcrumb\",\"itemListElement\":[{\"@type\":\"ListItem\",\"position\":1,\"name\":\"Home\",\"item\":\"https:\/\/www.voustensports.com\/fr\/\"},{\"@type\":\"ListItem\",\"position\":2,\"name\":\"Boutique\",\"item\":\"https:\/\/www.voustensports.com\/fr\/shop\/\"},{\"@type\":\"ListItem\",\"position\":3,\"name\":\"GENTI &#8211; Pantalon bleu fonc\u00e9 (42520)\"}]},{\"@type\":\"WebSite\",\"@id\":\"https:\/\/www.voustensports.com\/nl\/#website\",\"url\":\"https:\/\/www.voustensports.com\/nl\/\",\"name\":\"Vousten Sports\",\"description\":\"\",\"potentialAction\":[{\"@type\":\"SearchAction\",\"target\":{\"@type\":\"EntryPoint\",\"urlTemplate\":\"https:\/\/www.voustensports.com\/nl\/?s={search_term_string}\"},\"query-input\":{\"@type\":\"PropertyValueSpecification\",\"valueRequired\":true,\"valueName\":\"search_term_string\"}}],\"inLanguage\":\"fr-FR\"}]}<\/script>\n<!-- \/ Yoast SEO plugin. -->","yoast_head_json":{"title":"GENTI - Pantalon bleu fonc\u00e9 (42520) - Vousten Sports","robots":{"index":"index","follow":"follow","max-snippet":"max-snippet:-1","max-image-preview":"max-image-preview:large","max-video-preview":"max-video-preview:-1"},"canonical":"https:\/\/www.voustensports.com\/fr\/genti-pantalon-bleu-fonce-42520\/","og_locale":"fr_FR","og_type":"article","og_title":"GENTI - Pantalon bleu fonc\u00e9 (42520) - Vousten Sports","og_description":"Ce pantalon Genti est confectionn\u00e9 en laine Marzotto B-Dynamic de haute qualit\u00e9 et offre un confort moderne et une allure raffin\u00e9e. Son \u00e9lasticit\u00e9 naturelle assure une libert\u00e9 de mouvement optimale, tandis que ses finitions impeccables le rendent id\u00e9al pour les occasions professionnelles comme d\u00e9contract\u00e9es. Composition : 100 % laine (Marzotto B-Dynamic) Couleur : Bleu fonc\u00e9 [...]","og_url":"https:\/\/www.voustensports.com\/fr\/genti-pantalon-bleu-fonce-42520\/","og_site_name":"Vousten Sports","article_modified_time":"2026-02-21T09:36:10+00:00","og_image":[{"width":1365,"height":2048,"url":"https:\/\/www.voustensports.com\/wp-content\/uploads\/2023\/06\/Pantalon-donkerblauw-425201.png","type":"image\/png"}],"twitter_card":"summary_large_image","twitter_misc":{"Est. reading time":"1 minute"},"schema":{"@context":"https:\/\/schema.org","@graph":[{"@type":"WebPage","@id":"https:\/\/www.voustensports.com\/fr\/genti-pantalon-bleu-fonce-42520\/","url":"https:\/\/www.voustensports.com\/fr\/genti-pantalon-bleu-fonce-42520\/","name":"GENTI - Pantalon bleu fonc\u00e9 (42520) - Vousten Sports","isPartOf":{"@id":"https:\/\/www.voustensports.com\/nl\/#website"},"primaryImageOfPage":{"@id":"https:\/\/www.voustensports.com\/fr\/genti-pantalon-bleu-fonce-42520\/#primaryimage"},"image":{"@id":"https:\/\/www.voustensports.com\/fr\/genti-pantalon-bleu-fonce-42520\/#primaryimage"},"thumbnailUrl":"https:\/\/www.voustensports.com\/wp-content\/uploads\/2023\/06\/Pantalon-donkerblauw-425201.png","datePublished":"2026-02-21T05:12:24+00:00","dateModified":"2026-02-21T09:36:10+00:00","breadcrumb":{"@id":"https:\/\/www.voustensports.com\/fr\/genti-pantalon-bleu-fonce-42520\/#breadcrumb"},"inLanguage":"fr-FR","potentialAction":[{"@type":"ReadAction","target":["https:\/\/www.voustensports.com\/fr\/genti-pantalon-bleu-fonce-42520\/"]}]},{"@type":"ImageObject","inLanguage":"fr-FR","@id":"https:\/\/www.voustensports.com\/fr\/genti-pantalon-bleu-fonce-42520\/#primaryimage","url":"https:\/\/www.voustensports.com\/wp-content\/uploads\/2023\/06\/Pantalon-donkerblauw-425201.png","contentUrl":"https:\/\/www.voustensports.com\/wp-content\/uploads\/2023\/06\/Pantalon-donkerblauw-425201.png","width":1365,"height":2048},{"@type":"BreadcrumbList","@id":"https:\/\/www.voustensports.com\/fr\/genti-pantalon-bleu-fonce-42520\/#breadcrumb","itemListElement":[{"@type":"ListItem","position":1,"name":"Home","item":"https:\/\/www.voustensports.com\/fr\/"},{"@type":"ListItem","position":2,"name":"Boutique","item":"https:\/\/www.voustensports.com\/fr\/shop\/"},{"@type":"ListItem","position":3,"name":"GENTI &#8211; Pantalon bleu fonc\u00e9 (42520)"}]},{"@type":"WebSite","@id":"https:\/\/www.voustensports.com\/nl\/#website","url":"https:\/\/www.voustensports.com\/nl\/","name":"Vousten Sports","description":"","potentialAction":[{"@type":"SearchAction","target":{"@type":"EntryPoint","urlTemplate":"https:\/\/www.voustensports.com\/nl\/?s={search_term_string}"},"query-input":{"@type":"PropertyValueSpecification","valueRequired":true,"valueName":"search_term_string"}}],"inLanguage":"fr-FR"}]}},"_links":{"self":[{"href":"https:\/\/www.voustensports.com\/fr\/wp-json\/wp\/v2\/product\/224546","targetHints":{"allow":["GET"]}}],"collection":[{"href":"https:\/\/www.voustensports.com\/fr\/wp-json\/wp\/v2\/product"}],"about":[{"href":"https:\/\/www.voustensports.com\/fr\/wp-json\/wp\/v2\/types\/product"}],"replies":[{"embeddable":true,"href":"https:\/\/www.voustensports.com\/fr\/wp-json\/wp\/v2\/comments?post=224546"}],"wp:featuredmedia":[{"embeddable":true,"href":"https:\/\/www.voustensports.com\/fr\/wp-json\/wp\/v2\/media\/224534"}],"wp:attachment":[{"href":"https:\/\/www.voustensports.com\/fr\/wp-json\/wp\/v2\/media?parent=224546"}],"wp:term":[{"taxonomy":"product_cat","embeddable":true,"href":"https:\/\/www.voustensports.com\/fr\/wp-json\/wp\/v2\/product_cat?post=224546"},{"taxonomy":"product_tag","embeddable":true,"href":"https:\/\/www.voustensports.com\/fr\/wp-json\/wp\/v2\/product_tag?post=224546"}],"curies":[{"name":"wp","href":"https:\/\/api.w.org\/{rel}","templated":true}]}}