{"id":224474,"date":"2026-02-21T02:18:38","date_gmt":"2026-02-21T01:18:38","guid":{"rendered":"https:\/\/www.voustensports.com\/genti-t-shirt-brillant-taupe-42514\/"},"modified":"2026-04-08T11:48:10","modified_gmt":"2026-04-08T09:48:10","slug":"genti-t-shirt-brillant-taupe-42514","status":"publish","type":"product","link":"https:\/\/www.voustensports.com\/fr\/genti-t-shirt-brillant-taupe-42514\/","title":{"rendered":"GENTI &#8211; T-shirt brillant taupe (42514)"},"content":{"rendered":"<div>Ce t-shirt Genti est confectionn\u00e9 en coton merceris\u00e9 et allie \u00e9l\u00e9gance et confort exceptionnel. Sa texture lisse et son brillant subtil lui conf\u00e8rent un aspect raffin\u00e9. Son design intemporel en fait une pi\u00e8ce polyvalente, id\u00e9ale pour une garde-robe moderne et styl\u00e9e.<\/div>\n<div><\/div>\n<div><strong>Le mannequin mesure 180 cm, p\u00e8se 80 kg et porte une taille L.<\/strong><\/div>\n<ul>\n<li>Composition : 100 % coton merceris\u00e9<\/li>\n<li>Couleur : Taupe<\/li>\n<li>Coupe : Coupe classique<\/li>\n<li>D\u00e9tails : Col rond, logo discret sur la poitrine<\/li>\n<\/ul>\n<div>Un essentiel haut de gamme qui allie confort et raffinement. Parfait au quotidien pour un look moderne et \u00e9l\u00e9gant.<\/div>\n<div>Le coton merceris\u00e9 est doux et respirant, et reconnu pour sa tenue des couleurs et sa r\u00e9sistance \u00e0 la d\u00e9formation. Ses finitions de haute qualit\u00e9 soulignent le caract\u00e8re contemporain et la qualit\u00e9 de ce t-shirt Genti.<\/div>\n","protected":false},"excerpt":{"rendered":"<p>Ce t-shirt Genti est confectionn\u00e9 en coton merceris\u00e9 et allie \u00e9l\u00e9gance et confort exceptionnel. Sa texture lisse et son brillant subtil lui conf\u00e8rent un aspect raffin\u00e9. Son design intemporel en fait une pi\u00e8ce polyvalente, id\u00e9ale pour une garde-robe moderne et styl\u00e9e. Le mannequin mesure 180 cm, p\u00e8se 80 kg et porte une taille L. Composition [&#8230;]\n","protected":false},"featured_media":224454,"comment_status":"open","ping_status":"closed","template":"","meta":{"rank_math_lock_modified_date":false},"product_cat":[486,490,710,446,450,462],"product_tag":[],"class_list":{"0":"post-224474","1":"product","2":"type-product","3":"status-publish","4":"has-post-thumbnail","6":"product_cat-shirt-fr-2","7":"product_cat-t-shirts-fr-2","8":"product_cat-genti-fr","9":"product_cat-kleding-fr","10":"product_cat-heren-fr","11":"product_cat-vousten-sports-fr-2","13":"first","14":"instock","15":"taxable","16":"shipping-taxable","17":"purchasable","18":"product-type-variable"},"acf":[],"yoast_head":"<!-- This site is optimized with the Yoast SEO plugin v23.9 - https:\/\/yoast.com\/wordpress\/plugins\/seo\/ -->\n<title>GENTI - T-shirt brillant taupe (42514) - Vousten Sports<\/title>\n<meta name=\"robots\" content=\"index, follow, max-snippet:-1, max-image-preview:large, max-video-preview:-1\" \/>\n<link rel=\"canonical\" href=\"https:\/\/www.voustensports.com\/fr\/genti-t-shirt-brillant-taupe-42514\/\" \/>\n<meta property=\"og:locale\" content=\"fr_FR\" \/>\n<meta property=\"og:type\" content=\"article\" \/>\n<meta property=\"og:title\" content=\"GENTI - T-shirt brillant taupe (42514) - Vousten Sports\" \/>\n<meta property=\"og:description\" content=\"Ce t-shirt Genti est confectionn\u00e9 en coton merceris\u00e9 et allie \u00e9l\u00e9gance et confort exceptionnel. Sa texture lisse et son brillant subtil lui conf\u00e8rent un aspect raffin\u00e9. Son design intemporel en fait une pi\u00e8ce polyvalente, id\u00e9ale pour une garde-robe moderne et styl\u00e9e. Le mannequin mesure 180 cm, p\u00e8se 80 kg et porte une taille L. Composition [...]\" \/>\n<meta property=\"og:url\" content=\"https:\/\/www.voustensports.com\/fr\/genti-t-shirt-brillant-taupe-42514\/\" \/>\n<meta property=\"og:site_name\" content=\"Vousten Sports\" \/>\n<meta property=\"article:modified_time\" content=\"2026-04-08T09:48:10+00:00\" \/>\n<meta property=\"og:image\" content=\"https:\/\/www.voustensports.com\/wp-content\/uploads\/2023\/06\/Glanzed-T-shirt-taupe-425141.png\" \/>\n\t<meta property=\"og:image:width\" content=\"1365\" \/>\n\t<meta property=\"og:image:height\" content=\"2048\" \/>\n\t<meta property=\"og:image:type\" content=\"image\/png\" \/>\n<meta name=\"twitter:card\" content=\"summary_large_image\" \/>\n<meta name=\"twitter:label1\" content=\"Est. reading time\" \/>\n\t<meta name=\"twitter:data1\" content=\"1 minute\" \/>\n<script type=\"application\/ld+json\" class=\"yoast-schema-graph\">{\"@context\":\"https:\/\/schema.org\",\"@graph\":[{\"@type\":\"WebPage\",\"@id\":\"https:\/\/www.voustensports.com\/fr\/genti-t-shirt-brillant-taupe-42514\/\",\"url\":\"https:\/\/www.voustensports.com\/fr\/genti-t-shirt-brillant-taupe-42514\/\",\"name\":\"GENTI - T-shirt brillant taupe (42514) - Vousten Sports\",\"isPartOf\":{\"@id\":\"https:\/\/www.voustensports.com\/nl\/#website\"},\"primaryImageOfPage\":{\"@id\":\"https:\/\/www.voustensports.com\/fr\/genti-t-shirt-brillant-taupe-42514\/#primaryimage\"},\"image\":{\"@id\":\"https:\/\/www.voustensports.com\/fr\/genti-t-shirt-brillant-taupe-42514\/#primaryimage\"},\"thumbnailUrl\":\"https:\/\/www.voustensports.com\/wp-content\/uploads\/2023\/06\/Glanzed-T-shirt-taupe-425141.png\",\"datePublished\":\"2026-02-21T01:18:38+00:00\",\"dateModified\":\"2026-04-08T09:48:10+00:00\",\"breadcrumb\":{\"@id\":\"https:\/\/www.voustensports.com\/fr\/genti-t-shirt-brillant-taupe-42514\/#breadcrumb\"},\"inLanguage\":\"fr-FR\",\"potentialAction\":[{\"@type\":\"ReadAction\",\"target\":[\"https:\/\/www.voustensports.com\/fr\/genti-t-shirt-brillant-taupe-42514\/\"]}]},{\"@type\":\"ImageObject\",\"inLanguage\":\"fr-FR\",\"@id\":\"https:\/\/www.voustensports.com\/fr\/genti-t-shirt-brillant-taupe-42514\/#primaryimage\",\"url\":\"https:\/\/www.voustensports.com\/wp-content\/uploads\/2023\/06\/Glanzed-T-shirt-taupe-425141.png\",\"contentUrl\":\"https:\/\/www.voustensports.com\/wp-content\/uploads\/2023\/06\/Glanzed-T-shirt-taupe-425141.png\",\"width\":1365,\"height\":2048},{\"@type\":\"BreadcrumbList\",\"@id\":\"https:\/\/www.voustensports.com\/fr\/genti-t-shirt-brillant-taupe-42514\/#breadcrumb\",\"itemListElement\":[{\"@type\":\"ListItem\",\"position\":1,\"name\":\"Home\",\"item\":\"https:\/\/www.voustensports.com\/fr\/\"},{\"@type\":\"ListItem\",\"position\":2,\"name\":\"Boutique\",\"item\":\"https:\/\/www.voustensports.com\/fr\/shop\/\"},{\"@type\":\"ListItem\",\"position\":3,\"name\":\"GENTI &#8211; T-shirt brillant taupe (42514)\"}]},{\"@type\":\"WebSite\",\"@id\":\"https:\/\/www.voustensports.com\/nl\/#website\",\"url\":\"https:\/\/www.voustensports.com\/nl\/\",\"name\":\"Vousten Sports\",\"description\":\"\",\"potentialAction\":[{\"@type\":\"SearchAction\",\"target\":{\"@type\":\"EntryPoint\",\"urlTemplate\":\"https:\/\/www.voustensports.com\/nl\/?s={search_term_string}\"},\"query-input\":{\"@type\":\"PropertyValueSpecification\",\"valueRequired\":true,\"valueName\":\"search_term_string\"}}],\"inLanguage\":\"fr-FR\"}]}<\/script>\n<!-- \/ Yoast SEO plugin. -->","yoast_head_json":{"title":"GENTI - T-shirt brillant taupe (42514) - Vousten Sports","robots":{"index":"index","follow":"follow","max-snippet":"max-snippet:-1","max-image-preview":"max-image-preview:large","max-video-preview":"max-video-preview:-1"},"canonical":"https:\/\/www.voustensports.com\/fr\/genti-t-shirt-brillant-taupe-42514\/","og_locale":"fr_FR","og_type":"article","og_title":"GENTI - T-shirt brillant taupe (42514) - Vousten Sports","og_description":"Ce t-shirt Genti est confectionn\u00e9 en coton merceris\u00e9 et allie \u00e9l\u00e9gance et confort exceptionnel. Sa texture lisse et son brillant subtil lui conf\u00e8rent un aspect raffin\u00e9. Son design intemporel en fait une pi\u00e8ce polyvalente, id\u00e9ale pour une garde-robe moderne et styl\u00e9e. Le mannequin mesure 180 cm, p\u00e8se 80 kg et porte une taille L. Composition [...]","og_url":"https:\/\/www.voustensports.com\/fr\/genti-t-shirt-brillant-taupe-42514\/","og_site_name":"Vousten Sports","article_modified_time":"2026-04-08T09:48:10+00:00","og_image":[{"width":1365,"height":2048,"url":"https:\/\/www.voustensports.com\/wp-content\/uploads\/2023\/06\/Glanzed-T-shirt-taupe-425141.png","type":"image\/png"}],"twitter_card":"summary_large_image","twitter_misc":{"Est. reading time":"1 minute"},"schema":{"@context":"https:\/\/schema.org","@graph":[{"@type":"WebPage","@id":"https:\/\/www.voustensports.com\/fr\/genti-t-shirt-brillant-taupe-42514\/","url":"https:\/\/www.voustensports.com\/fr\/genti-t-shirt-brillant-taupe-42514\/","name":"GENTI - T-shirt brillant taupe (42514) - Vousten Sports","isPartOf":{"@id":"https:\/\/www.voustensports.com\/nl\/#website"},"primaryImageOfPage":{"@id":"https:\/\/www.voustensports.com\/fr\/genti-t-shirt-brillant-taupe-42514\/#primaryimage"},"image":{"@id":"https:\/\/www.voustensports.com\/fr\/genti-t-shirt-brillant-taupe-42514\/#primaryimage"},"thumbnailUrl":"https:\/\/www.voustensports.com\/wp-content\/uploads\/2023\/06\/Glanzed-T-shirt-taupe-425141.png","datePublished":"2026-02-21T01:18:38+00:00","dateModified":"2026-04-08T09:48:10+00:00","breadcrumb":{"@id":"https:\/\/www.voustensports.com\/fr\/genti-t-shirt-brillant-taupe-42514\/#breadcrumb"},"inLanguage":"fr-FR","potentialAction":[{"@type":"ReadAction","target":["https:\/\/www.voustensports.com\/fr\/genti-t-shirt-brillant-taupe-42514\/"]}]},{"@type":"ImageObject","inLanguage":"fr-FR","@id":"https:\/\/www.voustensports.com\/fr\/genti-t-shirt-brillant-taupe-42514\/#primaryimage","url":"https:\/\/www.voustensports.com\/wp-content\/uploads\/2023\/06\/Glanzed-T-shirt-taupe-425141.png","contentUrl":"https:\/\/www.voustensports.com\/wp-content\/uploads\/2023\/06\/Glanzed-T-shirt-taupe-425141.png","width":1365,"height":2048},{"@type":"BreadcrumbList","@id":"https:\/\/www.voustensports.com\/fr\/genti-t-shirt-brillant-taupe-42514\/#breadcrumb","itemListElement":[{"@type":"ListItem","position":1,"name":"Home","item":"https:\/\/www.voustensports.com\/fr\/"},{"@type":"ListItem","position":2,"name":"Boutique","item":"https:\/\/www.voustensports.com\/fr\/shop\/"},{"@type":"ListItem","position":3,"name":"GENTI &#8211; T-shirt brillant taupe (42514)"}]},{"@type":"WebSite","@id":"https:\/\/www.voustensports.com\/nl\/#website","url":"https:\/\/www.voustensports.com\/nl\/","name":"Vousten Sports","description":"","potentialAction":[{"@type":"SearchAction","target":{"@type":"EntryPoint","urlTemplate":"https:\/\/www.voustensports.com\/nl\/?s={search_term_string}"},"query-input":{"@type":"PropertyValueSpecification","valueRequired":true,"valueName":"search_term_string"}}],"inLanguage":"fr-FR"}]}},"_links":{"self":[{"href":"https:\/\/www.voustensports.com\/fr\/wp-json\/wp\/v2\/product\/224474","targetHints":{"allow":["GET"]}}],"collection":[{"href":"https:\/\/www.voustensports.com\/fr\/wp-json\/wp\/v2\/product"}],"about":[{"href":"https:\/\/www.voustensports.com\/fr\/wp-json\/wp\/v2\/types\/product"}],"replies":[{"embeddable":true,"href":"https:\/\/www.voustensports.com\/fr\/wp-json\/wp\/v2\/comments?post=224474"}],"wp:featuredmedia":[{"embeddable":true,"href":"https:\/\/www.voustensports.com\/fr\/wp-json\/wp\/v2\/media\/224454"}],"wp:attachment":[{"href":"https:\/\/www.voustensports.com\/fr\/wp-json\/wp\/v2\/media?parent=224474"}],"wp:term":[{"taxonomy":"product_cat","embeddable":true,"href":"https:\/\/www.voustensports.com\/fr\/wp-json\/wp\/v2\/product_cat?post=224474"},{"taxonomy":"product_tag","embeddable":true,"href":"https:\/\/www.voustensports.com\/fr\/wp-json\/wp\/v2\/product_tag?post=224474"}],"curies":[{"name":"wp","href":"https:\/\/api.w.org\/{rel}","templated":true}]}}