{"id":223912,"date":"2026-02-20T02:45:29","date_gmt":"2026-02-20T01:45:29","guid":{"rendered":"https:\/\/www.voustensports.com\/genti-t-shirt-coupe-decontractee-bleu-gris-42620\/"},"modified":"2026-03-21T19:27:09","modified_gmt":"2026-03-21T18:27:09","slug":"genti-t-shirt-coupe-decontractee-bleu-gris-42620","status":"publish","type":"product","link":"https:\/\/www.voustensports.com\/fr\/genti-t-shirt-coupe-decontractee-bleu-gris-42620\/","title":{"rendered":"GENTI &#8211; T-shirt coupe d\u00e9contract\u00e9e bleu \/ gris (42620)"},"content":{"rendered":"<div>Ce t-shirt Genti \u00e0 la coupe d\u00e9contract\u00e9e offre un style moderne et casual, tout en garantissant un confort exceptionnel. Son m\u00e9lange polyester-coton lui conf\u00e8re une texture l\u00e9g\u00e8re et souple, ainsi qu&rsquo;une allure \u00e9l\u00e9gante. Une pi\u00e8ce contemporaine qui s&rsquo;int\u00e8gre parfaitement \u00e0 une garde-robe urbaine.<\/div>\n<ul>\n<li>Composition : 55 % polyester, 45 % coton<\/li>\n<li>Couleur : Bleu\/gris<\/li>\n<li>Coupe : Coupe d\u00e9contract\u00e9e<\/li>\n<li>Motif : Uni<\/li>\n<li>Encolure : Ronde<\/li>\n<\/ul>\n<div>Un mod\u00e8le confortable et tendance, \u00e0 la finition impeccable et \u00e0 la coupe d\u00e9contract\u00e9e. Id\u00e9al au quotidien.<\/div>\n<div>Le m\u00e9lange polyester-coton est ind\u00e9formable, respirant et facile d&rsquo;entretien. Sa texture douce et ses d\u00e9tails minimalistes soulignent le style moderne et la qualit\u00e9 premium de Genti.<\/div>\n","protected":false},"excerpt":{"rendered":"<p>Ce t-shirt Genti \u00e0 la coupe d\u00e9contract\u00e9e offre un style moderne et casual, tout en garantissant un confort exceptionnel. Son m\u00e9lange polyester-coton lui conf\u00e8re une texture l\u00e9g\u00e8re et souple, ainsi qu&rsquo;une allure \u00e9l\u00e9gante. Une pi\u00e8ce contemporaine qui s&rsquo;int\u00e8gre parfaitement \u00e0 une garde-robe urbaine. Composition : 55 % polyester, 45 % coton Couleur : Bleu\/gris Coupe [&#8230;]\n","protected":false},"featured_media":223896,"comment_status":"open","ping_status":"closed","template":"","meta":{"rank_math_lock_modified_date":false},"product_cat":[486,490,710,446,450,462],"product_tag":[],"class_list":{"0":"post-223912","1":"product","2":"type-product","3":"status-publish","4":"has-post-thumbnail","6":"product_cat-shirt-fr-2","7":"product_cat-t-shirts-fr-2","8":"product_cat-genti-fr","9":"product_cat-kleding-fr","10":"product_cat-heren-fr","11":"product_cat-vousten-sports-fr-2","13":"first","14":"instock","15":"taxable","16":"shipping-taxable","17":"purchasable","18":"product-type-variable"},"acf":[],"yoast_head":"<!-- This site is optimized with the Yoast SEO plugin v23.9 - https:\/\/yoast.com\/wordpress\/plugins\/seo\/ -->\n<title>GENTI - T-shirt coupe d\u00e9contract\u00e9e bleu \/ gris (42620) - Vousten Sports<\/title>\n<meta name=\"robots\" content=\"index, follow, max-snippet:-1, max-image-preview:large, max-video-preview:-1\" \/>\n<link rel=\"canonical\" href=\"https:\/\/www.voustensports.com\/fr\/genti-t-shirt-coupe-decontractee-bleu-gris-42620\/\" \/>\n<meta property=\"og:locale\" content=\"fr_FR\" \/>\n<meta property=\"og:type\" content=\"article\" \/>\n<meta property=\"og:title\" content=\"GENTI - T-shirt coupe d\u00e9contract\u00e9e bleu \/ gris (42620) - Vousten Sports\" \/>\n<meta property=\"og:description\" content=\"Ce t-shirt Genti \u00e0 la coupe d\u00e9contract\u00e9e offre un style moderne et casual, tout en garantissant un confort exceptionnel. Son m\u00e9lange polyester-coton lui conf\u00e8re une texture l\u00e9g\u00e8re et souple, ainsi qu&rsquo;une allure \u00e9l\u00e9gante. Une pi\u00e8ce contemporaine qui s&rsquo;int\u00e8gre parfaitement \u00e0 une garde-robe urbaine. Composition : 55 % polyester, 45 % coton Couleur : Bleu\/gris Coupe [...]\" \/>\n<meta property=\"og:url\" content=\"https:\/\/www.voustensports.com\/fr\/genti-t-shirt-coupe-decontractee-bleu-gris-42620\/\" \/>\n<meta property=\"og:site_name\" content=\"Vousten Sports\" \/>\n<meta property=\"article:modified_time\" content=\"2026-03-21T18:27:09+00:00\" \/>\n<meta property=\"og:image\" content=\"https:\/\/www.voustensports.com\/wp-content\/uploads\/2023\/06\/Relaxed-fit-T-shirt-blauw-grijs-426201.png\" \/>\n\t<meta property=\"og:image:width\" content=\"1365\" \/>\n\t<meta property=\"og:image:height\" content=\"2048\" \/>\n\t<meta property=\"og:image:type\" content=\"image\/png\" \/>\n<meta name=\"twitter:card\" content=\"summary_large_image\" \/>\n<meta name=\"twitter:label1\" content=\"Est. reading time\" \/>\n\t<meta name=\"twitter:data1\" content=\"1 minute\" \/>\n<script type=\"application\/ld+json\" class=\"yoast-schema-graph\">{\"@context\":\"https:\/\/schema.org\",\"@graph\":[{\"@type\":\"WebPage\",\"@id\":\"https:\/\/www.voustensports.com\/fr\/genti-t-shirt-coupe-decontractee-bleu-gris-42620\/\",\"url\":\"https:\/\/www.voustensports.com\/fr\/genti-t-shirt-coupe-decontractee-bleu-gris-42620\/\",\"name\":\"GENTI - T-shirt coupe d\u00e9contract\u00e9e bleu \/ gris (42620) - Vousten Sports\",\"isPartOf\":{\"@id\":\"https:\/\/www.voustensports.com\/nl\/#website\"},\"primaryImageOfPage\":{\"@id\":\"https:\/\/www.voustensports.com\/fr\/genti-t-shirt-coupe-decontractee-bleu-gris-42620\/#primaryimage\"},\"image\":{\"@id\":\"https:\/\/www.voustensports.com\/fr\/genti-t-shirt-coupe-decontractee-bleu-gris-42620\/#primaryimage\"},\"thumbnailUrl\":\"https:\/\/www.voustensports.com\/wp-content\/uploads\/2023\/06\/Relaxed-fit-T-shirt-blauw-grijs-426201.png\",\"datePublished\":\"2026-02-20T01:45:29+00:00\",\"dateModified\":\"2026-03-21T18:27:09+00:00\",\"breadcrumb\":{\"@id\":\"https:\/\/www.voustensports.com\/fr\/genti-t-shirt-coupe-decontractee-bleu-gris-42620\/#breadcrumb\"},\"inLanguage\":\"fr-FR\",\"potentialAction\":[{\"@type\":\"ReadAction\",\"target\":[\"https:\/\/www.voustensports.com\/fr\/genti-t-shirt-coupe-decontractee-bleu-gris-42620\/\"]}]},{\"@type\":\"ImageObject\",\"inLanguage\":\"fr-FR\",\"@id\":\"https:\/\/www.voustensports.com\/fr\/genti-t-shirt-coupe-decontractee-bleu-gris-42620\/#primaryimage\",\"url\":\"https:\/\/www.voustensports.com\/wp-content\/uploads\/2023\/06\/Relaxed-fit-T-shirt-blauw-grijs-426201.png\",\"contentUrl\":\"https:\/\/www.voustensports.com\/wp-content\/uploads\/2023\/06\/Relaxed-fit-T-shirt-blauw-grijs-426201.png\",\"width\":1365,\"height\":2048},{\"@type\":\"BreadcrumbList\",\"@id\":\"https:\/\/www.voustensports.com\/fr\/genti-t-shirt-coupe-decontractee-bleu-gris-42620\/#breadcrumb\",\"itemListElement\":[{\"@type\":\"ListItem\",\"position\":1,\"name\":\"Home\",\"item\":\"https:\/\/www.voustensports.com\/fr\/\"},{\"@type\":\"ListItem\",\"position\":2,\"name\":\"Boutique\",\"item\":\"https:\/\/www.voustensports.com\/fr\/shop\/\"},{\"@type\":\"ListItem\",\"position\":3,\"name\":\"GENTI &#8211; T-shirt coupe d\u00e9contract\u00e9e bleu \/ gris (42620)\"}]},{\"@type\":\"WebSite\",\"@id\":\"https:\/\/www.voustensports.com\/nl\/#website\",\"url\":\"https:\/\/www.voustensports.com\/nl\/\",\"name\":\"Vousten Sports\",\"description\":\"\",\"potentialAction\":[{\"@type\":\"SearchAction\",\"target\":{\"@type\":\"EntryPoint\",\"urlTemplate\":\"https:\/\/www.voustensports.com\/nl\/?s={search_term_string}\"},\"query-input\":{\"@type\":\"PropertyValueSpecification\",\"valueRequired\":true,\"valueName\":\"search_term_string\"}}],\"inLanguage\":\"fr-FR\"}]}<\/script>\n<!-- \/ Yoast SEO plugin. -->","yoast_head_json":{"title":"GENTI - T-shirt coupe d\u00e9contract\u00e9e bleu \/ gris (42620) - Vousten Sports","robots":{"index":"index","follow":"follow","max-snippet":"max-snippet:-1","max-image-preview":"max-image-preview:large","max-video-preview":"max-video-preview:-1"},"canonical":"https:\/\/www.voustensports.com\/fr\/genti-t-shirt-coupe-decontractee-bleu-gris-42620\/","og_locale":"fr_FR","og_type":"article","og_title":"GENTI - T-shirt coupe d\u00e9contract\u00e9e bleu \/ gris (42620) - Vousten Sports","og_description":"Ce t-shirt Genti \u00e0 la coupe d\u00e9contract\u00e9e offre un style moderne et casual, tout en garantissant un confort exceptionnel. Son m\u00e9lange polyester-coton lui conf\u00e8re une texture l\u00e9g\u00e8re et souple, ainsi qu&rsquo;une allure \u00e9l\u00e9gante. Une pi\u00e8ce contemporaine qui s&rsquo;int\u00e8gre parfaitement \u00e0 une garde-robe urbaine. Composition : 55 % polyester, 45 % coton Couleur : Bleu\/gris Coupe [...]","og_url":"https:\/\/www.voustensports.com\/fr\/genti-t-shirt-coupe-decontractee-bleu-gris-42620\/","og_site_name":"Vousten Sports","article_modified_time":"2026-03-21T18:27:09+00:00","og_image":[{"width":1365,"height":2048,"url":"https:\/\/www.voustensports.com\/wp-content\/uploads\/2023\/06\/Relaxed-fit-T-shirt-blauw-grijs-426201.png","type":"image\/png"}],"twitter_card":"summary_large_image","twitter_misc":{"Est. reading time":"1 minute"},"schema":{"@context":"https:\/\/schema.org","@graph":[{"@type":"WebPage","@id":"https:\/\/www.voustensports.com\/fr\/genti-t-shirt-coupe-decontractee-bleu-gris-42620\/","url":"https:\/\/www.voustensports.com\/fr\/genti-t-shirt-coupe-decontractee-bleu-gris-42620\/","name":"GENTI - T-shirt coupe d\u00e9contract\u00e9e bleu \/ gris (42620) - Vousten Sports","isPartOf":{"@id":"https:\/\/www.voustensports.com\/nl\/#website"},"primaryImageOfPage":{"@id":"https:\/\/www.voustensports.com\/fr\/genti-t-shirt-coupe-decontractee-bleu-gris-42620\/#primaryimage"},"image":{"@id":"https:\/\/www.voustensports.com\/fr\/genti-t-shirt-coupe-decontractee-bleu-gris-42620\/#primaryimage"},"thumbnailUrl":"https:\/\/www.voustensports.com\/wp-content\/uploads\/2023\/06\/Relaxed-fit-T-shirt-blauw-grijs-426201.png","datePublished":"2026-02-20T01:45:29+00:00","dateModified":"2026-03-21T18:27:09+00:00","breadcrumb":{"@id":"https:\/\/www.voustensports.com\/fr\/genti-t-shirt-coupe-decontractee-bleu-gris-42620\/#breadcrumb"},"inLanguage":"fr-FR","potentialAction":[{"@type":"ReadAction","target":["https:\/\/www.voustensports.com\/fr\/genti-t-shirt-coupe-decontractee-bleu-gris-42620\/"]}]},{"@type":"ImageObject","inLanguage":"fr-FR","@id":"https:\/\/www.voustensports.com\/fr\/genti-t-shirt-coupe-decontractee-bleu-gris-42620\/#primaryimage","url":"https:\/\/www.voustensports.com\/wp-content\/uploads\/2023\/06\/Relaxed-fit-T-shirt-blauw-grijs-426201.png","contentUrl":"https:\/\/www.voustensports.com\/wp-content\/uploads\/2023\/06\/Relaxed-fit-T-shirt-blauw-grijs-426201.png","width":1365,"height":2048},{"@type":"BreadcrumbList","@id":"https:\/\/www.voustensports.com\/fr\/genti-t-shirt-coupe-decontractee-bleu-gris-42620\/#breadcrumb","itemListElement":[{"@type":"ListItem","position":1,"name":"Home","item":"https:\/\/www.voustensports.com\/fr\/"},{"@type":"ListItem","position":2,"name":"Boutique","item":"https:\/\/www.voustensports.com\/fr\/shop\/"},{"@type":"ListItem","position":3,"name":"GENTI &#8211; T-shirt coupe d\u00e9contract\u00e9e bleu \/ gris (42620)"}]},{"@type":"WebSite","@id":"https:\/\/www.voustensports.com\/nl\/#website","url":"https:\/\/www.voustensports.com\/nl\/","name":"Vousten Sports","description":"","potentialAction":[{"@type":"SearchAction","target":{"@type":"EntryPoint","urlTemplate":"https:\/\/www.voustensports.com\/nl\/?s={search_term_string}"},"query-input":{"@type":"PropertyValueSpecification","valueRequired":true,"valueName":"search_term_string"}}],"inLanguage":"fr-FR"}]}},"_links":{"self":[{"href":"https:\/\/www.voustensports.com\/fr\/wp-json\/wp\/v2\/product\/223912","targetHints":{"allow":["GET"]}}],"collection":[{"href":"https:\/\/www.voustensports.com\/fr\/wp-json\/wp\/v2\/product"}],"about":[{"href":"https:\/\/www.voustensports.com\/fr\/wp-json\/wp\/v2\/types\/product"}],"replies":[{"embeddable":true,"href":"https:\/\/www.voustensports.com\/fr\/wp-json\/wp\/v2\/comments?post=223912"}],"wp:featuredmedia":[{"embeddable":true,"href":"https:\/\/www.voustensports.com\/fr\/wp-json\/wp\/v2\/media\/223896"}],"wp:attachment":[{"href":"https:\/\/www.voustensports.com\/fr\/wp-json\/wp\/v2\/media?parent=223912"}],"wp:term":[{"taxonomy":"product_cat","embeddable":true,"href":"https:\/\/www.voustensports.com\/fr\/wp-json\/wp\/v2\/product_cat?post=223912"},{"taxonomy":"product_tag","embeddable":true,"href":"https:\/\/www.voustensports.com\/fr\/wp-json\/wp\/v2\/product_tag?post=223912"}],"curies":[{"name":"wp","href":"https:\/\/api.w.org\/{rel}","templated":true}]}}