{"id":223876,"date":"2026-02-20T01:09:27","date_gmt":"2026-02-20T00:09:27","guid":{"rendered":"https:\/\/www.voustensports.com\/genti-surchemise-coupe-decontractee-vert-fonce-42521\/"},"modified":"2026-04-08T12:03:10","modified_gmt":"2026-04-08T10:03:10","slug":"genti-surchemise-coupe-decontractee-vert-fonce-42521","status":"publish","type":"product","link":"https:\/\/www.voustensports.com\/fr\/genti-surchemise-coupe-decontractee-vert-fonce-42521\/","title":{"rendered":"GENTI &#8211; Surchemise coupe d\u00e9contract\u00e9e vert fonc\u00e9 (42521)"},"content":{"rendered":"<div>Surchemise en laine m\u00e9rinos au style \u00e9pur\u00e9 et aux d\u00e9tails techniques. Son tissu doux et respirant offre confort et \u00e9l\u00e9gance.<\/div>\n<ul>\n<li>100 % laine m\u00e9rinos<\/li>\n<li>Respirante et douce<\/li>\n<li>Poches poitrine<\/li>\n<li>Coupe d\u00e9contract\u00e9e<\/li>\n<\/ul>\n","protected":false},"excerpt":{"rendered":"<p>Surchemise en laine m\u00e9rinos au style \u00e9pur\u00e9 et aux d\u00e9tails techniques. Son tissu doux et respirant offre confort et \u00e9l\u00e9gance. 100 % laine m\u00e9rinos Respirante et douce Poches poitrine Coupe d\u00e9contract\u00e9e<\/p>\n","protected":false},"featured_media":223864,"comment_status":"open","ping_status":"closed","template":"","meta":{"rank_math_lock_modified_date":false},"product_cat":[486,710,739,446,450,462],"product_tag":[],"class_list":{"0":"post-223876","1":"product","2":"type-product","3":"status-publish","4":"has-post-thumbnail","6":"product_cat-shirt-fr-2","7":"product_cat-genti-fr","8":"product_cat-overshirt-fr-2","9":"product_cat-kleding-fr","10":"product_cat-heren-fr","11":"product_cat-vousten-sports-fr-2","13":"first","14":"instock","15":"taxable","16":"shipping-taxable","17":"purchasable","18":"product-type-variable"},"acf":[],"yoast_head":"<!-- This site is optimized with the Yoast SEO plugin v23.9 - https:\/\/yoast.com\/wordpress\/plugins\/seo\/ -->\n<title>GENTI - Surchemise coupe d\u00e9contract\u00e9e vert fonc\u00e9 (42521) - Vousten Sports<\/title>\n<meta name=\"robots\" content=\"index, follow, max-snippet:-1, max-image-preview:large, max-video-preview:-1\" \/>\n<link rel=\"canonical\" href=\"https:\/\/www.voustensports.com\/fr\/genti-surchemise-coupe-decontractee-vert-fonce-42521\/\" \/>\n<meta property=\"og:locale\" content=\"fr_FR\" \/>\n<meta property=\"og:type\" content=\"article\" \/>\n<meta property=\"og:title\" content=\"GENTI - Surchemise coupe d\u00e9contract\u00e9e vert fonc\u00e9 (42521) - Vousten Sports\" \/>\n<meta property=\"og:description\" content=\"Surchemise en laine m\u00e9rinos au style \u00e9pur\u00e9 et aux d\u00e9tails techniques. Son tissu doux et respirant offre confort et \u00e9l\u00e9gance. 100 % laine m\u00e9rinos Respirante et douce Poches poitrine Coupe d\u00e9contract\u00e9e\" \/>\n<meta property=\"og:url\" content=\"https:\/\/www.voustensports.com\/fr\/genti-surchemise-coupe-decontractee-vert-fonce-42521\/\" \/>\n<meta property=\"og:site_name\" content=\"Vousten Sports\" \/>\n<meta property=\"article:modified_time\" content=\"2026-04-08T10:03:10+00:00\" \/>\n<meta property=\"og:image\" content=\"https:\/\/www.voustensports.com\/wp-content\/uploads\/2023\/06\/Relaxed-Fit-Overshirt-donkergroen-425211.png\" \/>\n\t<meta property=\"og:image:width\" content=\"1365\" \/>\n\t<meta property=\"og:image:height\" content=\"2048\" \/>\n\t<meta property=\"og:image:type\" content=\"image\/png\" \/>\n<meta name=\"twitter:card\" content=\"summary_large_image\" \/>\n<script type=\"application\/ld+json\" class=\"yoast-schema-graph\">{\"@context\":\"https:\/\/schema.org\",\"@graph\":[{\"@type\":\"WebPage\",\"@id\":\"https:\/\/www.voustensports.com\/fr\/genti-surchemise-coupe-decontractee-vert-fonce-42521\/\",\"url\":\"https:\/\/www.voustensports.com\/fr\/genti-surchemise-coupe-decontractee-vert-fonce-42521\/\",\"name\":\"GENTI - Surchemise coupe d\u00e9contract\u00e9e vert fonc\u00e9 (42521) - Vousten Sports\",\"isPartOf\":{\"@id\":\"https:\/\/www.voustensports.com\/nl\/#website\"},\"primaryImageOfPage\":{\"@id\":\"https:\/\/www.voustensports.com\/fr\/genti-surchemise-coupe-decontractee-vert-fonce-42521\/#primaryimage\"},\"image\":{\"@id\":\"https:\/\/www.voustensports.com\/fr\/genti-surchemise-coupe-decontractee-vert-fonce-42521\/#primaryimage\"},\"thumbnailUrl\":\"https:\/\/www.voustensports.com\/wp-content\/uploads\/2023\/06\/Relaxed-Fit-Overshirt-donkergroen-425211.png\",\"datePublished\":\"2026-02-20T00:09:27+00:00\",\"dateModified\":\"2026-04-08T10:03:10+00:00\",\"breadcrumb\":{\"@id\":\"https:\/\/www.voustensports.com\/fr\/genti-surchemise-coupe-decontractee-vert-fonce-42521\/#breadcrumb\"},\"inLanguage\":\"fr-FR\",\"potentialAction\":[{\"@type\":\"ReadAction\",\"target\":[\"https:\/\/www.voustensports.com\/fr\/genti-surchemise-coupe-decontractee-vert-fonce-42521\/\"]}]},{\"@type\":\"ImageObject\",\"inLanguage\":\"fr-FR\",\"@id\":\"https:\/\/www.voustensports.com\/fr\/genti-surchemise-coupe-decontractee-vert-fonce-42521\/#primaryimage\",\"url\":\"https:\/\/www.voustensports.com\/wp-content\/uploads\/2023\/06\/Relaxed-Fit-Overshirt-donkergroen-425211.png\",\"contentUrl\":\"https:\/\/www.voustensports.com\/wp-content\/uploads\/2023\/06\/Relaxed-Fit-Overshirt-donkergroen-425211.png\",\"width\":1365,\"height\":2048},{\"@type\":\"BreadcrumbList\",\"@id\":\"https:\/\/www.voustensports.com\/fr\/genti-surchemise-coupe-decontractee-vert-fonce-42521\/#breadcrumb\",\"itemListElement\":[{\"@type\":\"ListItem\",\"position\":1,\"name\":\"Home\",\"item\":\"https:\/\/www.voustensports.com\/fr\/\"},{\"@type\":\"ListItem\",\"position\":2,\"name\":\"Boutique\",\"item\":\"https:\/\/www.voustensports.com\/fr\/shop\/\"},{\"@type\":\"ListItem\",\"position\":3,\"name\":\"GENTI &#8211; Surchemise coupe d\u00e9contract\u00e9e vert fonc\u00e9 (42521)\"}]},{\"@type\":\"WebSite\",\"@id\":\"https:\/\/www.voustensports.com\/nl\/#website\",\"url\":\"https:\/\/www.voustensports.com\/nl\/\",\"name\":\"Vousten Sports\",\"description\":\"\",\"potentialAction\":[{\"@type\":\"SearchAction\",\"target\":{\"@type\":\"EntryPoint\",\"urlTemplate\":\"https:\/\/www.voustensports.com\/nl\/?s={search_term_string}\"},\"query-input\":{\"@type\":\"PropertyValueSpecification\",\"valueRequired\":true,\"valueName\":\"search_term_string\"}}],\"inLanguage\":\"fr-FR\"}]}<\/script>\n<!-- \/ Yoast SEO plugin. -->","yoast_head_json":{"title":"GENTI - Surchemise coupe d\u00e9contract\u00e9e vert fonc\u00e9 (42521) - Vousten Sports","robots":{"index":"index","follow":"follow","max-snippet":"max-snippet:-1","max-image-preview":"max-image-preview:large","max-video-preview":"max-video-preview:-1"},"canonical":"https:\/\/www.voustensports.com\/fr\/genti-surchemise-coupe-decontractee-vert-fonce-42521\/","og_locale":"fr_FR","og_type":"article","og_title":"GENTI - Surchemise coupe d\u00e9contract\u00e9e vert fonc\u00e9 (42521) - Vousten Sports","og_description":"Surchemise en laine m\u00e9rinos au style \u00e9pur\u00e9 et aux d\u00e9tails techniques. Son tissu doux et respirant offre confort et \u00e9l\u00e9gance. 100 % laine m\u00e9rinos Respirante et douce Poches poitrine Coupe d\u00e9contract\u00e9e","og_url":"https:\/\/www.voustensports.com\/fr\/genti-surchemise-coupe-decontractee-vert-fonce-42521\/","og_site_name":"Vousten Sports","article_modified_time":"2026-04-08T10:03:10+00:00","og_image":[{"width":1365,"height":2048,"url":"https:\/\/www.voustensports.com\/wp-content\/uploads\/2023\/06\/Relaxed-Fit-Overshirt-donkergroen-425211.png","type":"image\/png"}],"twitter_card":"summary_large_image","schema":{"@context":"https:\/\/schema.org","@graph":[{"@type":"WebPage","@id":"https:\/\/www.voustensports.com\/fr\/genti-surchemise-coupe-decontractee-vert-fonce-42521\/","url":"https:\/\/www.voustensports.com\/fr\/genti-surchemise-coupe-decontractee-vert-fonce-42521\/","name":"GENTI - Surchemise coupe d\u00e9contract\u00e9e vert fonc\u00e9 (42521) - Vousten Sports","isPartOf":{"@id":"https:\/\/www.voustensports.com\/nl\/#website"},"primaryImageOfPage":{"@id":"https:\/\/www.voustensports.com\/fr\/genti-surchemise-coupe-decontractee-vert-fonce-42521\/#primaryimage"},"image":{"@id":"https:\/\/www.voustensports.com\/fr\/genti-surchemise-coupe-decontractee-vert-fonce-42521\/#primaryimage"},"thumbnailUrl":"https:\/\/www.voustensports.com\/wp-content\/uploads\/2023\/06\/Relaxed-Fit-Overshirt-donkergroen-425211.png","datePublished":"2026-02-20T00:09:27+00:00","dateModified":"2026-04-08T10:03:10+00:00","breadcrumb":{"@id":"https:\/\/www.voustensports.com\/fr\/genti-surchemise-coupe-decontractee-vert-fonce-42521\/#breadcrumb"},"inLanguage":"fr-FR","potentialAction":[{"@type":"ReadAction","target":["https:\/\/www.voustensports.com\/fr\/genti-surchemise-coupe-decontractee-vert-fonce-42521\/"]}]},{"@type":"ImageObject","inLanguage":"fr-FR","@id":"https:\/\/www.voustensports.com\/fr\/genti-surchemise-coupe-decontractee-vert-fonce-42521\/#primaryimage","url":"https:\/\/www.voustensports.com\/wp-content\/uploads\/2023\/06\/Relaxed-Fit-Overshirt-donkergroen-425211.png","contentUrl":"https:\/\/www.voustensports.com\/wp-content\/uploads\/2023\/06\/Relaxed-Fit-Overshirt-donkergroen-425211.png","width":1365,"height":2048},{"@type":"BreadcrumbList","@id":"https:\/\/www.voustensports.com\/fr\/genti-surchemise-coupe-decontractee-vert-fonce-42521\/#breadcrumb","itemListElement":[{"@type":"ListItem","position":1,"name":"Home","item":"https:\/\/www.voustensports.com\/fr\/"},{"@type":"ListItem","position":2,"name":"Boutique","item":"https:\/\/www.voustensports.com\/fr\/shop\/"},{"@type":"ListItem","position":3,"name":"GENTI &#8211; Surchemise coupe d\u00e9contract\u00e9e vert fonc\u00e9 (42521)"}]},{"@type":"WebSite","@id":"https:\/\/www.voustensports.com\/nl\/#website","url":"https:\/\/www.voustensports.com\/nl\/","name":"Vousten Sports","description":"","potentialAction":[{"@type":"SearchAction","target":{"@type":"EntryPoint","urlTemplate":"https:\/\/www.voustensports.com\/nl\/?s={search_term_string}"},"query-input":{"@type":"PropertyValueSpecification","valueRequired":true,"valueName":"search_term_string"}}],"inLanguage":"fr-FR"}]}},"_links":{"self":[{"href":"https:\/\/www.voustensports.com\/fr\/wp-json\/wp\/v2\/product\/223876","targetHints":{"allow":["GET"]}}],"collection":[{"href":"https:\/\/www.voustensports.com\/fr\/wp-json\/wp\/v2\/product"}],"about":[{"href":"https:\/\/www.voustensports.com\/fr\/wp-json\/wp\/v2\/types\/product"}],"replies":[{"embeddable":true,"href":"https:\/\/www.voustensports.com\/fr\/wp-json\/wp\/v2\/comments?post=223876"}],"wp:featuredmedia":[{"embeddable":true,"href":"https:\/\/www.voustensports.com\/fr\/wp-json\/wp\/v2\/media\/223864"}],"wp:attachment":[{"href":"https:\/\/www.voustensports.com\/fr\/wp-json\/wp\/v2\/media?parent=223876"}],"wp:term":[{"taxonomy":"product_cat","embeddable":true,"href":"https:\/\/www.voustensports.com\/fr\/wp-json\/wp\/v2\/product_cat?post=223876"},{"taxonomy":"product_tag","embeddable":true,"href":"https:\/\/www.voustensports.com\/fr\/wp-json\/wp\/v2\/product_tag?post=223876"}],"curies":[{"name":"wp","href":"https:\/\/api.w.org\/{rel}","templated":true}]}}