{"id":223824,"date":"2026-02-19T17:20:35","date_gmt":"2026-02-19T16:20:35","guid":{"rendered":"https:\/\/www.voustensports.com\/john-miller-chemise-hyperstretch-bleu-glace-fonce-42666\/"},"modified":"2026-04-11T03:57:14","modified_gmt":"2026-04-11T01:57:14","slug":"john-miller-chemise-hyperstretch-bleu-glace-fonce-42666","status":"publish","type":"product","link":"https:\/\/www.voustensports.com\/fr\/john-miller-chemise-hyperstretch-bleu-glace-fonce-42666\/","title":{"rendered":"JOHN MILLER &#8211; Chemise Hyperstretch Bleu Glace Fonc\u00e9 (42666)"},"content":{"rendered":"<p>Cette chemise bleu glacier \u00e0 la coupe ajust\u00e9e est confectionn\u00e9e en tissu hyperstretch. Les chemises John Miller \u00e0 la coupe ajust\u00e9e mettent en valeur la silhouette. Le tissu hyperstretch offre un confort \u00e9l\u00e9gant. Ce tricot italien est un best-seller des collections John Miller depuis plusieurs saisons. La chemise pr\u00e9sente un col italien \u00e9l\u00e9gant, dont les pointes sont l\u00e9g\u00e8rement \u00e9vas\u00e9es \u00e0 l&rsquo;arri\u00e8re. Le poignet gauche est orn\u00e9 d&rsquo;un logo brod\u00e9 discret.<\/p>\n<ul>\n<li>Coupe : Ajust\u00e9e<\/li>\n<li>Couleur : Bleu<\/li>\n<li>Motif : Uni<\/li>\n<li>Manches : Longues<\/li>\n<li>Col : Italien<\/li>\n<li>Poignets : Simples<\/li>\n<li>Composition : 89 % polyamide, 11 % \u00e9lasthanne<\/li>\n<li>Caract\u00e9ristiques : Hyperstretch, extensible<\/li>\n<li>Poche poitrine : Non<\/li>\n<li>Code produit : 5142675-110-000-000<\/li>\n<\/ul>\n","protected":false},"excerpt":{"rendered":"<p>Cette chemise bleu glacier \u00e0 la coupe ajust\u00e9e est confectionn\u00e9e en tissu hyperstretch. Les chemises John Miller \u00e0 la coupe ajust\u00e9e mettent en valeur la silhouette. Le tissu hyperstretch offre un confort \u00e9l\u00e9gant. Ce tricot italien est un best-seller des collections John Miller depuis plusieurs saisons. La chemise pr\u00e9sente un col italien \u00e9l\u00e9gant, dont les [&#8230;]\n","protected":false},"featured_media":223804,"comment_status":"open","ping_status":"closed","template":"","meta":{"rank_math_lock_modified_date":false},"product_cat":[446,450,462,891],"product_tag":[],"class_list":{"0":"post-223824","1":"product","2":"type-product","3":"status-publish","4":"has-post-thumbnail","6":"product_cat-kleding-fr","7":"product_cat-heren-fr","8":"product_cat-vousten-sports-fr-2","9":"product_cat-overhemd-blouse-fr","11":"first","12":"instock","13":"taxable","14":"shipping-taxable","15":"purchasable","16":"product-type-variable"},"acf":[],"yoast_head":"<!-- This site is optimized with the Yoast SEO plugin v23.9 - https:\/\/yoast.com\/wordpress\/plugins\/seo\/ -->\n<title>JOHN MILLER - Chemise Hyperstretch Bleu Glace Fonc\u00e9 (42666) - Vousten Sports<\/title>\n<meta name=\"robots\" content=\"index, follow, max-snippet:-1, max-image-preview:large, max-video-preview:-1\" \/>\n<link rel=\"canonical\" href=\"https:\/\/www.voustensports.com\/fr\/john-miller-chemise-hyperstretch-bleu-glace-fonce-42666\/\" \/>\n<meta property=\"og:locale\" content=\"fr_FR\" \/>\n<meta property=\"og:type\" content=\"article\" \/>\n<meta property=\"og:title\" content=\"JOHN MILLER - Chemise Hyperstretch Bleu Glace Fonc\u00e9 (42666) - Vousten Sports\" \/>\n<meta property=\"og:description\" content=\"Cette chemise bleu glacier \u00e0 la coupe ajust\u00e9e est confectionn\u00e9e en tissu hyperstretch. Les chemises John Miller \u00e0 la coupe ajust\u00e9e mettent en valeur la silhouette. Le tissu hyperstretch offre un confort \u00e9l\u00e9gant. Ce tricot italien est un best-seller des collections John Miller depuis plusieurs saisons. La chemise pr\u00e9sente un col italien \u00e9l\u00e9gant, dont les [...]\" \/>\n<meta property=\"og:url\" content=\"https:\/\/www.voustensports.com\/fr\/john-miller-chemise-hyperstretch-bleu-glace-fonce-42666\/\" \/>\n<meta property=\"og:site_name\" content=\"Vousten Sports\" \/>\n<meta property=\"article:modified_time\" content=\"2026-04-11T01:57:14+00:00\" \/>\n<meta property=\"og:image\" content=\"https:\/\/www.voustensports.com\/wp-content\/uploads\/2023\/06\/JOHN-MILLER-Hyperstretch-Overhemd-Donker-ijsblauw-42666-1.png\" \/>\n\t<meta property=\"og:image:width\" content=\"1200\" \/>\n\t<meta property=\"og:image:height\" content=\"1800\" \/>\n\t<meta property=\"og:image:type\" content=\"image\/png\" \/>\n<meta name=\"twitter:card\" content=\"summary_large_image\" \/>\n<meta name=\"twitter:label1\" content=\"Est. reading time\" \/>\n\t<meta name=\"twitter:data1\" content=\"1 minute\" \/>\n<script type=\"application\/ld+json\" class=\"yoast-schema-graph\">{\"@context\":\"https:\/\/schema.org\",\"@graph\":[{\"@type\":\"WebPage\",\"@id\":\"https:\/\/www.voustensports.com\/fr\/john-miller-chemise-hyperstretch-bleu-glace-fonce-42666\/\",\"url\":\"https:\/\/www.voustensports.com\/fr\/john-miller-chemise-hyperstretch-bleu-glace-fonce-42666\/\",\"name\":\"JOHN MILLER - Chemise Hyperstretch Bleu Glace Fonc\u00e9 (42666) - Vousten Sports\",\"isPartOf\":{\"@id\":\"https:\/\/www.voustensports.com\/nl\/#website\"},\"primaryImageOfPage\":{\"@id\":\"https:\/\/www.voustensports.com\/fr\/john-miller-chemise-hyperstretch-bleu-glace-fonce-42666\/#primaryimage\"},\"image\":{\"@id\":\"https:\/\/www.voustensports.com\/fr\/john-miller-chemise-hyperstretch-bleu-glace-fonce-42666\/#primaryimage\"},\"thumbnailUrl\":\"https:\/\/www.voustensports.com\/wp-content\/uploads\/2023\/06\/JOHN-MILLER-Hyperstretch-Overhemd-Donker-ijsblauw-42666-1.png\",\"datePublished\":\"2026-02-19T16:20:35+00:00\",\"dateModified\":\"2026-04-11T01:57:14+00:00\",\"breadcrumb\":{\"@id\":\"https:\/\/www.voustensports.com\/fr\/john-miller-chemise-hyperstretch-bleu-glace-fonce-42666\/#breadcrumb\"},\"inLanguage\":\"fr-FR\",\"potentialAction\":[{\"@type\":\"ReadAction\",\"target\":[\"https:\/\/www.voustensports.com\/fr\/john-miller-chemise-hyperstretch-bleu-glace-fonce-42666\/\"]}]},{\"@type\":\"ImageObject\",\"inLanguage\":\"fr-FR\",\"@id\":\"https:\/\/www.voustensports.com\/fr\/john-miller-chemise-hyperstretch-bleu-glace-fonce-42666\/#primaryimage\",\"url\":\"https:\/\/www.voustensports.com\/wp-content\/uploads\/2023\/06\/JOHN-MILLER-Hyperstretch-Overhemd-Donker-ijsblauw-42666-1.png\",\"contentUrl\":\"https:\/\/www.voustensports.com\/wp-content\/uploads\/2023\/06\/JOHN-MILLER-Hyperstretch-Overhemd-Donker-ijsblauw-42666-1.png\",\"width\":1200,\"height\":1800},{\"@type\":\"BreadcrumbList\",\"@id\":\"https:\/\/www.voustensports.com\/fr\/john-miller-chemise-hyperstretch-bleu-glace-fonce-42666\/#breadcrumb\",\"itemListElement\":[{\"@type\":\"ListItem\",\"position\":1,\"name\":\"Home\",\"item\":\"https:\/\/www.voustensports.com\/fr\/\"},{\"@type\":\"ListItem\",\"position\":2,\"name\":\"Boutique\",\"item\":\"https:\/\/www.voustensports.com\/fr\/shop\/\"},{\"@type\":\"ListItem\",\"position\":3,\"name\":\"JOHN MILLER &#8211; Chemise Hyperstretch Bleu Glace Fonc\u00e9 (42666)\"}]},{\"@type\":\"WebSite\",\"@id\":\"https:\/\/www.voustensports.com\/nl\/#website\",\"url\":\"https:\/\/www.voustensports.com\/nl\/\",\"name\":\"Vousten Sports\",\"description\":\"\",\"potentialAction\":[{\"@type\":\"SearchAction\",\"target\":{\"@type\":\"EntryPoint\",\"urlTemplate\":\"https:\/\/www.voustensports.com\/nl\/?s={search_term_string}\"},\"query-input\":{\"@type\":\"PropertyValueSpecification\",\"valueRequired\":true,\"valueName\":\"search_term_string\"}}],\"inLanguage\":\"fr-FR\"}]}<\/script>\n<!-- \/ Yoast SEO plugin. -->","yoast_head_json":{"title":"JOHN MILLER - Chemise Hyperstretch Bleu Glace Fonc\u00e9 (42666) - Vousten Sports","robots":{"index":"index","follow":"follow","max-snippet":"max-snippet:-1","max-image-preview":"max-image-preview:large","max-video-preview":"max-video-preview:-1"},"canonical":"https:\/\/www.voustensports.com\/fr\/john-miller-chemise-hyperstretch-bleu-glace-fonce-42666\/","og_locale":"fr_FR","og_type":"article","og_title":"JOHN MILLER - Chemise Hyperstretch Bleu Glace Fonc\u00e9 (42666) - Vousten Sports","og_description":"Cette chemise bleu glacier \u00e0 la coupe ajust\u00e9e est confectionn\u00e9e en tissu hyperstretch. Les chemises John Miller \u00e0 la coupe ajust\u00e9e mettent en valeur la silhouette. Le tissu hyperstretch offre un confort \u00e9l\u00e9gant. Ce tricot italien est un best-seller des collections John Miller depuis plusieurs saisons. La chemise pr\u00e9sente un col italien \u00e9l\u00e9gant, dont les [...]","og_url":"https:\/\/www.voustensports.com\/fr\/john-miller-chemise-hyperstretch-bleu-glace-fonce-42666\/","og_site_name":"Vousten Sports","article_modified_time":"2026-04-11T01:57:14+00:00","og_image":[{"width":1200,"height":1800,"url":"https:\/\/www.voustensports.com\/wp-content\/uploads\/2023\/06\/JOHN-MILLER-Hyperstretch-Overhemd-Donker-ijsblauw-42666-1.png","type":"image\/png"}],"twitter_card":"summary_large_image","twitter_misc":{"Est. reading time":"1 minute"},"schema":{"@context":"https:\/\/schema.org","@graph":[{"@type":"WebPage","@id":"https:\/\/www.voustensports.com\/fr\/john-miller-chemise-hyperstretch-bleu-glace-fonce-42666\/","url":"https:\/\/www.voustensports.com\/fr\/john-miller-chemise-hyperstretch-bleu-glace-fonce-42666\/","name":"JOHN MILLER - Chemise Hyperstretch Bleu Glace Fonc\u00e9 (42666) - Vousten Sports","isPartOf":{"@id":"https:\/\/www.voustensports.com\/nl\/#website"},"primaryImageOfPage":{"@id":"https:\/\/www.voustensports.com\/fr\/john-miller-chemise-hyperstretch-bleu-glace-fonce-42666\/#primaryimage"},"image":{"@id":"https:\/\/www.voustensports.com\/fr\/john-miller-chemise-hyperstretch-bleu-glace-fonce-42666\/#primaryimage"},"thumbnailUrl":"https:\/\/www.voustensports.com\/wp-content\/uploads\/2023\/06\/JOHN-MILLER-Hyperstretch-Overhemd-Donker-ijsblauw-42666-1.png","datePublished":"2026-02-19T16:20:35+00:00","dateModified":"2026-04-11T01:57:14+00:00","breadcrumb":{"@id":"https:\/\/www.voustensports.com\/fr\/john-miller-chemise-hyperstretch-bleu-glace-fonce-42666\/#breadcrumb"},"inLanguage":"fr-FR","potentialAction":[{"@type":"ReadAction","target":["https:\/\/www.voustensports.com\/fr\/john-miller-chemise-hyperstretch-bleu-glace-fonce-42666\/"]}]},{"@type":"ImageObject","inLanguage":"fr-FR","@id":"https:\/\/www.voustensports.com\/fr\/john-miller-chemise-hyperstretch-bleu-glace-fonce-42666\/#primaryimage","url":"https:\/\/www.voustensports.com\/wp-content\/uploads\/2023\/06\/JOHN-MILLER-Hyperstretch-Overhemd-Donker-ijsblauw-42666-1.png","contentUrl":"https:\/\/www.voustensports.com\/wp-content\/uploads\/2023\/06\/JOHN-MILLER-Hyperstretch-Overhemd-Donker-ijsblauw-42666-1.png","width":1200,"height":1800},{"@type":"BreadcrumbList","@id":"https:\/\/www.voustensports.com\/fr\/john-miller-chemise-hyperstretch-bleu-glace-fonce-42666\/#breadcrumb","itemListElement":[{"@type":"ListItem","position":1,"name":"Home","item":"https:\/\/www.voustensports.com\/fr\/"},{"@type":"ListItem","position":2,"name":"Boutique","item":"https:\/\/www.voustensports.com\/fr\/shop\/"},{"@type":"ListItem","position":3,"name":"JOHN MILLER &#8211; Chemise Hyperstretch Bleu Glace Fonc\u00e9 (42666)"}]},{"@type":"WebSite","@id":"https:\/\/www.voustensports.com\/nl\/#website","url":"https:\/\/www.voustensports.com\/nl\/","name":"Vousten Sports","description":"","potentialAction":[{"@type":"SearchAction","target":{"@type":"EntryPoint","urlTemplate":"https:\/\/www.voustensports.com\/nl\/?s={search_term_string}"},"query-input":{"@type":"PropertyValueSpecification","valueRequired":true,"valueName":"search_term_string"}}],"inLanguage":"fr-FR"}]}},"_links":{"self":[{"href":"https:\/\/www.voustensports.com\/fr\/wp-json\/wp\/v2\/product\/223824","targetHints":{"allow":["GET"]}}],"collection":[{"href":"https:\/\/www.voustensports.com\/fr\/wp-json\/wp\/v2\/product"}],"about":[{"href":"https:\/\/www.voustensports.com\/fr\/wp-json\/wp\/v2\/types\/product"}],"replies":[{"embeddable":true,"href":"https:\/\/www.voustensports.com\/fr\/wp-json\/wp\/v2\/comments?post=223824"}],"wp:featuredmedia":[{"embeddable":true,"href":"https:\/\/www.voustensports.com\/fr\/wp-json\/wp\/v2\/media\/223804"}],"wp:attachment":[{"href":"https:\/\/www.voustensports.com\/fr\/wp-json\/wp\/v2\/media?parent=223824"}],"wp:term":[{"taxonomy":"product_cat","embeddable":true,"href":"https:\/\/www.voustensports.com\/fr\/wp-json\/wp\/v2\/product_cat?post=223824"},{"taxonomy":"product_tag","embeddable":true,"href":"https:\/\/www.voustensports.com\/fr\/wp-json\/wp\/v2\/product_tag?post=223824"}],"curies":[{"name":"wp","href":"https:\/\/api.w.org\/{rel}","templated":true}]}}