{"id":223632,"date":"2026-02-19T16:17:05","date_gmt":"2026-02-19T15:17:05","guid":{"rendered":"https:\/\/www.voustensports.com\/valenza-surchemise-asphalte-42659\/"},"modified":"2026-03-29T16:24:11","modified_gmt":"2026-03-29T14:24:11","slug":"valenza-surchemise-asphalte-42659","status":"publish","type":"product","link":"https:\/\/www.voustensports.com\/fr\/valenza-surchemise-asphalte-42659\/","title":{"rendered":"VALENZA &#8211; Surchemise Asphalte (42659)"},"content":{"rendered":"<ul>\n<li>Surchemise Coupe Classique<\/li>\n<li>Surchemise avec fermeture \u00e9clair m\u00e9tallique sur le devant<\/li>\n<li>Double curseur sur la fermeture \u00e9clair sur le devant<\/li>\n<li>Poches lat\u00e9rales invisibles dans les coutures int\u00e9rieures<\/li>\n<li>Poignets boutonn\u00e9s<\/li>\n<li>Tissu\u00a0: Coton Supima interlock<\/li>\n<li>Fabriqu\u00e9e en Italie<\/li>\n<li>Composition\u00a0: 100\u00a0% coton<\/li>\n<li>Grammage\u00a0: 230\u00a0g\/m\u00b2<\/li>\n<li>\u00c9tiquettes en coton recycl\u00e9<\/li>\n<li>\u00c9tiquettes volantes en papier recycl\u00e9<\/li>\n<li>Fermeture \u00e9clair\u00a0:<\/li>\n<li>Fermeture \u00e9clair m\u00e9tallique<\/li>\n<li>Boutons\u00a0: Boutons en nacre<\/li>\n<li>Fabriqu\u00e9e dans les Marches, en Italie. Certifi\u00e9e 100\u00a0% Made in Italy. Toutes les \u00e9tapes de la fabrication de cette surchemise ont \u00e9t\u00e9 r\u00e9alis\u00e9es dans les Marches, en Italie, selon des m\u00e9thodes artisanales.<\/li>\n<\/ul>\n","protected":false},"excerpt":{"rendered":"<p>Surchemise Coupe Classique Surchemise avec fermeture \u00e9clair m\u00e9tallique sur le devant Double curseur sur la fermeture \u00e9clair sur le devant Poches lat\u00e9rales invisibles dans les coutures int\u00e9rieures Poignets boutonn\u00e9s Tissu\u00a0: Coton Supima interlock Fabriqu\u00e9e en Italie Composition\u00a0: 100\u00a0% coton Grammage\u00a0: 230\u00a0g\/m\u00b2 \u00c9tiquettes en coton recycl\u00e9 \u00c9tiquettes volantes en papier recycl\u00e9 Fermeture \u00e9clair\u00a0: Fermeture \u00e9clair m\u00e9tallique [&#8230;]\n","protected":false},"featured_media":223620,"comment_status":"open","ping_status":"closed","template":"","meta":{"rank_math_lock_modified_date":false},"product_cat":[446,450,462,739,778],"product_tag":[],"class_list":{"0":"post-223632","1":"product","2":"type-product","3":"status-publish","4":"has-post-thumbnail","6":"product_cat-kleding-fr","7":"product_cat-heren-fr","8":"product_cat-vousten-sports-fr-2","9":"product_cat-overshirt-fr-2","10":"product_cat-valenza-fr","12":"first","13":"instock","14":"taxable","15":"shipping-taxable","16":"purchasable","17":"product-type-variable"},"acf":[],"yoast_head":"<!-- This site is optimized with the Yoast SEO plugin v23.9 - https:\/\/yoast.com\/wordpress\/plugins\/seo\/ -->\n<title>VALENZA - Surchemise Asphalte (42659) - Vousten Sports<\/title>\n<meta name=\"robots\" content=\"index, follow, max-snippet:-1, max-image-preview:large, max-video-preview:-1\" \/>\n<link rel=\"canonical\" href=\"https:\/\/www.voustensports.com\/fr\/valenza-surchemise-asphalte-42659\/\" \/>\n<meta property=\"og:locale\" content=\"fr_FR\" \/>\n<meta property=\"og:type\" content=\"article\" \/>\n<meta property=\"og:title\" content=\"VALENZA - Surchemise Asphalte (42659) - Vousten Sports\" \/>\n<meta property=\"og:description\" content=\"Surchemise Coupe Classique Surchemise avec fermeture \u00e9clair m\u00e9tallique sur le devant Double curseur sur la fermeture \u00e9clair sur le devant Poches lat\u00e9rales invisibles dans les coutures int\u00e9rieures Poignets boutonn\u00e9s Tissu\u00a0: Coton Supima interlock Fabriqu\u00e9e en Italie Composition\u00a0: 100\u00a0% coton Grammage\u00a0: 230\u00a0g\/m\u00b2 \u00c9tiquettes en coton recycl\u00e9 \u00c9tiquettes volantes en papier recycl\u00e9 Fermeture \u00e9clair\u00a0: Fermeture \u00e9clair m\u00e9tallique [...]\" \/>\n<meta property=\"og:url\" content=\"https:\/\/www.voustensports.com\/fr\/valenza-surchemise-asphalte-42659\/\" \/>\n<meta property=\"og:site_name\" content=\"Vousten Sports\" \/>\n<meta property=\"article:modified_time\" content=\"2026-03-29T14:24:11+00:00\" \/>\n<meta property=\"og:image\" content=\"https:\/\/www.voustensports.com\/wp-content\/uploads\/2023\/06\/VALENZA-Overshirt-Asphalt-42659-1.jpg\" \/>\n\t<meta property=\"og:image:width\" content=\"1349\" \/>\n\t<meta property=\"og:image:height\" content=\"2048\" \/>\n\t<meta property=\"og:image:type\" content=\"image\/jpeg\" \/>\n<meta name=\"twitter:card\" content=\"summary_large_image\" \/>\n<meta name=\"twitter:label1\" content=\"Est. reading time\" \/>\n\t<meta name=\"twitter:data1\" content=\"1 minute\" \/>\n<script type=\"application\/ld+json\" class=\"yoast-schema-graph\">{\"@context\":\"https:\/\/schema.org\",\"@graph\":[{\"@type\":\"WebPage\",\"@id\":\"https:\/\/www.voustensports.com\/fr\/valenza-surchemise-asphalte-42659\/\",\"url\":\"https:\/\/www.voustensports.com\/fr\/valenza-surchemise-asphalte-42659\/\",\"name\":\"VALENZA - Surchemise Asphalte (42659) - Vousten Sports\",\"isPartOf\":{\"@id\":\"https:\/\/www.voustensports.com\/nl\/#website\"},\"primaryImageOfPage\":{\"@id\":\"https:\/\/www.voustensports.com\/fr\/valenza-surchemise-asphalte-42659\/#primaryimage\"},\"image\":{\"@id\":\"https:\/\/www.voustensports.com\/fr\/valenza-surchemise-asphalte-42659\/#primaryimage\"},\"thumbnailUrl\":\"https:\/\/www.voustensports.com\/wp-content\/uploads\/2023\/06\/VALENZA-Overshirt-Asphalt-42659-1.jpg\",\"datePublished\":\"2026-02-19T15:17:05+00:00\",\"dateModified\":\"2026-03-29T14:24:11+00:00\",\"breadcrumb\":{\"@id\":\"https:\/\/www.voustensports.com\/fr\/valenza-surchemise-asphalte-42659\/#breadcrumb\"},\"inLanguage\":\"fr-FR\",\"potentialAction\":[{\"@type\":\"ReadAction\",\"target\":[\"https:\/\/www.voustensports.com\/fr\/valenza-surchemise-asphalte-42659\/\"]}]},{\"@type\":\"ImageObject\",\"inLanguage\":\"fr-FR\",\"@id\":\"https:\/\/www.voustensports.com\/fr\/valenza-surchemise-asphalte-42659\/#primaryimage\",\"url\":\"https:\/\/www.voustensports.com\/wp-content\/uploads\/2023\/06\/VALENZA-Overshirt-Asphalt-42659-1.jpg\",\"contentUrl\":\"https:\/\/www.voustensports.com\/wp-content\/uploads\/2023\/06\/VALENZA-Overshirt-Asphalt-42659-1.jpg\",\"width\":1349,\"height\":2048},{\"@type\":\"BreadcrumbList\",\"@id\":\"https:\/\/www.voustensports.com\/fr\/valenza-surchemise-asphalte-42659\/#breadcrumb\",\"itemListElement\":[{\"@type\":\"ListItem\",\"position\":1,\"name\":\"Home\",\"item\":\"https:\/\/www.voustensports.com\/fr\/\"},{\"@type\":\"ListItem\",\"position\":2,\"name\":\"Boutique\",\"item\":\"https:\/\/www.voustensports.com\/fr\/shop\/\"},{\"@type\":\"ListItem\",\"position\":3,\"name\":\"VALENZA &#8211; Surchemise Asphalte (42659)\"}]},{\"@type\":\"WebSite\",\"@id\":\"https:\/\/www.voustensports.com\/nl\/#website\",\"url\":\"https:\/\/www.voustensports.com\/nl\/\",\"name\":\"Vousten Sports\",\"description\":\"\",\"potentialAction\":[{\"@type\":\"SearchAction\",\"target\":{\"@type\":\"EntryPoint\",\"urlTemplate\":\"https:\/\/www.voustensports.com\/nl\/?s={search_term_string}\"},\"query-input\":{\"@type\":\"PropertyValueSpecification\",\"valueRequired\":true,\"valueName\":\"search_term_string\"}}],\"inLanguage\":\"fr-FR\"}]}<\/script>\n<!-- \/ Yoast SEO plugin. -->","yoast_head_json":{"title":"VALENZA - Surchemise Asphalte (42659) - Vousten Sports","robots":{"index":"index","follow":"follow","max-snippet":"max-snippet:-1","max-image-preview":"max-image-preview:large","max-video-preview":"max-video-preview:-1"},"canonical":"https:\/\/www.voustensports.com\/fr\/valenza-surchemise-asphalte-42659\/","og_locale":"fr_FR","og_type":"article","og_title":"VALENZA - Surchemise Asphalte (42659) - Vousten Sports","og_description":"Surchemise Coupe Classique Surchemise avec fermeture \u00e9clair m\u00e9tallique sur le devant Double curseur sur la fermeture \u00e9clair sur le devant Poches lat\u00e9rales invisibles dans les coutures int\u00e9rieures Poignets boutonn\u00e9s Tissu\u00a0: Coton Supima interlock Fabriqu\u00e9e en Italie Composition\u00a0: 100\u00a0% coton Grammage\u00a0: 230\u00a0g\/m\u00b2 \u00c9tiquettes en coton recycl\u00e9 \u00c9tiquettes volantes en papier recycl\u00e9 Fermeture \u00e9clair\u00a0: Fermeture \u00e9clair m\u00e9tallique [...]","og_url":"https:\/\/www.voustensports.com\/fr\/valenza-surchemise-asphalte-42659\/","og_site_name":"Vousten Sports","article_modified_time":"2026-03-29T14:24:11+00:00","og_image":[{"width":1349,"height":2048,"url":"https:\/\/www.voustensports.com\/wp-content\/uploads\/2023\/06\/VALENZA-Overshirt-Asphalt-42659-1.jpg","type":"image\/jpeg"}],"twitter_card":"summary_large_image","twitter_misc":{"Est. reading time":"1 minute"},"schema":{"@context":"https:\/\/schema.org","@graph":[{"@type":"WebPage","@id":"https:\/\/www.voustensports.com\/fr\/valenza-surchemise-asphalte-42659\/","url":"https:\/\/www.voustensports.com\/fr\/valenza-surchemise-asphalte-42659\/","name":"VALENZA - Surchemise Asphalte (42659) - Vousten Sports","isPartOf":{"@id":"https:\/\/www.voustensports.com\/nl\/#website"},"primaryImageOfPage":{"@id":"https:\/\/www.voustensports.com\/fr\/valenza-surchemise-asphalte-42659\/#primaryimage"},"image":{"@id":"https:\/\/www.voustensports.com\/fr\/valenza-surchemise-asphalte-42659\/#primaryimage"},"thumbnailUrl":"https:\/\/www.voustensports.com\/wp-content\/uploads\/2023\/06\/VALENZA-Overshirt-Asphalt-42659-1.jpg","datePublished":"2026-02-19T15:17:05+00:00","dateModified":"2026-03-29T14:24:11+00:00","breadcrumb":{"@id":"https:\/\/www.voustensports.com\/fr\/valenza-surchemise-asphalte-42659\/#breadcrumb"},"inLanguage":"fr-FR","potentialAction":[{"@type":"ReadAction","target":["https:\/\/www.voustensports.com\/fr\/valenza-surchemise-asphalte-42659\/"]}]},{"@type":"ImageObject","inLanguage":"fr-FR","@id":"https:\/\/www.voustensports.com\/fr\/valenza-surchemise-asphalte-42659\/#primaryimage","url":"https:\/\/www.voustensports.com\/wp-content\/uploads\/2023\/06\/VALENZA-Overshirt-Asphalt-42659-1.jpg","contentUrl":"https:\/\/www.voustensports.com\/wp-content\/uploads\/2023\/06\/VALENZA-Overshirt-Asphalt-42659-1.jpg","width":1349,"height":2048},{"@type":"BreadcrumbList","@id":"https:\/\/www.voustensports.com\/fr\/valenza-surchemise-asphalte-42659\/#breadcrumb","itemListElement":[{"@type":"ListItem","position":1,"name":"Home","item":"https:\/\/www.voustensports.com\/fr\/"},{"@type":"ListItem","position":2,"name":"Boutique","item":"https:\/\/www.voustensports.com\/fr\/shop\/"},{"@type":"ListItem","position":3,"name":"VALENZA &#8211; Surchemise Asphalte (42659)"}]},{"@type":"WebSite","@id":"https:\/\/www.voustensports.com\/nl\/#website","url":"https:\/\/www.voustensports.com\/nl\/","name":"Vousten Sports","description":"","potentialAction":[{"@type":"SearchAction","target":{"@type":"EntryPoint","urlTemplate":"https:\/\/www.voustensports.com\/nl\/?s={search_term_string}"},"query-input":{"@type":"PropertyValueSpecification","valueRequired":true,"valueName":"search_term_string"}}],"inLanguage":"fr-FR"}]}},"_links":{"self":[{"href":"https:\/\/www.voustensports.com\/fr\/wp-json\/wp\/v2\/product\/223632","targetHints":{"allow":["GET"]}}],"collection":[{"href":"https:\/\/www.voustensports.com\/fr\/wp-json\/wp\/v2\/product"}],"about":[{"href":"https:\/\/www.voustensports.com\/fr\/wp-json\/wp\/v2\/types\/product"}],"replies":[{"embeddable":true,"href":"https:\/\/www.voustensports.com\/fr\/wp-json\/wp\/v2\/comments?post=223632"}],"wp:featuredmedia":[{"embeddable":true,"href":"https:\/\/www.voustensports.com\/fr\/wp-json\/wp\/v2\/media\/223620"}],"wp:attachment":[{"href":"https:\/\/www.voustensports.com\/fr\/wp-json\/wp\/v2\/media?parent=223632"}],"wp:term":[{"taxonomy":"product_cat","embeddable":true,"href":"https:\/\/www.voustensports.com\/fr\/wp-json\/wp\/v2\/product_cat?post=223632"},{"taxonomy":"product_tag","embeddable":true,"href":"https:\/\/www.voustensports.com\/fr\/wp-json\/wp\/v2\/product_tag?post=223632"}],"curies":[{"name":"wp","href":"https:\/\/api.w.org\/{rel}","templated":true}]}}