{"id":223600,"date":"2026-02-19T16:16:25","date_gmt":"2026-02-19T15:16:25","guid":{"rendered":"https:\/\/www.voustensports.com\/valenza-surchemise-gris-perle-42660\/"},"modified":"2026-02-23T10:48:08","modified_gmt":"2026-02-23T09:48:08","slug":"valenza-surchemise-gris-perle-42660","status":"publish","type":"product","link":"https:\/\/www.voustensports.com\/fr\/valenza-surchemise-gris-perle-42660\/","title":{"rendered":"VALENZA &#8211; Surchemise Gris Perle (42660)"},"content":{"rendered":"<ul>\n<li>Surchemise Coupe Classique<\/li>\n<li>Surchemise Fermeture Zip M\u00e9tallique sur le devant<\/li>\n<li>Double Tirette sur la fermeture zip sur le devant<\/li>\n<li>Poches Invisibles dans les Coutures Int\u00e9rieures<\/li>\n<li>Poignets Boutonn\u00e9s<\/li>\n<li>Tissu : Coton Supima Interlock<\/li>\n<li>Fabriqu\u00e9e en Italie<\/li>\n<li>Composition : 100 % Coton<\/li>\n<li>Grammage : 230 g\/m\u00b2<\/li>\n<li>\u00c9tiquettes en coton recycl\u00e9<\/li>\n<li>\u00c9tiquettes volantes en papier recycl\u00e9<\/li>\n<li>Fermeture Zip :<\/li>\n<li>Fermeture Zip M\u00e9tallique<\/li>\n<li>Boutons : Boutons en Nacre<\/li>\n<li>Fabriqu\u00e9e dans les Marches, en Italie. Certifi\u00e9e 100 % Made in Italy. Toutes les \u00e9tapes de la fabrication de cette surchemise ont \u00e9t\u00e9 r\u00e9alis\u00e9es dans les Marches, en Italie, selon des m\u00e9thodes artisanales.<\/li>\n<\/ul>\n","protected":false},"excerpt":{"rendered":"<p>Surchemise Coupe Classique Surchemise Fermeture Zip M\u00e9tallique sur le devant Double Tirette sur la fermeture zip sur le devant Poches Invisibles dans les Coutures Int\u00e9rieures Poignets Boutonn\u00e9s Tissu : Coton Supima Interlock Fabriqu\u00e9e en Italie Composition : 100 % Coton Grammage : 230 g\/m\u00b2 \u00c9tiquettes en coton recycl\u00e9 \u00c9tiquettes volantes en papier recycl\u00e9 Fermeture Zip [&#8230;]\n","protected":false},"featured_media":223588,"comment_status":"open","ping_status":"closed","template":"","meta":{"rank_math_lock_modified_date":false},"product_cat":[739,778,446,450,462],"product_tag":[],"class_list":{"0":"post-223600","1":"product","2":"type-product","3":"status-publish","4":"has-post-thumbnail","6":"product_cat-overshirt-fr-2","7":"product_cat-valenza-fr","8":"product_cat-kleding-fr","9":"product_cat-heren-fr","10":"product_cat-vousten-sports-fr-2","12":"first","13":"instock","14":"taxable","15":"shipping-taxable","16":"purchasable","17":"product-type-variable"},"acf":[],"yoast_head":"<!-- This site is optimized with the Yoast SEO plugin v23.9 - https:\/\/yoast.com\/wordpress\/plugins\/seo\/ -->\n<title>VALENZA - Surchemise Gris Perle (42660) - Vousten Sports<\/title>\n<meta name=\"robots\" content=\"index, follow, max-snippet:-1, max-image-preview:large, max-video-preview:-1\" \/>\n<link rel=\"canonical\" href=\"https:\/\/www.voustensports.com\/fr\/valenza-surchemise-gris-perle-42660\/\" \/>\n<meta property=\"og:locale\" content=\"fr_FR\" \/>\n<meta property=\"og:type\" content=\"article\" \/>\n<meta property=\"og:title\" content=\"VALENZA - Surchemise Gris Perle (42660) - Vousten Sports\" \/>\n<meta property=\"og:description\" content=\"Surchemise Coupe Classique Surchemise Fermeture Zip M\u00e9tallique sur le devant Double Tirette sur la fermeture zip sur le devant Poches Invisibles dans les Coutures Int\u00e9rieures Poignets Boutonn\u00e9s Tissu : Coton Supima Interlock Fabriqu\u00e9e en Italie Composition : 100 % Coton Grammage : 230 g\/m\u00b2 \u00c9tiquettes en coton recycl\u00e9 \u00c9tiquettes volantes en papier recycl\u00e9 Fermeture Zip [...]\" \/>\n<meta property=\"og:url\" content=\"https:\/\/www.voustensports.com\/fr\/valenza-surchemise-gris-perle-42660\/\" \/>\n<meta property=\"og:site_name\" content=\"Vousten Sports\" \/>\n<meta property=\"article:modified_time\" content=\"2026-02-23T09:48:08+00:00\" \/>\n<meta property=\"og:image\" content=\"https:\/\/www.voustensports.com\/wp-content\/uploads\/2023\/06\/VALENZA-Overshirt-parelgrijs-42660-1.png\" \/>\n\t<meta property=\"og:image:width\" content=\"1200\" \/>\n\t<meta property=\"og:image:height\" content=\"1800\" \/>\n\t<meta property=\"og:image:type\" content=\"image\/png\" \/>\n<meta name=\"twitter:card\" content=\"summary_large_image\" \/>\n<script type=\"application\/ld+json\" class=\"yoast-schema-graph\">{\"@context\":\"https:\/\/schema.org\",\"@graph\":[{\"@type\":\"WebPage\",\"@id\":\"https:\/\/www.voustensports.com\/fr\/valenza-surchemise-gris-perle-42660\/\",\"url\":\"https:\/\/www.voustensports.com\/fr\/valenza-surchemise-gris-perle-42660\/\",\"name\":\"VALENZA - Surchemise Gris Perle (42660) - Vousten Sports\",\"isPartOf\":{\"@id\":\"https:\/\/www.voustensports.com\/nl\/#website\"},\"primaryImageOfPage\":{\"@id\":\"https:\/\/www.voustensports.com\/fr\/valenza-surchemise-gris-perle-42660\/#primaryimage\"},\"image\":{\"@id\":\"https:\/\/www.voustensports.com\/fr\/valenza-surchemise-gris-perle-42660\/#primaryimage\"},\"thumbnailUrl\":\"https:\/\/www.voustensports.com\/wp-content\/uploads\/2023\/06\/VALENZA-Overshirt-parelgrijs-42660-1.png\",\"datePublished\":\"2026-02-19T15:16:25+00:00\",\"dateModified\":\"2026-02-23T09:48:08+00:00\",\"breadcrumb\":{\"@id\":\"https:\/\/www.voustensports.com\/fr\/valenza-surchemise-gris-perle-42660\/#breadcrumb\"},\"inLanguage\":\"fr-FR\",\"potentialAction\":[{\"@type\":\"ReadAction\",\"target\":[\"https:\/\/www.voustensports.com\/fr\/valenza-surchemise-gris-perle-42660\/\"]}]},{\"@type\":\"ImageObject\",\"inLanguage\":\"fr-FR\",\"@id\":\"https:\/\/www.voustensports.com\/fr\/valenza-surchemise-gris-perle-42660\/#primaryimage\",\"url\":\"https:\/\/www.voustensports.com\/wp-content\/uploads\/2023\/06\/VALENZA-Overshirt-parelgrijs-42660-1.png\",\"contentUrl\":\"https:\/\/www.voustensports.com\/wp-content\/uploads\/2023\/06\/VALENZA-Overshirt-parelgrijs-42660-1.png\",\"width\":1200,\"height\":1800},{\"@type\":\"BreadcrumbList\",\"@id\":\"https:\/\/www.voustensports.com\/fr\/valenza-surchemise-gris-perle-42660\/#breadcrumb\",\"itemListElement\":[{\"@type\":\"ListItem\",\"position\":1,\"name\":\"Home\",\"item\":\"https:\/\/www.voustensports.com\/fr\/\"},{\"@type\":\"ListItem\",\"position\":2,\"name\":\"Boutique\",\"item\":\"https:\/\/www.voustensports.com\/fr\/shop\/\"},{\"@type\":\"ListItem\",\"position\":3,\"name\":\"VALENZA &#8211; Surchemise Gris Perle (42660)\"}]},{\"@type\":\"WebSite\",\"@id\":\"https:\/\/www.voustensports.com\/nl\/#website\",\"url\":\"https:\/\/www.voustensports.com\/nl\/\",\"name\":\"Vousten Sports\",\"description\":\"\",\"potentialAction\":[{\"@type\":\"SearchAction\",\"target\":{\"@type\":\"EntryPoint\",\"urlTemplate\":\"https:\/\/www.voustensports.com\/nl\/?s={search_term_string}\"},\"query-input\":{\"@type\":\"PropertyValueSpecification\",\"valueRequired\":true,\"valueName\":\"search_term_string\"}}],\"inLanguage\":\"fr-FR\"}]}<\/script>\n<!-- \/ Yoast SEO plugin. -->","yoast_head_json":{"title":"VALENZA - Surchemise Gris Perle (42660) - Vousten Sports","robots":{"index":"index","follow":"follow","max-snippet":"max-snippet:-1","max-image-preview":"max-image-preview:large","max-video-preview":"max-video-preview:-1"},"canonical":"https:\/\/www.voustensports.com\/fr\/valenza-surchemise-gris-perle-42660\/","og_locale":"fr_FR","og_type":"article","og_title":"VALENZA - Surchemise Gris Perle (42660) - Vousten Sports","og_description":"Surchemise Coupe Classique Surchemise Fermeture Zip M\u00e9tallique sur le devant Double Tirette sur la fermeture zip sur le devant Poches Invisibles dans les Coutures Int\u00e9rieures Poignets Boutonn\u00e9s Tissu : Coton Supima Interlock Fabriqu\u00e9e en Italie Composition : 100 % Coton Grammage : 230 g\/m\u00b2 \u00c9tiquettes en coton recycl\u00e9 \u00c9tiquettes volantes en papier recycl\u00e9 Fermeture Zip [...]","og_url":"https:\/\/www.voustensports.com\/fr\/valenza-surchemise-gris-perle-42660\/","og_site_name":"Vousten Sports","article_modified_time":"2026-02-23T09:48:08+00:00","og_image":[{"width":1200,"height":1800,"url":"https:\/\/www.voustensports.com\/wp-content\/uploads\/2023\/06\/VALENZA-Overshirt-parelgrijs-42660-1.png","type":"image\/png"}],"twitter_card":"summary_large_image","schema":{"@context":"https:\/\/schema.org","@graph":[{"@type":"WebPage","@id":"https:\/\/www.voustensports.com\/fr\/valenza-surchemise-gris-perle-42660\/","url":"https:\/\/www.voustensports.com\/fr\/valenza-surchemise-gris-perle-42660\/","name":"VALENZA - Surchemise Gris Perle (42660) - Vousten Sports","isPartOf":{"@id":"https:\/\/www.voustensports.com\/nl\/#website"},"primaryImageOfPage":{"@id":"https:\/\/www.voustensports.com\/fr\/valenza-surchemise-gris-perle-42660\/#primaryimage"},"image":{"@id":"https:\/\/www.voustensports.com\/fr\/valenza-surchemise-gris-perle-42660\/#primaryimage"},"thumbnailUrl":"https:\/\/www.voustensports.com\/wp-content\/uploads\/2023\/06\/VALENZA-Overshirt-parelgrijs-42660-1.png","datePublished":"2026-02-19T15:16:25+00:00","dateModified":"2026-02-23T09:48:08+00:00","breadcrumb":{"@id":"https:\/\/www.voustensports.com\/fr\/valenza-surchemise-gris-perle-42660\/#breadcrumb"},"inLanguage":"fr-FR","potentialAction":[{"@type":"ReadAction","target":["https:\/\/www.voustensports.com\/fr\/valenza-surchemise-gris-perle-42660\/"]}]},{"@type":"ImageObject","inLanguage":"fr-FR","@id":"https:\/\/www.voustensports.com\/fr\/valenza-surchemise-gris-perle-42660\/#primaryimage","url":"https:\/\/www.voustensports.com\/wp-content\/uploads\/2023\/06\/VALENZA-Overshirt-parelgrijs-42660-1.png","contentUrl":"https:\/\/www.voustensports.com\/wp-content\/uploads\/2023\/06\/VALENZA-Overshirt-parelgrijs-42660-1.png","width":1200,"height":1800},{"@type":"BreadcrumbList","@id":"https:\/\/www.voustensports.com\/fr\/valenza-surchemise-gris-perle-42660\/#breadcrumb","itemListElement":[{"@type":"ListItem","position":1,"name":"Home","item":"https:\/\/www.voustensports.com\/fr\/"},{"@type":"ListItem","position":2,"name":"Boutique","item":"https:\/\/www.voustensports.com\/fr\/shop\/"},{"@type":"ListItem","position":3,"name":"VALENZA &#8211; Surchemise Gris Perle (42660)"}]},{"@type":"WebSite","@id":"https:\/\/www.voustensports.com\/nl\/#website","url":"https:\/\/www.voustensports.com\/nl\/","name":"Vousten Sports","description":"","potentialAction":[{"@type":"SearchAction","target":{"@type":"EntryPoint","urlTemplate":"https:\/\/www.voustensports.com\/nl\/?s={search_term_string}"},"query-input":{"@type":"PropertyValueSpecification","valueRequired":true,"valueName":"search_term_string"}}],"inLanguage":"fr-FR"}]}},"_links":{"self":[{"href":"https:\/\/www.voustensports.com\/fr\/wp-json\/wp\/v2\/product\/223600","targetHints":{"allow":["GET"]}}],"collection":[{"href":"https:\/\/www.voustensports.com\/fr\/wp-json\/wp\/v2\/product"}],"about":[{"href":"https:\/\/www.voustensports.com\/fr\/wp-json\/wp\/v2\/types\/product"}],"replies":[{"embeddable":true,"href":"https:\/\/www.voustensports.com\/fr\/wp-json\/wp\/v2\/comments?post=223600"}],"wp:featuredmedia":[{"embeddable":true,"href":"https:\/\/www.voustensports.com\/fr\/wp-json\/wp\/v2\/media\/223588"}],"wp:attachment":[{"href":"https:\/\/www.voustensports.com\/fr\/wp-json\/wp\/v2\/media?parent=223600"}],"wp:term":[{"taxonomy":"product_cat","embeddable":true,"href":"https:\/\/www.voustensports.com\/fr\/wp-json\/wp\/v2\/product_cat?post=223600"},{"taxonomy":"product_tag","embeddable":true,"href":"https:\/\/www.voustensports.com\/fr\/wp-json\/wp\/v2\/product_tag?post=223600"}],"curies":[{"name":"wp","href":"https:\/\/api.w.org\/{rel}","templated":true}]}}