{"id":223428,"date":"2026-02-19T16:13:41","date_gmt":"2026-02-19T15:13:41","guid":{"rendered":"https:\/\/www.voustensports.com\/john-miller-polo-noir-hyperstretch-a-manches-courtes-et-fermeture-eclair-42675\/"},"modified":"2026-04-02T15:39:14","modified_gmt":"2026-04-02T13:39:14","slug":"john-miller-polo-noir-hyperstretch-a-manches-courtes-et-fermeture-eclair-42675","status":"publish","type":"product","link":"https:\/\/www.voustensports.com\/fr\/john-miller-polo-noir-hyperstretch-a-manches-courtes-et-fermeture-eclair-42675\/","title":{"rendered":"JOHN MILLER &#8211; Polo noir Hyperstretch \u00e0 manches courtes et fermeture \u00e9clair (42675)"},"content":{"rendered":"<p>Ce polo noir slim fit est confectionn\u00e9 dans un tissu hyperstretch et poss\u00e8de des manches courtes. Les polos slim fit John Miller sont coup\u00e9s pr\u00e8s du corps, mettant en valeur la silhouette. Le tissu hyperstretch offre un confort \u00e9l\u00e9gant. Cette maille italienne est un best-seller des collections John Miller depuis plusieurs saisons. Le polo est dot\u00e9 d&rsquo;un col italien \u00e9l\u00e9gant ferm\u00e9 par une fermeture \u00e9clair ton sur ton pour une allure raffin\u00e9e.<\/p>\n<ul>\n<li>Coupe : Polo slim fit<\/li>\n<li>Couleur : Noir<\/li>\n<li>Motif : Uni<\/li>\n<li>Manches : Courtes<\/li>\n<li>Poignets : Italiens<\/li>\n<li>Poignets : Autre<\/li>\n<li>Composition : 89 % polyamide, 11 % \u00e9lasthanne<\/li>\n<li>Caract\u00e9ristiques : Hyperstretch, extensible<\/li>\n<li>Poche poitrine : Non<\/li>\n<li>Code produit : 5142677-690-000-000<\/li>\n<\/ul>\n","protected":false},"excerpt":{"rendered":"<p>Ce polo noir slim fit est confectionn\u00e9 dans un tissu hyperstretch et poss\u00e8de des manches courtes. Les polos slim fit John Miller sont coup\u00e9s pr\u00e8s du corps, mettant en valeur la silhouette. Le tissu hyperstretch offre un confort \u00e9l\u00e9gant. Cette maille italienne est un best-seller des collections John Miller depuis plusieurs saisons. Le polo est [&#8230;]\n","protected":false},"featured_media":223660,"comment_status":"open","ping_status":"closed","template":"","meta":{"rank_math_lock_modified_date":false},"product_cat":[446,450,462,478,920],"product_tag":[],"class_list":{"0":"post-223428","1":"product","2":"type-product","3":"status-publish","4":"has-post-thumbnail","6":"product_cat-kleding-fr","7":"product_cat-heren-fr","8":"product_cat-vousten-sports-fr-2","9":"product_cat-polos-fr-2","10":"product_cat-john-miller-fr","12":"first","13":"instock","14":"taxable","15":"shipping-taxable","16":"purchasable","17":"product-type-variable"},"acf":[],"yoast_head":"<!-- This site is optimized with the Yoast SEO plugin v23.9 - https:\/\/yoast.com\/wordpress\/plugins\/seo\/ -->\n<title>JOHN MILLER - Polo noir Hyperstretch \u00e0 manches courtes et fermeture \u00e9clair (42675) - Vousten Sports<\/title>\n<meta name=\"robots\" content=\"index, follow, max-snippet:-1, max-image-preview:large, max-video-preview:-1\" \/>\n<link rel=\"canonical\" href=\"https:\/\/www.voustensports.com\/fr\/john-miller-polo-noir-hyperstretch-a-manches-courtes-et-fermeture-eclair-42675\/\" \/>\n<meta property=\"og:locale\" content=\"fr_FR\" \/>\n<meta property=\"og:type\" content=\"article\" \/>\n<meta property=\"og:title\" content=\"JOHN MILLER - Polo noir Hyperstretch \u00e0 manches courtes et fermeture \u00e9clair (42675) - Vousten Sports\" \/>\n<meta property=\"og:description\" content=\"Ce polo noir slim fit est confectionn\u00e9 dans un tissu hyperstretch et poss\u00e8de des manches courtes. Les polos slim fit John Miller sont coup\u00e9s pr\u00e8s du corps, mettant en valeur la silhouette. Le tissu hyperstretch offre un confort \u00e9l\u00e9gant. Cette maille italienne est un best-seller des collections John Miller depuis plusieurs saisons. Le polo est [...]\" \/>\n<meta property=\"og:url\" content=\"https:\/\/www.voustensports.com\/fr\/john-miller-polo-noir-hyperstretch-a-manches-courtes-et-fermeture-eclair-42675\/\" \/>\n<meta property=\"og:site_name\" content=\"Vousten Sports\" \/>\n<meta property=\"article:modified_time\" content=\"2026-04-02T13:39:14+00:00\" \/>\n<meta property=\"og:image\" content=\"https:\/\/www.voustensports.com\/wp-content\/uploads\/2023\/06\/JOHN-MILLER-Hyperstretch-Polo-Shirt-Rits-Korte-Mouw-zwart-42675-1.png\" \/>\n\t<meta property=\"og:image:width\" content=\"809\" \/>\n\t<meta property=\"og:image:height\" content=\"1216\" \/>\n\t<meta property=\"og:image:type\" content=\"image\/png\" \/>\n<meta name=\"twitter:card\" content=\"summary_large_image\" \/>\n<meta name=\"twitter:label1\" content=\"Est. reading time\" \/>\n\t<meta name=\"twitter:data1\" content=\"1 minute\" \/>\n<script type=\"application\/ld+json\" class=\"yoast-schema-graph\">{\"@context\":\"https:\/\/schema.org\",\"@graph\":[{\"@type\":\"WebPage\",\"@id\":\"https:\/\/www.voustensports.com\/fr\/john-miller-polo-noir-hyperstretch-a-manches-courtes-et-fermeture-eclair-42675\/\",\"url\":\"https:\/\/www.voustensports.com\/fr\/john-miller-polo-noir-hyperstretch-a-manches-courtes-et-fermeture-eclair-42675\/\",\"name\":\"JOHN MILLER - Polo noir Hyperstretch \u00e0 manches courtes et fermeture \u00e9clair (42675) - Vousten Sports\",\"isPartOf\":{\"@id\":\"https:\/\/www.voustensports.com\/nl\/#website\"},\"primaryImageOfPage\":{\"@id\":\"https:\/\/www.voustensports.com\/fr\/john-miller-polo-noir-hyperstretch-a-manches-courtes-et-fermeture-eclair-42675\/#primaryimage\"},\"image\":{\"@id\":\"https:\/\/www.voustensports.com\/fr\/john-miller-polo-noir-hyperstretch-a-manches-courtes-et-fermeture-eclair-42675\/#primaryimage\"},\"thumbnailUrl\":\"https:\/\/www.voustensports.com\/wp-content\/uploads\/2023\/06\/JOHN-MILLER-Hyperstretch-Polo-Shirt-Rits-Korte-Mouw-zwart-42675-1.jpg\",\"datePublished\":\"2026-02-19T15:13:41+00:00\",\"dateModified\":\"2026-04-02T13:39:14+00:00\",\"breadcrumb\":{\"@id\":\"https:\/\/www.voustensports.com\/fr\/john-miller-polo-noir-hyperstretch-a-manches-courtes-et-fermeture-eclair-42675\/#breadcrumb\"},\"inLanguage\":\"fr-FR\",\"potentialAction\":[{\"@type\":\"ReadAction\",\"target\":[\"https:\/\/www.voustensports.com\/fr\/john-miller-polo-noir-hyperstretch-a-manches-courtes-et-fermeture-eclair-42675\/\"]}]},{\"@type\":\"ImageObject\",\"inLanguage\":\"fr-FR\",\"@id\":\"https:\/\/www.voustensports.com\/fr\/john-miller-polo-noir-hyperstretch-a-manches-courtes-et-fermeture-eclair-42675\/#primaryimage\",\"url\":\"https:\/\/www.voustensports.com\/wp-content\/uploads\/2023\/06\/JOHN-MILLER-Hyperstretch-Polo-Shirt-Rits-Korte-Mouw-zwart-42675-1.jpg\",\"contentUrl\":\"https:\/\/www.voustensports.com\/wp-content\/uploads\/2023\/06\/JOHN-MILLER-Hyperstretch-Polo-Shirt-Rits-Korte-Mouw-zwart-42675-1.jpg\",\"width\":1363,\"height\":2048},{\"@type\":\"BreadcrumbList\",\"@id\":\"https:\/\/www.voustensports.com\/fr\/john-miller-polo-noir-hyperstretch-a-manches-courtes-et-fermeture-eclair-42675\/#breadcrumb\",\"itemListElement\":[{\"@type\":\"ListItem\",\"position\":1,\"name\":\"Home\",\"item\":\"https:\/\/www.voustensports.com\/fr\/\"},{\"@type\":\"ListItem\",\"position\":2,\"name\":\"Boutique\",\"item\":\"https:\/\/www.voustensports.com\/fr\/shop\/\"},{\"@type\":\"ListItem\",\"position\":3,\"name\":\"JOHN MILLER &#8211; Polo noir Hyperstretch \u00e0 manches courtes et fermeture \u00e9clair (42675)\"}]},{\"@type\":\"WebSite\",\"@id\":\"https:\/\/www.voustensports.com\/nl\/#website\",\"url\":\"https:\/\/www.voustensports.com\/nl\/\",\"name\":\"Vousten Sports\",\"description\":\"\",\"potentialAction\":[{\"@type\":\"SearchAction\",\"target\":{\"@type\":\"EntryPoint\",\"urlTemplate\":\"https:\/\/www.voustensports.com\/nl\/?s={search_term_string}\"},\"query-input\":{\"@type\":\"PropertyValueSpecification\",\"valueRequired\":true,\"valueName\":\"search_term_string\"}}],\"inLanguage\":\"fr-FR\"}]}<\/script>\n<!-- \/ Yoast SEO plugin. -->","yoast_head_json":{"title":"JOHN MILLER - Polo noir Hyperstretch \u00e0 manches courtes et fermeture \u00e9clair (42675) - Vousten Sports","robots":{"index":"index","follow":"follow","max-snippet":"max-snippet:-1","max-image-preview":"max-image-preview:large","max-video-preview":"max-video-preview:-1"},"canonical":"https:\/\/www.voustensports.com\/fr\/john-miller-polo-noir-hyperstretch-a-manches-courtes-et-fermeture-eclair-42675\/","og_locale":"fr_FR","og_type":"article","og_title":"JOHN MILLER - Polo noir Hyperstretch \u00e0 manches courtes et fermeture \u00e9clair (42675) - Vousten Sports","og_description":"Ce polo noir slim fit est confectionn\u00e9 dans un tissu hyperstretch et poss\u00e8de des manches courtes. Les polos slim fit John Miller sont coup\u00e9s pr\u00e8s du corps, mettant en valeur la silhouette. Le tissu hyperstretch offre un confort \u00e9l\u00e9gant. Cette maille italienne est un best-seller des collections John Miller depuis plusieurs saisons. Le polo est [...]","og_url":"https:\/\/www.voustensports.com\/fr\/john-miller-polo-noir-hyperstretch-a-manches-courtes-et-fermeture-eclair-42675\/","og_site_name":"Vousten Sports","article_modified_time":"2026-04-02T13:39:14+00:00","og_image":[{"width":809,"height":1216,"url":"https:\/\/www.voustensports.com\/wp-content\/uploads\/2023\/06\/JOHN-MILLER-Hyperstretch-Polo-Shirt-Rits-Korte-Mouw-zwart-42675-1.png","type":"image\/png"}],"twitter_card":"summary_large_image","twitter_misc":{"Est. reading time":"1 minute"},"schema":{"@context":"https:\/\/schema.org","@graph":[{"@type":"WebPage","@id":"https:\/\/www.voustensports.com\/fr\/john-miller-polo-noir-hyperstretch-a-manches-courtes-et-fermeture-eclair-42675\/","url":"https:\/\/www.voustensports.com\/fr\/john-miller-polo-noir-hyperstretch-a-manches-courtes-et-fermeture-eclair-42675\/","name":"JOHN MILLER - Polo noir Hyperstretch \u00e0 manches courtes et fermeture \u00e9clair (42675) - Vousten Sports","isPartOf":{"@id":"https:\/\/www.voustensports.com\/nl\/#website"},"primaryImageOfPage":{"@id":"https:\/\/www.voustensports.com\/fr\/john-miller-polo-noir-hyperstretch-a-manches-courtes-et-fermeture-eclair-42675\/#primaryimage"},"image":{"@id":"https:\/\/www.voustensports.com\/fr\/john-miller-polo-noir-hyperstretch-a-manches-courtes-et-fermeture-eclair-42675\/#primaryimage"},"thumbnailUrl":"https:\/\/www.voustensports.com\/wp-content\/uploads\/2023\/06\/JOHN-MILLER-Hyperstretch-Polo-Shirt-Rits-Korte-Mouw-zwart-42675-1.jpg","datePublished":"2026-02-19T15:13:41+00:00","dateModified":"2026-04-02T13:39:14+00:00","breadcrumb":{"@id":"https:\/\/www.voustensports.com\/fr\/john-miller-polo-noir-hyperstretch-a-manches-courtes-et-fermeture-eclair-42675\/#breadcrumb"},"inLanguage":"fr-FR","potentialAction":[{"@type":"ReadAction","target":["https:\/\/www.voustensports.com\/fr\/john-miller-polo-noir-hyperstretch-a-manches-courtes-et-fermeture-eclair-42675\/"]}]},{"@type":"ImageObject","inLanguage":"fr-FR","@id":"https:\/\/www.voustensports.com\/fr\/john-miller-polo-noir-hyperstretch-a-manches-courtes-et-fermeture-eclair-42675\/#primaryimage","url":"https:\/\/www.voustensports.com\/wp-content\/uploads\/2023\/06\/JOHN-MILLER-Hyperstretch-Polo-Shirt-Rits-Korte-Mouw-zwart-42675-1.jpg","contentUrl":"https:\/\/www.voustensports.com\/wp-content\/uploads\/2023\/06\/JOHN-MILLER-Hyperstretch-Polo-Shirt-Rits-Korte-Mouw-zwart-42675-1.jpg","width":1363,"height":2048},{"@type":"BreadcrumbList","@id":"https:\/\/www.voustensports.com\/fr\/john-miller-polo-noir-hyperstretch-a-manches-courtes-et-fermeture-eclair-42675\/#breadcrumb","itemListElement":[{"@type":"ListItem","position":1,"name":"Home","item":"https:\/\/www.voustensports.com\/fr\/"},{"@type":"ListItem","position":2,"name":"Boutique","item":"https:\/\/www.voustensports.com\/fr\/shop\/"},{"@type":"ListItem","position":3,"name":"JOHN MILLER &#8211; Polo noir Hyperstretch \u00e0 manches courtes et fermeture \u00e9clair (42675)"}]},{"@type":"WebSite","@id":"https:\/\/www.voustensports.com\/nl\/#website","url":"https:\/\/www.voustensports.com\/nl\/","name":"Vousten Sports","description":"","potentialAction":[{"@type":"SearchAction","target":{"@type":"EntryPoint","urlTemplate":"https:\/\/www.voustensports.com\/nl\/?s={search_term_string}"},"query-input":{"@type":"PropertyValueSpecification","valueRequired":true,"valueName":"search_term_string"}}],"inLanguage":"fr-FR"}]}},"_links":{"self":[{"href":"https:\/\/www.voustensports.com\/fr\/wp-json\/wp\/v2\/product\/223428","targetHints":{"allow":["GET"]}}],"collection":[{"href":"https:\/\/www.voustensports.com\/fr\/wp-json\/wp\/v2\/product"}],"about":[{"href":"https:\/\/www.voustensports.com\/fr\/wp-json\/wp\/v2\/types\/product"}],"replies":[{"embeddable":true,"href":"https:\/\/www.voustensports.com\/fr\/wp-json\/wp\/v2\/comments?post=223428"}],"wp:featuredmedia":[{"embeddable":true,"href":"https:\/\/www.voustensports.com\/fr\/wp-json\/wp\/v2\/media\/223660"}],"wp:attachment":[{"href":"https:\/\/www.voustensports.com\/fr\/wp-json\/wp\/v2\/media?parent=223428"}],"wp:term":[{"taxonomy":"product_cat","embeddable":true,"href":"https:\/\/www.voustensports.com\/fr\/wp-json\/wp\/v2\/product_cat?post=223428"},{"taxonomy":"product_tag","embeddable":true,"href":"https:\/\/www.voustensports.com\/fr\/wp-json\/wp\/v2\/product_tag?post=223428"}],"curies":[{"name":"wp","href":"https:\/\/api.w.org\/{rel}","templated":true}]}}