{"id":222808,"date":"2026-02-19T10:06:10","date_gmt":"2026-02-19T09:06:10","guid":{"rendered":"https:\/\/www.voustensports.com\/gran-sasso-polo-skipper-cotele-bleu-marine-42715\/"},"modified":"2026-04-20T07:48:09","modified_gmt":"2026-04-20T05:48:09","slug":"gran-sasso-polo-skipper-cotele-bleu-marine-42715","status":"publish","type":"product","link":"https:\/\/www.voustensports.com\/fr\/gran-sasso-polo-skipper-cotele-bleu-marine-42715\/","title":{"rendered":"Gran Sasso &#8211; Polo Skipper c\u00f4tel\u00e9 bleu marine (42715)"},"content":{"rendered":"<p>Polo Skipper c\u00f4tel\u00e9 en maille de coton biologique double fil. Le coton et le proc\u00e9d\u00e9 de teinture sont certifi\u00e9s GOTS (Global Organic Textile Standard). Cultiv\u00e9 sans pesticides ni substances toxiques, le coton biologique respecte les personnes et pr\u00e9serve l&rsquo;environnement pour un d\u00e9veloppement durable. Coupe classique. Fabriqu\u00e9 en Italie.<\/p>\n<ul>\n<li>100 % COTON<\/li>\n<\/ul>\n","protected":false},"excerpt":{"rendered":"<p>Polo Skipper c\u00f4tel\u00e9 en maille de coton biologique double fil. Le coton et le proc\u00e9d\u00e9 de teinture sont certifi\u00e9s GOTS (Global Organic Textile Standard). Cultiv\u00e9 sans pesticides ni substances toxiques, le coton biologique respecte les personnes et pr\u00e9serve l&rsquo;environnement pour un d\u00e9veloppement durable. Coupe classique. Fabriqu\u00e9 en Italie. 100 % COTON<\/p>\n","protected":false},"featured_media":222792,"comment_status":"open","ping_status":"closed","template":"","meta":{"rank_math_lock_modified_date":false},"product_cat":[478,924,446,450,462],"product_tag":[],"class_list":{"0":"post-222808","1":"product","2":"type-product","3":"status-publish","4":"has-post-thumbnail","6":"product_cat-polos-fr-2","7":"product_cat-gran-sasso-fr","8":"product_cat-kleding-fr","9":"product_cat-heren-fr","10":"product_cat-vousten-sports-fr-2","12":"first","13":"instock","14":"taxable","15":"shipping-taxable","16":"purchasable","17":"product-type-variable"},"acf":[],"yoast_head":"<!-- This site is optimized with the Yoast SEO plugin v23.9 - https:\/\/yoast.com\/wordpress\/plugins\/seo\/ -->\n<title>Gran Sasso - Polo Skipper c\u00f4tel\u00e9 bleu marine (42715) - Vousten Sports<\/title>\n<meta name=\"robots\" content=\"index, follow, max-snippet:-1, max-image-preview:large, max-video-preview:-1\" \/>\n<link rel=\"canonical\" href=\"https:\/\/www.voustensports.com\/fr\/gran-sasso-polo-skipper-cotele-bleu-marine-42715\/\" \/>\n<meta property=\"og:locale\" content=\"fr_FR\" \/>\n<meta property=\"og:type\" content=\"article\" \/>\n<meta property=\"og:title\" content=\"Gran Sasso - Polo Skipper c\u00f4tel\u00e9 bleu marine (42715) - Vousten Sports\" \/>\n<meta property=\"og:description\" content=\"Polo Skipper c\u00f4tel\u00e9 en maille de coton biologique double fil. Le coton et le proc\u00e9d\u00e9 de teinture sont certifi\u00e9s GOTS (Global Organic Textile Standard). Cultiv\u00e9 sans pesticides ni substances toxiques, le coton biologique respecte les personnes et pr\u00e9serve l&rsquo;environnement pour un d\u00e9veloppement durable. Coupe classique. Fabriqu\u00e9 en Italie. 100 % COTON\" \/>\n<meta property=\"og:url\" content=\"https:\/\/www.voustensports.com\/fr\/gran-sasso-polo-skipper-cotele-bleu-marine-42715\/\" \/>\n<meta property=\"og:site_name\" content=\"Vousten Sports\" \/>\n<meta property=\"article:modified_time\" content=\"2026-04-20T05:48:09+00:00\" \/>\n<meta property=\"og:image\" content=\"https:\/\/www.voustensports.com\/wp-content\/uploads\/2023\/06\/Gran-Sasso-Ribbed-skipper-knit-polo-Navy-42715-1.jpg\" \/>\n\t<meta property=\"og:image:width\" content=\"1365\" \/>\n\t<meta property=\"og:image:height\" content=\"2048\" \/>\n\t<meta property=\"og:image:type\" content=\"image\/jpeg\" \/>\n<meta name=\"twitter:card\" content=\"summary_large_image\" \/>\n<script type=\"application\/ld+json\" class=\"yoast-schema-graph\">{\"@context\":\"https:\/\/schema.org\",\"@graph\":[{\"@type\":\"WebPage\",\"@id\":\"https:\/\/www.voustensports.com\/fr\/gran-sasso-polo-skipper-cotele-bleu-marine-42715\/\",\"url\":\"https:\/\/www.voustensports.com\/fr\/gran-sasso-polo-skipper-cotele-bleu-marine-42715\/\",\"name\":\"Gran Sasso - Polo Skipper c\u00f4tel\u00e9 bleu marine (42715) - Vousten Sports\",\"isPartOf\":{\"@id\":\"https:\/\/www.voustensports.com\/nl\/#website\"},\"primaryImageOfPage\":{\"@id\":\"https:\/\/www.voustensports.com\/fr\/gran-sasso-polo-skipper-cotele-bleu-marine-42715\/#primaryimage\"},\"image\":{\"@id\":\"https:\/\/www.voustensports.com\/fr\/gran-sasso-polo-skipper-cotele-bleu-marine-42715\/#primaryimage\"},\"thumbnailUrl\":\"https:\/\/www.voustensports.com\/wp-content\/uploads\/2023\/06\/Gran-Sasso-Ribbed-skipper-knit-polo-Navy-42715-1.jpg\",\"datePublished\":\"2026-02-19T09:06:10+00:00\",\"dateModified\":\"2026-04-20T05:48:09+00:00\",\"breadcrumb\":{\"@id\":\"https:\/\/www.voustensports.com\/fr\/gran-sasso-polo-skipper-cotele-bleu-marine-42715\/#breadcrumb\"},\"inLanguage\":\"fr-FR\",\"potentialAction\":[{\"@type\":\"ReadAction\",\"target\":[\"https:\/\/www.voustensports.com\/fr\/gran-sasso-polo-skipper-cotele-bleu-marine-42715\/\"]}]},{\"@type\":\"ImageObject\",\"inLanguage\":\"fr-FR\",\"@id\":\"https:\/\/www.voustensports.com\/fr\/gran-sasso-polo-skipper-cotele-bleu-marine-42715\/#primaryimage\",\"url\":\"https:\/\/www.voustensports.com\/wp-content\/uploads\/2023\/06\/Gran-Sasso-Ribbed-skipper-knit-polo-Navy-42715-1.jpg\",\"contentUrl\":\"https:\/\/www.voustensports.com\/wp-content\/uploads\/2023\/06\/Gran-Sasso-Ribbed-skipper-knit-polo-Navy-42715-1.jpg\",\"width\":1365,\"height\":2048},{\"@type\":\"BreadcrumbList\",\"@id\":\"https:\/\/www.voustensports.com\/fr\/gran-sasso-polo-skipper-cotele-bleu-marine-42715\/#breadcrumb\",\"itemListElement\":[{\"@type\":\"ListItem\",\"position\":1,\"name\":\"Home\",\"item\":\"https:\/\/www.voustensports.com\/fr\/\"},{\"@type\":\"ListItem\",\"position\":2,\"name\":\"Boutique\",\"item\":\"https:\/\/www.voustensports.com\/fr\/shop\/\"},{\"@type\":\"ListItem\",\"position\":3,\"name\":\"Gran Sasso &#8211; Polo Skipper c\u00f4tel\u00e9 bleu marine (42715)\"}]},{\"@type\":\"WebSite\",\"@id\":\"https:\/\/www.voustensports.com\/nl\/#website\",\"url\":\"https:\/\/www.voustensports.com\/nl\/\",\"name\":\"Vousten Sports\",\"description\":\"\",\"potentialAction\":[{\"@type\":\"SearchAction\",\"target\":{\"@type\":\"EntryPoint\",\"urlTemplate\":\"https:\/\/www.voustensports.com\/nl\/?s={search_term_string}\"},\"query-input\":{\"@type\":\"PropertyValueSpecification\",\"valueRequired\":true,\"valueName\":\"search_term_string\"}}],\"inLanguage\":\"fr-FR\"}]}<\/script>\n<!-- \/ Yoast SEO plugin. -->","yoast_head_json":{"title":"Gran Sasso - Polo Skipper c\u00f4tel\u00e9 bleu marine (42715) - Vousten Sports","robots":{"index":"index","follow":"follow","max-snippet":"max-snippet:-1","max-image-preview":"max-image-preview:large","max-video-preview":"max-video-preview:-1"},"canonical":"https:\/\/www.voustensports.com\/fr\/gran-sasso-polo-skipper-cotele-bleu-marine-42715\/","og_locale":"fr_FR","og_type":"article","og_title":"Gran Sasso - Polo Skipper c\u00f4tel\u00e9 bleu marine (42715) - Vousten Sports","og_description":"Polo Skipper c\u00f4tel\u00e9 en maille de coton biologique double fil. Le coton et le proc\u00e9d\u00e9 de teinture sont certifi\u00e9s GOTS (Global Organic Textile Standard). Cultiv\u00e9 sans pesticides ni substances toxiques, le coton biologique respecte les personnes et pr\u00e9serve l&rsquo;environnement pour un d\u00e9veloppement durable. Coupe classique. Fabriqu\u00e9 en Italie. 100 % COTON","og_url":"https:\/\/www.voustensports.com\/fr\/gran-sasso-polo-skipper-cotele-bleu-marine-42715\/","og_site_name":"Vousten Sports","article_modified_time":"2026-04-20T05:48:09+00:00","og_image":[{"width":1365,"height":2048,"url":"https:\/\/www.voustensports.com\/wp-content\/uploads\/2023\/06\/Gran-Sasso-Ribbed-skipper-knit-polo-Navy-42715-1.jpg","type":"image\/jpeg"}],"twitter_card":"summary_large_image","schema":{"@context":"https:\/\/schema.org","@graph":[{"@type":"WebPage","@id":"https:\/\/www.voustensports.com\/fr\/gran-sasso-polo-skipper-cotele-bleu-marine-42715\/","url":"https:\/\/www.voustensports.com\/fr\/gran-sasso-polo-skipper-cotele-bleu-marine-42715\/","name":"Gran Sasso - Polo Skipper c\u00f4tel\u00e9 bleu marine (42715) - Vousten Sports","isPartOf":{"@id":"https:\/\/www.voustensports.com\/nl\/#website"},"primaryImageOfPage":{"@id":"https:\/\/www.voustensports.com\/fr\/gran-sasso-polo-skipper-cotele-bleu-marine-42715\/#primaryimage"},"image":{"@id":"https:\/\/www.voustensports.com\/fr\/gran-sasso-polo-skipper-cotele-bleu-marine-42715\/#primaryimage"},"thumbnailUrl":"https:\/\/www.voustensports.com\/wp-content\/uploads\/2023\/06\/Gran-Sasso-Ribbed-skipper-knit-polo-Navy-42715-1.jpg","datePublished":"2026-02-19T09:06:10+00:00","dateModified":"2026-04-20T05:48:09+00:00","breadcrumb":{"@id":"https:\/\/www.voustensports.com\/fr\/gran-sasso-polo-skipper-cotele-bleu-marine-42715\/#breadcrumb"},"inLanguage":"fr-FR","potentialAction":[{"@type":"ReadAction","target":["https:\/\/www.voustensports.com\/fr\/gran-sasso-polo-skipper-cotele-bleu-marine-42715\/"]}]},{"@type":"ImageObject","inLanguage":"fr-FR","@id":"https:\/\/www.voustensports.com\/fr\/gran-sasso-polo-skipper-cotele-bleu-marine-42715\/#primaryimage","url":"https:\/\/www.voustensports.com\/wp-content\/uploads\/2023\/06\/Gran-Sasso-Ribbed-skipper-knit-polo-Navy-42715-1.jpg","contentUrl":"https:\/\/www.voustensports.com\/wp-content\/uploads\/2023\/06\/Gran-Sasso-Ribbed-skipper-knit-polo-Navy-42715-1.jpg","width":1365,"height":2048},{"@type":"BreadcrumbList","@id":"https:\/\/www.voustensports.com\/fr\/gran-sasso-polo-skipper-cotele-bleu-marine-42715\/#breadcrumb","itemListElement":[{"@type":"ListItem","position":1,"name":"Home","item":"https:\/\/www.voustensports.com\/fr\/"},{"@type":"ListItem","position":2,"name":"Boutique","item":"https:\/\/www.voustensports.com\/fr\/shop\/"},{"@type":"ListItem","position":3,"name":"Gran Sasso &#8211; Polo Skipper c\u00f4tel\u00e9 bleu marine (42715)"}]},{"@type":"WebSite","@id":"https:\/\/www.voustensports.com\/nl\/#website","url":"https:\/\/www.voustensports.com\/nl\/","name":"Vousten Sports","description":"","potentialAction":[{"@type":"SearchAction","target":{"@type":"EntryPoint","urlTemplate":"https:\/\/www.voustensports.com\/nl\/?s={search_term_string}"},"query-input":{"@type":"PropertyValueSpecification","valueRequired":true,"valueName":"search_term_string"}}],"inLanguage":"fr-FR"}]}},"_links":{"self":[{"href":"https:\/\/www.voustensports.com\/fr\/wp-json\/wp\/v2\/product\/222808","targetHints":{"allow":["GET"]}}],"collection":[{"href":"https:\/\/www.voustensports.com\/fr\/wp-json\/wp\/v2\/product"}],"about":[{"href":"https:\/\/www.voustensports.com\/fr\/wp-json\/wp\/v2\/types\/product"}],"replies":[{"embeddable":true,"href":"https:\/\/www.voustensports.com\/fr\/wp-json\/wp\/v2\/comments?post=222808"}],"wp:featuredmedia":[{"embeddable":true,"href":"https:\/\/www.voustensports.com\/fr\/wp-json\/wp\/v2\/media\/222792"}],"wp:attachment":[{"href":"https:\/\/www.voustensports.com\/fr\/wp-json\/wp\/v2\/media?parent=222808"}],"wp:term":[{"taxonomy":"product_cat","embeddable":true,"href":"https:\/\/www.voustensports.com\/fr\/wp-json\/wp\/v2\/product_cat?post=222808"},{"taxonomy":"product_tag","embeddable":true,"href":"https:\/\/www.voustensports.com\/fr\/wp-json\/wp\/v2\/product_tag?post=222808"}],"curies":[{"name":"wp","href":"https:\/\/api.w.org\/{rel}","templated":true}]}}