{"id":222764,"date":"2026-02-19T07:30:24","date_gmt":"2026-02-19T06:30:24","guid":{"rendered":"https:\/\/www.voustensports.com\/genti-polo-vert-gris-42632\/"},"modified":"2026-02-19T09:51:12","modified_gmt":"2026-02-19T08:51:12","slug":"genti-polo-vert-gris-42632","status":"publish","type":"product","link":"https:\/\/www.voustensports.com\/fr\/genti-polo-vert-gris-42632\/","title":{"rendered":"GENTI &#8211; Polo vert \/ gris (42632)"},"content":{"rendered":"<div>Ce polo Genti allie un style moderne et \u00e9l\u00e9gant \u00e0 un confort optimal. Son tissu Cool Dry offre une sensation de l\u00e9g\u00e8ret\u00e9 et de respirabilit\u00e9, id\u00e9ale au quotidien. Gr\u00e2ce \u00e0 ses finitions impeccables et son allure intemporelle, il s&rsquo;int\u00e8gre parfaitement \u00e0 une garde-robe urbaine et contemporaine.<\/div>\n<ul>\n<li>Composition : 65 % viscose, 35 % nylon<\/li>\n<li>Couleur : Vert\/Gris<\/li>\n<li>Coupe : Coupe classique<\/li>\n<li>Motif : Uni<\/li>\n<li>Fermeture : Boutons<\/li>\n<li>D\u00e9tails : Tissu Cool Dry, col et poignets c\u00f4tel\u00e9s<\/li>\n<li>Un \u00e9quilibre parfait entre fonctionnalit\u00e9 et style. Ce polo offre confort, ventilation et une allure \u00e9l\u00e9gante.<\/li>\n<\/ul>\n<div>Le tissu Cool Dry \u00e9vacue efficacement l&rsquo;humidit\u00e9 et procure une sensation de fra\u00eecheur sur la peau. L&rsquo;ajout de nylon renforce sa durabilit\u00e9 et lui permet de conserver sa forme, m\u00eame apr\u00e8s un usage intensif.<\/div>\n","protected":false},"excerpt":{"rendered":"<p>Ce polo Genti allie un style moderne et \u00e9l\u00e9gant \u00e0 un confort optimal. Son tissu Cool Dry offre une sensation de l\u00e9g\u00e8ret\u00e9 et de respirabilit\u00e9, id\u00e9ale au quotidien. Gr\u00e2ce \u00e0 ses finitions impeccables et son allure intemporelle, il s&rsquo;int\u00e8gre parfaitement \u00e0 une garde-robe urbaine et contemporaine. Composition : 65 % viscose, 35 % nylon Couleur [&#8230;]\n","protected":false},"featured_media":222752,"comment_status":"open","ping_status":"closed","template":"","meta":{"rank_math_lock_modified_date":false},"product_cat":[446,450,462,478,710],"product_tag":[],"class_list":{"0":"post-222764","1":"product","2":"type-product","3":"status-publish","4":"has-post-thumbnail","6":"product_cat-kleding-fr","7":"product_cat-heren-fr","8":"product_cat-vousten-sports-fr-2","9":"product_cat-polos-fr-2","10":"product_cat-genti-fr","12":"first","13":"instock","14":"taxable","15":"shipping-taxable","16":"purchasable","17":"product-type-variable"},"acf":[],"yoast_head":"<!-- This site is optimized with the Yoast SEO plugin v23.9 - https:\/\/yoast.com\/wordpress\/plugins\/seo\/ -->\n<title>GENTI - Polo vert \/ gris (42632) - Vousten Sports<\/title>\n<meta name=\"robots\" content=\"index, follow, max-snippet:-1, max-image-preview:large, max-video-preview:-1\" \/>\n<link rel=\"canonical\" href=\"https:\/\/www.voustensports.com\/fr\/genti-polo-vert-gris-42632\/\" \/>\n<meta property=\"og:locale\" content=\"fr_FR\" \/>\n<meta property=\"og:type\" content=\"article\" \/>\n<meta property=\"og:title\" content=\"GENTI - Polo vert \/ gris (42632) - Vousten Sports\" \/>\n<meta property=\"og:description\" content=\"Ce polo Genti allie un style moderne et \u00e9l\u00e9gant \u00e0 un confort optimal. Son tissu Cool Dry offre une sensation de l\u00e9g\u00e8ret\u00e9 et de respirabilit\u00e9, id\u00e9ale au quotidien. Gr\u00e2ce \u00e0 ses finitions impeccables et son allure intemporelle, il s&rsquo;int\u00e8gre parfaitement \u00e0 une garde-robe urbaine et contemporaine. Composition : 65 % viscose, 35 % nylon Couleur [...]\" \/>\n<meta property=\"og:url\" content=\"https:\/\/www.voustensports.com\/fr\/genti-polo-vert-gris-42632\/\" \/>\n<meta property=\"og:site_name\" content=\"Vousten Sports\" \/>\n<meta property=\"article:modified_time\" content=\"2026-02-19T08:51:12+00:00\" \/>\n<meta property=\"og:image\" content=\"https:\/\/www.voustensports.com\/wp-content\/uploads\/2023\/06\/Polo-groen-grijs-426321.png\" \/>\n\t<meta property=\"og:image:width\" content=\"1365\" \/>\n\t<meta property=\"og:image:height\" content=\"2048\" \/>\n\t<meta property=\"og:image:type\" content=\"image\/png\" \/>\n<meta name=\"twitter:card\" content=\"summary_large_image\" \/>\n<meta name=\"twitter:label1\" content=\"Est. reading time\" \/>\n\t<meta name=\"twitter:data1\" content=\"1 minute\" \/>\n<script type=\"application\/ld+json\" class=\"yoast-schema-graph\">{\"@context\":\"https:\/\/schema.org\",\"@graph\":[{\"@type\":\"WebPage\",\"@id\":\"https:\/\/www.voustensports.com\/fr\/genti-polo-vert-gris-42632\/\",\"url\":\"https:\/\/www.voustensports.com\/fr\/genti-polo-vert-gris-42632\/\",\"name\":\"GENTI - Polo vert \/ gris (42632) - Vousten Sports\",\"isPartOf\":{\"@id\":\"https:\/\/www.voustensports.com\/nl\/#website\"},\"primaryImageOfPage\":{\"@id\":\"https:\/\/www.voustensports.com\/fr\/genti-polo-vert-gris-42632\/#primaryimage\"},\"image\":{\"@id\":\"https:\/\/www.voustensports.com\/fr\/genti-polo-vert-gris-42632\/#primaryimage\"},\"thumbnailUrl\":\"https:\/\/www.voustensports.com\/wp-content\/uploads\/2023\/06\/Polo-groen-grijs-426321.png\",\"datePublished\":\"2026-02-19T06:30:24+00:00\",\"dateModified\":\"2026-02-19T08:51:12+00:00\",\"breadcrumb\":{\"@id\":\"https:\/\/www.voustensports.com\/fr\/genti-polo-vert-gris-42632\/#breadcrumb\"},\"inLanguage\":\"fr-FR\",\"potentialAction\":[{\"@type\":\"ReadAction\",\"target\":[\"https:\/\/www.voustensports.com\/fr\/genti-polo-vert-gris-42632\/\"]}]},{\"@type\":\"ImageObject\",\"inLanguage\":\"fr-FR\",\"@id\":\"https:\/\/www.voustensports.com\/fr\/genti-polo-vert-gris-42632\/#primaryimage\",\"url\":\"https:\/\/www.voustensports.com\/wp-content\/uploads\/2023\/06\/Polo-groen-grijs-426321.png\",\"contentUrl\":\"https:\/\/www.voustensports.com\/wp-content\/uploads\/2023\/06\/Polo-groen-grijs-426321.png\",\"width\":1365,\"height\":2048},{\"@type\":\"BreadcrumbList\",\"@id\":\"https:\/\/www.voustensports.com\/fr\/genti-polo-vert-gris-42632\/#breadcrumb\",\"itemListElement\":[{\"@type\":\"ListItem\",\"position\":1,\"name\":\"Home\",\"item\":\"https:\/\/www.voustensports.com\/fr\/\"},{\"@type\":\"ListItem\",\"position\":2,\"name\":\"Boutique\",\"item\":\"https:\/\/www.voustensports.com\/fr\/shop\/\"},{\"@type\":\"ListItem\",\"position\":3,\"name\":\"GENTI &#8211; Polo vert \/ gris (42632)\"}]},{\"@type\":\"WebSite\",\"@id\":\"https:\/\/www.voustensports.com\/nl\/#website\",\"url\":\"https:\/\/www.voustensports.com\/nl\/\",\"name\":\"Vousten Sports\",\"description\":\"\",\"potentialAction\":[{\"@type\":\"SearchAction\",\"target\":{\"@type\":\"EntryPoint\",\"urlTemplate\":\"https:\/\/www.voustensports.com\/nl\/?s={search_term_string}\"},\"query-input\":{\"@type\":\"PropertyValueSpecification\",\"valueRequired\":true,\"valueName\":\"search_term_string\"}}],\"inLanguage\":\"fr-FR\"}]}<\/script>\n<!-- \/ Yoast SEO plugin. -->","yoast_head_json":{"title":"GENTI - Polo vert \/ gris (42632) - Vousten Sports","robots":{"index":"index","follow":"follow","max-snippet":"max-snippet:-1","max-image-preview":"max-image-preview:large","max-video-preview":"max-video-preview:-1"},"canonical":"https:\/\/www.voustensports.com\/fr\/genti-polo-vert-gris-42632\/","og_locale":"fr_FR","og_type":"article","og_title":"GENTI - Polo vert \/ gris (42632) - Vousten Sports","og_description":"Ce polo Genti allie un style moderne et \u00e9l\u00e9gant \u00e0 un confort optimal. Son tissu Cool Dry offre une sensation de l\u00e9g\u00e8ret\u00e9 et de respirabilit\u00e9, id\u00e9ale au quotidien. Gr\u00e2ce \u00e0 ses finitions impeccables et son allure intemporelle, il s&rsquo;int\u00e8gre parfaitement \u00e0 une garde-robe urbaine et contemporaine. Composition : 65 % viscose, 35 % nylon Couleur [...]","og_url":"https:\/\/www.voustensports.com\/fr\/genti-polo-vert-gris-42632\/","og_site_name":"Vousten Sports","article_modified_time":"2026-02-19T08:51:12+00:00","og_image":[{"width":1365,"height":2048,"url":"https:\/\/www.voustensports.com\/wp-content\/uploads\/2023\/06\/Polo-groen-grijs-426321.png","type":"image\/png"}],"twitter_card":"summary_large_image","twitter_misc":{"Est. reading time":"1 minute"},"schema":{"@context":"https:\/\/schema.org","@graph":[{"@type":"WebPage","@id":"https:\/\/www.voustensports.com\/fr\/genti-polo-vert-gris-42632\/","url":"https:\/\/www.voustensports.com\/fr\/genti-polo-vert-gris-42632\/","name":"GENTI - Polo vert \/ gris (42632) - Vousten Sports","isPartOf":{"@id":"https:\/\/www.voustensports.com\/nl\/#website"},"primaryImageOfPage":{"@id":"https:\/\/www.voustensports.com\/fr\/genti-polo-vert-gris-42632\/#primaryimage"},"image":{"@id":"https:\/\/www.voustensports.com\/fr\/genti-polo-vert-gris-42632\/#primaryimage"},"thumbnailUrl":"https:\/\/www.voustensports.com\/wp-content\/uploads\/2023\/06\/Polo-groen-grijs-426321.png","datePublished":"2026-02-19T06:30:24+00:00","dateModified":"2026-02-19T08:51:12+00:00","breadcrumb":{"@id":"https:\/\/www.voustensports.com\/fr\/genti-polo-vert-gris-42632\/#breadcrumb"},"inLanguage":"fr-FR","potentialAction":[{"@type":"ReadAction","target":["https:\/\/www.voustensports.com\/fr\/genti-polo-vert-gris-42632\/"]}]},{"@type":"ImageObject","inLanguage":"fr-FR","@id":"https:\/\/www.voustensports.com\/fr\/genti-polo-vert-gris-42632\/#primaryimage","url":"https:\/\/www.voustensports.com\/wp-content\/uploads\/2023\/06\/Polo-groen-grijs-426321.png","contentUrl":"https:\/\/www.voustensports.com\/wp-content\/uploads\/2023\/06\/Polo-groen-grijs-426321.png","width":1365,"height":2048},{"@type":"BreadcrumbList","@id":"https:\/\/www.voustensports.com\/fr\/genti-polo-vert-gris-42632\/#breadcrumb","itemListElement":[{"@type":"ListItem","position":1,"name":"Home","item":"https:\/\/www.voustensports.com\/fr\/"},{"@type":"ListItem","position":2,"name":"Boutique","item":"https:\/\/www.voustensports.com\/fr\/shop\/"},{"@type":"ListItem","position":3,"name":"GENTI &#8211; Polo vert \/ gris (42632)"}]},{"@type":"WebSite","@id":"https:\/\/www.voustensports.com\/nl\/#website","url":"https:\/\/www.voustensports.com\/nl\/","name":"Vousten Sports","description":"","potentialAction":[{"@type":"SearchAction","target":{"@type":"EntryPoint","urlTemplate":"https:\/\/www.voustensports.com\/nl\/?s={search_term_string}"},"query-input":{"@type":"PropertyValueSpecification","valueRequired":true,"valueName":"search_term_string"}}],"inLanguage":"fr-FR"}]}},"_links":{"self":[{"href":"https:\/\/www.voustensports.com\/fr\/wp-json\/wp\/v2\/product\/222764","targetHints":{"allow":["GET"]}}],"collection":[{"href":"https:\/\/www.voustensports.com\/fr\/wp-json\/wp\/v2\/product"}],"about":[{"href":"https:\/\/www.voustensports.com\/fr\/wp-json\/wp\/v2\/types\/product"}],"replies":[{"embeddable":true,"href":"https:\/\/www.voustensports.com\/fr\/wp-json\/wp\/v2\/comments?post=222764"}],"wp:featuredmedia":[{"embeddable":true,"href":"https:\/\/www.voustensports.com\/fr\/wp-json\/wp\/v2\/media\/222752"}],"wp:attachment":[{"href":"https:\/\/www.voustensports.com\/fr\/wp-json\/wp\/v2\/media?parent=222764"}],"wp:term":[{"taxonomy":"product_cat","embeddable":true,"href":"https:\/\/www.voustensports.com\/fr\/wp-json\/wp\/v2\/product_cat?post=222764"},{"taxonomy":"product_tag","embeddable":true,"href":"https:\/\/www.voustensports.com\/fr\/wp-json\/wp\/v2\/product_tag?post=222764"}],"curies":[{"name":"wp","href":"https:\/\/api.w.org\/{rel}","templated":true}]}}