{"id":222548,"date":"2026-02-18T20:27:26","date_gmt":"2026-02-18T19:27:26","guid":{"rendered":"https:\/\/www.voustensports.com\/genti-short-stretch-gris-fonce-42635\/"},"modified":"2026-02-25T16:45:09","modified_gmt":"2026-02-25T15:45:09","slug":"genti-short-stretch-gris-fonce-42635","status":"publish","type":"product","link":"https:\/\/www.voustensports.com\/fr\/genti-short-stretch-gris-fonce-42635\/","title":{"rendered":"GENTI &#8211; Short stretch gris fonc\u00e9 (42635)"},"content":{"rendered":"<div>Ce short Genti offre un style \u00e9pur\u00e9 et moderne. Confectionn\u00e9 en coton stretch confortable, il est dot\u00e9 d&rsquo;un tissu doux et d&rsquo;une taille \u00e9lastiqu\u00e9e avec cordon de serrage pour un confort optimal. Un indispensable contemporain pour des journ\u00e9es d\u00e9contract\u00e9es et \u00e9l\u00e9gantes.<\/div>\n<ul>\n<li>Composition : 96 % coton, 4 % \u00e9lasthanne<\/li>\n<li>Couleur : Gris fonc\u00e9<\/li>\n<li>Coupe : Coupe classique<\/li>\n<li>Motif : Uni<\/li>\n<li>Fermeture : Cordon de serrage<\/li>\n<li>D\u00e9tails : Taille \u00e9lastiqu\u00e9e, logo discret<\/li>\n<li>Confortable, l\u00e9ger et polyvalent, ce short est con\u00e7u pour un usage quotidien et offre une grande libert\u00e9 de mouvement.<\/li>\n<\/ul>\n<div>Le m\u00e9lange de coton stretch est doux et fluide. Gr\u00e2ce \u00e0 l&rsquo;\u00e9lasthanne, le short conserve sa forme et reste confortable m\u00eame apr\u00e8s plusieurs utilisations.<\/div>\n","protected":false},"excerpt":{"rendered":"<p>Ce short Genti offre un style \u00e9pur\u00e9 et moderne. Confectionn\u00e9 en coton stretch confortable, il est dot\u00e9 d&rsquo;un tissu doux et d&rsquo;une taille \u00e9lastiqu\u00e9e avec cordon de serrage pour un confort optimal. Un indispensable contemporain pour des journ\u00e9es d\u00e9contract\u00e9es et \u00e9l\u00e9gantes. Composition : 96 % coton, 4 % \u00e9lasthanne Couleur : Gris fonc\u00e9 Coupe : [&#8230;]\n","protected":false},"featured_media":222532,"comment_status":"open","ping_status":"closed","template":"","meta":{"rank_math_lock_modified_date":false},"product_cat":[446,450,458,462,466,710,786],"product_tag":[],"class_list":{"0":"post-222548","1":"product","2":"type-product","3":"status-publish","4":"has-post-thumbnail","6":"product_cat-kleding-fr","7":"product_cat-heren-fr","8":"product_cat-shorts-fr-2","9":"product_cat-vousten-sports-fr-2","10":"product_cat-broeken-fr","11":"product_cat-genti-fr","12":"product_cat-broek-fr","14":"first","15":"instock","16":"taxable","17":"shipping-taxable","18":"purchasable","19":"product-type-variable"},"acf":[],"yoast_head":"<!-- This site is optimized with the Yoast SEO plugin v23.9 - https:\/\/yoast.com\/wordpress\/plugins\/seo\/ -->\n<title>GENTI - Short stretch gris fonc\u00e9 (42635) - Vousten Sports<\/title>\n<meta name=\"robots\" content=\"index, follow, max-snippet:-1, max-image-preview:large, max-video-preview:-1\" \/>\n<link rel=\"canonical\" href=\"https:\/\/www.voustensports.com\/fr\/genti-short-stretch-gris-fonce-42635\/\" \/>\n<meta property=\"og:locale\" content=\"fr_FR\" \/>\n<meta property=\"og:type\" content=\"article\" \/>\n<meta property=\"og:title\" content=\"GENTI - Short stretch gris fonc\u00e9 (42635) - Vousten Sports\" \/>\n<meta property=\"og:description\" content=\"Ce short Genti offre un style \u00e9pur\u00e9 et moderne. Confectionn\u00e9 en coton stretch confortable, il est dot\u00e9 d&rsquo;un tissu doux et d&rsquo;une taille \u00e9lastiqu\u00e9e avec cordon de serrage pour un confort optimal. Un indispensable contemporain pour des journ\u00e9es d\u00e9contract\u00e9es et \u00e9l\u00e9gantes. Composition : 96 % coton, 4 % \u00e9lasthanne Couleur : Gris fonc\u00e9 Coupe : [...]\" \/>\n<meta property=\"og:url\" content=\"https:\/\/www.voustensports.com\/fr\/genti-short-stretch-gris-fonce-42635\/\" \/>\n<meta property=\"og:site_name\" content=\"Vousten Sports\" \/>\n<meta property=\"article:modified_time\" content=\"2026-02-25T15:45:09+00:00\" \/>\n<meta property=\"og:image\" content=\"https:\/\/www.voustensports.com\/wp-content\/uploads\/2023\/06\/Stretch-Korte-Broek-donkergrijs-426351.png\" \/>\n\t<meta property=\"og:image:width\" content=\"1536\" \/>\n\t<meta property=\"og:image:height\" content=\"2048\" \/>\n\t<meta property=\"og:image:type\" content=\"image\/png\" \/>\n<meta name=\"twitter:card\" content=\"summary_large_image\" \/>\n<meta name=\"twitter:label1\" content=\"Est. reading time\" \/>\n\t<meta name=\"twitter:data1\" content=\"1 minute\" \/>\n<script type=\"application\/ld+json\" class=\"yoast-schema-graph\">{\"@context\":\"https:\/\/schema.org\",\"@graph\":[{\"@type\":\"WebPage\",\"@id\":\"https:\/\/www.voustensports.com\/fr\/genti-short-stretch-gris-fonce-42635\/\",\"url\":\"https:\/\/www.voustensports.com\/fr\/genti-short-stretch-gris-fonce-42635\/\",\"name\":\"GENTI - Short stretch gris fonc\u00e9 (42635) - Vousten Sports\",\"isPartOf\":{\"@id\":\"https:\/\/www.voustensports.com\/nl\/#website\"},\"primaryImageOfPage\":{\"@id\":\"https:\/\/www.voustensports.com\/fr\/genti-short-stretch-gris-fonce-42635\/#primaryimage\"},\"image\":{\"@id\":\"https:\/\/www.voustensports.com\/fr\/genti-short-stretch-gris-fonce-42635\/#primaryimage\"},\"thumbnailUrl\":\"https:\/\/www.voustensports.com\/wp-content\/uploads\/2023\/06\/Stretch-Korte-Broek-donkergrijs-426351.png\",\"datePublished\":\"2026-02-18T19:27:26+00:00\",\"dateModified\":\"2026-02-25T15:45:09+00:00\",\"breadcrumb\":{\"@id\":\"https:\/\/www.voustensports.com\/fr\/genti-short-stretch-gris-fonce-42635\/#breadcrumb\"},\"inLanguage\":\"fr-FR\",\"potentialAction\":[{\"@type\":\"ReadAction\",\"target\":[\"https:\/\/www.voustensports.com\/fr\/genti-short-stretch-gris-fonce-42635\/\"]}]},{\"@type\":\"ImageObject\",\"inLanguage\":\"fr-FR\",\"@id\":\"https:\/\/www.voustensports.com\/fr\/genti-short-stretch-gris-fonce-42635\/#primaryimage\",\"url\":\"https:\/\/www.voustensports.com\/wp-content\/uploads\/2023\/06\/Stretch-Korte-Broek-donkergrijs-426351.png\",\"contentUrl\":\"https:\/\/www.voustensports.com\/wp-content\/uploads\/2023\/06\/Stretch-Korte-Broek-donkergrijs-426351.png\",\"width\":1536,\"height\":2048},{\"@type\":\"BreadcrumbList\",\"@id\":\"https:\/\/www.voustensports.com\/fr\/genti-short-stretch-gris-fonce-42635\/#breadcrumb\",\"itemListElement\":[{\"@type\":\"ListItem\",\"position\":1,\"name\":\"Home\",\"item\":\"https:\/\/www.voustensports.com\/fr\/\"},{\"@type\":\"ListItem\",\"position\":2,\"name\":\"Boutique\",\"item\":\"https:\/\/www.voustensports.com\/fr\/shop\/\"},{\"@type\":\"ListItem\",\"position\":3,\"name\":\"GENTI &#8211; Short stretch gris fonc\u00e9 (42635)\"}]},{\"@type\":\"WebSite\",\"@id\":\"https:\/\/www.voustensports.com\/nl\/#website\",\"url\":\"https:\/\/www.voustensports.com\/nl\/\",\"name\":\"Vousten Sports\",\"description\":\"\",\"potentialAction\":[{\"@type\":\"SearchAction\",\"target\":{\"@type\":\"EntryPoint\",\"urlTemplate\":\"https:\/\/www.voustensports.com\/nl\/?s={search_term_string}\"},\"query-input\":{\"@type\":\"PropertyValueSpecification\",\"valueRequired\":true,\"valueName\":\"search_term_string\"}}],\"inLanguage\":\"fr-FR\"}]}<\/script>\n<!-- \/ Yoast SEO plugin. -->","yoast_head_json":{"title":"GENTI - Short stretch gris fonc\u00e9 (42635) - Vousten Sports","robots":{"index":"index","follow":"follow","max-snippet":"max-snippet:-1","max-image-preview":"max-image-preview:large","max-video-preview":"max-video-preview:-1"},"canonical":"https:\/\/www.voustensports.com\/fr\/genti-short-stretch-gris-fonce-42635\/","og_locale":"fr_FR","og_type":"article","og_title":"GENTI - Short stretch gris fonc\u00e9 (42635) - Vousten Sports","og_description":"Ce short Genti offre un style \u00e9pur\u00e9 et moderne. Confectionn\u00e9 en coton stretch confortable, il est dot\u00e9 d&rsquo;un tissu doux et d&rsquo;une taille \u00e9lastiqu\u00e9e avec cordon de serrage pour un confort optimal. Un indispensable contemporain pour des journ\u00e9es d\u00e9contract\u00e9es et \u00e9l\u00e9gantes. Composition : 96 % coton, 4 % \u00e9lasthanne Couleur : Gris fonc\u00e9 Coupe : [...]","og_url":"https:\/\/www.voustensports.com\/fr\/genti-short-stretch-gris-fonce-42635\/","og_site_name":"Vousten Sports","article_modified_time":"2026-02-25T15:45:09+00:00","og_image":[{"width":1536,"height":2048,"url":"https:\/\/www.voustensports.com\/wp-content\/uploads\/2023\/06\/Stretch-Korte-Broek-donkergrijs-426351.png","type":"image\/png"}],"twitter_card":"summary_large_image","twitter_misc":{"Est. reading time":"1 minute"},"schema":{"@context":"https:\/\/schema.org","@graph":[{"@type":"WebPage","@id":"https:\/\/www.voustensports.com\/fr\/genti-short-stretch-gris-fonce-42635\/","url":"https:\/\/www.voustensports.com\/fr\/genti-short-stretch-gris-fonce-42635\/","name":"GENTI - Short stretch gris fonc\u00e9 (42635) - Vousten Sports","isPartOf":{"@id":"https:\/\/www.voustensports.com\/nl\/#website"},"primaryImageOfPage":{"@id":"https:\/\/www.voustensports.com\/fr\/genti-short-stretch-gris-fonce-42635\/#primaryimage"},"image":{"@id":"https:\/\/www.voustensports.com\/fr\/genti-short-stretch-gris-fonce-42635\/#primaryimage"},"thumbnailUrl":"https:\/\/www.voustensports.com\/wp-content\/uploads\/2023\/06\/Stretch-Korte-Broek-donkergrijs-426351.png","datePublished":"2026-02-18T19:27:26+00:00","dateModified":"2026-02-25T15:45:09+00:00","breadcrumb":{"@id":"https:\/\/www.voustensports.com\/fr\/genti-short-stretch-gris-fonce-42635\/#breadcrumb"},"inLanguage":"fr-FR","potentialAction":[{"@type":"ReadAction","target":["https:\/\/www.voustensports.com\/fr\/genti-short-stretch-gris-fonce-42635\/"]}]},{"@type":"ImageObject","inLanguage":"fr-FR","@id":"https:\/\/www.voustensports.com\/fr\/genti-short-stretch-gris-fonce-42635\/#primaryimage","url":"https:\/\/www.voustensports.com\/wp-content\/uploads\/2023\/06\/Stretch-Korte-Broek-donkergrijs-426351.png","contentUrl":"https:\/\/www.voustensports.com\/wp-content\/uploads\/2023\/06\/Stretch-Korte-Broek-donkergrijs-426351.png","width":1536,"height":2048},{"@type":"BreadcrumbList","@id":"https:\/\/www.voustensports.com\/fr\/genti-short-stretch-gris-fonce-42635\/#breadcrumb","itemListElement":[{"@type":"ListItem","position":1,"name":"Home","item":"https:\/\/www.voustensports.com\/fr\/"},{"@type":"ListItem","position":2,"name":"Boutique","item":"https:\/\/www.voustensports.com\/fr\/shop\/"},{"@type":"ListItem","position":3,"name":"GENTI &#8211; Short stretch gris fonc\u00e9 (42635)"}]},{"@type":"WebSite","@id":"https:\/\/www.voustensports.com\/nl\/#website","url":"https:\/\/www.voustensports.com\/nl\/","name":"Vousten Sports","description":"","potentialAction":[{"@type":"SearchAction","target":{"@type":"EntryPoint","urlTemplate":"https:\/\/www.voustensports.com\/nl\/?s={search_term_string}"},"query-input":{"@type":"PropertyValueSpecification","valueRequired":true,"valueName":"search_term_string"}}],"inLanguage":"fr-FR"}]}},"_links":{"self":[{"href":"https:\/\/www.voustensports.com\/fr\/wp-json\/wp\/v2\/product\/222548","targetHints":{"allow":["GET"]}}],"collection":[{"href":"https:\/\/www.voustensports.com\/fr\/wp-json\/wp\/v2\/product"}],"about":[{"href":"https:\/\/www.voustensports.com\/fr\/wp-json\/wp\/v2\/types\/product"}],"replies":[{"embeddable":true,"href":"https:\/\/www.voustensports.com\/fr\/wp-json\/wp\/v2\/comments?post=222548"}],"wp:featuredmedia":[{"embeddable":true,"href":"https:\/\/www.voustensports.com\/fr\/wp-json\/wp\/v2\/media\/222532"}],"wp:attachment":[{"href":"https:\/\/www.voustensports.com\/fr\/wp-json\/wp\/v2\/media?parent=222548"}],"wp:term":[{"taxonomy":"product_cat","embeddable":true,"href":"https:\/\/www.voustensports.com\/fr\/wp-json\/wp\/v2\/product_cat?post=222548"},{"taxonomy":"product_tag","embeddable":true,"href":"https:\/\/www.voustensports.com\/fr\/wp-json\/wp\/v2\/product_tag?post=222548"}],"curies":[{"name":"wp","href":"https:\/\/api.w.org\/{rel}","templated":true}]}}