{"id":222361,"date":"2026-02-18T10:27:12","date_gmt":"2026-02-18T09:27:12","guid":{"rendered":"https:\/\/www.voustensports.com\/genti-t-shirt-coupe-decontractee-a-imprime-floral-noir-42629\/"},"modified":"2026-04-18T19:33:08","modified_gmt":"2026-04-18T17:33:08","slug":"genti-t-shirt-coupe-decontractee-a-imprime-floral-noir-42629","status":"publish","type":"product","link":"https:\/\/www.voustensports.com\/fr\/genti-t-shirt-coupe-decontractee-a-imprime-floral-noir-42629\/","title":{"rendered":"GENTI &#8211; T-shirt coupe d\u00e9contract\u00e9e \u00e0 imprim\u00e9 floral noir (42629)"},"content":{"rendered":"<div>Ce t-shirt Genti associe un devant minimaliste \u00e0 un imprim\u00e9 floral saisissant au dos. L&rsquo;imprim\u00e9 floral graphique lui conf\u00e8re un style artistique et moderne, tandis que la douceur du tissu garantit un confort optimal. Une pi\u00e8ce forte pour une garde-robe urbaine et contemporaine.<\/div>\n<ul>\n<li>Composition : 55 % polyester, 45 % coton<\/li>\n<li>Couleur : Noir<\/li>\n<li>Coupe : Coupe classique<\/li>\n<li>Motif : Uni avec imprim\u00e9 au dos<\/li>\n<li>D\u00e9tails : Imprim\u00e9 floral artistique au dos, logo discret sur la poitrine<\/li>\n<li>Moderne, expressif et confortable, ce t-shirt est con\u00e7u pour se d\u00e9marquer sans sacrifier le confort.<\/li>\n<\/ul>\n<div>Le m\u00e9lange polyester-coton est doux au toucher et conserve sa forme. Facile d&rsquo;entretien, il pr\u00e9serve sa qualit\u00e9, tandis que l&rsquo;imprim\u00e9 cr\u00e9e un impact visuel fort.<\/div>\n","protected":false},"excerpt":{"rendered":"<p>Ce t-shirt Genti associe un devant minimaliste \u00e0 un imprim\u00e9 floral saisissant au dos. L&rsquo;imprim\u00e9 floral graphique lui conf\u00e8re un style artistique et moderne, tandis que la douceur du tissu garantit un confort optimal. Une pi\u00e8ce forte pour une garde-robe urbaine et contemporaine. Composition : 55 % polyester, 45 % coton Couleur : Noir Coupe [&#8230;]\n","protected":false},"featured_media":222353,"comment_status":"open","ping_status":"closed","template":"","meta":{"rank_math_lock_modified_date":false},"product_cat":[486,490,710,446,450,462],"product_tag":[],"class_list":{"0":"post-222361","1":"product","2":"type-product","3":"status-publish","4":"has-post-thumbnail","6":"product_cat-shirt-fr-2","7":"product_cat-t-shirts-fr-2","8":"product_cat-genti-fr","9":"product_cat-kleding-fr","10":"product_cat-heren-fr","11":"product_cat-vousten-sports-fr-2","13":"first","14":"instock","15":"taxable","16":"shipping-taxable","17":"purchasable","18":"product-type-variable"},"acf":[],"yoast_head":"<!-- This site is optimized with the Yoast SEO plugin v23.9 - https:\/\/yoast.com\/wordpress\/plugins\/seo\/ -->\n<title>GENTI - T-shirt coupe d\u00e9contract\u00e9e \u00e0 imprim\u00e9 floral noir (42629) - Vousten Sports<\/title>\n<meta name=\"robots\" content=\"index, follow, max-snippet:-1, max-image-preview:large, max-video-preview:-1\" \/>\n<link rel=\"canonical\" href=\"https:\/\/www.voustensports.com\/fr\/genti-t-shirt-coupe-decontractee-a-imprime-floral-noir-42629\/\" \/>\n<meta property=\"og:locale\" content=\"fr_FR\" \/>\n<meta property=\"og:type\" content=\"article\" \/>\n<meta property=\"og:title\" content=\"GENTI - T-shirt coupe d\u00e9contract\u00e9e \u00e0 imprim\u00e9 floral noir (42629) - Vousten Sports\" \/>\n<meta property=\"og:description\" content=\"Ce t-shirt Genti associe un devant minimaliste \u00e0 un imprim\u00e9 floral saisissant au dos. L&rsquo;imprim\u00e9 floral graphique lui conf\u00e8re un style artistique et moderne, tandis que la douceur du tissu garantit un confort optimal. Une pi\u00e8ce forte pour une garde-robe urbaine et contemporaine. Composition : 55 % polyester, 45 % coton Couleur : Noir Coupe [...]\" \/>\n<meta property=\"og:url\" content=\"https:\/\/www.voustensports.com\/fr\/genti-t-shirt-coupe-decontractee-a-imprime-floral-noir-42629\/\" \/>\n<meta property=\"og:site_name\" content=\"Vousten Sports\" \/>\n<meta property=\"article:modified_time\" content=\"2026-04-18T17:33:08+00:00\" \/>\n<meta property=\"og:image\" content=\"https:\/\/www.voustensports.com\/wp-content\/uploads\/2023\/06\/Relaxed-fit-T-shirt-Floral-print-zwart-426291.png\" \/>\n\t<meta property=\"og:image:width\" content=\"1200\" \/>\n\t<meta property=\"og:image:height\" content=\"1800\" \/>\n\t<meta property=\"og:image:type\" content=\"image\/png\" \/>\n<meta name=\"twitter:card\" content=\"summary_large_image\" \/>\n<meta name=\"twitter:label1\" content=\"Est. reading time\" \/>\n\t<meta name=\"twitter:data1\" content=\"1 minute\" \/>\n<script type=\"application\/ld+json\" class=\"yoast-schema-graph\">{\"@context\":\"https:\/\/schema.org\",\"@graph\":[{\"@type\":\"WebPage\",\"@id\":\"https:\/\/www.voustensports.com\/fr\/genti-t-shirt-coupe-decontractee-a-imprime-floral-noir-42629\/\",\"url\":\"https:\/\/www.voustensports.com\/fr\/genti-t-shirt-coupe-decontractee-a-imprime-floral-noir-42629\/\",\"name\":\"GENTI - T-shirt coupe d\u00e9contract\u00e9e \u00e0 imprim\u00e9 floral noir (42629) - Vousten Sports\",\"isPartOf\":{\"@id\":\"https:\/\/www.voustensports.com\/nl\/#website\"},\"primaryImageOfPage\":{\"@id\":\"https:\/\/www.voustensports.com\/fr\/genti-t-shirt-coupe-decontractee-a-imprime-floral-noir-42629\/#primaryimage\"},\"image\":{\"@id\":\"https:\/\/www.voustensports.com\/fr\/genti-t-shirt-coupe-decontractee-a-imprime-floral-noir-42629\/#primaryimage\"},\"thumbnailUrl\":\"https:\/\/www.voustensports.com\/wp-content\/uploads\/2023\/06\/Relaxed-fit-T-shirt-Floral-print-zwart-426291.png\",\"datePublished\":\"2026-02-18T09:27:12+00:00\",\"dateModified\":\"2026-04-18T17:33:08+00:00\",\"breadcrumb\":{\"@id\":\"https:\/\/www.voustensports.com\/fr\/genti-t-shirt-coupe-decontractee-a-imprime-floral-noir-42629\/#breadcrumb\"},\"inLanguage\":\"fr-FR\",\"potentialAction\":[{\"@type\":\"ReadAction\",\"target\":[\"https:\/\/www.voustensports.com\/fr\/genti-t-shirt-coupe-decontractee-a-imprime-floral-noir-42629\/\"]}]},{\"@type\":\"ImageObject\",\"inLanguage\":\"fr-FR\",\"@id\":\"https:\/\/www.voustensports.com\/fr\/genti-t-shirt-coupe-decontractee-a-imprime-floral-noir-42629\/#primaryimage\",\"url\":\"https:\/\/www.voustensports.com\/wp-content\/uploads\/2023\/06\/Relaxed-fit-T-shirt-Floral-print-zwart-426291.png\",\"contentUrl\":\"https:\/\/www.voustensports.com\/wp-content\/uploads\/2023\/06\/Relaxed-fit-T-shirt-Floral-print-zwart-426291.png\",\"width\":1200,\"height\":1800},{\"@type\":\"BreadcrumbList\",\"@id\":\"https:\/\/www.voustensports.com\/fr\/genti-t-shirt-coupe-decontractee-a-imprime-floral-noir-42629\/#breadcrumb\",\"itemListElement\":[{\"@type\":\"ListItem\",\"position\":1,\"name\":\"Home\",\"item\":\"https:\/\/www.voustensports.com\/fr\/\"},{\"@type\":\"ListItem\",\"position\":2,\"name\":\"Boutique\",\"item\":\"https:\/\/www.voustensports.com\/fr\/shop\/\"},{\"@type\":\"ListItem\",\"position\":3,\"name\":\"GENTI &#8211; T-shirt coupe d\u00e9contract\u00e9e \u00e0 imprim\u00e9 floral noir (42629)\"}]},{\"@type\":\"WebSite\",\"@id\":\"https:\/\/www.voustensports.com\/nl\/#website\",\"url\":\"https:\/\/www.voustensports.com\/nl\/\",\"name\":\"Vousten Sports\",\"description\":\"\",\"potentialAction\":[{\"@type\":\"SearchAction\",\"target\":{\"@type\":\"EntryPoint\",\"urlTemplate\":\"https:\/\/www.voustensports.com\/nl\/?s={search_term_string}\"},\"query-input\":{\"@type\":\"PropertyValueSpecification\",\"valueRequired\":true,\"valueName\":\"search_term_string\"}}],\"inLanguage\":\"fr-FR\"}]}<\/script>\n<!-- \/ Yoast SEO plugin. -->","yoast_head_json":{"title":"GENTI - T-shirt coupe d\u00e9contract\u00e9e \u00e0 imprim\u00e9 floral noir (42629) - Vousten Sports","robots":{"index":"index","follow":"follow","max-snippet":"max-snippet:-1","max-image-preview":"max-image-preview:large","max-video-preview":"max-video-preview:-1"},"canonical":"https:\/\/www.voustensports.com\/fr\/genti-t-shirt-coupe-decontractee-a-imprime-floral-noir-42629\/","og_locale":"fr_FR","og_type":"article","og_title":"GENTI - T-shirt coupe d\u00e9contract\u00e9e \u00e0 imprim\u00e9 floral noir (42629) - Vousten Sports","og_description":"Ce t-shirt Genti associe un devant minimaliste \u00e0 un imprim\u00e9 floral saisissant au dos. L&rsquo;imprim\u00e9 floral graphique lui conf\u00e8re un style artistique et moderne, tandis que la douceur du tissu garantit un confort optimal. Une pi\u00e8ce forte pour une garde-robe urbaine et contemporaine. Composition : 55 % polyester, 45 % coton Couleur : Noir Coupe [...]","og_url":"https:\/\/www.voustensports.com\/fr\/genti-t-shirt-coupe-decontractee-a-imprime-floral-noir-42629\/","og_site_name":"Vousten Sports","article_modified_time":"2026-04-18T17:33:08+00:00","og_image":[{"width":1200,"height":1800,"url":"https:\/\/www.voustensports.com\/wp-content\/uploads\/2023\/06\/Relaxed-fit-T-shirt-Floral-print-zwart-426291.png","type":"image\/png"}],"twitter_card":"summary_large_image","twitter_misc":{"Est. reading time":"1 minute"},"schema":{"@context":"https:\/\/schema.org","@graph":[{"@type":"WebPage","@id":"https:\/\/www.voustensports.com\/fr\/genti-t-shirt-coupe-decontractee-a-imprime-floral-noir-42629\/","url":"https:\/\/www.voustensports.com\/fr\/genti-t-shirt-coupe-decontractee-a-imprime-floral-noir-42629\/","name":"GENTI - T-shirt coupe d\u00e9contract\u00e9e \u00e0 imprim\u00e9 floral noir (42629) - Vousten Sports","isPartOf":{"@id":"https:\/\/www.voustensports.com\/nl\/#website"},"primaryImageOfPage":{"@id":"https:\/\/www.voustensports.com\/fr\/genti-t-shirt-coupe-decontractee-a-imprime-floral-noir-42629\/#primaryimage"},"image":{"@id":"https:\/\/www.voustensports.com\/fr\/genti-t-shirt-coupe-decontractee-a-imprime-floral-noir-42629\/#primaryimage"},"thumbnailUrl":"https:\/\/www.voustensports.com\/wp-content\/uploads\/2023\/06\/Relaxed-fit-T-shirt-Floral-print-zwart-426291.png","datePublished":"2026-02-18T09:27:12+00:00","dateModified":"2026-04-18T17:33:08+00:00","breadcrumb":{"@id":"https:\/\/www.voustensports.com\/fr\/genti-t-shirt-coupe-decontractee-a-imprime-floral-noir-42629\/#breadcrumb"},"inLanguage":"fr-FR","potentialAction":[{"@type":"ReadAction","target":["https:\/\/www.voustensports.com\/fr\/genti-t-shirt-coupe-decontractee-a-imprime-floral-noir-42629\/"]}]},{"@type":"ImageObject","inLanguage":"fr-FR","@id":"https:\/\/www.voustensports.com\/fr\/genti-t-shirt-coupe-decontractee-a-imprime-floral-noir-42629\/#primaryimage","url":"https:\/\/www.voustensports.com\/wp-content\/uploads\/2023\/06\/Relaxed-fit-T-shirt-Floral-print-zwart-426291.png","contentUrl":"https:\/\/www.voustensports.com\/wp-content\/uploads\/2023\/06\/Relaxed-fit-T-shirt-Floral-print-zwart-426291.png","width":1200,"height":1800},{"@type":"BreadcrumbList","@id":"https:\/\/www.voustensports.com\/fr\/genti-t-shirt-coupe-decontractee-a-imprime-floral-noir-42629\/#breadcrumb","itemListElement":[{"@type":"ListItem","position":1,"name":"Home","item":"https:\/\/www.voustensports.com\/fr\/"},{"@type":"ListItem","position":2,"name":"Boutique","item":"https:\/\/www.voustensports.com\/fr\/shop\/"},{"@type":"ListItem","position":3,"name":"GENTI &#8211; T-shirt coupe d\u00e9contract\u00e9e \u00e0 imprim\u00e9 floral noir (42629)"}]},{"@type":"WebSite","@id":"https:\/\/www.voustensports.com\/nl\/#website","url":"https:\/\/www.voustensports.com\/nl\/","name":"Vousten Sports","description":"","potentialAction":[{"@type":"SearchAction","target":{"@type":"EntryPoint","urlTemplate":"https:\/\/www.voustensports.com\/nl\/?s={search_term_string}"},"query-input":{"@type":"PropertyValueSpecification","valueRequired":true,"valueName":"search_term_string"}}],"inLanguage":"fr-FR"}]}},"_links":{"self":[{"href":"https:\/\/www.voustensports.com\/fr\/wp-json\/wp\/v2\/product\/222361","targetHints":{"allow":["GET"]}}],"collection":[{"href":"https:\/\/www.voustensports.com\/fr\/wp-json\/wp\/v2\/product"}],"about":[{"href":"https:\/\/www.voustensports.com\/fr\/wp-json\/wp\/v2\/types\/product"}],"replies":[{"embeddable":true,"href":"https:\/\/www.voustensports.com\/fr\/wp-json\/wp\/v2\/comments?post=222361"}],"wp:featuredmedia":[{"embeddable":true,"href":"https:\/\/www.voustensports.com\/fr\/wp-json\/wp\/v2\/media\/222353"}],"wp:attachment":[{"href":"https:\/\/www.voustensports.com\/fr\/wp-json\/wp\/v2\/media?parent=222361"}],"wp:term":[{"taxonomy":"product_cat","embeddable":true,"href":"https:\/\/www.voustensports.com\/fr\/wp-json\/wp\/v2\/product_cat?post=222361"},{"taxonomy":"product_tag","embeddable":true,"href":"https:\/\/www.voustensports.com\/fr\/wp-json\/wp\/v2\/product_tag?post=222361"}],"curies":[{"name":"wp","href":"https:\/\/api.w.org\/{rel}","templated":true}]}}