{"id":222333,"date":"2026-02-18T07:27:09","date_gmt":"2026-02-18T06:27:09","guid":{"rendered":"https:\/\/www.voustensports.com\/genti-t-shirt-stretch-vert-clair-42619\/"},"modified":"2026-04-04T01:33:09","modified_gmt":"2026-04-03T23:33:09","slug":"genti-t-shirt-stretch-vert-clair-42619","status":"publish","type":"product","link":"https:\/\/www.voustensports.com\/fr\/genti-t-shirt-stretch-vert-clair-42619\/","title":{"rendered":"GENTI &#8211; T-shirt stretch vert clair (42619)"},"content":{"rendered":"<div>Ce t-shirt Genti arbore un style \u00e9pur\u00e9 et moderne. Confectionn\u00e9 en coton stretch confortable, il offre un confort optimal gr\u00e2ce \u00e0 son tissu doux et ses finitions soign\u00e9es. Un basique polyvalent qui s&rsquo;int\u00e8gre facilement \u00e0 une garde-robe casual contemporaine.<\/div>\n<ul>\n<li>Composition : 96 % coton, 4 % \u00e9lasthanne<\/li>\n<li>Couleur : Vert clair<\/li>\n<li>Coupe : Coupe classique<\/li>\n<li>Motif : Uni<\/li>\n<li>D\u00e9tails : Logo discret sur la poitrine, confort stretch<\/li>\n<li>Confortable, moderne et polyvalent, ce t-shirt est con\u00e7u pour un usage quotidien et un confort accru.<\/li>\n<\/ul>\n<div>Le m\u00e9lange de coton stretch est doux au toucher et offre une libert\u00e9 de mouvement optimale. Gr\u00e2ce \u00e0 l&rsquo;\u00e9lasthanne, le t-shirt conserve sa forme et reste confortable m\u00eame apr\u00e8s plusieurs heures.<\/div>\n","protected":false},"excerpt":{"rendered":"<p>Ce t-shirt Genti arbore un style \u00e9pur\u00e9 et moderne. Confectionn\u00e9 en coton stretch confortable, il offre un confort optimal gr\u00e2ce \u00e0 son tissu doux et ses finitions soign\u00e9es. Un basique polyvalent qui s&rsquo;int\u00e8gre facilement \u00e0 une garde-robe casual contemporaine. Composition : 96 % coton, 4 % \u00e9lasthanne Couleur : Vert clair Coupe : Coupe classique [&#8230;]\n","protected":false},"featured_media":222321,"comment_status":"open","ping_status":"closed","template":"","meta":{"rank_math_lock_modified_date":false},"product_cat":[446,450,462,486,490,710],"product_tag":[],"class_list":{"0":"post-222333","1":"product","2":"type-product","3":"status-publish","4":"has-post-thumbnail","6":"product_cat-kleding-fr","7":"product_cat-heren-fr","8":"product_cat-vousten-sports-fr-2","9":"product_cat-shirt-fr-2","10":"product_cat-t-shirts-fr-2","11":"product_cat-genti-fr","13":"first","14":"instock","15":"taxable","16":"shipping-taxable","17":"purchasable","18":"product-type-variable"},"acf":[],"yoast_head":"<!-- This site is optimized with the Yoast SEO plugin v23.9 - https:\/\/yoast.com\/wordpress\/plugins\/seo\/ -->\n<title>GENTI - T-shirt stretch vert clair (42619) - Vousten Sports<\/title>\n<meta name=\"robots\" content=\"index, follow, max-snippet:-1, max-image-preview:large, max-video-preview:-1\" \/>\n<link rel=\"canonical\" href=\"https:\/\/www.voustensports.com\/fr\/genti-t-shirt-stretch-vert-clair-42619\/\" \/>\n<meta property=\"og:locale\" content=\"fr_FR\" \/>\n<meta property=\"og:type\" content=\"article\" \/>\n<meta property=\"og:title\" content=\"GENTI - T-shirt stretch vert clair (42619) - Vousten Sports\" \/>\n<meta property=\"og:description\" content=\"Ce t-shirt Genti arbore un style \u00e9pur\u00e9 et moderne. Confectionn\u00e9 en coton stretch confortable, il offre un confort optimal gr\u00e2ce \u00e0 son tissu doux et ses finitions soign\u00e9es. Un basique polyvalent qui s&rsquo;int\u00e8gre facilement \u00e0 une garde-robe casual contemporaine. Composition : 96 % coton, 4 % \u00e9lasthanne Couleur : Vert clair Coupe : Coupe classique [...]\" \/>\n<meta property=\"og:url\" content=\"https:\/\/www.voustensports.com\/fr\/genti-t-shirt-stretch-vert-clair-42619\/\" \/>\n<meta property=\"og:site_name\" content=\"Vousten Sports\" \/>\n<meta property=\"article:modified_time\" content=\"2026-04-03T23:33:09+00:00\" \/>\n<meta property=\"og:image\" content=\"https:\/\/www.voustensports.com\/wp-content\/uploads\/2023\/06\/Stretch-T-shirt-lichtgroen-426191.jpg\" \/>\n\t<meta property=\"og:image:width\" content=\"1365\" \/>\n\t<meta property=\"og:image:height\" content=\"2048\" \/>\n\t<meta property=\"og:image:type\" content=\"image\/jpeg\" \/>\n<meta name=\"twitter:card\" content=\"summary_large_image\" \/>\n<meta name=\"twitter:label1\" content=\"Est. reading time\" \/>\n\t<meta name=\"twitter:data1\" content=\"1 minute\" \/>\n<script type=\"application\/ld+json\" class=\"yoast-schema-graph\">{\"@context\":\"https:\/\/schema.org\",\"@graph\":[{\"@type\":\"WebPage\",\"@id\":\"https:\/\/www.voustensports.com\/fr\/genti-t-shirt-stretch-vert-clair-42619\/\",\"url\":\"https:\/\/www.voustensports.com\/fr\/genti-t-shirt-stretch-vert-clair-42619\/\",\"name\":\"GENTI - T-shirt stretch vert clair (42619) - Vousten Sports\",\"isPartOf\":{\"@id\":\"https:\/\/www.voustensports.com\/nl\/#website\"},\"primaryImageOfPage\":{\"@id\":\"https:\/\/www.voustensports.com\/fr\/genti-t-shirt-stretch-vert-clair-42619\/#primaryimage\"},\"image\":{\"@id\":\"https:\/\/www.voustensports.com\/fr\/genti-t-shirt-stretch-vert-clair-42619\/#primaryimage\"},\"thumbnailUrl\":\"https:\/\/www.voustensports.com\/wp-content\/uploads\/2023\/06\/Stretch-T-shirt-lichtgroen-426191.jpg\",\"datePublished\":\"2026-02-18T06:27:09+00:00\",\"dateModified\":\"2026-04-03T23:33:09+00:00\",\"breadcrumb\":{\"@id\":\"https:\/\/www.voustensports.com\/fr\/genti-t-shirt-stretch-vert-clair-42619\/#breadcrumb\"},\"inLanguage\":\"fr-FR\",\"potentialAction\":[{\"@type\":\"ReadAction\",\"target\":[\"https:\/\/www.voustensports.com\/fr\/genti-t-shirt-stretch-vert-clair-42619\/\"]}]},{\"@type\":\"ImageObject\",\"inLanguage\":\"fr-FR\",\"@id\":\"https:\/\/www.voustensports.com\/fr\/genti-t-shirt-stretch-vert-clair-42619\/#primaryimage\",\"url\":\"https:\/\/www.voustensports.com\/wp-content\/uploads\/2023\/06\/Stretch-T-shirt-lichtgroen-426191.jpg\",\"contentUrl\":\"https:\/\/www.voustensports.com\/wp-content\/uploads\/2023\/06\/Stretch-T-shirt-lichtgroen-426191.jpg\",\"width\":1365,\"height\":2048},{\"@type\":\"BreadcrumbList\",\"@id\":\"https:\/\/www.voustensports.com\/fr\/genti-t-shirt-stretch-vert-clair-42619\/#breadcrumb\",\"itemListElement\":[{\"@type\":\"ListItem\",\"position\":1,\"name\":\"Home\",\"item\":\"https:\/\/www.voustensports.com\/fr\/\"},{\"@type\":\"ListItem\",\"position\":2,\"name\":\"Boutique\",\"item\":\"https:\/\/www.voustensports.com\/fr\/shop\/\"},{\"@type\":\"ListItem\",\"position\":3,\"name\":\"GENTI &#8211; T-shirt stretch vert clair (42619)\"}]},{\"@type\":\"WebSite\",\"@id\":\"https:\/\/www.voustensports.com\/nl\/#website\",\"url\":\"https:\/\/www.voustensports.com\/nl\/\",\"name\":\"Vousten Sports\",\"description\":\"\",\"potentialAction\":[{\"@type\":\"SearchAction\",\"target\":{\"@type\":\"EntryPoint\",\"urlTemplate\":\"https:\/\/www.voustensports.com\/nl\/?s={search_term_string}\"},\"query-input\":{\"@type\":\"PropertyValueSpecification\",\"valueRequired\":true,\"valueName\":\"search_term_string\"}}],\"inLanguage\":\"fr-FR\"}]}<\/script>\n<!-- \/ Yoast SEO plugin. -->","yoast_head_json":{"title":"GENTI - T-shirt stretch vert clair (42619) - Vousten Sports","robots":{"index":"index","follow":"follow","max-snippet":"max-snippet:-1","max-image-preview":"max-image-preview:large","max-video-preview":"max-video-preview:-1"},"canonical":"https:\/\/www.voustensports.com\/fr\/genti-t-shirt-stretch-vert-clair-42619\/","og_locale":"fr_FR","og_type":"article","og_title":"GENTI - T-shirt stretch vert clair (42619) - Vousten Sports","og_description":"Ce t-shirt Genti arbore un style \u00e9pur\u00e9 et moderne. Confectionn\u00e9 en coton stretch confortable, il offre un confort optimal gr\u00e2ce \u00e0 son tissu doux et ses finitions soign\u00e9es. Un basique polyvalent qui s&rsquo;int\u00e8gre facilement \u00e0 une garde-robe casual contemporaine. Composition : 96 % coton, 4 % \u00e9lasthanne Couleur : Vert clair Coupe : Coupe classique [...]","og_url":"https:\/\/www.voustensports.com\/fr\/genti-t-shirt-stretch-vert-clair-42619\/","og_site_name":"Vousten Sports","article_modified_time":"2026-04-03T23:33:09+00:00","og_image":[{"width":1365,"height":2048,"url":"https:\/\/www.voustensports.com\/wp-content\/uploads\/2023\/06\/Stretch-T-shirt-lichtgroen-426191.jpg","type":"image\/jpeg"}],"twitter_card":"summary_large_image","twitter_misc":{"Est. reading time":"1 minute"},"schema":{"@context":"https:\/\/schema.org","@graph":[{"@type":"WebPage","@id":"https:\/\/www.voustensports.com\/fr\/genti-t-shirt-stretch-vert-clair-42619\/","url":"https:\/\/www.voustensports.com\/fr\/genti-t-shirt-stretch-vert-clair-42619\/","name":"GENTI - T-shirt stretch vert clair (42619) - Vousten Sports","isPartOf":{"@id":"https:\/\/www.voustensports.com\/nl\/#website"},"primaryImageOfPage":{"@id":"https:\/\/www.voustensports.com\/fr\/genti-t-shirt-stretch-vert-clair-42619\/#primaryimage"},"image":{"@id":"https:\/\/www.voustensports.com\/fr\/genti-t-shirt-stretch-vert-clair-42619\/#primaryimage"},"thumbnailUrl":"https:\/\/www.voustensports.com\/wp-content\/uploads\/2023\/06\/Stretch-T-shirt-lichtgroen-426191.jpg","datePublished":"2026-02-18T06:27:09+00:00","dateModified":"2026-04-03T23:33:09+00:00","breadcrumb":{"@id":"https:\/\/www.voustensports.com\/fr\/genti-t-shirt-stretch-vert-clair-42619\/#breadcrumb"},"inLanguage":"fr-FR","potentialAction":[{"@type":"ReadAction","target":["https:\/\/www.voustensports.com\/fr\/genti-t-shirt-stretch-vert-clair-42619\/"]}]},{"@type":"ImageObject","inLanguage":"fr-FR","@id":"https:\/\/www.voustensports.com\/fr\/genti-t-shirt-stretch-vert-clair-42619\/#primaryimage","url":"https:\/\/www.voustensports.com\/wp-content\/uploads\/2023\/06\/Stretch-T-shirt-lichtgroen-426191.jpg","contentUrl":"https:\/\/www.voustensports.com\/wp-content\/uploads\/2023\/06\/Stretch-T-shirt-lichtgroen-426191.jpg","width":1365,"height":2048},{"@type":"BreadcrumbList","@id":"https:\/\/www.voustensports.com\/fr\/genti-t-shirt-stretch-vert-clair-42619\/#breadcrumb","itemListElement":[{"@type":"ListItem","position":1,"name":"Home","item":"https:\/\/www.voustensports.com\/fr\/"},{"@type":"ListItem","position":2,"name":"Boutique","item":"https:\/\/www.voustensports.com\/fr\/shop\/"},{"@type":"ListItem","position":3,"name":"GENTI &#8211; T-shirt stretch vert clair (42619)"}]},{"@type":"WebSite","@id":"https:\/\/www.voustensports.com\/nl\/#website","url":"https:\/\/www.voustensports.com\/nl\/","name":"Vousten Sports","description":"","potentialAction":[{"@type":"SearchAction","target":{"@type":"EntryPoint","urlTemplate":"https:\/\/www.voustensports.com\/nl\/?s={search_term_string}"},"query-input":{"@type":"PropertyValueSpecification","valueRequired":true,"valueName":"search_term_string"}}],"inLanguage":"fr-FR"}]}},"_links":{"self":[{"href":"https:\/\/www.voustensports.com\/fr\/wp-json\/wp\/v2\/product\/222333","targetHints":{"allow":["GET"]}}],"collection":[{"href":"https:\/\/www.voustensports.com\/fr\/wp-json\/wp\/v2\/product"}],"about":[{"href":"https:\/\/www.voustensports.com\/fr\/wp-json\/wp\/v2\/types\/product"}],"replies":[{"embeddable":true,"href":"https:\/\/www.voustensports.com\/fr\/wp-json\/wp\/v2\/comments?post=222333"}],"wp:featuredmedia":[{"embeddable":true,"href":"https:\/\/www.voustensports.com\/fr\/wp-json\/wp\/v2\/media\/222321"}],"wp:attachment":[{"href":"https:\/\/www.voustensports.com\/fr\/wp-json\/wp\/v2\/media?parent=222333"}],"wp:term":[{"taxonomy":"product_cat","embeddable":true,"href":"https:\/\/www.voustensports.com\/fr\/wp-json\/wp\/v2\/product_cat?post=222333"},{"taxonomy":"product_tag","embeddable":true,"href":"https:\/\/www.voustensports.com\/fr\/wp-json\/wp\/v2\/product_tag?post=222333"}],"curies":[{"name":"wp","href":"https:\/\/api.w.org\/{rel}","templated":true}]}}