{"id":222299,"date":"2026-02-18T02:33:12","date_gmt":"2026-02-18T01:33:12","guid":{"rendered":"https:\/\/www.voustensports.com\/genti-surchemise-grise-coupe-decontractee-42523\/"},"modified":"2026-03-14T14:42:13","modified_gmt":"2026-03-14T13:42:13","slug":"genti-surchemise-grise-coupe-decontractee-42523","status":"publish","type":"product","link":"https:\/\/www.voustensports.com\/fr\/genti-surchemise-grise-coupe-decontractee-42523\/","title":{"rendered":"GENTI &#8211; Surchemise grise coupe d\u00e9contract\u00e9e  (42523)"},"content":{"rendered":"<div>Surchemise en laine m\u00e9rinos au style \u00e9pur\u00e9 et aux d\u00e9tails techniques. Son tissu doux et respirant offre confort et \u00e9l\u00e9gance.<\/div>\n<ul>\n<li>100 % laine m\u00e9rinos<\/li>\n<li>Respirante et douce<\/li>\n<li>Poches poitrine<\/li>\n<li>Coupe d\u00e9contract\u00e9e<\/li>\n<\/ul>\n","protected":false},"excerpt":{"rendered":"<p>Surchemise en laine m\u00e9rinos au style \u00e9pur\u00e9 et aux d\u00e9tails techniques. Son tissu doux et respirant offre confort et \u00e9l\u00e9gance. 100 % laine m\u00e9rinos Respirante et douce Poches poitrine Coupe d\u00e9contract\u00e9e<\/p>\n","protected":false},"featured_media":222279,"comment_status":"open","ping_status":"closed","template":"","meta":{"rank_math_lock_modified_date":false},"product_cat":[446,450,462,486,710,739],"product_tag":[],"class_list":{"0":"post-222299","1":"product","2":"type-product","3":"status-publish","4":"has-post-thumbnail","6":"product_cat-kleding-fr","7":"product_cat-heren-fr","8":"product_cat-vousten-sports-fr-2","9":"product_cat-shirt-fr-2","10":"product_cat-genti-fr","11":"product_cat-overshirt-fr-2","13":"first","14":"instock","15":"taxable","16":"shipping-taxable","17":"purchasable","18":"product-type-variable"},"acf":[],"yoast_head":"<!-- This site is optimized with the Yoast SEO plugin v23.9 - https:\/\/yoast.com\/wordpress\/plugins\/seo\/ -->\n<title>GENTI - Surchemise grise coupe d\u00e9contract\u00e9e (42523) - Vousten Sports<\/title>\n<meta name=\"robots\" content=\"index, follow, max-snippet:-1, max-image-preview:large, max-video-preview:-1\" \/>\n<link rel=\"canonical\" href=\"https:\/\/www.voustensports.com\/fr\/genti-surchemise-grise-coupe-decontractee-42523\/\" \/>\n<meta property=\"og:locale\" content=\"fr_FR\" \/>\n<meta property=\"og:type\" content=\"article\" \/>\n<meta property=\"og:title\" content=\"GENTI - Surchemise grise coupe d\u00e9contract\u00e9e (42523) - Vousten Sports\" \/>\n<meta property=\"og:description\" content=\"Surchemise en laine m\u00e9rinos au style \u00e9pur\u00e9 et aux d\u00e9tails techniques. Son tissu doux et respirant offre confort et \u00e9l\u00e9gance. 100 % laine m\u00e9rinos Respirante et douce Poches poitrine Coupe d\u00e9contract\u00e9e\" \/>\n<meta property=\"og:url\" content=\"https:\/\/www.voustensports.com\/fr\/genti-surchemise-grise-coupe-decontractee-42523\/\" \/>\n<meta property=\"og:site_name\" content=\"Vousten Sports\" \/>\n<meta property=\"article:modified_time\" content=\"2026-03-14T13:42:13+00:00\" \/>\n<meta property=\"og:image\" content=\"https:\/\/www.voustensports.com\/wp-content\/uploads\/2023\/06\/Relaxed-Fit-Overshirt-taupe-425231.jpg\" \/>\n\t<meta property=\"og:image:width\" content=\"1365\" \/>\n\t<meta property=\"og:image:height\" content=\"2048\" \/>\n\t<meta property=\"og:image:type\" content=\"image\/jpeg\" \/>\n<meta name=\"twitter:card\" content=\"summary_large_image\" \/>\n<script type=\"application\/ld+json\" class=\"yoast-schema-graph\">{\"@context\":\"https:\/\/schema.org\",\"@graph\":[{\"@type\":\"WebPage\",\"@id\":\"https:\/\/www.voustensports.com\/fr\/genti-surchemise-grise-coupe-decontractee-42523\/\",\"url\":\"https:\/\/www.voustensports.com\/fr\/genti-surchemise-grise-coupe-decontractee-42523\/\",\"name\":\"GENTI - Surchemise grise coupe d\u00e9contract\u00e9e (42523) - Vousten Sports\",\"isPartOf\":{\"@id\":\"https:\/\/www.voustensports.com\/nl\/#website\"},\"primaryImageOfPage\":{\"@id\":\"https:\/\/www.voustensports.com\/fr\/genti-surchemise-grise-coupe-decontractee-42523\/#primaryimage\"},\"image\":{\"@id\":\"https:\/\/www.voustensports.com\/fr\/genti-surchemise-grise-coupe-decontractee-42523\/#primaryimage\"},\"thumbnailUrl\":\"https:\/\/www.voustensports.com\/wp-content\/uploads\/2023\/06\/Relaxed-Fit-Overshirt-taupe-425231.jpg\",\"datePublished\":\"2026-02-18T01:33:12+00:00\",\"dateModified\":\"2026-03-14T13:42:13+00:00\",\"breadcrumb\":{\"@id\":\"https:\/\/www.voustensports.com\/fr\/genti-surchemise-grise-coupe-decontractee-42523\/#breadcrumb\"},\"inLanguage\":\"fr-FR\",\"potentialAction\":[{\"@type\":\"ReadAction\",\"target\":[\"https:\/\/www.voustensports.com\/fr\/genti-surchemise-grise-coupe-decontractee-42523\/\"]}]},{\"@type\":\"ImageObject\",\"inLanguage\":\"fr-FR\",\"@id\":\"https:\/\/www.voustensports.com\/fr\/genti-surchemise-grise-coupe-decontractee-42523\/#primaryimage\",\"url\":\"https:\/\/www.voustensports.com\/wp-content\/uploads\/2023\/06\/Relaxed-Fit-Overshirt-taupe-425231.jpg\",\"contentUrl\":\"https:\/\/www.voustensports.com\/wp-content\/uploads\/2023\/06\/Relaxed-Fit-Overshirt-taupe-425231.jpg\",\"width\":1365,\"height\":2048},{\"@type\":\"BreadcrumbList\",\"@id\":\"https:\/\/www.voustensports.com\/fr\/genti-surchemise-grise-coupe-decontractee-42523\/#breadcrumb\",\"itemListElement\":[{\"@type\":\"ListItem\",\"position\":1,\"name\":\"Home\",\"item\":\"https:\/\/www.voustensports.com\/fr\/\"},{\"@type\":\"ListItem\",\"position\":2,\"name\":\"Boutique\",\"item\":\"https:\/\/www.voustensports.com\/fr\/shop\/\"},{\"@type\":\"ListItem\",\"position\":3,\"name\":\"GENTI &#8211; Surchemise grise coupe d\u00e9contract\u00e9e (42523)\"}]},{\"@type\":\"WebSite\",\"@id\":\"https:\/\/www.voustensports.com\/nl\/#website\",\"url\":\"https:\/\/www.voustensports.com\/nl\/\",\"name\":\"Vousten Sports\",\"description\":\"\",\"potentialAction\":[{\"@type\":\"SearchAction\",\"target\":{\"@type\":\"EntryPoint\",\"urlTemplate\":\"https:\/\/www.voustensports.com\/nl\/?s={search_term_string}\"},\"query-input\":{\"@type\":\"PropertyValueSpecification\",\"valueRequired\":true,\"valueName\":\"search_term_string\"}}],\"inLanguage\":\"fr-FR\"}]}<\/script>\n<!-- \/ Yoast SEO plugin. -->","yoast_head_json":{"title":"GENTI - Surchemise grise coupe d\u00e9contract\u00e9e (42523) - Vousten Sports","robots":{"index":"index","follow":"follow","max-snippet":"max-snippet:-1","max-image-preview":"max-image-preview:large","max-video-preview":"max-video-preview:-1"},"canonical":"https:\/\/www.voustensports.com\/fr\/genti-surchemise-grise-coupe-decontractee-42523\/","og_locale":"fr_FR","og_type":"article","og_title":"GENTI - Surchemise grise coupe d\u00e9contract\u00e9e (42523) - Vousten Sports","og_description":"Surchemise en laine m\u00e9rinos au style \u00e9pur\u00e9 et aux d\u00e9tails techniques. Son tissu doux et respirant offre confort et \u00e9l\u00e9gance. 100 % laine m\u00e9rinos Respirante et douce Poches poitrine Coupe d\u00e9contract\u00e9e","og_url":"https:\/\/www.voustensports.com\/fr\/genti-surchemise-grise-coupe-decontractee-42523\/","og_site_name":"Vousten Sports","article_modified_time":"2026-03-14T13:42:13+00:00","og_image":[{"width":1365,"height":2048,"url":"https:\/\/www.voustensports.com\/wp-content\/uploads\/2023\/06\/Relaxed-Fit-Overshirt-taupe-425231.jpg","type":"image\/jpeg"}],"twitter_card":"summary_large_image","schema":{"@context":"https:\/\/schema.org","@graph":[{"@type":"WebPage","@id":"https:\/\/www.voustensports.com\/fr\/genti-surchemise-grise-coupe-decontractee-42523\/","url":"https:\/\/www.voustensports.com\/fr\/genti-surchemise-grise-coupe-decontractee-42523\/","name":"GENTI - Surchemise grise coupe d\u00e9contract\u00e9e (42523) - Vousten Sports","isPartOf":{"@id":"https:\/\/www.voustensports.com\/nl\/#website"},"primaryImageOfPage":{"@id":"https:\/\/www.voustensports.com\/fr\/genti-surchemise-grise-coupe-decontractee-42523\/#primaryimage"},"image":{"@id":"https:\/\/www.voustensports.com\/fr\/genti-surchemise-grise-coupe-decontractee-42523\/#primaryimage"},"thumbnailUrl":"https:\/\/www.voustensports.com\/wp-content\/uploads\/2023\/06\/Relaxed-Fit-Overshirt-taupe-425231.jpg","datePublished":"2026-02-18T01:33:12+00:00","dateModified":"2026-03-14T13:42:13+00:00","breadcrumb":{"@id":"https:\/\/www.voustensports.com\/fr\/genti-surchemise-grise-coupe-decontractee-42523\/#breadcrumb"},"inLanguage":"fr-FR","potentialAction":[{"@type":"ReadAction","target":["https:\/\/www.voustensports.com\/fr\/genti-surchemise-grise-coupe-decontractee-42523\/"]}]},{"@type":"ImageObject","inLanguage":"fr-FR","@id":"https:\/\/www.voustensports.com\/fr\/genti-surchemise-grise-coupe-decontractee-42523\/#primaryimage","url":"https:\/\/www.voustensports.com\/wp-content\/uploads\/2023\/06\/Relaxed-Fit-Overshirt-taupe-425231.jpg","contentUrl":"https:\/\/www.voustensports.com\/wp-content\/uploads\/2023\/06\/Relaxed-Fit-Overshirt-taupe-425231.jpg","width":1365,"height":2048},{"@type":"BreadcrumbList","@id":"https:\/\/www.voustensports.com\/fr\/genti-surchemise-grise-coupe-decontractee-42523\/#breadcrumb","itemListElement":[{"@type":"ListItem","position":1,"name":"Home","item":"https:\/\/www.voustensports.com\/fr\/"},{"@type":"ListItem","position":2,"name":"Boutique","item":"https:\/\/www.voustensports.com\/fr\/shop\/"},{"@type":"ListItem","position":3,"name":"GENTI &#8211; Surchemise grise coupe d\u00e9contract\u00e9e (42523)"}]},{"@type":"WebSite","@id":"https:\/\/www.voustensports.com\/nl\/#website","url":"https:\/\/www.voustensports.com\/nl\/","name":"Vousten Sports","description":"","potentialAction":[{"@type":"SearchAction","target":{"@type":"EntryPoint","urlTemplate":"https:\/\/www.voustensports.com\/nl\/?s={search_term_string}"},"query-input":{"@type":"PropertyValueSpecification","valueRequired":true,"valueName":"search_term_string"}}],"inLanguage":"fr-FR"}]}},"_links":{"self":[{"href":"https:\/\/www.voustensports.com\/fr\/wp-json\/wp\/v2\/product\/222299","targetHints":{"allow":["GET"]}}],"collection":[{"href":"https:\/\/www.voustensports.com\/fr\/wp-json\/wp\/v2\/product"}],"about":[{"href":"https:\/\/www.voustensports.com\/fr\/wp-json\/wp\/v2\/types\/product"}],"replies":[{"embeddable":true,"href":"https:\/\/www.voustensports.com\/fr\/wp-json\/wp\/v2\/comments?post=222299"}],"wp:featuredmedia":[{"embeddable":true,"href":"https:\/\/www.voustensports.com\/fr\/wp-json\/wp\/v2\/media\/222279"}],"wp:attachment":[{"href":"https:\/\/www.voustensports.com\/fr\/wp-json\/wp\/v2\/media?parent=222299"}],"wp:term":[{"taxonomy":"product_cat","embeddable":true,"href":"https:\/\/www.voustensports.com\/fr\/wp-json\/wp\/v2\/product_cat?post=222299"},{"taxonomy":"product_tag","embeddable":true,"href":"https:\/\/www.voustensports.com\/fr\/wp-json\/wp\/v2\/product_tag?post=222299"}],"curies":[{"name":"wp","href":"https:\/\/api.w.org\/{rel}","templated":true}]}}