{"id":222223,"date":"2026-02-17T22:57:06","date_gmt":"2026-02-17T21:57:06","guid":{"rendered":"https:\/\/www.voustensports.com\/genti-pull-zippe-demi-hauteur-gris-fonce-42516\/"},"modified":"2026-03-29T17:12:11","modified_gmt":"2026-03-29T15:12:11","slug":"genti-pull-zippe-demi-hauteur-gris-fonce-42516","status":"publish","type":"product","link":"https:\/\/www.voustensports.com\/fr\/genti-pull-zippe-demi-hauteur-gris-fonce-42516\/","title":{"rendered":"GENTI &#8211; Pull zipp\u00e9 demi-hauteur gris fonc\u00e9 (42516)"},"content":{"rendered":"<div>Ce pull zipp\u00e9 demi-hauteur Genti allie style moderne et confort fonctionnel. Sa maille fine et ses finitions soign\u00e9es lui conf\u00e8rent une allure technique et contemporaine. Gr\u00e2ce \u00e0 sa mati\u00e8re l\u00e9g\u00e8re et souple, il est id\u00e9al au quotidien, pour des occasions d\u00e9contract\u00e9es comme habill\u00e9es.<\/div>\n<ul>\n<li>Composition : Cool Dry<\/li>\n<li>Couleur : Gris fonc\u00e9<\/li>\n<li>Coupe : Classique<\/li>\n<li>Fermeture : Zip court<\/li>\n<li>D\u00e9tails : Col montant, poche zipp\u00e9e sur la manche<\/li>\n<li>Un pull polyvalent \u00e0 l&rsquo;esprit sportif, con\u00e7u pour allier confort et style.<\/li>\n<\/ul>\n<div>Le m\u00e9lange de viscose est l\u00e9ger et respirant, tandis que le nylon assure une meilleure r\u00e9sistance et une tenue impeccable. La maille fine et les finitions soign\u00e9es soulignent le caract\u00e8re haut de gamme de cette pi\u00e8ce Genti.<\/div>\n","protected":false},"excerpt":{"rendered":"<p>Ce pull zipp\u00e9 demi-hauteur Genti allie style moderne et confort fonctionnel. Sa maille fine et ses finitions soign\u00e9es lui conf\u00e8rent une allure technique et contemporaine. Gr\u00e2ce \u00e0 sa mati\u00e8re l\u00e9g\u00e8re et souple, il est id\u00e9al au quotidien, pour des occasions d\u00e9contract\u00e9es comme habill\u00e9es. Composition : Cool Dry Couleur : Gris fonc\u00e9 Coupe : Classique Fermeture [&#8230;]\n","protected":false},"featured_media":222215,"comment_status":"open","ping_status":"closed","template":"","meta":{"rank_math_lock_modified_date":false},"product_cat":[446,450,462,534,694,710],"product_tag":[],"class_list":{"0":"post-222223","1":"product","2":"type-product","3":"status-publish","4":"has-post-thumbnail","6":"product_cat-kleding-fr","7":"product_cat-heren-fr","8":"product_cat-vousten-sports-fr-2","9":"product_cat-truien-fr-2","10":"product_cat-truien-vesten-fr-2","11":"product_cat-genti-fr","13":"first","14":"instock","15":"taxable","16":"shipping-taxable","17":"purchasable","18":"product-type-variable"},"acf":[],"yoast_head":"<!-- This site is optimized with the Yoast SEO plugin v23.9 - https:\/\/yoast.com\/wordpress\/plugins\/seo\/ -->\n<title>GENTI - Pull zipp\u00e9 demi-hauteur gris fonc\u00e9 (42516) - Vousten Sports<\/title>\n<meta name=\"robots\" content=\"index, follow, max-snippet:-1, max-image-preview:large, max-video-preview:-1\" \/>\n<link rel=\"canonical\" href=\"https:\/\/www.voustensports.com\/fr\/genti-pull-zippe-demi-hauteur-gris-fonce-42516\/\" \/>\n<meta property=\"og:locale\" content=\"fr_FR\" \/>\n<meta property=\"og:type\" content=\"article\" \/>\n<meta property=\"og:title\" content=\"GENTI - Pull zipp\u00e9 demi-hauteur gris fonc\u00e9 (42516) - Vousten Sports\" \/>\n<meta property=\"og:description\" content=\"Ce pull zipp\u00e9 demi-hauteur Genti allie style moderne et confort fonctionnel. Sa maille fine et ses finitions soign\u00e9es lui conf\u00e8rent une allure technique et contemporaine. Gr\u00e2ce \u00e0 sa mati\u00e8re l\u00e9g\u00e8re et souple, il est id\u00e9al au quotidien, pour des occasions d\u00e9contract\u00e9es comme habill\u00e9es. Composition : Cool Dry Couleur : Gris fonc\u00e9 Coupe : Classique Fermeture [...]\" \/>\n<meta property=\"og:url\" content=\"https:\/\/www.voustensports.com\/fr\/genti-pull-zippe-demi-hauteur-gris-fonce-42516\/\" \/>\n<meta property=\"og:site_name\" content=\"Vousten Sports\" \/>\n<meta property=\"article:modified_time\" content=\"2026-03-29T15:12:11+00:00\" \/>\n<meta property=\"og:image\" content=\"https:\/\/www.voustensports.com\/wp-content\/uploads\/2023\/06\/Half-Zip-Pocket-donkergrijs-42516.jpg\" \/>\n\t<meta property=\"og:image:width\" content=\"1365\" \/>\n\t<meta property=\"og:image:height\" content=\"2048\" \/>\n\t<meta property=\"og:image:type\" content=\"image\/jpeg\" \/>\n<meta name=\"twitter:card\" content=\"summary_large_image\" \/>\n<meta name=\"twitter:label1\" content=\"Est. reading time\" \/>\n\t<meta name=\"twitter:data1\" content=\"1 minute\" \/>\n<script type=\"application\/ld+json\" class=\"yoast-schema-graph\">{\"@context\":\"https:\/\/schema.org\",\"@graph\":[{\"@type\":\"WebPage\",\"@id\":\"https:\/\/www.voustensports.com\/fr\/genti-pull-zippe-demi-hauteur-gris-fonce-42516\/\",\"url\":\"https:\/\/www.voustensports.com\/fr\/genti-pull-zippe-demi-hauteur-gris-fonce-42516\/\",\"name\":\"GENTI - Pull zipp\u00e9 demi-hauteur gris fonc\u00e9 (42516) - Vousten Sports\",\"isPartOf\":{\"@id\":\"https:\/\/www.voustensports.com\/nl\/#website\"},\"primaryImageOfPage\":{\"@id\":\"https:\/\/www.voustensports.com\/fr\/genti-pull-zippe-demi-hauteur-gris-fonce-42516\/#primaryimage\"},\"image\":{\"@id\":\"https:\/\/www.voustensports.com\/fr\/genti-pull-zippe-demi-hauteur-gris-fonce-42516\/#primaryimage\"},\"thumbnailUrl\":\"https:\/\/www.voustensports.com\/wp-content\/uploads\/2023\/06\/Half-Zip-Pocket-donkergrijs-42516.jpg\",\"datePublished\":\"2026-02-17T21:57:06+00:00\",\"dateModified\":\"2026-03-29T15:12:11+00:00\",\"breadcrumb\":{\"@id\":\"https:\/\/www.voustensports.com\/fr\/genti-pull-zippe-demi-hauteur-gris-fonce-42516\/#breadcrumb\"},\"inLanguage\":\"fr-FR\",\"potentialAction\":[{\"@type\":\"ReadAction\",\"target\":[\"https:\/\/www.voustensports.com\/fr\/genti-pull-zippe-demi-hauteur-gris-fonce-42516\/\"]}]},{\"@type\":\"ImageObject\",\"inLanguage\":\"fr-FR\",\"@id\":\"https:\/\/www.voustensports.com\/fr\/genti-pull-zippe-demi-hauteur-gris-fonce-42516\/#primaryimage\",\"url\":\"https:\/\/www.voustensports.com\/wp-content\/uploads\/2023\/06\/Half-Zip-Pocket-donkergrijs-42516.jpg\",\"contentUrl\":\"https:\/\/www.voustensports.com\/wp-content\/uploads\/2023\/06\/Half-Zip-Pocket-donkergrijs-42516.jpg\",\"width\":1365,\"height\":2048},{\"@type\":\"BreadcrumbList\",\"@id\":\"https:\/\/www.voustensports.com\/fr\/genti-pull-zippe-demi-hauteur-gris-fonce-42516\/#breadcrumb\",\"itemListElement\":[{\"@type\":\"ListItem\",\"position\":1,\"name\":\"Home\",\"item\":\"https:\/\/www.voustensports.com\/fr\/\"},{\"@type\":\"ListItem\",\"position\":2,\"name\":\"Boutique\",\"item\":\"https:\/\/www.voustensports.com\/fr\/shop\/\"},{\"@type\":\"ListItem\",\"position\":3,\"name\":\"GENTI &#8211; Pull zipp\u00e9 demi-hauteur gris fonc\u00e9 (42516)\"}]},{\"@type\":\"WebSite\",\"@id\":\"https:\/\/www.voustensports.com\/nl\/#website\",\"url\":\"https:\/\/www.voustensports.com\/nl\/\",\"name\":\"Vousten Sports\",\"description\":\"\",\"potentialAction\":[{\"@type\":\"SearchAction\",\"target\":{\"@type\":\"EntryPoint\",\"urlTemplate\":\"https:\/\/www.voustensports.com\/nl\/?s={search_term_string}\"},\"query-input\":{\"@type\":\"PropertyValueSpecification\",\"valueRequired\":true,\"valueName\":\"search_term_string\"}}],\"inLanguage\":\"fr-FR\"}]}<\/script>\n<!-- \/ Yoast SEO plugin. -->","yoast_head_json":{"title":"GENTI - Pull zipp\u00e9 demi-hauteur gris fonc\u00e9 (42516) - Vousten Sports","robots":{"index":"index","follow":"follow","max-snippet":"max-snippet:-1","max-image-preview":"max-image-preview:large","max-video-preview":"max-video-preview:-1"},"canonical":"https:\/\/www.voustensports.com\/fr\/genti-pull-zippe-demi-hauteur-gris-fonce-42516\/","og_locale":"fr_FR","og_type":"article","og_title":"GENTI - Pull zipp\u00e9 demi-hauteur gris fonc\u00e9 (42516) - Vousten Sports","og_description":"Ce pull zipp\u00e9 demi-hauteur Genti allie style moderne et confort fonctionnel. Sa maille fine et ses finitions soign\u00e9es lui conf\u00e8rent une allure technique et contemporaine. Gr\u00e2ce \u00e0 sa mati\u00e8re l\u00e9g\u00e8re et souple, il est id\u00e9al au quotidien, pour des occasions d\u00e9contract\u00e9es comme habill\u00e9es. Composition : Cool Dry Couleur : Gris fonc\u00e9 Coupe : Classique Fermeture [...]","og_url":"https:\/\/www.voustensports.com\/fr\/genti-pull-zippe-demi-hauteur-gris-fonce-42516\/","og_site_name":"Vousten Sports","article_modified_time":"2026-03-29T15:12:11+00:00","og_image":[{"width":1365,"height":2048,"url":"https:\/\/www.voustensports.com\/wp-content\/uploads\/2023\/06\/Half-Zip-Pocket-donkergrijs-42516.jpg","type":"image\/jpeg"}],"twitter_card":"summary_large_image","twitter_misc":{"Est. reading time":"1 minute"},"schema":{"@context":"https:\/\/schema.org","@graph":[{"@type":"WebPage","@id":"https:\/\/www.voustensports.com\/fr\/genti-pull-zippe-demi-hauteur-gris-fonce-42516\/","url":"https:\/\/www.voustensports.com\/fr\/genti-pull-zippe-demi-hauteur-gris-fonce-42516\/","name":"GENTI - Pull zipp\u00e9 demi-hauteur gris fonc\u00e9 (42516) - Vousten Sports","isPartOf":{"@id":"https:\/\/www.voustensports.com\/nl\/#website"},"primaryImageOfPage":{"@id":"https:\/\/www.voustensports.com\/fr\/genti-pull-zippe-demi-hauteur-gris-fonce-42516\/#primaryimage"},"image":{"@id":"https:\/\/www.voustensports.com\/fr\/genti-pull-zippe-demi-hauteur-gris-fonce-42516\/#primaryimage"},"thumbnailUrl":"https:\/\/www.voustensports.com\/wp-content\/uploads\/2023\/06\/Half-Zip-Pocket-donkergrijs-42516.jpg","datePublished":"2026-02-17T21:57:06+00:00","dateModified":"2026-03-29T15:12:11+00:00","breadcrumb":{"@id":"https:\/\/www.voustensports.com\/fr\/genti-pull-zippe-demi-hauteur-gris-fonce-42516\/#breadcrumb"},"inLanguage":"fr-FR","potentialAction":[{"@type":"ReadAction","target":["https:\/\/www.voustensports.com\/fr\/genti-pull-zippe-demi-hauteur-gris-fonce-42516\/"]}]},{"@type":"ImageObject","inLanguage":"fr-FR","@id":"https:\/\/www.voustensports.com\/fr\/genti-pull-zippe-demi-hauteur-gris-fonce-42516\/#primaryimage","url":"https:\/\/www.voustensports.com\/wp-content\/uploads\/2023\/06\/Half-Zip-Pocket-donkergrijs-42516.jpg","contentUrl":"https:\/\/www.voustensports.com\/wp-content\/uploads\/2023\/06\/Half-Zip-Pocket-donkergrijs-42516.jpg","width":1365,"height":2048},{"@type":"BreadcrumbList","@id":"https:\/\/www.voustensports.com\/fr\/genti-pull-zippe-demi-hauteur-gris-fonce-42516\/#breadcrumb","itemListElement":[{"@type":"ListItem","position":1,"name":"Home","item":"https:\/\/www.voustensports.com\/fr\/"},{"@type":"ListItem","position":2,"name":"Boutique","item":"https:\/\/www.voustensports.com\/fr\/shop\/"},{"@type":"ListItem","position":3,"name":"GENTI &#8211; Pull zipp\u00e9 demi-hauteur gris fonc\u00e9 (42516)"}]},{"@type":"WebSite","@id":"https:\/\/www.voustensports.com\/nl\/#website","url":"https:\/\/www.voustensports.com\/nl\/","name":"Vousten Sports","description":"","potentialAction":[{"@type":"SearchAction","target":{"@type":"EntryPoint","urlTemplate":"https:\/\/www.voustensports.com\/nl\/?s={search_term_string}"},"query-input":{"@type":"PropertyValueSpecification","valueRequired":true,"valueName":"search_term_string"}}],"inLanguage":"fr-FR"}]}},"_links":{"self":[{"href":"https:\/\/www.voustensports.com\/fr\/wp-json\/wp\/v2\/product\/222223","targetHints":{"allow":["GET"]}}],"collection":[{"href":"https:\/\/www.voustensports.com\/fr\/wp-json\/wp\/v2\/product"}],"about":[{"href":"https:\/\/www.voustensports.com\/fr\/wp-json\/wp\/v2\/types\/product"}],"replies":[{"embeddable":true,"href":"https:\/\/www.voustensports.com\/fr\/wp-json\/wp\/v2\/comments?post=222223"}],"wp:featuredmedia":[{"embeddable":true,"href":"https:\/\/www.voustensports.com\/fr\/wp-json\/wp\/v2\/media\/222215"}],"wp:attachment":[{"href":"https:\/\/www.voustensports.com\/fr\/wp-json\/wp\/v2\/media?parent=222223"}],"wp:term":[{"taxonomy":"product_cat","embeddable":true,"href":"https:\/\/www.voustensports.com\/fr\/wp-json\/wp\/v2\/product_cat?post=222223"},{"taxonomy":"product_tag","embeddable":true,"href":"https:\/\/www.voustensports.com\/fr\/wp-json\/wp\/v2\/product_tag?post=222223"}],"curies":[{"name":"wp","href":"https:\/\/api.w.org\/{rel}","templated":true}]}}