{"id":222199,"date":"2026-02-17T21:09:09","date_gmt":"2026-02-17T20:09:09","guid":{"rendered":"https:\/\/www.voustensports.com\/genti-polo-noir-coupe-decontractee-42522\/"},"modified":"2026-04-18T13:27:09","modified_gmt":"2026-04-18T11:27:09","slug":"genti-polo-noir-coupe-decontractee-42522","status":"publish","type":"product","link":"https:\/\/www.voustensports.com\/fr\/genti-polo-noir-coupe-decontractee-42522\/","title":{"rendered":"GENTI &#8211; Polo noir coupe d\u00e9contract\u00e9e (42522)"},"content":{"rendered":"<div>\n<div>Ce polo \u00e0 manches courtes Genti arbore un style minimaliste et moderne, con\u00e7u pour un confort optimal au quotidien. Son m\u00e9lange de coton technique extensible assure une coupe ajust\u00e9e et une grande libert\u00e9 de mouvement. Sa fermeture \u00e9clair et ses finitions soign\u00e9es en font le v\u00eatement id\u00e9al pour un look urbain et contemporain.<\/div>\n<ul>\n<li>Composition : 52 % coton, 42 % polyamide, 6 % \u00e9lasthanne<\/li>\n<li>Couleur : Noir<\/li>\n<li>Coupe : Classique<\/li>\n<li>Motif : Uni<\/li>\n<li>Fermeture : Zipp\u00e9e<\/li>\n<li>Tissu stretch l\u00e9ger au style \u00e9l\u00e9gant et moderne. Confortable et polyvalent.<\/li>\n<\/ul>\n<div>L&rsquo;association du coton et du polyamide garantit respirabilit\u00e9 et r\u00e9sistance, tandis que l&rsquo;\u00e9lasthanne apporte souplesse. Ainsi, ce polo reste confortable et conserve sa forme, m\u00eame en cas d&rsquo;utilisation intensive.<\/div>\n<\/div>\n<div><\/div>\n","protected":false},"excerpt":{"rendered":"<p>Ce polo \u00e0 manches courtes Genti arbore un style minimaliste et moderne, con\u00e7u pour un confort optimal au quotidien. Son m\u00e9lange de coton technique extensible assure une coupe ajust\u00e9e et une grande libert\u00e9 de mouvement. Sa fermeture \u00e9clair et ses finitions soign\u00e9es en font le v\u00eatement id\u00e9al pour un look urbain et contemporain. Composition : [&#8230;]\n","protected":false},"featured_media":222187,"comment_status":"open","ping_status":"closed","template":"","meta":{"rank_math_lock_modified_date":false},"product_cat":[446,450,462,478,486,710,739],"product_tag":[],"class_list":{"0":"post-222199","1":"product","2":"type-product","3":"status-publish","4":"has-post-thumbnail","6":"product_cat-kleding-fr","7":"product_cat-heren-fr","8":"product_cat-vousten-sports-fr-2","9":"product_cat-polos-fr-2","10":"product_cat-shirt-fr-2","11":"product_cat-genti-fr","12":"product_cat-overshirt-fr-2","14":"first","15":"instock","16":"taxable","17":"shipping-taxable","18":"purchasable","19":"product-type-variable"},"acf":[],"yoast_head":"<!-- This site is optimized with the Yoast SEO plugin v23.9 - https:\/\/yoast.com\/wordpress\/plugins\/seo\/ -->\n<title>GENTI - Polo noir coupe d\u00e9contract\u00e9e (42522) - Vousten Sports<\/title>\n<meta name=\"robots\" content=\"index, follow, max-snippet:-1, max-image-preview:large, max-video-preview:-1\" \/>\n<link rel=\"canonical\" href=\"https:\/\/www.voustensports.com\/fr\/genti-polo-noir-coupe-decontractee-42522\/\" \/>\n<meta property=\"og:locale\" content=\"fr_FR\" \/>\n<meta property=\"og:type\" content=\"article\" \/>\n<meta property=\"og:title\" content=\"GENTI - Polo noir coupe d\u00e9contract\u00e9e (42522) - Vousten Sports\" \/>\n<meta property=\"og:description\" content=\"Ce polo \u00e0 manches courtes Genti arbore un style minimaliste et moderne, con\u00e7u pour un confort optimal au quotidien. Son m\u00e9lange de coton technique extensible assure une coupe ajust\u00e9e et une grande libert\u00e9 de mouvement. Sa fermeture \u00e9clair et ses finitions soign\u00e9es en font le v\u00eatement id\u00e9al pour un look urbain et contemporain. Composition : [...]\" \/>\n<meta property=\"og:url\" content=\"https:\/\/www.voustensports.com\/fr\/genti-polo-noir-coupe-decontractee-42522\/\" \/>\n<meta property=\"og:site_name\" content=\"Vousten Sports\" \/>\n<meta property=\"article:modified_time\" content=\"2026-04-18T11:27:09+00:00\" \/>\n<meta property=\"og:image\" content=\"https:\/\/www.voustensports.com\/wp-content\/uploads\/2023\/06\/Relaxed-Fit-Polo-Overshirt-zwart-425221.jpg\" \/>\n\t<meta property=\"og:image:width\" content=\"1365\" \/>\n\t<meta property=\"og:image:height\" content=\"2048\" \/>\n\t<meta property=\"og:image:type\" content=\"image\/jpeg\" \/>\n<meta name=\"twitter:card\" content=\"summary_large_image\" \/>\n<meta name=\"twitter:label1\" content=\"Est. reading time\" \/>\n\t<meta name=\"twitter:data1\" content=\"1 minute\" \/>\n<script type=\"application\/ld+json\" class=\"yoast-schema-graph\">{\"@context\":\"https:\/\/schema.org\",\"@graph\":[{\"@type\":\"WebPage\",\"@id\":\"https:\/\/www.voustensports.com\/fr\/genti-polo-noir-coupe-decontractee-42522\/\",\"url\":\"https:\/\/www.voustensports.com\/fr\/genti-polo-noir-coupe-decontractee-42522\/\",\"name\":\"GENTI - Polo noir coupe d\u00e9contract\u00e9e (42522) - Vousten Sports\",\"isPartOf\":{\"@id\":\"https:\/\/www.voustensports.com\/nl\/#website\"},\"primaryImageOfPage\":{\"@id\":\"https:\/\/www.voustensports.com\/fr\/genti-polo-noir-coupe-decontractee-42522\/#primaryimage\"},\"image\":{\"@id\":\"https:\/\/www.voustensports.com\/fr\/genti-polo-noir-coupe-decontractee-42522\/#primaryimage\"},\"thumbnailUrl\":\"https:\/\/www.voustensports.com\/wp-content\/uploads\/2023\/06\/Relaxed-Fit-Polo-Overshirt-zwart-425221.jpg\",\"datePublished\":\"2026-02-17T20:09:09+00:00\",\"dateModified\":\"2026-04-18T11:27:09+00:00\",\"breadcrumb\":{\"@id\":\"https:\/\/www.voustensports.com\/fr\/genti-polo-noir-coupe-decontractee-42522\/#breadcrumb\"},\"inLanguage\":\"fr-FR\",\"potentialAction\":[{\"@type\":\"ReadAction\",\"target\":[\"https:\/\/www.voustensports.com\/fr\/genti-polo-noir-coupe-decontractee-42522\/\"]}]},{\"@type\":\"ImageObject\",\"inLanguage\":\"fr-FR\",\"@id\":\"https:\/\/www.voustensports.com\/fr\/genti-polo-noir-coupe-decontractee-42522\/#primaryimage\",\"url\":\"https:\/\/www.voustensports.com\/wp-content\/uploads\/2023\/06\/Relaxed-Fit-Polo-Overshirt-zwart-425221.jpg\",\"contentUrl\":\"https:\/\/www.voustensports.com\/wp-content\/uploads\/2023\/06\/Relaxed-Fit-Polo-Overshirt-zwart-425221.jpg\",\"width\":1365,\"height\":2048},{\"@type\":\"BreadcrumbList\",\"@id\":\"https:\/\/www.voustensports.com\/fr\/genti-polo-noir-coupe-decontractee-42522\/#breadcrumb\",\"itemListElement\":[{\"@type\":\"ListItem\",\"position\":1,\"name\":\"Home\",\"item\":\"https:\/\/www.voustensports.com\/fr\/\"},{\"@type\":\"ListItem\",\"position\":2,\"name\":\"Boutique\",\"item\":\"https:\/\/www.voustensports.com\/fr\/shop\/\"},{\"@type\":\"ListItem\",\"position\":3,\"name\":\"GENTI &#8211; Polo noir coupe d\u00e9contract\u00e9e (42522)\"}]},{\"@type\":\"WebSite\",\"@id\":\"https:\/\/www.voustensports.com\/nl\/#website\",\"url\":\"https:\/\/www.voustensports.com\/nl\/\",\"name\":\"Vousten Sports\",\"description\":\"\",\"potentialAction\":[{\"@type\":\"SearchAction\",\"target\":{\"@type\":\"EntryPoint\",\"urlTemplate\":\"https:\/\/www.voustensports.com\/nl\/?s={search_term_string}\"},\"query-input\":{\"@type\":\"PropertyValueSpecification\",\"valueRequired\":true,\"valueName\":\"search_term_string\"}}],\"inLanguage\":\"fr-FR\"}]}<\/script>\n<!-- \/ Yoast SEO plugin. -->","yoast_head_json":{"title":"GENTI - Polo noir coupe d\u00e9contract\u00e9e (42522) - Vousten Sports","robots":{"index":"index","follow":"follow","max-snippet":"max-snippet:-1","max-image-preview":"max-image-preview:large","max-video-preview":"max-video-preview:-1"},"canonical":"https:\/\/www.voustensports.com\/fr\/genti-polo-noir-coupe-decontractee-42522\/","og_locale":"fr_FR","og_type":"article","og_title":"GENTI - Polo noir coupe d\u00e9contract\u00e9e (42522) - Vousten Sports","og_description":"Ce polo \u00e0 manches courtes Genti arbore un style minimaliste et moderne, con\u00e7u pour un confort optimal au quotidien. Son m\u00e9lange de coton technique extensible assure une coupe ajust\u00e9e et une grande libert\u00e9 de mouvement. Sa fermeture \u00e9clair et ses finitions soign\u00e9es en font le v\u00eatement id\u00e9al pour un look urbain et contemporain. Composition : [...]","og_url":"https:\/\/www.voustensports.com\/fr\/genti-polo-noir-coupe-decontractee-42522\/","og_site_name":"Vousten Sports","article_modified_time":"2026-04-18T11:27:09+00:00","og_image":[{"width":1365,"height":2048,"url":"https:\/\/www.voustensports.com\/wp-content\/uploads\/2023\/06\/Relaxed-Fit-Polo-Overshirt-zwart-425221.jpg","type":"image\/jpeg"}],"twitter_card":"summary_large_image","twitter_misc":{"Est. reading time":"1 minute"},"schema":{"@context":"https:\/\/schema.org","@graph":[{"@type":"WebPage","@id":"https:\/\/www.voustensports.com\/fr\/genti-polo-noir-coupe-decontractee-42522\/","url":"https:\/\/www.voustensports.com\/fr\/genti-polo-noir-coupe-decontractee-42522\/","name":"GENTI - Polo noir coupe d\u00e9contract\u00e9e (42522) - Vousten Sports","isPartOf":{"@id":"https:\/\/www.voustensports.com\/nl\/#website"},"primaryImageOfPage":{"@id":"https:\/\/www.voustensports.com\/fr\/genti-polo-noir-coupe-decontractee-42522\/#primaryimage"},"image":{"@id":"https:\/\/www.voustensports.com\/fr\/genti-polo-noir-coupe-decontractee-42522\/#primaryimage"},"thumbnailUrl":"https:\/\/www.voustensports.com\/wp-content\/uploads\/2023\/06\/Relaxed-Fit-Polo-Overshirt-zwart-425221.jpg","datePublished":"2026-02-17T20:09:09+00:00","dateModified":"2026-04-18T11:27:09+00:00","breadcrumb":{"@id":"https:\/\/www.voustensports.com\/fr\/genti-polo-noir-coupe-decontractee-42522\/#breadcrumb"},"inLanguage":"fr-FR","potentialAction":[{"@type":"ReadAction","target":["https:\/\/www.voustensports.com\/fr\/genti-polo-noir-coupe-decontractee-42522\/"]}]},{"@type":"ImageObject","inLanguage":"fr-FR","@id":"https:\/\/www.voustensports.com\/fr\/genti-polo-noir-coupe-decontractee-42522\/#primaryimage","url":"https:\/\/www.voustensports.com\/wp-content\/uploads\/2023\/06\/Relaxed-Fit-Polo-Overshirt-zwart-425221.jpg","contentUrl":"https:\/\/www.voustensports.com\/wp-content\/uploads\/2023\/06\/Relaxed-Fit-Polo-Overshirt-zwart-425221.jpg","width":1365,"height":2048},{"@type":"BreadcrumbList","@id":"https:\/\/www.voustensports.com\/fr\/genti-polo-noir-coupe-decontractee-42522\/#breadcrumb","itemListElement":[{"@type":"ListItem","position":1,"name":"Home","item":"https:\/\/www.voustensports.com\/fr\/"},{"@type":"ListItem","position":2,"name":"Boutique","item":"https:\/\/www.voustensports.com\/fr\/shop\/"},{"@type":"ListItem","position":3,"name":"GENTI &#8211; Polo noir coupe d\u00e9contract\u00e9e (42522)"}]},{"@type":"WebSite","@id":"https:\/\/www.voustensports.com\/nl\/#website","url":"https:\/\/www.voustensports.com\/nl\/","name":"Vousten Sports","description":"","potentialAction":[{"@type":"SearchAction","target":{"@type":"EntryPoint","urlTemplate":"https:\/\/www.voustensports.com\/nl\/?s={search_term_string}"},"query-input":{"@type":"PropertyValueSpecification","valueRequired":true,"valueName":"search_term_string"}}],"inLanguage":"fr-FR"}]}},"_links":{"self":[{"href":"https:\/\/www.voustensports.com\/fr\/wp-json\/wp\/v2\/product\/222199","targetHints":{"allow":["GET"]}}],"collection":[{"href":"https:\/\/www.voustensports.com\/fr\/wp-json\/wp\/v2\/product"}],"about":[{"href":"https:\/\/www.voustensports.com\/fr\/wp-json\/wp\/v2\/types\/product"}],"replies":[{"embeddable":true,"href":"https:\/\/www.voustensports.com\/fr\/wp-json\/wp\/v2\/comments?post=222199"}],"wp:featuredmedia":[{"embeddable":true,"href":"https:\/\/www.voustensports.com\/fr\/wp-json\/wp\/v2\/media\/222187"}],"wp:attachment":[{"href":"https:\/\/www.voustensports.com\/fr\/wp-json\/wp\/v2\/media?parent=222199"}],"wp:term":[{"taxonomy":"product_cat","embeddable":true,"href":"https:\/\/www.voustensports.com\/fr\/wp-json\/wp\/v2\/product_cat?post=222199"},{"taxonomy":"product_tag","embeddable":true,"href":"https:\/\/www.voustensports.com\/fr\/wp-json\/wp\/v2\/product_tag?post=222199"}],"curies":[{"name":"wp","href":"https:\/\/api.w.org\/{rel}","templated":true}]}}