{"id":222163,"date":"2026-02-17T19:06:15","date_gmt":"2026-02-17T18:06:15","guid":{"rendered":"https:\/\/www.voustensports.com\/genti-polo-zippe-bleu-fonce-42491\/"},"modified":"2026-02-27T23:42:11","modified_gmt":"2026-02-27T22:42:11","slug":"genti-polo-zippe-bleu-fonce-42491","status":"publish","type":"product","link":"https:\/\/www.voustensports.com\/fr\/genti-polo-zippe-bleu-fonce-42491\/","title":{"rendered":"GENTI &#8211; Polo zipp\u00e9 bleu fonc\u00e9 (42491)"},"content":{"rendered":"<div>Ce polo \u00e0 manches longues Genti arbore un style moderne et \u00e9l\u00e9gant avec une touche sportive. Son tissu doux en viscose et nylon offre une sensation de souplesse et de confort. Le zip court et les finitions soign\u00e9es lui conf\u00e8rent une allure contemporaine, id\u00e9ale pour un mode de vie urbain.<\/div>\n<ul>\n<li>Composition : 65 % viscose mate, 35 % nylon<\/li>\n<li>Couleur : Bleu fonc\u00e9<\/li>\n<li>Fermeture : Zipp\u00e9e<\/li>\n<li>D\u00e9tails : Col polo, manches longues, zip court<\/li>\n<li>Ce polo allie confort et style dans un mod\u00e8le polyvalent. Parfait au quotidien, il offre une allure soign\u00e9e qui se pr\u00eate aussi bien au travail qu&rsquo;aux loisirs.<\/li>\n<\/ul>\n<div>Le m\u00e9lange de viscose procure un toucher doux et luxueux, tandis que le nylon assure une excellente tenue et une grande durabilit\u00e9. La texture fine et les finitions impeccables t\u00e9moignent de la qualit\u00e9 premium de Genti.<\/div>\n","protected":false},"excerpt":{"rendered":"<p>Ce polo \u00e0 manches longues Genti arbore un style moderne et \u00e9l\u00e9gant avec une touche sportive. Son tissu doux en viscose et nylon offre une sensation de souplesse et de confort. Le zip court et les finitions soign\u00e9es lui conf\u00e8rent une allure contemporaine, id\u00e9ale pour un mode de vie urbain. Composition : 65 % viscose [&#8230;]\n","protected":false},"featured_media":222147,"comment_status":"open","ping_status":"closed","template":"","meta":{"rank_math_lock_modified_date":false},"product_cat":[446,450,462,478,534,694,697,710,1122],"product_tag":[],"class_list":{"0":"post-222163","1":"product","2":"type-product","3":"status-publish","4":"has-post-thumbnail","6":"product_cat-kleding-fr","7":"product_cat-heren-fr","8":"product_cat-vousten-sports-fr-2","9":"product_cat-polos-fr-2","10":"product_cat-truien-fr-2","11":"product_cat-truien-vesten-fr-2","12":"product_cat-sweaters-fr-2","13":"product_cat-genti-fr","14":"product_cat-longsleeve-fr","16":"first","17":"instock","18":"taxable","19":"shipping-taxable","20":"purchasable","21":"product-type-variable"},"acf":[],"yoast_head":"<!-- This site is optimized with the Yoast SEO plugin v23.9 - https:\/\/yoast.com\/wordpress\/plugins\/seo\/ -->\n<title>GENTI - Polo zipp\u00e9 bleu fonc\u00e9 (42491) - Vousten Sports<\/title>\n<meta name=\"robots\" content=\"index, follow, max-snippet:-1, max-image-preview:large, max-video-preview:-1\" \/>\n<link rel=\"canonical\" href=\"https:\/\/www.voustensports.com\/fr\/genti-polo-zippe-bleu-fonce-42491\/\" \/>\n<meta property=\"og:locale\" content=\"fr_FR\" \/>\n<meta property=\"og:type\" content=\"article\" \/>\n<meta property=\"og:title\" content=\"GENTI - Polo zipp\u00e9 bleu fonc\u00e9 (42491) - Vousten Sports\" \/>\n<meta property=\"og:description\" content=\"Ce polo \u00e0 manches longues Genti arbore un style moderne et \u00e9l\u00e9gant avec une touche sportive. Son tissu doux en viscose et nylon offre une sensation de souplesse et de confort. Le zip court et les finitions soign\u00e9es lui conf\u00e8rent une allure contemporaine, id\u00e9ale pour un mode de vie urbain. Composition : 65 % viscose [...]\" \/>\n<meta property=\"og:url\" content=\"https:\/\/www.voustensports.com\/fr\/genti-polo-zippe-bleu-fonce-42491\/\" \/>\n<meta property=\"og:site_name\" content=\"Vousten Sports\" \/>\n<meta property=\"article:modified_time\" content=\"2026-02-27T22:42:11+00:00\" \/>\n<meta property=\"og:image\" content=\"https:\/\/www.voustensports.com\/wp-content\/uploads\/2023\/06\/Polo-zip-donkerblauw-424911.jpg\" \/>\n\t<meta property=\"og:image:width\" content=\"1365\" \/>\n\t<meta property=\"og:image:height\" content=\"2048\" \/>\n\t<meta property=\"og:image:type\" content=\"image\/jpeg\" \/>\n<meta name=\"twitter:card\" content=\"summary_large_image\" \/>\n<meta name=\"twitter:label1\" content=\"Est. reading time\" \/>\n\t<meta name=\"twitter:data1\" content=\"1 minute\" \/>\n<script type=\"application\/ld+json\" class=\"yoast-schema-graph\">{\"@context\":\"https:\/\/schema.org\",\"@graph\":[{\"@type\":\"WebPage\",\"@id\":\"https:\/\/www.voustensports.com\/fr\/genti-polo-zippe-bleu-fonce-42491\/\",\"url\":\"https:\/\/www.voustensports.com\/fr\/genti-polo-zippe-bleu-fonce-42491\/\",\"name\":\"GENTI - Polo zipp\u00e9 bleu fonc\u00e9 (42491) - Vousten Sports\",\"isPartOf\":{\"@id\":\"https:\/\/www.voustensports.com\/nl\/#website\"},\"primaryImageOfPage\":{\"@id\":\"https:\/\/www.voustensports.com\/fr\/genti-polo-zippe-bleu-fonce-42491\/#primaryimage\"},\"image\":{\"@id\":\"https:\/\/www.voustensports.com\/fr\/genti-polo-zippe-bleu-fonce-42491\/#primaryimage\"},\"thumbnailUrl\":\"https:\/\/www.voustensports.com\/wp-content\/uploads\/2023\/06\/Polo-zip-donkerblauw-424911.jpg\",\"datePublished\":\"2026-02-17T18:06:15+00:00\",\"dateModified\":\"2026-02-27T22:42:11+00:00\",\"breadcrumb\":{\"@id\":\"https:\/\/www.voustensports.com\/fr\/genti-polo-zippe-bleu-fonce-42491\/#breadcrumb\"},\"inLanguage\":\"fr-FR\",\"potentialAction\":[{\"@type\":\"ReadAction\",\"target\":[\"https:\/\/www.voustensports.com\/fr\/genti-polo-zippe-bleu-fonce-42491\/\"]}]},{\"@type\":\"ImageObject\",\"inLanguage\":\"fr-FR\",\"@id\":\"https:\/\/www.voustensports.com\/fr\/genti-polo-zippe-bleu-fonce-42491\/#primaryimage\",\"url\":\"https:\/\/www.voustensports.com\/wp-content\/uploads\/2023\/06\/Polo-zip-donkerblauw-424911.jpg\",\"contentUrl\":\"https:\/\/www.voustensports.com\/wp-content\/uploads\/2023\/06\/Polo-zip-donkerblauw-424911.jpg\",\"width\":1365,\"height\":2048},{\"@type\":\"BreadcrumbList\",\"@id\":\"https:\/\/www.voustensports.com\/fr\/genti-polo-zippe-bleu-fonce-42491\/#breadcrumb\",\"itemListElement\":[{\"@type\":\"ListItem\",\"position\":1,\"name\":\"Home\",\"item\":\"https:\/\/www.voustensports.com\/fr\/\"},{\"@type\":\"ListItem\",\"position\":2,\"name\":\"Boutique\",\"item\":\"https:\/\/www.voustensports.com\/fr\/shop\/\"},{\"@type\":\"ListItem\",\"position\":3,\"name\":\"GENTI &#8211; Polo zipp\u00e9 bleu fonc\u00e9 (42491)\"}]},{\"@type\":\"WebSite\",\"@id\":\"https:\/\/www.voustensports.com\/nl\/#website\",\"url\":\"https:\/\/www.voustensports.com\/nl\/\",\"name\":\"Vousten Sports\",\"description\":\"\",\"potentialAction\":[{\"@type\":\"SearchAction\",\"target\":{\"@type\":\"EntryPoint\",\"urlTemplate\":\"https:\/\/www.voustensports.com\/nl\/?s={search_term_string}\"},\"query-input\":{\"@type\":\"PropertyValueSpecification\",\"valueRequired\":true,\"valueName\":\"search_term_string\"}}],\"inLanguage\":\"fr-FR\"}]}<\/script>\n<!-- \/ Yoast SEO plugin. -->","yoast_head_json":{"title":"GENTI - Polo zipp\u00e9 bleu fonc\u00e9 (42491) - Vousten Sports","robots":{"index":"index","follow":"follow","max-snippet":"max-snippet:-1","max-image-preview":"max-image-preview:large","max-video-preview":"max-video-preview:-1"},"canonical":"https:\/\/www.voustensports.com\/fr\/genti-polo-zippe-bleu-fonce-42491\/","og_locale":"fr_FR","og_type":"article","og_title":"GENTI - Polo zipp\u00e9 bleu fonc\u00e9 (42491) - Vousten Sports","og_description":"Ce polo \u00e0 manches longues Genti arbore un style moderne et \u00e9l\u00e9gant avec une touche sportive. Son tissu doux en viscose et nylon offre une sensation de souplesse et de confort. Le zip court et les finitions soign\u00e9es lui conf\u00e8rent une allure contemporaine, id\u00e9ale pour un mode de vie urbain. Composition : 65 % viscose [...]","og_url":"https:\/\/www.voustensports.com\/fr\/genti-polo-zippe-bleu-fonce-42491\/","og_site_name":"Vousten Sports","article_modified_time":"2026-02-27T22:42:11+00:00","og_image":[{"width":1365,"height":2048,"url":"https:\/\/www.voustensports.com\/wp-content\/uploads\/2023\/06\/Polo-zip-donkerblauw-424911.jpg","type":"image\/jpeg"}],"twitter_card":"summary_large_image","twitter_misc":{"Est. reading time":"1 minute"},"schema":{"@context":"https:\/\/schema.org","@graph":[{"@type":"WebPage","@id":"https:\/\/www.voustensports.com\/fr\/genti-polo-zippe-bleu-fonce-42491\/","url":"https:\/\/www.voustensports.com\/fr\/genti-polo-zippe-bleu-fonce-42491\/","name":"GENTI - Polo zipp\u00e9 bleu fonc\u00e9 (42491) - Vousten Sports","isPartOf":{"@id":"https:\/\/www.voustensports.com\/nl\/#website"},"primaryImageOfPage":{"@id":"https:\/\/www.voustensports.com\/fr\/genti-polo-zippe-bleu-fonce-42491\/#primaryimage"},"image":{"@id":"https:\/\/www.voustensports.com\/fr\/genti-polo-zippe-bleu-fonce-42491\/#primaryimage"},"thumbnailUrl":"https:\/\/www.voustensports.com\/wp-content\/uploads\/2023\/06\/Polo-zip-donkerblauw-424911.jpg","datePublished":"2026-02-17T18:06:15+00:00","dateModified":"2026-02-27T22:42:11+00:00","breadcrumb":{"@id":"https:\/\/www.voustensports.com\/fr\/genti-polo-zippe-bleu-fonce-42491\/#breadcrumb"},"inLanguage":"fr-FR","potentialAction":[{"@type":"ReadAction","target":["https:\/\/www.voustensports.com\/fr\/genti-polo-zippe-bleu-fonce-42491\/"]}]},{"@type":"ImageObject","inLanguage":"fr-FR","@id":"https:\/\/www.voustensports.com\/fr\/genti-polo-zippe-bleu-fonce-42491\/#primaryimage","url":"https:\/\/www.voustensports.com\/wp-content\/uploads\/2023\/06\/Polo-zip-donkerblauw-424911.jpg","contentUrl":"https:\/\/www.voustensports.com\/wp-content\/uploads\/2023\/06\/Polo-zip-donkerblauw-424911.jpg","width":1365,"height":2048},{"@type":"BreadcrumbList","@id":"https:\/\/www.voustensports.com\/fr\/genti-polo-zippe-bleu-fonce-42491\/#breadcrumb","itemListElement":[{"@type":"ListItem","position":1,"name":"Home","item":"https:\/\/www.voustensports.com\/fr\/"},{"@type":"ListItem","position":2,"name":"Boutique","item":"https:\/\/www.voustensports.com\/fr\/shop\/"},{"@type":"ListItem","position":3,"name":"GENTI &#8211; Polo zipp\u00e9 bleu fonc\u00e9 (42491)"}]},{"@type":"WebSite","@id":"https:\/\/www.voustensports.com\/nl\/#website","url":"https:\/\/www.voustensports.com\/nl\/","name":"Vousten Sports","description":"","potentialAction":[{"@type":"SearchAction","target":{"@type":"EntryPoint","urlTemplate":"https:\/\/www.voustensports.com\/nl\/?s={search_term_string}"},"query-input":{"@type":"PropertyValueSpecification","valueRequired":true,"valueName":"search_term_string"}}],"inLanguage":"fr-FR"}]}},"_links":{"self":[{"href":"https:\/\/www.voustensports.com\/fr\/wp-json\/wp\/v2\/product\/222163","targetHints":{"allow":["GET"]}}],"collection":[{"href":"https:\/\/www.voustensports.com\/fr\/wp-json\/wp\/v2\/product"}],"about":[{"href":"https:\/\/www.voustensports.com\/fr\/wp-json\/wp\/v2\/types\/product"}],"replies":[{"embeddable":true,"href":"https:\/\/www.voustensports.com\/fr\/wp-json\/wp\/v2\/comments?post=222163"}],"wp:featuredmedia":[{"embeddable":true,"href":"https:\/\/www.voustensports.com\/fr\/wp-json\/wp\/v2\/media\/222147"}],"wp:attachment":[{"href":"https:\/\/www.voustensports.com\/fr\/wp-json\/wp\/v2\/media?parent=222163"}],"wp:term":[{"taxonomy":"product_cat","embeddable":true,"href":"https:\/\/www.voustensports.com\/fr\/wp-json\/wp\/v2\/product_cat?post=222163"},{"taxonomy":"product_tag","embeddable":true,"href":"https:\/\/www.voustensports.com\/fr\/wp-json\/wp\/v2\/product_tag?post=222163"}],"curies":[{"name":"wp","href":"https:\/\/api.w.org\/{rel}","templated":true}]}}