{"id":222127,"date":"2026-02-17T17:27:07","date_gmt":"2026-02-17T16:27:07","guid":{"rendered":"https:\/\/www.voustensports.com\/genti-gilet-cool-dry-gris-42519\/"},"modified":"2026-04-18T02:12:12","modified_gmt":"2026-04-18T00:12:12","slug":"genti-gilet-cool-dry-gris-42519","status":"publish","type":"product","link":"https:\/\/www.voustensports.com\/fr\/genti-gilet-cool-dry-gris-42519\/","title":{"rendered":"GENTI &#8211; Gilet Cool Dry gris (42519)"},"content":{"rendered":"<div>Ce gilet zipp\u00e9 Genti allie un style technique et moderne \u00e0 un confort exceptionnel. Sa maille fine et ses lignes \u00e9pur\u00e9es lui conf\u00e8rent une allure contemporaine. La fermeture \u00e9clair et la poche poitrine ajoutent une touche fonctionnelle, id\u00e9ale au quotidien pour un style urbain et \u00e9l\u00e9gant.<\/div>\n<div><\/div>\n<div><strong>Le mannequin mesure 180 cm, p\u00e8se 80 kg et porte une taille L.<\/strong><\/div>\n<ul>\n<li>Composition : 65 % viscose, 35 % nylon<\/li>\n<li>Couleur : Gris<\/li>\n<li>Coupe : Coupe classique<\/li>\n<li>Fermeture : Zipp\u00e9e<\/li>\n<li>D\u00e9tails : Poche poitrine \u00e0 rabat, col et poignets c\u00f4tel\u00e9s<\/li>\n<\/ul>\n<div>Un gilet polyvalent qui allie confort et style avec brio. Parfait comme couche suppl\u00e9mentaire, aussi bien \u00e0 l&rsquo;int\u00e9rieur qu&rsquo;\u00e0 l&rsquo;ext\u00e9rieur.<\/div>\n<div>Le m\u00e9lange de viscose offre douceur et respirabilit\u00e9, tandis que le nylon garantit durabilit\u00e9 et maintien de la forme. La maille fine et les finitions soign\u00e9es soulignent le caract\u00e8re haut de gamme de ce gilet Genti.<\/div>\n","protected":false},"excerpt":{"rendered":"<p>Ce gilet zipp\u00e9 Genti allie un style technique et moderne \u00e0 un confort exceptionnel. Sa maille fine et ses lignes \u00e9pur\u00e9es lui conf\u00e8rent une allure contemporaine. La fermeture \u00e9clair et la poche poitrine ajoutent une touche fonctionnelle, id\u00e9ale au quotidien pour un style urbain et \u00e9l\u00e9gant. Le mannequin mesure 180 cm, p\u00e8se 80 kg et [&#8230;]\n","protected":false},"featured_media":222119,"comment_status":"open","ping_status":"closed","template":"","meta":{"rank_math_lock_modified_date":false},"product_cat":[446,450,462,677,694,710],"product_tag":[],"class_list":{"0":"post-222127","1":"product","2":"type-product","3":"status-publish","4":"has-post-thumbnail","6":"product_cat-kleding-fr","7":"product_cat-heren-fr","8":"product_cat-vousten-sports-fr-2","9":"product_cat-gilets-fr","10":"product_cat-truien-vesten-fr-2","11":"product_cat-genti-fr","13":"first","14":"instock","15":"taxable","16":"shipping-taxable","17":"purchasable","18":"product-type-variable"},"acf":[],"yoast_head":"<!-- This site is optimized with the Yoast SEO plugin v23.9 - https:\/\/yoast.com\/wordpress\/plugins\/seo\/ -->\n<title>GENTI - Gilet Cool Dry gris (42519) - Vousten Sports<\/title>\n<meta name=\"robots\" content=\"index, follow, max-snippet:-1, max-image-preview:large, max-video-preview:-1\" \/>\n<link rel=\"canonical\" href=\"https:\/\/www.voustensports.com\/fr\/genti-gilet-cool-dry-gris-42519\/\" \/>\n<meta property=\"og:locale\" content=\"fr_FR\" \/>\n<meta property=\"og:type\" content=\"article\" \/>\n<meta property=\"og:title\" content=\"GENTI - Gilet Cool Dry gris (42519) - Vousten Sports\" \/>\n<meta property=\"og:description\" content=\"Ce gilet zipp\u00e9 Genti allie un style technique et moderne \u00e0 un confort exceptionnel. Sa maille fine et ses lignes \u00e9pur\u00e9es lui conf\u00e8rent une allure contemporaine. La fermeture \u00e9clair et la poche poitrine ajoutent une touche fonctionnelle, id\u00e9ale au quotidien pour un style urbain et \u00e9l\u00e9gant. Le mannequin mesure 180 cm, p\u00e8se 80 kg et [...]\" \/>\n<meta property=\"og:url\" content=\"https:\/\/www.voustensports.com\/fr\/genti-gilet-cool-dry-gris-42519\/\" \/>\n<meta property=\"og:site_name\" content=\"Vousten Sports\" \/>\n<meta property=\"article:modified_time\" content=\"2026-04-18T00:12:12+00:00\" \/>\n<meta property=\"og:image\" content=\"https:\/\/www.voustensports.com\/wp-content\/uploads\/2023\/06\/Cool-Dry-Vest-grijs-425191.jpg\" \/>\n\t<meta property=\"og:image:width\" content=\"1365\" \/>\n\t<meta property=\"og:image:height\" content=\"2048\" \/>\n\t<meta property=\"og:image:type\" content=\"image\/jpeg\" \/>\n<meta name=\"twitter:card\" content=\"summary_large_image\" \/>\n<meta name=\"twitter:label1\" content=\"Est. reading time\" \/>\n\t<meta name=\"twitter:data1\" content=\"1 minute\" \/>\n<script type=\"application\/ld+json\" class=\"yoast-schema-graph\">{\"@context\":\"https:\/\/schema.org\",\"@graph\":[{\"@type\":\"WebPage\",\"@id\":\"https:\/\/www.voustensports.com\/fr\/genti-gilet-cool-dry-gris-42519\/\",\"url\":\"https:\/\/www.voustensports.com\/fr\/genti-gilet-cool-dry-gris-42519\/\",\"name\":\"GENTI - Gilet Cool Dry gris (42519) - Vousten Sports\",\"isPartOf\":{\"@id\":\"https:\/\/www.voustensports.com\/nl\/#website\"},\"primaryImageOfPage\":{\"@id\":\"https:\/\/www.voustensports.com\/fr\/genti-gilet-cool-dry-gris-42519\/#primaryimage\"},\"image\":{\"@id\":\"https:\/\/www.voustensports.com\/fr\/genti-gilet-cool-dry-gris-42519\/#primaryimage\"},\"thumbnailUrl\":\"https:\/\/www.voustensports.com\/wp-content\/uploads\/2023\/06\/Cool-Dry-Vest-grijs-425191.jpg\",\"datePublished\":\"2026-02-17T16:27:07+00:00\",\"dateModified\":\"2026-04-18T00:12:12+00:00\",\"breadcrumb\":{\"@id\":\"https:\/\/www.voustensports.com\/fr\/genti-gilet-cool-dry-gris-42519\/#breadcrumb\"},\"inLanguage\":\"fr-FR\",\"potentialAction\":[{\"@type\":\"ReadAction\",\"target\":[\"https:\/\/www.voustensports.com\/fr\/genti-gilet-cool-dry-gris-42519\/\"]}]},{\"@type\":\"ImageObject\",\"inLanguage\":\"fr-FR\",\"@id\":\"https:\/\/www.voustensports.com\/fr\/genti-gilet-cool-dry-gris-42519\/#primaryimage\",\"url\":\"https:\/\/www.voustensports.com\/wp-content\/uploads\/2023\/06\/Cool-Dry-Vest-grijs-425191.jpg\",\"contentUrl\":\"https:\/\/www.voustensports.com\/wp-content\/uploads\/2023\/06\/Cool-Dry-Vest-grijs-425191.jpg\",\"width\":1365,\"height\":2048},{\"@type\":\"BreadcrumbList\",\"@id\":\"https:\/\/www.voustensports.com\/fr\/genti-gilet-cool-dry-gris-42519\/#breadcrumb\",\"itemListElement\":[{\"@type\":\"ListItem\",\"position\":1,\"name\":\"Home\",\"item\":\"https:\/\/www.voustensports.com\/fr\/\"},{\"@type\":\"ListItem\",\"position\":2,\"name\":\"Boutique\",\"item\":\"https:\/\/www.voustensports.com\/fr\/shop\/\"},{\"@type\":\"ListItem\",\"position\":3,\"name\":\"GENTI &#8211; Gilet Cool Dry gris (42519)\"}]},{\"@type\":\"WebSite\",\"@id\":\"https:\/\/www.voustensports.com\/nl\/#website\",\"url\":\"https:\/\/www.voustensports.com\/nl\/\",\"name\":\"Vousten Sports\",\"description\":\"\",\"potentialAction\":[{\"@type\":\"SearchAction\",\"target\":{\"@type\":\"EntryPoint\",\"urlTemplate\":\"https:\/\/www.voustensports.com\/nl\/?s={search_term_string}\"},\"query-input\":{\"@type\":\"PropertyValueSpecification\",\"valueRequired\":true,\"valueName\":\"search_term_string\"}}],\"inLanguage\":\"fr-FR\"}]}<\/script>\n<!-- \/ Yoast SEO plugin. -->","yoast_head_json":{"title":"GENTI - Gilet Cool Dry gris (42519) - Vousten Sports","robots":{"index":"index","follow":"follow","max-snippet":"max-snippet:-1","max-image-preview":"max-image-preview:large","max-video-preview":"max-video-preview:-1"},"canonical":"https:\/\/www.voustensports.com\/fr\/genti-gilet-cool-dry-gris-42519\/","og_locale":"fr_FR","og_type":"article","og_title":"GENTI - Gilet Cool Dry gris (42519) - Vousten Sports","og_description":"Ce gilet zipp\u00e9 Genti allie un style technique et moderne \u00e0 un confort exceptionnel. Sa maille fine et ses lignes \u00e9pur\u00e9es lui conf\u00e8rent une allure contemporaine. La fermeture \u00e9clair et la poche poitrine ajoutent une touche fonctionnelle, id\u00e9ale au quotidien pour un style urbain et \u00e9l\u00e9gant. Le mannequin mesure 180 cm, p\u00e8se 80 kg et [...]","og_url":"https:\/\/www.voustensports.com\/fr\/genti-gilet-cool-dry-gris-42519\/","og_site_name":"Vousten Sports","article_modified_time":"2026-04-18T00:12:12+00:00","og_image":[{"width":1365,"height":2048,"url":"https:\/\/www.voustensports.com\/wp-content\/uploads\/2023\/06\/Cool-Dry-Vest-grijs-425191.jpg","type":"image\/jpeg"}],"twitter_card":"summary_large_image","twitter_misc":{"Est. reading time":"1 minute"},"schema":{"@context":"https:\/\/schema.org","@graph":[{"@type":"WebPage","@id":"https:\/\/www.voustensports.com\/fr\/genti-gilet-cool-dry-gris-42519\/","url":"https:\/\/www.voustensports.com\/fr\/genti-gilet-cool-dry-gris-42519\/","name":"GENTI - Gilet Cool Dry gris (42519) - Vousten Sports","isPartOf":{"@id":"https:\/\/www.voustensports.com\/nl\/#website"},"primaryImageOfPage":{"@id":"https:\/\/www.voustensports.com\/fr\/genti-gilet-cool-dry-gris-42519\/#primaryimage"},"image":{"@id":"https:\/\/www.voustensports.com\/fr\/genti-gilet-cool-dry-gris-42519\/#primaryimage"},"thumbnailUrl":"https:\/\/www.voustensports.com\/wp-content\/uploads\/2023\/06\/Cool-Dry-Vest-grijs-425191.jpg","datePublished":"2026-02-17T16:27:07+00:00","dateModified":"2026-04-18T00:12:12+00:00","breadcrumb":{"@id":"https:\/\/www.voustensports.com\/fr\/genti-gilet-cool-dry-gris-42519\/#breadcrumb"},"inLanguage":"fr-FR","potentialAction":[{"@type":"ReadAction","target":["https:\/\/www.voustensports.com\/fr\/genti-gilet-cool-dry-gris-42519\/"]}]},{"@type":"ImageObject","inLanguage":"fr-FR","@id":"https:\/\/www.voustensports.com\/fr\/genti-gilet-cool-dry-gris-42519\/#primaryimage","url":"https:\/\/www.voustensports.com\/wp-content\/uploads\/2023\/06\/Cool-Dry-Vest-grijs-425191.jpg","contentUrl":"https:\/\/www.voustensports.com\/wp-content\/uploads\/2023\/06\/Cool-Dry-Vest-grijs-425191.jpg","width":1365,"height":2048},{"@type":"BreadcrumbList","@id":"https:\/\/www.voustensports.com\/fr\/genti-gilet-cool-dry-gris-42519\/#breadcrumb","itemListElement":[{"@type":"ListItem","position":1,"name":"Home","item":"https:\/\/www.voustensports.com\/fr\/"},{"@type":"ListItem","position":2,"name":"Boutique","item":"https:\/\/www.voustensports.com\/fr\/shop\/"},{"@type":"ListItem","position":3,"name":"GENTI &#8211; Gilet Cool Dry gris (42519)"}]},{"@type":"WebSite","@id":"https:\/\/www.voustensports.com\/nl\/#website","url":"https:\/\/www.voustensports.com\/nl\/","name":"Vousten Sports","description":"","potentialAction":[{"@type":"SearchAction","target":{"@type":"EntryPoint","urlTemplate":"https:\/\/www.voustensports.com\/nl\/?s={search_term_string}"},"query-input":{"@type":"PropertyValueSpecification","valueRequired":true,"valueName":"search_term_string"}}],"inLanguage":"fr-FR"}]}},"_links":{"self":[{"href":"https:\/\/www.voustensports.com\/fr\/wp-json\/wp\/v2\/product\/222127","targetHints":{"allow":["GET"]}}],"collection":[{"href":"https:\/\/www.voustensports.com\/fr\/wp-json\/wp\/v2\/product"}],"about":[{"href":"https:\/\/www.voustensports.com\/fr\/wp-json\/wp\/v2\/types\/product"}],"replies":[{"embeddable":true,"href":"https:\/\/www.voustensports.com\/fr\/wp-json\/wp\/v2\/comments?post=222127"}],"wp:featuredmedia":[{"embeddable":true,"href":"https:\/\/www.voustensports.com\/fr\/wp-json\/wp\/v2\/media\/222119"}],"wp:attachment":[{"href":"https:\/\/www.voustensports.com\/fr\/wp-json\/wp\/v2\/media?parent=222127"}],"wp:term":[{"taxonomy":"product_cat","embeddable":true,"href":"https:\/\/www.voustensports.com\/fr\/wp-json\/wp\/v2\/product_cat?post=222127"},{"taxonomy":"product_tag","embeddable":true,"href":"https:\/\/www.voustensports.com\/fr\/wp-json\/wp\/v2\/product_tag?post=222127"}],"curies":[{"name":"wp","href":"https:\/\/api.w.org\/{rel}","templated":true}]}}