{"id":221467,"date":"2026-02-15T23:54:10","date_gmt":"2026-02-15T22:54:10","guid":{"rendered":"https:\/\/www.voustensports.com\/flaneur-t-shirt-blanc-a-logo-imprime-42308\/"},"modified":"2026-04-14T06:15:03","modified_gmt":"2026-04-14T04:15:03","slug":"flaneur-t-shirt-blanc-a-logo-imprime-42308","status":"publish","type":"product","link":"https:\/\/www.voustensports.com\/fr\/flaneur-t-shirt-blanc-a-logo-imprime-42308\/","title":{"rendered":"FLANEUR &#8211; T-shirt blanc \u00e0 logo imprim\u00e9 (42308)"},"content":{"rendered":"<p>T-shirt en coton blanc avec logo imprim\u00e9 en relief<\/p>\n<p>Couleur\u00a0: Blanc<\/p>\n<p>Composition\u00a0: Coton<\/p>\n<p>Notre certification GOTS garantit une production \u00e9coresponsable et socialement responsable, des mati\u00e8res premi\u00e8res \u00e0 l\u2019\u00e9tiquetage, t\u00e9moignant de notre engagement constant en faveur du d\u00e9veloppement durable et de la qualit\u00e9.<\/p>\n","protected":false},"excerpt":{"rendered":"<p>T-shirt en coton blanc avec logo imprim\u00e9 en relief Couleur\u00a0: Blanc Composition\u00a0: Coton Notre certification GOTS garantit une production \u00e9coresponsable et socialement responsable, des mati\u00e8res premi\u00e8res \u00e0 l\u2019\u00e9tiquetage, t\u00e9moignant de notre engagement constant en faveur du d\u00e9veloppement durable et de la qualit\u00e9.<\/p>\n","protected":false},"featured_media":221459,"comment_status":"open","ping_status":"closed","template":"","meta":{"rank_math_lock_modified_date":false},"product_cat":[446,450,462,486,490,912],"product_tag":[],"class_list":{"0":"post-221467","1":"product","2":"type-product","3":"status-publish","4":"has-post-thumbnail","6":"product_cat-kleding-fr","7":"product_cat-heren-fr","8":"product_cat-vousten-sports-fr-2","9":"product_cat-shirt-fr-2","10":"product_cat-t-shirts-fr-2","11":"product_cat-flaneur-fr","13":"first","14":"instock","15":"taxable","16":"shipping-taxable","17":"purchasable","18":"product-type-variable"},"acf":[],"yoast_head":"<!-- This site is optimized with the Yoast SEO plugin v23.9 - https:\/\/yoast.com\/wordpress\/plugins\/seo\/ -->\n<title>FLANEUR - T-shirt blanc \u00e0 logo imprim\u00e9 (42308) - Vousten Sports<\/title>\n<meta name=\"robots\" content=\"index, follow, max-snippet:-1, max-image-preview:large, max-video-preview:-1\" \/>\n<link rel=\"canonical\" href=\"https:\/\/www.voustensports.com\/fr\/flaneur-t-shirt-blanc-a-logo-imprime-42308\/\" \/>\n<meta property=\"og:locale\" content=\"fr_FR\" \/>\n<meta property=\"og:type\" content=\"article\" \/>\n<meta property=\"og:title\" content=\"FLANEUR - T-shirt blanc \u00e0 logo imprim\u00e9 (42308) - Vousten Sports\" \/>\n<meta property=\"og:description\" content=\"T-shirt en coton blanc avec logo imprim\u00e9 en relief Couleur\u00a0: Blanc Composition\u00a0: Coton Notre certification GOTS garantit une production \u00e9coresponsable et socialement responsable, des mati\u00e8res premi\u00e8res \u00e0 l\u2019\u00e9tiquetage, t\u00e9moignant de notre engagement constant en faveur du d\u00e9veloppement durable et de la qualit\u00e9.\" \/>\n<meta property=\"og:url\" content=\"https:\/\/www.voustensports.com\/fr\/flaneur-t-shirt-blanc-a-logo-imprime-42308\/\" \/>\n<meta property=\"og:site_name\" content=\"Vousten Sports\" \/>\n<meta property=\"article:modified_time\" content=\"2026-04-14T04:15:03+00:00\" \/>\n<meta property=\"og:image\" content=\"https:\/\/www.voustensports.com\/wp-content\/uploads\/2023\/06\/FLANEUR-Printed-Logo-T-Shirt-White-42308-1.jpg\" \/>\n\t<meta property=\"og:image:width\" content=\"1365\" \/>\n\t<meta property=\"og:image:height\" content=\"2048\" \/>\n\t<meta property=\"og:image:type\" content=\"image\/jpeg\" \/>\n<meta name=\"twitter:card\" content=\"summary_large_image\" \/>\n<script type=\"application\/ld+json\" class=\"yoast-schema-graph\">{\"@context\":\"https:\/\/schema.org\",\"@graph\":[{\"@type\":\"WebPage\",\"@id\":\"https:\/\/www.voustensports.com\/fr\/flaneur-t-shirt-blanc-a-logo-imprime-42308\/\",\"url\":\"https:\/\/www.voustensports.com\/fr\/flaneur-t-shirt-blanc-a-logo-imprime-42308\/\",\"name\":\"FLANEUR - T-shirt blanc \u00e0 logo imprim\u00e9 (42308) - Vousten Sports\",\"isPartOf\":{\"@id\":\"https:\/\/www.voustensports.com\/nl\/#website\"},\"primaryImageOfPage\":{\"@id\":\"https:\/\/www.voustensports.com\/fr\/flaneur-t-shirt-blanc-a-logo-imprime-42308\/#primaryimage\"},\"image\":{\"@id\":\"https:\/\/www.voustensports.com\/fr\/flaneur-t-shirt-blanc-a-logo-imprime-42308\/#primaryimage\"},\"thumbnailUrl\":\"https:\/\/www.voustensports.com\/wp-content\/uploads\/2023\/06\/FLANEUR-Printed-Logo-T-Shirt-White-42308-1.jpg\",\"datePublished\":\"2026-02-15T22:54:10+00:00\",\"dateModified\":\"2026-04-14T04:15:03+00:00\",\"breadcrumb\":{\"@id\":\"https:\/\/www.voustensports.com\/fr\/flaneur-t-shirt-blanc-a-logo-imprime-42308\/#breadcrumb\"},\"inLanguage\":\"fr-FR\",\"potentialAction\":[{\"@type\":\"ReadAction\",\"target\":[\"https:\/\/www.voustensports.com\/fr\/flaneur-t-shirt-blanc-a-logo-imprime-42308\/\"]}]},{\"@type\":\"ImageObject\",\"inLanguage\":\"fr-FR\",\"@id\":\"https:\/\/www.voustensports.com\/fr\/flaneur-t-shirt-blanc-a-logo-imprime-42308\/#primaryimage\",\"url\":\"https:\/\/www.voustensports.com\/wp-content\/uploads\/2023\/06\/FLANEUR-Printed-Logo-T-Shirt-White-42308-1.jpg\",\"contentUrl\":\"https:\/\/www.voustensports.com\/wp-content\/uploads\/2023\/06\/FLANEUR-Printed-Logo-T-Shirt-White-42308-1.jpg\",\"width\":1365,\"height\":2048},{\"@type\":\"BreadcrumbList\",\"@id\":\"https:\/\/www.voustensports.com\/fr\/flaneur-t-shirt-blanc-a-logo-imprime-42308\/#breadcrumb\",\"itemListElement\":[{\"@type\":\"ListItem\",\"position\":1,\"name\":\"Home\",\"item\":\"https:\/\/www.voustensports.com\/fr\/\"},{\"@type\":\"ListItem\",\"position\":2,\"name\":\"Boutique\",\"item\":\"https:\/\/www.voustensports.com\/fr\/shop\/\"},{\"@type\":\"ListItem\",\"position\":3,\"name\":\"FLANEUR &#8211; T-shirt blanc \u00e0 logo imprim\u00e9 (42308)\"}]},{\"@type\":\"WebSite\",\"@id\":\"https:\/\/www.voustensports.com\/nl\/#website\",\"url\":\"https:\/\/www.voustensports.com\/nl\/\",\"name\":\"Vousten Sports\",\"description\":\"\",\"potentialAction\":[{\"@type\":\"SearchAction\",\"target\":{\"@type\":\"EntryPoint\",\"urlTemplate\":\"https:\/\/www.voustensports.com\/nl\/?s={search_term_string}\"},\"query-input\":{\"@type\":\"PropertyValueSpecification\",\"valueRequired\":true,\"valueName\":\"search_term_string\"}}],\"inLanguage\":\"fr-FR\"}]}<\/script>\n<!-- \/ Yoast SEO plugin. -->","yoast_head_json":{"title":"FLANEUR - T-shirt blanc \u00e0 logo imprim\u00e9 (42308) - Vousten Sports","robots":{"index":"index","follow":"follow","max-snippet":"max-snippet:-1","max-image-preview":"max-image-preview:large","max-video-preview":"max-video-preview:-1"},"canonical":"https:\/\/www.voustensports.com\/fr\/flaneur-t-shirt-blanc-a-logo-imprime-42308\/","og_locale":"fr_FR","og_type":"article","og_title":"FLANEUR - T-shirt blanc \u00e0 logo imprim\u00e9 (42308) - Vousten Sports","og_description":"T-shirt en coton blanc avec logo imprim\u00e9 en relief Couleur\u00a0: Blanc Composition\u00a0: Coton Notre certification GOTS garantit une production \u00e9coresponsable et socialement responsable, des mati\u00e8res premi\u00e8res \u00e0 l\u2019\u00e9tiquetage, t\u00e9moignant de notre engagement constant en faveur du d\u00e9veloppement durable et de la qualit\u00e9.","og_url":"https:\/\/www.voustensports.com\/fr\/flaneur-t-shirt-blanc-a-logo-imprime-42308\/","og_site_name":"Vousten Sports","article_modified_time":"2026-04-14T04:15:03+00:00","og_image":[{"width":1365,"height":2048,"url":"https:\/\/www.voustensports.com\/wp-content\/uploads\/2023\/06\/FLANEUR-Printed-Logo-T-Shirt-White-42308-1.jpg","type":"image\/jpeg"}],"twitter_card":"summary_large_image","schema":{"@context":"https:\/\/schema.org","@graph":[{"@type":"WebPage","@id":"https:\/\/www.voustensports.com\/fr\/flaneur-t-shirt-blanc-a-logo-imprime-42308\/","url":"https:\/\/www.voustensports.com\/fr\/flaneur-t-shirt-blanc-a-logo-imprime-42308\/","name":"FLANEUR - T-shirt blanc \u00e0 logo imprim\u00e9 (42308) - Vousten Sports","isPartOf":{"@id":"https:\/\/www.voustensports.com\/nl\/#website"},"primaryImageOfPage":{"@id":"https:\/\/www.voustensports.com\/fr\/flaneur-t-shirt-blanc-a-logo-imprime-42308\/#primaryimage"},"image":{"@id":"https:\/\/www.voustensports.com\/fr\/flaneur-t-shirt-blanc-a-logo-imprime-42308\/#primaryimage"},"thumbnailUrl":"https:\/\/www.voustensports.com\/wp-content\/uploads\/2023\/06\/FLANEUR-Printed-Logo-T-Shirt-White-42308-1.jpg","datePublished":"2026-02-15T22:54:10+00:00","dateModified":"2026-04-14T04:15:03+00:00","breadcrumb":{"@id":"https:\/\/www.voustensports.com\/fr\/flaneur-t-shirt-blanc-a-logo-imprime-42308\/#breadcrumb"},"inLanguage":"fr-FR","potentialAction":[{"@type":"ReadAction","target":["https:\/\/www.voustensports.com\/fr\/flaneur-t-shirt-blanc-a-logo-imprime-42308\/"]}]},{"@type":"ImageObject","inLanguage":"fr-FR","@id":"https:\/\/www.voustensports.com\/fr\/flaneur-t-shirt-blanc-a-logo-imprime-42308\/#primaryimage","url":"https:\/\/www.voustensports.com\/wp-content\/uploads\/2023\/06\/FLANEUR-Printed-Logo-T-Shirt-White-42308-1.jpg","contentUrl":"https:\/\/www.voustensports.com\/wp-content\/uploads\/2023\/06\/FLANEUR-Printed-Logo-T-Shirt-White-42308-1.jpg","width":1365,"height":2048},{"@type":"BreadcrumbList","@id":"https:\/\/www.voustensports.com\/fr\/flaneur-t-shirt-blanc-a-logo-imprime-42308\/#breadcrumb","itemListElement":[{"@type":"ListItem","position":1,"name":"Home","item":"https:\/\/www.voustensports.com\/fr\/"},{"@type":"ListItem","position":2,"name":"Boutique","item":"https:\/\/www.voustensports.com\/fr\/shop\/"},{"@type":"ListItem","position":3,"name":"FLANEUR &#8211; T-shirt blanc \u00e0 logo imprim\u00e9 (42308)"}]},{"@type":"WebSite","@id":"https:\/\/www.voustensports.com\/nl\/#website","url":"https:\/\/www.voustensports.com\/nl\/","name":"Vousten Sports","description":"","potentialAction":[{"@type":"SearchAction","target":{"@type":"EntryPoint","urlTemplate":"https:\/\/www.voustensports.com\/nl\/?s={search_term_string}"},"query-input":{"@type":"PropertyValueSpecification","valueRequired":true,"valueName":"search_term_string"}}],"inLanguage":"fr-FR"}]}},"_links":{"self":[{"href":"https:\/\/www.voustensports.com\/fr\/wp-json\/wp\/v2\/product\/221467","targetHints":{"allow":["GET"]}}],"collection":[{"href":"https:\/\/www.voustensports.com\/fr\/wp-json\/wp\/v2\/product"}],"about":[{"href":"https:\/\/www.voustensports.com\/fr\/wp-json\/wp\/v2\/types\/product"}],"replies":[{"embeddable":true,"href":"https:\/\/www.voustensports.com\/fr\/wp-json\/wp\/v2\/comments?post=221467"}],"wp:featuredmedia":[{"embeddable":true,"href":"https:\/\/www.voustensports.com\/fr\/wp-json\/wp\/v2\/media\/221459"}],"wp:attachment":[{"href":"https:\/\/www.voustensports.com\/fr\/wp-json\/wp\/v2\/media?parent=221467"}],"wp:term":[{"taxonomy":"product_cat","embeddable":true,"href":"https:\/\/www.voustensports.com\/fr\/wp-json\/wp\/v2\/product_cat?post=221467"},{"taxonomy":"product_tag","embeddable":true,"href":"https:\/\/www.voustensports.com\/fr\/wp-json\/wp\/v2\/product_tag?post=221467"}],"curies":[{"name":"wp","href":"https:\/\/api.w.org\/{rel}","templated":true}]}}