{"id":221273,"date":"2026-02-15T08:03:10","date_gmt":"2026-02-15T07:03:10","guid":{"rendered":"https:\/\/www.voustensports.com\/flaneur-sweat-a-capuche-noir-signature-42417\/"},"modified":"2026-04-14T11:57:04","modified_gmt":"2026-04-14T09:57:04","slug":"flaneur-sweat-a-capuche-noir-signature-42417","status":"publish","type":"product","link":"https:\/\/www.voustensports.com\/fr\/flaneur-sweat-a-capuche-noir-signature-42417\/","title":{"rendered":"FLANEUR &#8211; Sweat \u00e0 capuche noir Signature (42417)"},"content":{"rendered":"<p>Sweat \u00e0 capuche en coton noir avec signature brod\u00e9e<\/p>\n<p>Couleur\u00a0: Noir<\/p>\n<p>Composition principale\u00a0: Coton<\/p>\n<p>Notre certification GOTS garantit une production \u00e9coresponsable et socialement responsable, des mati\u00e8res premi\u00e8res \u00e0 l\u2019\u00e9tiquetage, t\u00e9moignant de notre engagement ind\u00e9fectible envers le d\u00e9veloppement durable et la qualit\u00e9.<\/p>\n","protected":false},"excerpt":{"rendered":"<p>Sweat \u00e0 capuche en coton noir avec signature brod\u00e9e Couleur\u00a0: Noir Composition principale\u00a0: Coton Notre certification GOTS garantit une production \u00e9coresponsable et socialement responsable, des mati\u00e8res premi\u00e8res \u00e0 l\u2019\u00e9tiquetage, t\u00e9moignant de notre engagement ind\u00e9fectible envers le d\u00e9veloppement durable et la qualit\u00e9.<\/p>\n","protected":false},"featured_media":221265,"comment_status":"open","ping_status":"closed","template":"","meta":{"rank_math_lock_modified_date":false},"product_cat":[446,450,462,534,694,697,759,912],"product_tag":[],"class_list":{"0":"post-221273","1":"product","2":"type-product","3":"status-publish","4":"has-post-thumbnail","6":"product_cat-kleding-fr","7":"product_cat-heren-fr","8":"product_cat-vousten-sports-fr-2","9":"product_cat-truien-fr-2","10":"product_cat-truien-vesten-fr-2","11":"product_cat-sweaters-fr-2","12":"product_cat-hoodies-fr","13":"product_cat-flaneur-fr","15":"first","16":"instock","17":"taxable","18":"shipping-taxable","19":"purchasable","20":"product-type-variable"},"acf":[],"yoast_head":"<!-- This site is optimized with the Yoast SEO plugin v23.9 - https:\/\/yoast.com\/wordpress\/plugins\/seo\/ -->\n<title>FLANEUR - Sweat \u00e0 capuche noir Signature (42417) - Vousten Sports<\/title>\n<meta name=\"robots\" content=\"index, follow, max-snippet:-1, max-image-preview:large, max-video-preview:-1\" \/>\n<link rel=\"canonical\" href=\"https:\/\/www.voustensports.com\/fr\/flaneur-sweat-a-capuche-noir-signature-42417\/\" \/>\n<meta property=\"og:locale\" content=\"fr_FR\" \/>\n<meta property=\"og:type\" content=\"article\" \/>\n<meta property=\"og:title\" content=\"FLANEUR - Sweat \u00e0 capuche noir Signature (42417) - Vousten Sports\" \/>\n<meta property=\"og:description\" content=\"Sweat \u00e0 capuche en coton noir avec signature brod\u00e9e Couleur\u00a0: Noir Composition principale\u00a0: Coton Notre certification GOTS garantit une production \u00e9coresponsable et socialement responsable, des mati\u00e8res premi\u00e8res \u00e0 l\u2019\u00e9tiquetage, t\u00e9moignant de notre engagement ind\u00e9fectible envers le d\u00e9veloppement durable et la qualit\u00e9.\" \/>\n<meta property=\"og:url\" content=\"https:\/\/www.voustensports.com\/fr\/flaneur-sweat-a-capuche-noir-signature-42417\/\" \/>\n<meta property=\"og:site_name\" content=\"Vousten Sports\" \/>\n<meta property=\"article:modified_time\" content=\"2026-04-14T09:57:04+00:00\" \/>\n<meta property=\"og:image\" content=\"https:\/\/www.voustensports.com\/wp-content\/uploads\/2023\/06\/Ontwerp-zonder-titel-2026-02-13T151223.273.jpg\" \/>\n\t<meta property=\"og:image:width\" content=\"1365\" \/>\n\t<meta property=\"og:image:height\" content=\"2048\" \/>\n\t<meta property=\"og:image:type\" content=\"image\/jpeg\" \/>\n<meta name=\"twitter:card\" content=\"summary_large_image\" \/>\n<script type=\"application\/ld+json\" class=\"yoast-schema-graph\">{\"@context\":\"https:\/\/schema.org\",\"@graph\":[{\"@type\":\"WebPage\",\"@id\":\"https:\/\/www.voustensports.com\/fr\/flaneur-sweat-a-capuche-noir-signature-42417\/\",\"url\":\"https:\/\/www.voustensports.com\/fr\/flaneur-sweat-a-capuche-noir-signature-42417\/\",\"name\":\"FLANEUR - Sweat \u00e0 capuche noir Signature (42417) - Vousten Sports\",\"isPartOf\":{\"@id\":\"https:\/\/www.voustensports.com\/nl\/#website\"},\"primaryImageOfPage\":{\"@id\":\"https:\/\/www.voustensports.com\/fr\/flaneur-sweat-a-capuche-noir-signature-42417\/#primaryimage\"},\"image\":{\"@id\":\"https:\/\/www.voustensports.com\/fr\/flaneur-sweat-a-capuche-noir-signature-42417\/#primaryimage\"},\"thumbnailUrl\":\"https:\/\/www.voustensports.com\/wp-content\/uploads\/2023\/06\/Ontwerp-zonder-titel-2026-02-13T151223.273.jpg\",\"datePublished\":\"2026-02-15T07:03:10+00:00\",\"dateModified\":\"2026-04-14T09:57:04+00:00\",\"breadcrumb\":{\"@id\":\"https:\/\/www.voustensports.com\/fr\/flaneur-sweat-a-capuche-noir-signature-42417\/#breadcrumb\"},\"inLanguage\":\"fr-FR\",\"potentialAction\":[{\"@type\":\"ReadAction\",\"target\":[\"https:\/\/www.voustensports.com\/fr\/flaneur-sweat-a-capuche-noir-signature-42417\/\"]}]},{\"@type\":\"ImageObject\",\"inLanguage\":\"fr-FR\",\"@id\":\"https:\/\/www.voustensports.com\/fr\/flaneur-sweat-a-capuche-noir-signature-42417\/#primaryimage\",\"url\":\"https:\/\/www.voustensports.com\/wp-content\/uploads\/2023\/06\/Ontwerp-zonder-titel-2026-02-13T151223.273.jpg\",\"contentUrl\":\"https:\/\/www.voustensports.com\/wp-content\/uploads\/2023\/06\/Ontwerp-zonder-titel-2026-02-13T151223.273.jpg\",\"width\":1365,\"height\":2048},{\"@type\":\"BreadcrumbList\",\"@id\":\"https:\/\/www.voustensports.com\/fr\/flaneur-sweat-a-capuche-noir-signature-42417\/#breadcrumb\",\"itemListElement\":[{\"@type\":\"ListItem\",\"position\":1,\"name\":\"Home\",\"item\":\"https:\/\/www.voustensports.com\/fr\/\"},{\"@type\":\"ListItem\",\"position\":2,\"name\":\"Boutique\",\"item\":\"https:\/\/www.voustensports.com\/fr\/shop\/\"},{\"@type\":\"ListItem\",\"position\":3,\"name\":\"FLANEUR &#8211; Sweat \u00e0 capuche noir Signature (42417)\"}]},{\"@type\":\"WebSite\",\"@id\":\"https:\/\/www.voustensports.com\/nl\/#website\",\"url\":\"https:\/\/www.voustensports.com\/nl\/\",\"name\":\"Vousten Sports\",\"description\":\"\",\"potentialAction\":[{\"@type\":\"SearchAction\",\"target\":{\"@type\":\"EntryPoint\",\"urlTemplate\":\"https:\/\/www.voustensports.com\/nl\/?s={search_term_string}\"},\"query-input\":{\"@type\":\"PropertyValueSpecification\",\"valueRequired\":true,\"valueName\":\"search_term_string\"}}],\"inLanguage\":\"fr-FR\"}]}<\/script>\n<!-- \/ Yoast SEO plugin. -->","yoast_head_json":{"title":"FLANEUR - Sweat \u00e0 capuche noir Signature (42417) - Vousten Sports","robots":{"index":"index","follow":"follow","max-snippet":"max-snippet:-1","max-image-preview":"max-image-preview:large","max-video-preview":"max-video-preview:-1"},"canonical":"https:\/\/www.voustensports.com\/fr\/flaneur-sweat-a-capuche-noir-signature-42417\/","og_locale":"fr_FR","og_type":"article","og_title":"FLANEUR - Sweat \u00e0 capuche noir Signature (42417) - Vousten Sports","og_description":"Sweat \u00e0 capuche en coton noir avec signature brod\u00e9e Couleur\u00a0: Noir Composition principale\u00a0: Coton Notre certification GOTS garantit une production \u00e9coresponsable et socialement responsable, des mati\u00e8res premi\u00e8res \u00e0 l\u2019\u00e9tiquetage, t\u00e9moignant de notre engagement ind\u00e9fectible envers le d\u00e9veloppement durable et la qualit\u00e9.","og_url":"https:\/\/www.voustensports.com\/fr\/flaneur-sweat-a-capuche-noir-signature-42417\/","og_site_name":"Vousten Sports","article_modified_time":"2026-04-14T09:57:04+00:00","og_image":[{"width":1365,"height":2048,"url":"https:\/\/www.voustensports.com\/wp-content\/uploads\/2023\/06\/Ontwerp-zonder-titel-2026-02-13T151223.273.jpg","type":"image\/jpeg"}],"twitter_card":"summary_large_image","schema":{"@context":"https:\/\/schema.org","@graph":[{"@type":"WebPage","@id":"https:\/\/www.voustensports.com\/fr\/flaneur-sweat-a-capuche-noir-signature-42417\/","url":"https:\/\/www.voustensports.com\/fr\/flaneur-sweat-a-capuche-noir-signature-42417\/","name":"FLANEUR - Sweat \u00e0 capuche noir Signature (42417) - Vousten Sports","isPartOf":{"@id":"https:\/\/www.voustensports.com\/nl\/#website"},"primaryImageOfPage":{"@id":"https:\/\/www.voustensports.com\/fr\/flaneur-sweat-a-capuche-noir-signature-42417\/#primaryimage"},"image":{"@id":"https:\/\/www.voustensports.com\/fr\/flaneur-sweat-a-capuche-noir-signature-42417\/#primaryimage"},"thumbnailUrl":"https:\/\/www.voustensports.com\/wp-content\/uploads\/2023\/06\/Ontwerp-zonder-titel-2026-02-13T151223.273.jpg","datePublished":"2026-02-15T07:03:10+00:00","dateModified":"2026-04-14T09:57:04+00:00","breadcrumb":{"@id":"https:\/\/www.voustensports.com\/fr\/flaneur-sweat-a-capuche-noir-signature-42417\/#breadcrumb"},"inLanguage":"fr-FR","potentialAction":[{"@type":"ReadAction","target":["https:\/\/www.voustensports.com\/fr\/flaneur-sweat-a-capuche-noir-signature-42417\/"]}]},{"@type":"ImageObject","inLanguage":"fr-FR","@id":"https:\/\/www.voustensports.com\/fr\/flaneur-sweat-a-capuche-noir-signature-42417\/#primaryimage","url":"https:\/\/www.voustensports.com\/wp-content\/uploads\/2023\/06\/Ontwerp-zonder-titel-2026-02-13T151223.273.jpg","contentUrl":"https:\/\/www.voustensports.com\/wp-content\/uploads\/2023\/06\/Ontwerp-zonder-titel-2026-02-13T151223.273.jpg","width":1365,"height":2048},{"@type":"BreadcrumbList","@id":"https:\/\/www.voustensports.com\/fr\/flaneur-sweat-a-capuche-noir-signature-42417\/#breadcrumb","itemListElement":[{"@type":"ListItem","position":1,"name":"Home","item":"https:\/\/www.voustensports.com\/fr\/"},{"@type":"ListItem","position":2,"name":"Boutique","item":"https:\/\/www.voustensports.com\/fr\/shop\/"},{"@type":"ListItem","position":3,"name":"FLANEUR &#8211; Sweat \u00e0 capuche noir Signature (42417)"}]},{"@type":"WebSite","@id":"https:\/\/www.voustensports.com\/nl\/#website","url":"https:\/\/www.voustensports.com\/nl\/","name":"Vousten Sports","description":"","potentialAction":[{"@type":"SearchAction","target":{"@type":"EntryPoint","urlTemplate":"https:\/\/www.voustensports.com\/nl\/?s={search_term_string}"},"query-input":{"@type":"PropertyValueSpecification","valueRequired":true,"valueName":"search_term_string"}}],"inLanguage":"fr-FR"}]}},"_links":{"self":[{"href":"https:\/\/www.voustensports.com\/fr\/wp-json\/wp\/v2\/product\/221273","targetHints":{"allow":["GET"]}}],"collection":[{"href":"https:\/\/www.voustensports.com\/fr\/wp-json\/wp\/v2\/product"}],"about":[{"href":"https:\/\/www.voustensports.com\/fr\/wp-json\/wp\/v2\/types\/product"}],"replies":[{"embeddable":true,"href":"https:\/\/www.voustensports.com\/fr\/wp-json\/wp\/v2\/comments?post=221273"}],"wp:featuredmedia":[{"embeddable":true,"href":"https:\/\/www.voustensports.com\/fr\/wp-json\/wp\/v2\/media\/221265"}],"wp:attachment":[{"href":"https:\/\/www.voustensports.com\/fr\/wp-json\/wp\/v2\/media?parent=221273"}],"wp:term":[{"taxonomy":"product_cat","embeddable":true,"href":"https:\/\/www.voustensports.com\/fr\/wp-json\/wp\/v2\/product_cat?post=221273"},{"taxonomy":"product_tag","embeddable":true,"href":"https:\/\/www.voustensports.com\/fr\/wp-json\/wp\/v2\/product_tag?post=221273"}],"curies":[{"name":"wp","href":"https:\/\/api.w.org\/{rel}","templated":true}]}}