{"id":221185,"date":"2026-02-15T00:21:07","date_gmt":"2026-02-14T23:21:07","guid":{"rendered":"https:\/\/www.voustensports.com\/stone-island-short-de-bain-a-poches-bleu-fonce-42369\/"},"modified":"2026-04-14T09:24:05","modified_gmt":"2026-04-14T07:24:05","slug":"stone-island-short-de-bain-a-poches-bleu-fonce-42369","status":"publish","type":"product","link":"https:\/\/www.voustensports.com\/fr\/stone-island-short-de-bain-a-poches-bleu-fonce-42369\/","title":{"rendered":"STONE ISLAND &#8211; SHORT DE BAIN \u00c0 POCHES BLEU FONC\u00c9 (42369)"},"content":{"rendered":"<p id=\"tw-target-text\" class=\"tw-data-text tw-text-large tw-ta\" dir=\"ltr\" role=\"text\" data-placeholder=\"Vertaling\" data-ved=\"2ahUKEwiQzYajjNaSAxVk0AIHHZ2oEDMQ3ewLegQIDBAW\" aria-label=\"Vertaalde tekst: SHORT DE BAIN VERT \u00c0 POCHES\n\nD\u00c9TAILS DU PRODUIT\n\nShort de bain en Nylon Metal, confectionn\u00e9 avec des fils r\u00e9g\u00e9n\u00e9r\u00e9s ECONYL\u00ae, avec surpiq\u00fbres contrast\u00e9es, finitions lat\u00e9rales, poches et doublure en mesh. Teint en pi\u00e8ce.\n\nSTYLE\nSurpiq\u00fbres contrast\u00e9es sur l'ensemble du v\u00eatement.\n\nPoches verticales pour les mains.\n\nPoche arri\u00e8re plaqu\u00e9e avec fermeture auto-agrippante dissimul\u00e9e, patte de serrage et \u0153illets.\n\n\u00c9cusson logo boussole sur la jambe gauche.\n\nFinitions lat\u00e9rales en nylon contrast\u00e9es.\n\nCeinture \u00e9lastiqu\u00e9e avec fermeture \u00e0 deux boutons et cordon de serrage ext\u00e9rieur.\n\nDoublure en mesh de nylon.\n\nCoupe ajust\u00e9e.\n\nCOMPOSITION\n\nV\u00eatement\u00a0: 100\u00a0% polyamide\/nylon. Doublure\u00a0: 100\u00a0% polyamide\/nylon.\n\nR\u00e9f\u00e9rence Stone Island\u00a0: L1S15B100006S00f6V002E\n\nN\u00b0 d'identification\u00a0: 42369\"><span class=\"Y2IQFc\" lang=\"fr\">COMPOSITION <\/span><\/p>\n<ul>\n<li class=\"tw-data-text tw-text-large tw-ta\" dir=\"ltr\" role=\"text\" data-placeholder=\"Vertaling\" data-ved=\"2ahUKEwiQzYajjNaSAxVk0AIHHZ2oEDMQ3ewLegQIDBAW\" aria-label=\"Vertaalde tekst: SHORT DE BAIN VERT \u00c0 POCHES\n\nD\u00c9TAILS DU PRODUIT\n\nShort de bain en Nylon Metal, confectionn\u00e9 avec des fils r\u00e9g\u00e9n\u00e9r\u00e9s ECONYL\u00ae, avec surpiq\u00fbres contrast\u00e9es, finitions lat\u00e9rales, poches et doublure en mesh. Teint en pi\u00e8ce.\n\nSTYLE\nSurpiq\u00fbres contrast\u00e9es sur l'ensemble du v\u00eatement.\n\nPoches verticales pour les mains.\n\nPoche arri\u00e8re plaqu\u00e9e avec fermeture auto-agrippante dissimul\u00e9e, patte de serrage et \u0153illets.\n\n\u00c9cusson logo boussole sur la jambe gauche.\n\nFinitions lat\u00e9rales en nylon contrast\u00e9es.\n\nCeinture \u00e9lastiqu\u00e9e avec fermeture \u00e0 deux boutons et cordon de serrage ext\u00e9rieur.\n\nDoublure en mesh de nylon.\n\nCoupe ajust\u00e9e.\n\nCOMPOSITION\n\nV\u00eatement\u00a0: 100\u00a0% polyamide\/nylon. Doublure\u00a0: 100\u00a0% polyamide\/nylon.\n\nR\u00e9f\u00e9rence Stone Island\u00a0: L1S15B100006S00f6V002E\n\nN\u00b0 d'identification\u00a0: 42369\"><span class=\"Y2IQFc\" lang=\"fr\">V\u00eatement\u00a0: 100\u00a0% polyamide\/nylon. <\/span><\/li>\n<li class=\"tw-data-text tw-text-large tw-ta\" dir=\"ltr\" role=\"text\" data-placeholder=\"Vertaling\" data-ved=\"2ahUKEwiQzYajjNaSAxVk0AIHHZ2oEDMQ3ewLegQIDBAW\" aria-label=\"Vertaalde tekst: SHORT DE BAIN VERT \u00c0 POCHES\n\nD\u00c9TAILS DU PRODUIT\n\nShort de bain en Nylon Metal, confectionn\u00e9 avec des fils r\u00e9g\u00e9n\u00e9r\u00e9s ECONYL\u00ae, avec surpiq\u00fbres contrast\u00e9es, finitions lat\u00e9rales, poches et doublure en mesh. Teint en pi\u00e8ce.\n\nSTYLE\nSurpiq\u00fbres contrast\u00e9es sur l'ensemble du v\u00eatement.\n\nPoches verticales pour les mains.\n\nPoche arri\u00e8re plaqu\u00e9e avec fermeture auto-agrippante dissimul\u00e9e, patte de serrage et \u0153illets.\n\n\u00c9cusson logo boussole sur la jambe gauche.\n\nFinitions lat\u00e9rales en nylon contrast\u00e9es.\n\nCeinture \u00e9lastiqu\u00e9e avec fermeture \u00e0 deux boutons et cordon de serrage ext\u00e9rieur.\n\nDoublure en mesh de nylon.\n\nCoupe ajust\u00e9e.\n\nCOMPOSITION\n\nV\u00eatement\u00a0: 100\u00a0% polyamide\/nylon. Doublure\u00a0: 100\u00a0% polyamide\/nylon.\n\nR\u00e9f\u00e9rence Stone Island\u00a0: L1S15B100006S00f6V002E\n\nN\u00b0 d'identification\u00a0: 42369\"><span class=\"Y2IQFc\" lang=\"fr\">Doublure\u00a0: 100\u00a0% polyamide\/nylon. <\/span><\/li>\n<\/ul>\n<p class=\"tw-data-text tw-text-large tw-ta\" dir=\"ltr\" role=\"text\" data-placeholder=\"Vertaling\" data-ved=\"2ahUKEwiQzYajjNaSAxVk0AIHHZ2oEDMQ3ewLegQIDBAW\" aria-label=\"Vertaalde tekst: SHORT DE BAIN VERT \u00c0 POCHES\n\nD\u00c9TAILS DU PRODUIT\n\nShort de bain en Nylon Metal, confectionn\u00e9 avec des fils r\u00e9g\u00e9n\u00e9r\u00e9s ECONYL\u00ae, avec surpiq\u00fbres contrast\u00e9es, finitions lat\u00e9rales, poches et doublure en mesh. Teint en pi\u00e8ce.\n\nSTYLE\nSurpiq\u00fbres contrast\u00e9es sur l'ensemble du v\u00eatement.\n\nPoches verticales pour les mains.\n\nPoche arri\u00e8re plaqu\u00e9e avec fermeture auto-agrippante dissimul\u00e9e, patte de serrage et \u0153illets.\n\n\u00c9cusson logo boussole sur la jambe gauche.\n\nFinitions lat\u00e9rales en nylon contrast\u00e9es.\n\nCeinture \u00e9lastiqu\u00e9e avec fermeture \u00e0 deux boutons et cordon de serrage ext\u00e9rieur.\n\nDoublure en mesh de nylon.\n\nCoupe ajust\u00e9e.\n\nCOMPOSITION\n\nV\u00eatement\u00a0: 100\u00a0% polyamide\/nylon. Doublure\u00a0: 100\u00a0% polyamide\/nylon.\n\nR\u00e9f\u00e9rence Stone Island\u00a0: L1S15B100006S00f6V002E\n\nN\u00b0 d'identification\u00a0: 42369\"><span class=\"Y2IQFc\" lang=\"fr\">R\u00e9f\u00e9rence Stone Island\u00a0: L1S15B100006S00f6V002E <\/span><\/p>\n<p class=\"tw-data-text tw-text-large tw-ta\" dir=\"ltr\" role=\"text\" data-placeholder=\"Vertaling\" data-ved=\"2ahUKEwiQzYajjNaSAxVk0AIHHZ2oEDMQ3ewLegQIDBAW\" aria-label=\"Vertaalde tekst: SHORT DE BAIN VERT \u00c0 POCHES\n\nD\u00c9TAILS DU PRODUIT\n\nShort de bain en Nylon Metal, confectionn\u00e9 avec des fils r\u00e9g\u00e9n\u00e9r\u00e9s ECONYL\u00ae, avec surpiq\u00fbres contrast\u00e9es, finitions lat\u00e9rales, poches et doublure en mesh. Teint en pi\u00e8ce.\n\nSTYLE\nSurpiq\u00fbres contrast\u00e9es sur l'ensemble du v\u00eatement.\n\nPoches verticales pour les mains.\n\nPoche arri\u00e8re plaqu\u00e9e avec fermeture auto-agrippante dissimul\u00e9e, patte de serrage et \u0153illets.\n\n\u00c9cusson logo boussole sur la jambe gauche.\n\nFinitions lat\u00e9rales en nylon contrast\u00e9es.\n\nCeinture \u00e9lastiqu\u00e9e avec fermeture \u00e0 deux boutons et cordon de serrage ext\u00e9rieur.\n\nDoublure en mesh de nylon.\n\nCoupe ajust\u00e9e.\n\nCOMPOSITION\n\nV\u00eatement\u00a0: 100\u00a0% polyamide\/nylon. Doublure\u00a0: 100\u00a0% polyamide\/nylon.\n\nR\u00e9f\u00e9rence Stone Island\u00a0: L1S15B100006S00f6V002E\n\nN\u00b0 d'identification\u00a0: 42369\"><span class=\"Y2IQFc\" lang=\"fr\">N\u00b0 d&rsquo;identification\u00a0: 42369<\/span><\/p>\n","protected":false},"excerpt":{"rendered":"<p>COMPOSITION V\u00eatement\u00a0: 100\u00a0% polyamide\/nylon. Doublure\u00a0: 100\u00a0% polyamide\/nylon. R\u00e9f\u00e9rence Stone Island\u00a0: L1S15B100006S00f6V002E N\u00b0 d&rsquo;identification\u00a0: 42369<\/p>\n","protected":false},"featured_media":221173,"comment_status":"open","ping_status":"closed","template":"","meta":{"rank_math_lock_modified_date":false},"product_cat":[446,450,458,462,466,482,755,786],"product_tag":[],"class_list":{"0":"post-221185","1":"product","2":"type-product","3":"status-publish","4":"has-post-thumbnail","6":"product_cat-kleding-fr","7":"product_cat-heren-fr","8":"product_cat-shorts-fr-2","9":"product_cat-vousten-sports-fr-2","10":"product_cat-broeken-fr","11":"product_cat-stone-island-fr-2","12":"product_cat-zwembroeken-fr-2","13":"product_cat-broek-fr","15":"first","16":"instock","17":"taxable","18":"shipping-taxable","19":"purchasable","20":"product-type-variable"},"acf":[],"yoast_head":"<!-- This site is optimized with the Yoast SEO plugin v23.9 - https:\/\/yoast.com\/wordpress\/plugins\/seo\/ -->\n<title>STONE ISLAND - SHORT DE BAIN \u00c0 POCHES BLEU FONC\u00c9 (42369) - Vousten Sports<\/title>\n<meta name=\"robots\" content=\"index, follow, max-snippet:-1, max-image-preview:large, max-video-preview:-1\" \/>\n<link rel=\"canonical\" href=\"https:\/\/www.voustensports.com\/fr\/stone-island-short-de-bain-a-poches-bleu-fonce-42369\/\" \/>\n<meta property=\"og:locale\" content=\"fr_FR\" \/>\n<meta property=\"og:type\" content=\"article\" \/>\n<meta property=\"og:title\" content=\"STONE ISLAND - SHORT DE BAIN \u00c0 POCHES BLEU FONC\u00c9 (42369) - Vousten Sports\" \/>\n<meta property=\"og:description\" content=\"COMPOSITION V\u00eatement\u00a0: 100\u00a0% polyamide\/nylon. Doublure\u00a0: 100\u00a0% polyamide\/nylon. R\u00e9f\u00e9rence Stone Island\u00a0: L1S15B100006S00f6V002E N\u00b0 d&rsquo;identification\u00a0: 42369\" \/>\n<meta property=\"og:url\" content=\"https:\/\/www.voustensports.com\/fr\/stone-island-short-de-bain-a-poches-bleu-fonce-42369\/\" \/>\n<meta property=\"og:site_name\" content=\"Vousten Sports\" \/>\n<meta property=\"article:modified_time\" content=\"2026-04-14T07:24:05+00:00\" \/>\n<meta property=\"og:image\" content=\"https:\/\/www.voustensports.com\/wp-content\/uploads\/2023\/06\/STONE-ISLAND-SWIM-SHORTS-WITH-POCKETS-DONKERBLAUW-42369-1.jpg\" \/>\n\t<meta property=\"og:image:width\" content=\"1365\" \/>\n\t<meta property=\"og:image:height\" content=\"2048\" \/>\n\t<meta property=\"og:image:type\" content=\"image\/jpeg\" \/>\n<meta name=\"twitter:card\" content=\"summary_large_image\" \/>\n<script type=\"application\/ld+json\" class=\"yoast-schema-graph\">{\"@context\":\"https:\/\/schema.org\",\"@graph\":[{\"@type\":\"WebPage\",\"@id\":\"https:\/\/www.voustensports.com\/fr\/stone-island-short-de-bain-a-poches-bleu-fonce-42369\/\",\"url\":\"https:\/\/www.voustensports.com\/fr\/stone-island-short-de-bain-a-poches-bleu-fonce-42369\/\",\"name\":\"STONE ISLAND - SHORT DE BAIN \u00c0 POCHES BLEU FONC\u00c9 (42369) - Vousten Sports\",\"isPartOf\":{\"@id\":\"https:\/\/www.voustensports.com\/nl\/#website\"},\"primaryImageOfPage\":{\"@id\":\"https:\/\/www.voustensports.com\/fr\/stone-island-short-de-bain-a-poches-bleu-fonce-42369\/#primaryimage\"},\"image\":{\"@id\":\"https:\/\/www.voustensports.com\/fr\/stone-island-short-de-bain-a-poches-bleu-fonce-42369\/#primaryimage\"},\"thumbnailUrl\":\"https:\/\/www.voustensports.com\/wp-content\/uploads\/2023\/06\/STONE-ISLAND-SWIM-SHORTS-WITH-POCKETS-DONKERBLAUW-42369-1.jpg\",\"datePublished\":\"2026-02-14T23:21:07+00:00\",\"dateModified\":\"2026-04-14T07:24:05+00:00\",\"breadcrumb\":{\"@id\":\"https:\/\/www.voustensports.com\/fr\/stone-island-short-de-bain-a-poches-bleu-fonce-42369\/#breadcrumb\"},\"inLanguage\":\"fr-FR\",\"potentialAction\":[{\"@type\":\"ReadAction\",\"target\":[\"https:\/\/www.voustensports.com\/fr\/stone-island-short-de-bain-a-poches-bleu-fonce-42369\/\"]}]},{\"@type\":\"ImageObject\",\"inLanguage\":\"fr-FR\",\"@id\":\"https:\/\/www.voustensports.com\/fr\/stone-island-short-de-bain-a-poches-bleu-fonce-42369\/#primaryimage\",\"url\":\"https:\/\/www.voustensports.com\/wp-content\/uploads\/2023\/06\/STONE-ISLAND-SWIM-SHORTS-WITH-POCKETS-DONKERBLAUW-42369-1.jpg\",\"contentUrl\":\"https:\/\/www.voustensports.com\/wp-content\/uploads\/2023\/06\/STONE-ISLAND-SWIM-SHORTS-WITH-POCKETS-DONKERBLAUW-42369-1.jpg\",\"width\":1365,\"height\":2048},{\"@type\":\"BreadcrumbList\",\"@id\":\"https:\/\/www.voustensports.com\/fr\/stone-island-short-de-bain-a-poches-bleu-fonce-42369\/#breadcrumb\",\"itemListElement\":[{\"@type\":\"ListItem\",\"position\":1,\"name\":\"Home\",\"item\":\"https:\/\/www.voustensports.com\/fr\/\"},{\"@type\":\"ListItem\",\"position\":2,\"name\":\"Boutique\",\"item\":\"https:\/\/www.voustensports.com\/fr\/shop\/\"},{\"@type\":\"ListItem\",\"position\":3,\"name\":\"STONE ISLAND &#8211; SHORT DE BAIN \u00c0 POCHES BLEU FONC\u00c9 (42369)\"}]},{\"@type\":\"WebSite\",\"@id\":\"https:\/\/www.voustensports.com\/nl\/#website\",\"url\":\"https:\/\/www.voustensports.com\/nl\/\",\"name\":\"Vousten Sports\",\"description\":\"\",\"potentialAction\":[{\"@type\":\"SearchAction\",\"target\":{\"@type\":\"EntryPoint\",\"urlTemplate\":\"https:\/\/www.voustensports.com\/nl\/?s={search_term_string}\"},\"query-input\":{\"@type\":\"PropertyValueSpecification\",\"valueRequired\":true,\"valueName\":\"search_term_string\"}}],\"inLanguage\":\"fr-FR\"}]}<\/script>\n<!-- \/ Yoast SEO plugin. -->","yoast_head_json":{"title":"STONE ISLAND - SHORT DE BAIN \u00c0 POCHES BLEU FONC\u00c9 (42369) - Vousten Sports","robots":{"index":"index","follow":"follow","max-snippet":"max-snippet:-1","max-image-preview":"max-image-preview:large","max-video-preview":"max-video-preview:-1"},"canonical":"https:\/\/www.voustensports.com\/fr\/stone-island-short-de-bain-a-poches-bleu-fonce-42369\/","og_locale":"fr_FR","og_type":"article","og_title":"STONE ISLAND - SHORT DE BAIN \u00c0 POCHES BLEU FONC\u00c9 (42369) - Vousten Sports","og_description":"COMPOSITION V\u00eatement\u00a0: 100\u00a0% polyamide\/nylon. Doublure\u00a0: 100\u00a0% polyamide\/nylon. R\u00e9f\u00e9rence Stone Island\u00a0: L1S15B100006S00f6V002E N\u00b0 d&rsquo;identification\u00a0: 42369","og_url":"https:\/\/www.voustensports.com\/fr\/stone-island-short-de-bain-a-poches-bleu-fonce-42369\/","og_site_name":"Vousten Sports","article_modified_time":"2026-04-14T07:24:05+00:00","og_image":[{"width":1365,"height":2048,"url":"https:\/\/www.voustensports.com\/wp-content\/uploads\/2023\/06\/STONE-ISLAND-SWIM-SHORTS-WITH-POCKETS-DONKERBLAUW-42369-1.jpg","type":"image\/jpeg"}],"twitter_card":"summary_large_image","schema":{"@context":"https:\/\/schema.org","@graph":[{"@type":"WebPage","@id":"https:\/\/www.voustensports.com\/fr\/stone-island-short-de-bain-a-poches-bleu-fonce-42369\/","url":"https:\/\/www.voustensports.com\/fr\/stone-island-short-de-bain-a-poches-bleu-fonce-42369\/","name":"STONE ISLAND - SHORT DE BAIN \u00c0 POCHES BLEU FONC\u00c9 (42369) - Vousten Sports","isPartOf":{"@id":"https:\/\/www.voustensports.com\/nl\/#website"},"primaryImageOfPage":{"@id":"https:\/\/www.voustensports.com\/fr\/stone-island-short-de-bain-a-poches-bleu-fonce-42369\/#primaryimage"},"image":{"@id":"https:\/\/www.voustensports.com\/fr\/stone-island-short-de-bain-a-poches-bleu-fonce-42369\/#primaryimage"},"thumbnailUrl":"https:\/\/www.voustensports.com\/wp-content\/uploads\/2023\/06\/STONE-ISLAND-SWIM-SHORTS-WITH-POCKETS-DONKERBLAUW-42369-1.jpg","datePublished":"2026-02-14T23:21:07+00:00","dateModified":"2026-04-14T07:24:05+00:00","breadcrumb":{"@id":"https:\/\/www.voustensports.com\/fr\/stone-island-short-de-bain-a-poches-bleu-fonce-42369\/#breadcrumb"},"inLanguage":"fr-FR","potentialAction":[{"@type":"ReadAction","target":["https:\/\/www.voustensports.com\/fr\/stone-island-short-de-bain-a-poches-bleu-fonce-42369\/"]}]},{"@type":"ImageObject","inLanguage":"fr-FR","@id":"https:\/\/www.voustensports.com\/fr\/stone-island-short-de-bain-a-poches-bleu-fonce-42369\/#primaryimage","url":"https:\/\/www.voustensports.com\/wp-content\/uploads\/2023\/06\/STONE-ISLAND-SWIM-SHORTS-WITH-POCKETS-DONKERBLAUW-42369-1.jpg","contentUrl":"https:\/\/www.voustensports.com\/wp-content\/uploads\/2023\/06\/STONE-ISLAND-SWIM-SHORTS-WITH-POCKETS-DONKERBLAUW-42369-1.jpg","width":1365,"height":2048},{"@type":"BreadcrumbList","@id":"https:\/\/www.voustensports.com\/fr\/stone-island-short-de-bain-a-poches-bleu-fonce-42369\/#breadcrumb","itemListElement":[{"@type":"ListItem","position":1,"name":"Home","item":"https:\/\/www.voustensports.com\/fr\/"},{"@type":"ListItem","position":2,"name":"Boutique","item":"https:\/\/www.voustensports.com\/fr\/shop\/"},{"@type":"ListItem","position":3,"name":"STONE ISLAND &#8211; SHORT DE BAIN \u00c0 POCHES BLEU FONC\u00c9 (42369)"}]},{"@type":"WebSite","@id":"https:\/\/www.voustensports.com\/nl\/#website","url":"https:\/\/www.voustensports.com\/nl\/","name":"Vousten Sports","description":"","potentialAction":[{"@type":"SearchAction","target":{"@type":"EntryPoint","urlTemplate":"https:\/\/www.voustensports.com\/nl\/?s={search_term_string}"},"query-input":{"@type":"PropertyValueSpecification","valueRequired":true,"valueName":"search_term_string"}}],"inLanguage":"fr-FR"}]}},"_links":{"self":[{"href":"https:\/\/www.voustensports.com\/fr\/wp-json\/wp\/v2\/product\/221185","targetHints":{"allow":["GET"]}}],"collection":[{"href":"https:\/\/www.voustensports.com\/fr\/wp-json\/wp\/v2\/product"}],"about":[{"href":"https:\/\/www.voustensports.com\/fr\/wp-json\/wp\/v2\/types\/product"}],"replies":[{"embeddable":true,"href":"https:\/\/www.voustensports.com\/fr\/wp-json\/wp\/v2\/comments?post=221185"}],"wp:featuredmedia":[{"embeddable":true,"href":"https:\/\/www.voustensports.com\/fr\/wp-json\/wp\/v2\/media\/221173"}],"wp:attachment":[{"href":"https:\/\/www.voustensports.com\/fr\/wp-json\/wp\/v2\/media?parent=221185"}],"wp:term":[{"taxonomy":"product_cat","embeddable":true,"href":"https:\/\/www.voustensports.com\/fr\/wp-json\/wp\/v2\/product_cat?post=221185"},{"taxonomy":"product_tag","embeddable":true,"href":"https:\/\/www.voustensports.com\/fr\/wp-json\/wp\/v2\/product_tag?post=221185"}],"curies":[{"name":"wp","href":"https:\/\/api.w.org\/{rel}","templated":true}]}}