{"id":221153,"date":"2026-02-14T22:39:08","date_gmt":"2026-02-14T21:39:08","guid":{"rendered":"https:\/\/www.voustensports.com\/stone-island-short-de-bain-vert-a-poches-42357\/"},"modified":"2026-04-14T08:42:04","modified_gmt":"2026-04-14T06:42:04","slug":"stone-island-short-de-bain-vert-a-poches-42357","status":"publish","type":"product","link":"https:\/\/www.voustensports.com\/fr\/stone-island-short-de-bain-vert-a-poches-42357\/","title":{"rendered":"STONE ISLAND &#8211; SHORT DE BAIN VERT \u00c0 POCHES (42357)"},"content":{"rendered":"<p>D\u00c9TAILS DU PRODUIT<br \/>\nShort de bain court en Nylon Metal, confectionn\u00e9 avec des fils r\u00e9g\u00e9n\u00e9r\u00e9s ECONYL\u00ae, pr\u00e9sentant des surpiq\u00fbres contrast\u00e9es, des finitions lat\u00e9rales, des poches et une doublure en maille. Teint en pi\u00e8ce.<\/p>\n<p>STYLE<\/p>\n<ul>\n<li>Surpiq\u00fbres contrast\u00e9es sur l&rsquo;ensemble du v\u00eatement.<\/li>\n<li>Poches verticales pour les mains.<\/li>\n<li>Poche arri\u00e8re plaqu\u00e9e avec fermeture auto-agrippante dissimul\u00e9e, patte de serrage et \u0153illets.<\/li>\n<li>\u00c9cusson logo boussole sur la jambe gauche.<\/li>\n<li>Finitions lat\u00e9rales en nylon contrast\u00e9es.<\/li>\n<li>Ceinture \u00e9lastiqu\u00e9e avec fermeture \u00e0 deux boutons et cordon de serrage ext\u00e9rieur.<\/li>\n<li>Doublure en maille de nylon.<\/li>\n<li>Coupe ajust\u00e9e.<\/li>\n<\/ul>\n<p>COMPOSITION<\/p>\n<ul>\n<li>V\u00eatement\u00a0: 100\u00a0% polyamide\/nylon.<\/li>\n<li>Doublure\u00a0: 100\u00a0% polyamide\/nylon.<\/li>\n<\/ul>\n<p>R\u00e9f\u00e9rence Stone Island\u00a0: L1S15B100003S0043V005G<\/p>\n<p>N\u00b0 d&rsquo;identification\u00a0: 42357<\/p>\n","protected":false},"excerpt":{"rendered":"<p>D\u00c9TAILS DU PRODUIT Short de bain court en Nylon Metal, confectionn\u00e9 avec des fils r\u00e9g\u00e9n\u00e9r\u00e9s ECONYL\u00ae, pr\u00e9sentant des surpiq\u00fbres contrast\u00e9es, des finitions lat\u00e9rales, des poches et une doublure en maille. Teint en pi\u00e8ce. STYLE Surpiq\u00fbres contrast\u00e9es sur l&rsquo;ensemble du v\u00eatement. Poches verticales pour les mains. Poche arri\u00e8re plaqu\u00e9e avec fermeture auto-agrippante dissimul\u00e9e, patte de serrage [&#8230;]\n","protected":false},"featured_media":221141,"comment_status":"open","ping_status":"closed","template":"","meta":{"rank_math_lock_modified_date":false},"product_cat":[446,450,458,462,466,482,755,786],"product_tag":[],"class_list":{"0":"post-221153","1":"product","2":"type-product","3":"status-publish","4":"has-post-thumbnail","6":"product_cat-kleding-fr","7":"product_cat-heren-fr","8":"product_cat-shorts-fr-2","9":"product_cat-vousten-sports-fr-2","10":"product_cat-broeken-fr","11":"product_cat-stone-island-fr-2","12":"product_cat-zwembroeken-fr-2","13":"product_cat-broek-fr","15":"first","16":"instock","17":"taxable","18":"shipping-taxable","19":"purchasable","20":"product-type-variable"},"acf":[],"yoast_head":"<!-- This site is optimized with the Yoast SEO plugin v23.9 - https:\/\/yoast.com\/wordpress\/plugins\/seo\/ -->\n<title>STONE ISLAND - SHORT DE BAIN VERT \u00c0 POCHES (42357) - Vousten Sports<\/title>\n<meta name=\"robots\" content=\"index, follow, max-snippet:-1, max-image-preview:large, max-video-preview:-1\" \/>\n<link rel=\"canonical\" href=\"https:\/\/www.voustensports.com\/fr\/stone-island-short-de-bain-vert-a-poches-42357\/\" \/>\n<meta property=\"og:locale\" content=\"fr_FR\" \/>\n<meta property=\"og:type\" content=\"article\" \/>\n<meta property=\"og:title\" content=\"STONE ISLAND - SHORT DE BAIN VERT \u00c0 POCHES (42357) - Vousten Sports\" \/>\n<meta property=\"og:description\" content=\"D\u00c9TAILS DU PRODUIT Short de bain court en Nylon Metal, confectionn\u00e9 avec des fils r\u00e9g\u00e9n\u00e9r\u00e9s ECONYL\u00ae, pr\u00e9sentant des surpiq\u00fbres contrast\u00e9es, des finitions lat\u00e9rales, des poches et une doublure en maille. Teint en pi\u00e8ce. STYLE Surpiq\u00fbres contrast\u00e9es sur l&rsquo;ensemble du v\u00eatement. Poches verticales pour les mains. Poche arri\u00e8re plaqu\u00e9e avec fermeture auto-agrippante dissimul\u00e9e, patte de serrage [...]\" \/>\n<meta property=\"og:url\" content=\"https:\/\/www.voustensports.com\/fr\/stone-island-short-de-bain-vert-a-poches-42357\/\" \/>\n<meta property=\"og:site_name\" content=\"Vousten Sports\" \/>\n<meta property=\"article:modified_time\" content=\"2026-04-14T06:42:04+00:00\" \/>\n<meta property=\"og:image\" content=\"https:\/\/www.voustensports.com\/wp-content\/uploads\/2023\/06\/STONE-ISLAND-SWIM-SHORTS-WITH-POCKETS-GREEN-42357-1.jpg\" \/>\n\t<meta property=\"og:image:width\" content=\"1365\" \/>\n\t<meta property=\"og:image:height\" content=\"2048\" \/>\n\t<meta property=\"og:image:type\" content=\"image\/jpeg\" \/>\n<meta name=\"twitter:card\" content=\"summary_large_image\" \/>\n<meta name=\"twitter:label1\" content=\"Est. reading time\" \/>\n\t<meta name=\"twitter:data1\" content=\"1 minute\" \/>\n<script type=\"application\/ld+json\" class=\"yoast-schema-graph\">{\"@context\":\"https:\/\/schema.org\",\"@graph\":[{\"@type\":\"WebPage\",\"@id\":\"https:\/\/www.voustensports.com\/fr\/stone-island-short-de-bain-vert-a-poches-42357\/\",\"url\":\"https:\/\/www.voustensports.com\/fr\/stone-island-short-de-bain-vert-a-poches-42357\/\",\"name\":\"STONE ISLAND - SHORT DE BAIN VERT \u00c0 POCHES (42357) - Vousten Sports\",\"isPartOf\":{\"@id\":\"https:\/\/www.voustensports.com\/nl\/#website\"},\"primaryImageOfPage\":{\"@id\":\"https:\/\/www.voustensports.com\/fr\/stone-island-short-de-bain-vert-a-poches-42357\/#primaryimage\"},\"image\":{\"@id\":\"https:\/\/www.voustensports.com\/fr\/stone-island-short-de-bain-vert-a-poches-42357\/#primaryimage\"},\"thumbnailUrl\":\"https:\/\/www.voustensports.com\/wp-content\/uploads\/2023\/06\/STONE-ISLAND-SWIM-SHORTS-WITH-POCKETS-GREEN-42357-1.jpg\",\"datePublished\":\"2026-02-14T21:39:08+00:00\",\"dateModified\":\"2026-04-14T06:42:04+00:00\",\"breadcrumb\":{\"@id\":\"https:\/\/www.voustensports.com\/fr\/stone-island-short-de-bain-vert-a-poches-42357\/#breadcrumb\"},\"inLanguage\":\"fr-FR\",\"potentialAction\":[{\"@type\":\"ReadAction\",\"target\":[\"https:\/\/www.voustensports.com\/fr\/stone-island-short-de-bain-vert-a-poches-42357\/\"]}]},{\"@type\":\"ImageObject\",\"inLanguage\":\"fr-FR\",\"@id\":\"https:\/\/www.voustensports.com\/fr\/stone-island-short-de-bain-vert-a-poches-42357\/#primaryimage\",\"url\":\"https:\/\/www.voustensports.com\/wp-content\/uploads\/2023\/06\/STONE-ISLAND-SWIM-SHORTS-WITH-POCKETS-GREEN-42357-1.jpg\",\"contentUrl\":\"https:\/\/www.voustensports.com\/wp-content\/uploads\/2023\/06\/STONE-ISLAND-SWIM-SHORTS-WITH-POCKETS-GREEN-42357-1.jpg\",\"width\":1365,\"height\":2048},{\"@type\":\"BreadcrumbList\",\"@id\":\"https:\/\/www.voustensports.com\/fr\/stone-island-short-de-bain-vert-a-poches-42357\/#breadcrumb\",\"itemListElement\":[{\"@type\":\"ListItem\",\"position\":1,\"name\":\"Home\",\"item\":\"https:\/\/www.voustensports.com\/fr\/\"},{\"@type\":\"ListItem\",\"position\":2,\"name\":\"Boutique\",\"item\":\"https:\/\/www.voustensports.com\/fr\/shop\/\"},{\"@type\":\"ListItem\",\"position\":3,\"name\":\"STONE ISLAND &#8211; SHORT DE BAIN VERT \u00c0 POCHES (42357)\"}]},{\"@type\":\"WebSite\",\"@id\":\"https:\/\/www.voustensports.com\/nl\/#website\",\"url\":\"https:\/\/www.voustensports.com\/nl\/\",\"name\":\"Vousten Sports\",\"description\":\"\",\"potentialAction\":[{\"@type\":\"SearchAction\",\"target\":{\"@type\":\"EntryPoint\",\"urlTemplate\":\"https:\/\/www.voustensports.com\/nl\/?s={search_term_string}\"},\"query-input\":{\"@type\":\"PropertyValueSpecification\",\"valueRequired\":true,\"valueName\":\"search_term_string\"}}],\"inLanguage\":\"fr-FR\"}]}<\/script>\n<!-- \/ Yoast SEO plugin. -->","yoast_head_json":{"title":"STONE ISLAND - SHORT DE BAIN VERT \u00c0 POCHES (42357) - Vousten Sports","robots":{"index":"index","follow":"follow","max-snippet":"max-snippet:-1","max-image-preview":"max-image-preview:large","max-video-preview":"max-video-preview:-1"},"canonical":"https:\/\/www.voustensports.com\/fr\/stone-island-short-de-bain-vert-a-poches-42357\/","og_locale":"fr_FR","og_type":"article","og_title":"STONE ISLAND - SHORT DE BAIN VERT \u00c0 POCHES (42357) - Vousten Sports","og_description":"D\u00c9TAILS DU PRODUIT Short de bain court en Nylon Metal, confectionn\u00e9 avec des fils r\u00e9g\u00e9n\u00e9r\u00e9s ECONYL\u00ae, pr\u00e9sentant des surpiq\u00fbres contrast\u00e9es, des finitions lat\u00e9rales, des poches et une doublure en maille. Teint en pi\u00e8ce. STYLE Surpiq\u00fbres contrast\u00e9es sur l&rsquo;ensemble du v\u00eatement. Poches verticales pour les mains. Poche arri\u00e8re plaqu\u00e9e avec fermeture auto-agrippante dissimul\u00e9e, patte de serrage [...]","og_url":"https:\/\/www.voustensports.com\/fr\/stone-island-short-de-bain-vert-a-poches-42357\/","og_site_name":"Vousten Sports","article_modified_time":"2026-04-14T06:42:04+00:00","og_image":[{"width":1365,"height":2048,"url":"https:\/\/www.voustensports.com\/wp-content\/uploads\/2023\/06\/STONE-ISLAND-SWIM-SHORTS-WITH-POCKETS-GREEN-42357-1.jpg","type":"image\/jpeg"}],"twitter_card":"summary_large_image","twitter_misc":{"Est. reading time":"1 minute"},"schema":{"@context":"https:\/\/schema.org","@graph":[{"@type":"WebPage","@id":"https:\/\/www.voustensports.com\/fr\/stone-island-short-de-bain-vert-a-poches-42357\/","url":"https:\/\/www.voustensports.com\/fr\/stone-island-short-de-bain-vert-a-poches-42357\/","name":"STONE ISLAND - SHORT DE BAIN VERT \u00c0 POCHES (42357) - Vousten Sports","isPartOf":{"@id":"https:\/\/www.voustensports.com\/nl\/#website"},"primaryImageOfPage":{"@id":"https:\/\/www.voustensports.com\/fr\/stone-island-short-de-bain-vert-a-poches-42357\/#primaryimage"},"image":{"@id":"https:\/\/www.voustensports.com\/fr\/stone-island-short-de-bain-vert-a-poches-42357\/#primaryimage"},"thumbnailUrl":"https:\/\/www.voustensports.com\/wp-content\/uploads\/2023\/06\/STONE-ISLAND-SWIM-SHORTS-WITH-POCKETS-GREEN-42357-1.jpg","datePublished":"2026-02-14T21:39:08+00:00","dateModified":"2026-04-14T06:42:04+00:00","breadcrumb":{"@id":"https:\/\/www.voustensports.com\/fr\/stone-island-short-de-bain-vert-a-poches-42357\/#breadcrumb"},"inLanguage":"fr-FR","potentialAction":[{"@type":"ReadAction","target":["https:\/\/www.voustensports.com\/fr\/stone-island-short-de-bain-vert-a-poches-42357\/"]}]},{"@type":"ImageObject","inLanguage":"fr-FR","@id":"https:\/\/www.voustensports.com\/fr\/stone-island-short-de-bain-vert-a-poches-42357\/#primaryimage","url":"https:\/\/www.voustensports.com\/wp-content\/uploads\/2023\/06\/STONE-ISLAND-SWIM-SHORTS-WITH-POCKETS-GREEN-42357-1.jpg","contentUrl":"https:\/\/www.voustensports.com\/wp-content\/uploads\/2023\/06\/STONE-ISLAND-SWIM-SHORTS-WITH-POCKETS-GREEN-42357-1.jpg","width":1365,"height":2048},{"@type":"BreadcrumbList","@id":"https:\/\/www.voustensports.com\/fr\/stone-island-short-de-bain-vert-a-poches-42357\/#breadcrumb","itemListElement":[{"@type":"ListItem","position":1,"name":"Home","item":"https:\/\/www.voustensports.com\/fr\/"},{"@type":"ListItem","position":2,"name":"Boutique","item":"https:\/\/www.voustensports.com\/fr\/shop\/"},{"@type":"ListItem","position":3,"name":"STONE ISLAND &#8211; SHORT DE BAIN VERT \u00c0 POCHES (42357)"}]},{"@type":"WebSite","@id":"https:\/\/www.voustensports.com\/nl\/#website","url":"https:\/\/www.voustensports.com\/nl\/","name":"Vousten Sports","description":"","potentialAction":[{"@type":"SearchAction","target":{"@type":"EntryPoint","urlTemplate":"https:\/\/www.voustensports.com\/nl\/?s={search_term_string}"},"query-input":{"@type":"PropertyValueSpecification","valueRequired":true,"valueName":"search_term_string"}}],"inLanguage":"fr-FR"}]}},"_links":{"self":[{"href":"https:\/\/www.voustensports.com\/fr\/wp-json\/wp\/v2\/product\/221153","targetHints":{"allow":["GET"]}}],"collection":[{"href":"https:\/\/www.voustensports.com\/fr\/wp-json\/wp\/v2\/product"}],"about":[{"href":"https:\/\/www.voustensports.com\/fr\/wp-json\/wp\/v2\/types\/product"}],"replies":[{"embeddable":true,"href":"https:\/\/www.voustensports.com\/fr\/wp-json\/wp\/v2\/comments?post=221153"}],"wp:featuredmedia":[{"embeddable":true,"href":"https:\/\/www.voustensports.com\/fr\/wp-json\/wp\/v2\/media\/221141"}],"wp:attachment":[{"href":"https:\/\/www.voustensports.com\/fr\/wp-json\/wp\/v2\/media?parent=221153"}],"wp:term":[{"taxonomy":"product_cat","embeddable":true,"href":"https:\/\/www.voustensports.com\/fr\/wp-json\/wp\/v2\/product_cat?post=221153"},{"taxonomy":"product_tag","embeddable":true,"href":"https:\/\/www.voustensports.com\/fr\/wp-json\/wp\/v2\/product_tag?post=221153"}],"curies":[{"name":"wp","href":"https:\/\/api.w.org\/{rel}","templated":true}]}}