{"id":221083,"date":"2026-02-14T18:36:08","date_gmt":"2026-02-14T17:36:08","guid":{"rendered":"https:\/\/www.voustensports.com\/stone-island-short-de-jogging-avec-poches-cargo-bleu-fonce-42363\/"},"modified":"2026-04-14T09:09:03","modified_gmt":"2026-04-14T07:09:03","slug":"stone-island-short-de-jogging-avec-poches-cargo-bleu-fonce-42363","status":"publish","type":"product","link":"https:\/\/www.voustensports.com\/fr\/stone-island-short-de-jogging-avec-poches-cargo-bleu-fonce-42363\/","title":{"rendered":"STONE ISLAND &#8211; SHORT DE JOGGING AVEC POCHES CARGO BLEU FONC\u00c9 (42363)"},"content":{"rendered":"<p>D\u00c9TAILS DU PRODUIT<br \/>\nShort de jogging en molleton de coton biologique avec poches zipp\u00e9es et \u00e0 pression, et taille \u00e9lastiqu\u00e9e avec cordon de serrage. \u00c9paisseur moyenne. Teint en pi\u00e8ce.<\/p>\n<p>STYLE<\/p>\n<ul>\n<li>Poches verticales pour les mains.<\/li>\n<li>Poche cargo plaqu\u00e9e sur la jambe gauche avec fermeture \u00e9clair dissimul\u00e9e et logo Stone Island.<\/li>\n<li>Poche arri\u00e8re oblique avec rabat fixe et fermeture \u00e0 pression dissimul\u00e9e.<\/li>\n<li>Taille \u00e9lastiqu\u00e9e c\u00f4tel\u00e9e avec cordon de serrage ext\u00e9rieur.<\/li>\n<li>Coupe classique.<\/li>\n<\/ul>\n<p>COMPOSITION<\/p>\n<ul>\n<li>Ext\u00e9rieur : 100 % coton<\/li>\n<li>Bords c\u00f4tel\u00e9s : 99 % coton, 1 % \u00e9lasthanne. Doublure des poches : 100 % coton.<\/li>\n<\/ul>\n<p>R\u00e9f\u00e9rence Stone Island : L1S156200011S0051V0020<\/p>\n<p>N\u00b0 d&rsquo;identification : 42363<\/p>\n","protected":false},"excerpt":{"rendered":"<p>D\u00c9TAILS DU PRODUIT Short de jogging en molleton de coton biologique avec poches zipp\u00e9es et \u00e0 pression, et taille \u00e9lastiqu\u00e9e avec cordon de serrage. \u00c9paisseur moyenne. Teint en pi\u00e8ce. STYLE Poches verticales pour les mains. Poche cargo plaqu\u00e9e sur la jambe gauche avec fermeture \u00e9clair dissimul\u00e9e et logo Stone Island. Poche arri\u00e8re oblique avec rabat [&#8230;]\n","protected":false},"featured_media":221071,"comment_status":"open","ping_status":"closed","template":"","meta":{"rank_math_lock_modified_date":false},"product_cat":[446,450,458,462,466,482,786,901],"product_tag":[],"class_list":{"0":"post-221083","1":"product","2":"type-product","3":"status-publish","4":"has-post-thumbnail","6":"product_cat-kleding-fr","7":"product_cat-heren-fr","8":"product_cat-shorts-fr-2","9":"product_cat-vousten-sports-fr-2","10":"product_cat-broeken-fr","11":"product_cat-stone-island-fr-2","12":"product_cat-broek-fr","13":"product_cat-cargo-fr","15":"first","16":"instock","17":"taxable","18":"shipping-taxable","19":"purchasable","20":"product-type-variable"},"acf":[],"yoast_head":"<!-- This site is optimized with the Yoast SEO plugin v23.9 - https:\/\/yoast.com\/wordpress\/plugins\/seo\/ -->\n<title>STONE ISLAND - SHORT DE JOGGING AVEC POCHES CARGO BLEU FONC\u00c9 (42363) - Vousten Sports<\/title>\n<meta name=\"robots\" content=\"index, follow, max-snippet:-1, max-image-preview:large, max-video-preview:-1\" \/>\n<link rel=\"canonical\" href=\"https:\/\/www.voustensports.com\/fr\/stone-island-short-de-jogging-avec-poches-cargo-bleu-fonce-42363\/\" \/>\n<meta property=\"og:locale\" content=\"fr_FR\" \/>\n<meta property=\"og:type\" content=\"article\" \/>\n<meta property=\"og:title\" content=\"STONE ISLAND - SHORT DE JOGGING AVEC POCHES CARGO BLEU FONC\u00c9 (42363) - Vousten Sports\" \/>\n<meta property=\"og:description\" content=\"D\u00c9TAILS DU PRODUIT Short de jogging en molleton de coton biologique avec poches zipp\u00e9es et \u00e0 pression, et taille \u00e9lastiqu\u00e9e avec cordon de serrage. \u00c9paisseur moyenne. Teint en pi\u00e8ce. STYLE Poches verticales pour les mains. Poche cargo plaqu\u00e9e sur la jambe gauche avec fermeture \u00e9clair dissimul\u00e9e et logo Stone Island. Poche arri\u00e8re oblique avec rabat [...]\" \/>\n<meta property=\"og:url\" content=\"https:\/\/www.voustensports.com\/fr\/stone-island-short-de-jogging-avec-poches-cargo-bleu-fonce-42363\/\" \/>\n<meta property=\"og:site_name\" content=\"Vousten Sports\" \/>\n<meta property=\"article:modified_time\" content=\"2026-04-14T07:09:03+00:00\" \/>\n<meta property=\"og:image\" content=\"https:\/\/www.voustensports.com\/wp-content\/uploads\/2023\/06\/STONE-ISLAND-JOGGER-SHORTS-WITH-CARGO-POCKETS-DONKERBLAUW-42363-1.jpg\" \/>\n\t<meta property=\"og:image:width\" content=\"1365\" \/>\n\t<meta property=\"og:image:height\" content=\"2048\" \/>\n\t<meta property=\"og:image:type\" content=\"image\/jpeg\" \/>\n<meta name=\"twitter:card\" content=\"summary_large_image\" \/>\n<meta name=\"twitter:label1\" content=\"Est. reading time\" \/>\n\t<meta name=\"twitter:data1\" content=\"1 minute\" \/>\n<script type=\"application\/ld+json\" class=\"yoast-schema-graph\">{\"@context\":\"https:\/\/schema.org\",\"@graph\":[{\"@type\":\"WebPage\",\"@id\":\"https:\/\/www.voustensports.com\/fr\/stone-island-short-de-jogging-avec-poches-cargo-bleu-fonce-42363\/\",\"url\":\"https:\/\/www.voustensports.com\/fr\/stone-island-short-de-jogging-avec-poches-cargo-bleu-fonce-42363\/\",\"name\":\"STONE ISLAND - SHORT DE JOGGING AVEC POCHES CARGO BLEU FONC\u00c9 (42363) - Vousten Sports\",\"isPartOf\":{\"@id\":\"https:\/\/www.voustensports.com\/nl\/#website\"},\"primaryImageOfPage\":{\"@id\":\"https:\/\/www.voustensports.com\/fr\/stone-island-short-de-jogging-avec-poches-cargo-bleu-fonce-42363\/#primaryimage\"},\"image\":{\"@id\":\"https:\/\/www.voustensports.com\/fr\/stone-island-short-de-jogging-avec-poches-cargo-bleu-fonce-42363\/#primaryimage\"},\"thumbnailUrl\":\"https:\/\/www.voustensports.com\/wp-content\/uploads\/2023\/06\/STONE-ISLAND-JOGGER-SHORTS-WITH-CARGO-POCKETS-DONKERBLAUW-42363-1.jpg\",\"datePublished\":\"2026-02-14T17:36:08+00:00\",\"dateModified\":\"2026-04-14T07:09:03+00:00\",\"breadcrumb\":{\"@id\":\"https:\/\/www.voustensports.com\/fr\/stone-island-short-de-jogging-avec-poches-cargo-bleu-fonce-42363\/#breadcrumb\"},\"inLanguage\":\"fr-FR\",\"potentialAction\":[{\"@type\":\"ReadAction\",\"target\":[\"https:\/\/www.voustensports.com\/fr\/stone-island-short-de-jogging-avec-poches-cargo-bleu-fonce-42363\/\"]}]},{\"@type\":\"ImageObject\",\"inLanguage\":\"fr-FR\",\"@id\":\"https:\/\/www.voustensports.com\/fr\/stone-island-short-de-jogging-avec-poches-cargo-bleu-fonce-42363\/#primaryimage\",\"url\":\"https:\/\/www.voustensports.com\/wp-content\/uploads\/2023\/06\/STONE-ISLAND-JOGGER-SHORTS-WITH-CARGO-POCKETS-DONKERBLAUW-42363-1.jpg\",\"contentUrl\":\"https:\/\/www.voustensports.com\/wp-content\/uploads\/2023\/06\/STONE-ISLAND-JOGGER-SHORTS-WITH-CARGO-POCKETS-DONKERBLAUW-42363-1.jpg\",\"width\":1365,\"height\":2048},{\"@type\":\"BreadcrumbList\",\"@id\":\"https:\/\/www.voustensports.com\/fr\/stone-island-short-de-jogging-avec-poches-cargo-bleu-fonce-42363\/#breadcrumb\",\"itemListElement\":[{\"@type\":\"ListItem\",\"position\":1,\"name\":\"Home\",\"item\":\"https:\/\/www.voustensports.com\/fr\/\"},{\"@type\":\"ListItem\",\"position\":2,\"name\":\"Boutique\",\"item\":\"https:\/\/www.voustensports.com\/fr\/shop\/\"},{\"@type\":\"ListItem\",\"position\":3,\"name\":\"STONE ISLAND &#8211; SHORT DE JOGGING AVEC POCHES CARGO BLEU FONC\u00c9 (42363)\"}]},{\"@type\":\"WebSite\",\"@id\":\"https:\/\/www.voustensports.com\/nl\/#website\",\"url\":\"https:\/\/www.voustensports.com\/nl\/\",\"name\":\"Vousten Sports\",\"description\":\"\",\"potentialAction\":[{\"@type\":\"SearchAction\",\"target\":{\"@type\":\"EntryPoint\",\"urlTemplate\":\"https:\/\/www.voustensports.com\/nl\/?s={search_term_string}\"},\"query-input\":{\"@type\":\"PropertyValueSpecification\",\"valueRequired\":true,\"valueName\":\"search_term_string\"}}],\"inLanguage\":\"fr-FR\"}]}<\/script>\n<!-- \/ Yoast SEO plugin. -->","yoast_head_json":{"title":"STONE ISLAND - SHORT DE JOGGING AVEC POCHES CARGO BLEU FONC\u00c9 (42363) - Vousten Sports","robots":{"index":"index","follow":"follow","max-snippet":"max-snippet:-1","max-image-preview":"max-image-preview:large","max-video-preview":"max-video-preview:-1"},"canonical":"https:\/\/www.voustensports.com\/fr\/stone-island-short-de-jogging-avec-poches-cargo-bleu-fonce-42363\/","og_locale":"fr_FR","og_type":"article","og_title":"STONE ISLAND - SHORT DE JOGGING AVEC POCHES CARGO BLEU FONC\u00c9 (42363) - Vousten Sports","og_description":"D\u00c9TAILS DU PRODUIT Short de jogging en molleton de coton biologique avec poches zipp\u00e9es et \u00e0 pression, et taille \u00e9lastiqu\u00e9e avec cordon de serrage. \u00c9paisseur moyenne. Teint en pi\u00e8ce. STYLE Poches verticales pour les mains. Poche cargo plaqu\u00e9e sur la jambe gauche avec fermeture \u00e9clair dissimul\u00e9e et logo Stone Island. Poche arri\u00e8re oblique avec rabat [...]","og_url":"https:\/\/www.voustensports.com\/fr\/stone-island-short-de-jogging-avec-poches-cargo-bleu-fonce-42363\/","og_site_name":"Vousten Sports","article_modified_time":"2026-04-14T07:09:03+00:00","og_image":[{"width":1365,"height":2048,"url":"https:\/\/www.voustensports.com\/wp-content\/uploads\/2023\/06\/STONE-ISLAND-JOGGER-SHORTS-WITH-CARGO-POCKETS-DONKERBLAUW-42363-1.jpg","type":"image\/jpeg"}],"twitter_card":"summary_large_image","twitter_misc":{"Est. reading time":"1 minute"},"schema":{"@context":"https:\/\/schema.org","@graph":[{"@type":"WebPage","@id":"https:\/\/www.voustensports.com\/fr\/stone-island-short-de-jogging-avec-poches-cargo-bleu-fonce-42363\/","url":"https:\/\/www.voustensports.com\/fr\/stone-island-short-de-jogging-avec-poches-cargo-bleu-fonce-42363\/","name":"STONE ISLAND - SHORT DE JOGGING AVEC POCHES CARGO BLEU FONC\u00c9 (42363) - Vousten Sports","isPartOf":{"@id":"https:\/\/www.voustensports.com\/nl\/#website"},"primaryImageOfPage":{"@id":"https:\/\/www.voustensports.com\/fr\/stone-island-short-de-jogging-avec-poches-cargo-bleu-fonce-42363\/#primaryimage"},"image":{"@id":"https:\/\/www.voustensports.com\/fr\/stone-island-short-de-jogging-avec-poches-cargo-bleu-fonce-42363\/#primaryimage"},"thumbnailUrl":"https:\/\/www.voustensports.com\/wp-content\/uploads\/2023\/06\/STONE-ISLAND-JOGGER-SHORTS-WITH-CARGO-POCKETS-DONKERBLAUW-42363-1.jpg","datePublished":"2026-02-14T17:36:08+00:00","dateModified":"2026-04-14T07:09:03+00:00","breadcrumb":{"@id":"https:\/\/www.voustensports.com\/fr\/stone-island-short-de-jogging-avec-poches-cargo-bleu-fonce-42363\/#breadcrumb"},"inLanguage":"fr-FR","potentialAction":[{"@type":"ReadAction","target":["https:\/\/www.voustensports.com\/fr\/stone-island-short-de-jogging-avec-poches-cargo-bleu-fonce-42363\/"]}]},{"@type":"ImageObject","inLanguage":"fr-FR","@id":"https:\/\/www.voustensports.com\/fr\/stone-island-short-de-jogging-avec-poches-cargo-bleu-fonce-42363\/#primaryimage","url":"https:\/\/www.voustensports.com\/wp-content\/uploads\/2023\/06\/STONE-ISLAND-JOGGER-SHORTS-WITH-CARGO-POCKETS-DONKERBLAUW-42363-1.jpg","contentUrl":"https:\/\/www.voustensports.com\/wp-content\/uploads\/2023\/06\/STONE-ISLAND-JOGGER-SHORTS-WITH-CARGO-POCKETS-DONKERBLAUW-42363-1.jpg","width":1365,"height":2048},{"@type":"BreadcrumbList","@id":"https:\/\/www.voustensports.com\/fr\/stone-island-short-de-jogging-avec-poches-cargo-bleu-fonce-42363\/#breadcrumb","itemListElement":[{"@type":"ListItem","position":1,"name":"Home","item":"https:\/\/www.voustensports.com\/fr\/"},{"@type":"ListItem","position":2,"name":"Boutique","item":"https:\/\/www.voustensports.com\/fr\/shop\/"},{"@type":"ListItem","position":3,"name":"STONE ISLAND &#8211; SHORT DE JOGGING AVEC POCHES CARGO BLEU FONC\u00c9 (42363)"}]},{"@type":"WebSite","@id":"https:\/\/www.voustensports.com\/nl\/#website","url":"https:\/\/www.voustensports.com\/nl\/","name":"Vousten Sports","description":"","potentialAction":[{"@type":"SearchAction","target":{"@type":"EntryPoint","urlTemplate":"https:\/\/www.voustensports.com\/nl\/?s={search_term_string}"},"query-input":{"@type":"PropertyValueSpecification","valueRequired":true,"valueName":"search_term_string"}}],"inLanguage":"fr-FR"}]}},"_links":{"self":[{"href":"https:\/\/www.voustensports.com\/fr\/wp-json\/wp\/v2\/product\/221083","targetHints":{"allow":["GET"]}}],"collection":[{"href":"https:\/\/www.voustensports.com\/fr\/wp-json\/wp\/v2\/product"}],"about":[{"href":"https:\/\/www.voustensports.com\/fr\/wp-json\/wp\/v2\/types\/product"}],"replies":[{"embeddable":true,"href":"https:\/\/www.voustensports.com\/fr\/wp-json\/wp\/v2\/comments?post=221083"}],"wp:featuredmedia":[{"embeddable":true,"href":"https:\/\/www.voustensports.com\/fr\/wp-json\/wp\/v2\/media\/221071"}],"wp:attachment":[{"href":"https:\/\/www.voustensports.com\/fr\/wp-json\/wp\/v2\/media?parent=221083"}],"wp:term":[{"taxonomy":"product_cat","embeddable":true,"href":"https:\/\/www.voustensports.com\/fr\/wp-json\/wp\/v2\/product_cat?post=221083"},{"taxonomy":"product_tag","embeddable":true,"href":"https:\/\/www.voustensports.com\/fr\/wp-json\/wp\/v2\/product_tag?post=221083"}],"curies":[{"name":"wp","href":"https:\/\/api.w.org\/{rel}","templated":true}]}}