{"id":220929,"date":"2026-02-14T09:48:09","date_gmt":"2026-02-14T08:48:09","guid":{"rendered":"https:\/\/www.voustensports.com\/stone-island-pantalon-cargo-a-poches-zippees-ecru-42589\/"},"modified":"2026-02-18T17:39:12","modified_gmt":"2026-02-18T16:39:12","slug":"stone-island-pantalon-cargo-a-poches-zippees-ecru-42589","status":"publish","type":"product","link":"https:\/\/www.voustensports.com\/fr\/stone-island-pantalon-cargo-a-poches-zippees-ecru-42589\/","title":{"rendered":"STONE ISLAND &#8211; PANTALON CARGO \u00c0 POCHES ZIPP\u00c9ES \u00c9CRU (42589)"},"content":{"rendered":"<p>D\u00c9TAILS DU PRODUIT<br \/>\nPantalon cargo en serg\u00e9 cass\u00e9 stretch de coton biologique, avec poches zipp\u00e9es et \u00e0 boutons-pression. Teint en pi\u00e8ce avec le traitement \u00ab\u00a0OLD\u00a0\u00bb pour un aspect l\u00e9g\u00e8rement vieilli.<\/p>\n<p>STIJL<\/p>\n<ul>\n<li>Poches passepoil\u00e9es verticales avec fermeture \u00e9clair dissimul\u00e9e.<\/li>\n<li>Poches cargo \u00e0 soufflet avec rabat et double bouton-pression dissimul\u00e9.<\/li>\n<li>\u00c9cusson Stone Island sur la poche cargo gauche.<\/li>\n<li>Poche arri\u00e8re inclin\u00e9e avec rabat fixe et bouton-pression dissimul\u00e9.<\/li>\n<li>Genoux pr\u00e9form\u00e9s.<\/li>\n<li>Ceinture int\u00e9rieure renforc\u00e9e avec doublure contrast\u00e9e.<\/li>\n<li>Braguette zipp\u00e9e et fermeture boutonn\u00e9e.<\/li>\n<li>Coupe fusel\u00e9e classique.<\/li>\n<\/ul>\n<p>SAMENSTELLING<\/p>\n<ul>\n<li>98\u00a0% coton, 2\u00a0% \u00e9lasthanne<\/li>\n<\/ul>\n<p>R\u00e9f\u00e9rence Stone Island\u00a0: L1S153100051S0004V015G<\/p>\n<p>R\u00e9f\u00e9rence\u00a0: 42589<\/p>\n","protected":false},"excerpt":{"rendered":"<p>D\u00c9TAILS DU PRODUIT Pantalon cargo en serg\u00e9 cass\u00e9 stretch de coton biologique, avec poches zipp\u00e9es et \u00e0 boutons-pression. Teint en pi\u00e8ce avec le traitement \u00ab\u00a0OLD\u00a0\u00bb pour un aspect l\u00e9g\u00e8rement vieilli. STIJL Poches passepoil\u00e9es verticales avec fermeture \u00e9clair dissimul\u00e9e. Poches cargo \u00e0 soufflet avec rabat et double bouton-pression dissimul\u00e9. \u00c9cusson Stone Island sur la poche cargo [&#8230;]\n","protected":false},"featured_media":220917,"comment_status":"open","ping_status":"closed","template":"","meta":{"rank_math_lock_modified_date":false},"product_cat":[446,450,462,466,482,786,1004],"product_tag":[],"class_list":{"0":"post-220929","1":"product","2":"type-product","3":"status-publish","4":"has-post-thumbnail","6":"product_cat-kleding-fr","7":"product_cat-heren-fr","8":"product_cat-vousten-sports-fr-2","9":"product_cat-broeken-fr","10":"product_cat-stone-island-fr-2","11":"product_cat-broek-fr","12":"product_cat-chino-fr","14":"first","15":"instock","16":"taxable","17":"shipping-taxable","18":"purchasable","19":"product-type-variable"},"acf":[],"yoast_head":"<!-- This site is optimized with the Yoast SEO plugin v23.9 - https:\/\/yoast.com\/wordpress\/plugins\/seo\/ -->\n<title>STONE ISLAND - PANTALON CARGO \u00c0 POCHES ZIPP\u00c9ES \u00c9CRU (42589) - Vousten Sports<\/title>\n<meta name=\"robots\" content=\"index, follow, max-snippet:-1, max-image-preview:large, max-video-preview:-1\" \/>\n<link rel=\"canonical\" href=\"https:\/\/www.voustensports.com\/fr\/stone-island-pantalon-cargo-a-poches-zippees-ecru-42589\/\" \/>\n<meta property=\"og:locale\" content=\"fr_FR\" \/>\n<meta property=\"og:type\" content=\"article\" \/>\n<meta property=\"og:title\" content=\"STONE ISLAND - PANTALON CARGO \u00c0 POCHES ZIPP\u00c9ES \u00c9CRU (42589) - Vousten Sports\" \/>\n<meta property=\"og:description\" content=\"D\u00c9TAILS DU PRODUIT Pantalon cargo en serg\u00e9 cass\u00e9 stretch de coton biologique, avec poches zipp\u00e9es et \u00e0 boutons-pression. Teint en pi\u00e8ce avec le traitement \u00ab\u00a0OLD\u00a0\u00bb pour un aspect l\u00e9g\u00e8rement vieilli. STIJL Poches passepoil\u00e9es verticales avec fermeture \u00e9clair dissimul\u00e9e. Poches cargo \u00e0 soufflet avec rabat et double bouton-pression dissimul\u00e9. \u00c9cusson Stone Island sur la poche cargo [...]\" \/>\n<meta property=\"og:url\" content=\"https:\/\/www.voustensports.com\/fr\/stone-island-pantalon-cargo-a-poches-zippees-ecru-42589\/\" \/>\n<meta property=\"og:site_name\" content=\"Vousten Sports\" \/>\n<meta property=\"article:modified_time\" content=\"2026-02-18T16:39:12+00:00\" \/>\n<meta property=\"og:image\" content=\"https:\/\/www.voustensports.com\/wp-content\/uploads\/2023\/06\/STONE-ISLAND-CARGO-TROUSERS-WITH-ZIP-POCKETS-ECRU-42589-1.jpg\" \/>\n\t<meta property=\"og:image:width\" content=\"1365\" \/>\n\t<meta property=\"og:image:height\" content=\"2048\" \/>\n\t<meta property=\"og:image:type\" content=\"image\/jpeg\" \/>\n<meta name=\"twitter:card\" content=\"summary_large_image\" \/>\n<meta name=\"twitter:label1\" content=\"Est. reading time\" \/>\n\t<meta name=\"twitter:data1\" content=\"1 minute\" \/>\n<script type=\"application\/ld+json\" class=\"yoast-schema-graph\">{\"@context\":\"https:\/\/schema.org\",\"@graph\":[{\"@type\":\"WebPage\",\"@id\":\"https:\/\/www.voustensports.com\/fr\/stone-island-pantalon-cargo-a-poches-zippees-ecru-42589\/\",\"url\":\"https:\/\/www.voustensports.com\/fr\/stone-island-pantalon-cargo-a-poches-zippees-ecru-42589\/\",\"name\":\"STONE ISLAND - PANTALON CARGO \u00c0 POCHES ZIPP\u00c9ES \u00c9CRU (42589) - Vousten Sports\",\"isPartOf\":{\"@id\":\"https:\/\/www.voustensports.com\/nl\/#website\"},\"primaryImageOfPage\":{\"@id\":\"https:\/\/www.voustensports.com\/fr\/stone-island-pantalon-cargo-a-poches-zippees-ecru-42589\/#primaryimage\"},\"image\":{\"@id\":\"https:\/\/www.voustensports.com\/fr\/stone-island-pantalon-cargo-a-poches-zippees-ecru-42589\/#primaryimage\"},\"thumbnailUrl\":\"https:\/\/www.voustensports.com\/wp-content\/uploads\/2023\/06\/STONE-ISLAND-CARGO-TROUSERS-WITH-ZIP-POCKETS-ECRU-42589-1.jpg\",\"datePublished\":\"2026-02-14T08:48:09+00:00\",\"dateModified\":\"2026-02-18T16:39:12+00:00\",\"breadcrumb\":{\"@id\":\"https:\/\/www.voustensports.com\/fr\/stone-island-pantalon-cargo-a-poches-zippees-ecru-42589\/#breadcrumb\"},\"inLanguage\":\"fr-FR\",\"potentialAction\":[{\"@type\":\"ReadAction\",\"target\":[\"https:\/\/www.voustensports.com\/fr\/stone-island-pantalon-cargo-a-poches-zippees-ecru-42589\/\"]}]},{\"@type\":\"ImageObject\",\"inLanguage\":\"fr-FR\",\"@id\":\"https:\/\/www.voustensports.com\/fr\/stone-island-pantalon-cargo-a-poches-zippees-ecru-42589\/#primaryimage\",\"url\":\"https:\/\/www.voustensports.com\/wp-content\/uploads\/2023\/06\/STONE-ISLAND-CARGO-TROUSERS-WITH-ZIP-POCKETS-ECRU-42589-1.jpg\",\"contentUrl\":\"https:\/\/www.voustensports.com\/wp-content\/uploads\/2023\/06\/STONE-ISLAND-CARGO-TROUSERS-WITH-ZIP-POCKETS-ECRU-42589-1.jpg\",\"width\":1365,\"height\":2048},{\"@type\":\"BreadcrumbList\",\"@id\":\"https:\/\/www.voustensports.com\/fr\/stone-island-pantalon-cargo-a-poches-zippees-ecru-42589\/#breadcrumb\",\"itemListElement\":[{\"@type\":\"ListItem\",\"position\":1,\"name\":\"Home\",\"item\":\"https:\/\/www.voustensports.com\/fr\/\"},{\"@type\":\"ListItem\",\"position\":2,\"name\":\"Boutique\",\"item\":\"https:\/\/www.voustensports.com\/fr\/shop\/\"},{\"@type\":\"ListItem\",\"position\":3,\"name\":\"STONE ISLAND &#8211; PANTALON CARGO \u00c0 POCHES ZIPP\u00c9ES \u00c9CRU (42589)\"}]},{\"@type\":\"WebSite\",\"@id\":\"https:\/\/www.voustensports.com\/nl\/#website\",\"url\":\"https:\/\/www.voustensports.com\/nl\/\",\"name\":\"Vousten Sports\",\"description\":\"\",\"potentialAction\":[{\"@type\":\"SearchAction\",\"target\":{\"@type\":\"EntryPoint\",\"urlTemplate\":\"https:\/\/www.voustensports.com\/nl\/?s={search_term_string}\"},\"query-input\":{\"@type\":\"PropertyValueSpecification\",\"valueRequired\":true,\"valueName\":\"search_term_string\"}}],\"inLanguage\":\"fr-FR\"}]}<\/script>\n<!-- \/ Yoast SEO plugin. -->","yoast_head_json":{"title":"STONE ISLAND - PANTALON CARGO \u00c0 POCHES ZIPP\u00c9ES \u00c9CRU (42589) - Vousten Sports","robots":{"index":"index","follow":"follow","max-snippet":"max-snippet:-1","max-image-preview":"max-image-preview:large","max-video-preview":"max-video-preview:-1"},"canonical":"https:\/\/www.voustensports.com\/fr\/stone-island-pantalon-cargo-a-poches-zippees-ecru-42589\/","og_locale":"fr_FR","og_type":"article","og_title":"STONE ISLAND - PANTALON CARGO \u00c0 POCHES ZIPP\u00c9ES \u00c9CRU (42589) - Vousten Sports","og_description":"D\u00c9TAILS DU PRODUIT Pantalon cargo en serg\u00e9 cass\u00e9 stretch de coton biologique, avec poches zipp\u00e9es et \u00e0 boutons-pression. Teint en pi\u00e8ce avec le traitement \u00ab\u00a0OLD\u00a0\u00bb pour un aspect l\u00e9g\u00e8rement vieilli. STIJL Poches passepoil\u00e9es verticales avec fermeture \u00e9clair dissimul\u00e9e. Poches cargo \u00e0 soufflet avec rabat et double bouton-pression dissimul\u00e9. \u00c9cusson Stone Island sur la poche cargo [...]","og_url":"https:\/\/www.voustensports.com\/fr\/stone-island-pantalon-cargo-a-poches-zippees-ecru-42589\/","og_site_name":"Vousten Sports","article_modified_time":"2026-02-18T16:39:12+00:00","og_image":[{"width":1365,"height":2048,"url":"https:\/\/www.voustensports.com\/wp-content\/uploads\/2023\/06\/STONE-ISLAND-CARGO-TROUSERS-WITH-ZIP-POCKETS-ECRU-42589-1.jpg","type":"image\/jpeg"}],"twitter_card":"summary_large_image","twitter_misc":{"Est. reading time":"1 minute"},"schema":{"@context":"https:\/\/schema.org","@graph":[{"@type":"WebPage","@id":"https:\/\/www.voustensports.com\/fr\/stone-island-pantalon-cargo-a-poches-zippees-ecru-42589\/","url":"https:\/\/www.voustensports.com\/fr\/stone-island-pantalon-cargo-a-poches-zippees-ecru-42589\/","name":"STONE ISLAND - PANTALON CARGO \u00c0 POCHES ZIPP\u00c9ES \u00c9CRU (42589) - Vousten Sports","isPartOf":{"@id":"https:\/\/www.voustensports.com\/nl\/#website"},"primaryImageOfPage":{"@id":"https:\/\/www.voustensports.com\/fr\/stone-island-pantalon-cargo-a-poches-zippees-ecru-42589\/#primaryimage"},"image":{"@id":"https:\/\/www.voustensports.com\/fr\/stone-island-pantalon-cargo-a-poches-zippees-ecru-42589\/#primaryimage"},"thumbnailUrl":"https:\/\/www.voustensports.com\/wp-content\/uploads\/2023\/06\/STONE-ISLAND-CARGO-TROUSERS-WITH-ZIP-POCKETS-ECRU-42589-1.jpg","datePublished":"2026-02-14T08:48:09+00:00","dateModified":"2026-02-18T16:39:12+00:00","breadcrumb":{"@id":"https:\/\/www.voustensports.com\/fr\/stone-island-pantalon-cargo-a-poches-zippees-ecru-42589\/#breadcrumb"},"inLanguage":"fr-FR","potentialAction":[{"@type":"ReadAction","target":["https:\/\/www.voustensports.com\/fr\/stone-island-pantalon-cargo-a-poches-zippees-ecru-42589\/"]}]},{"@type":"ImageObject","inLanguage":"fr-FR","@id":"https:\/\/www.voustensports.com\/fr\/stone-island-pantalon-cargo-a-poches-zippees-ecru-42589\/#primaryimage","url":"https:\/\/www.voustensports.com\/wp-content\/uploads\/2023\/06\/STONE-ISLAND-CARGO-TROUSERS-WITH-ZIP-POCKETS-ECRU-42589-1.jpg","contentUrl":"https:\/\/www.voustensports.com\/wp-content\/uploads\/2023\/06\/STONE-ISLAND-CARGO-TROUSERS-WITH-ZIP-POCKETS-ECRU-42589-1.jpg","width":1365,"height":2048},{"@type":"BreadcrumbList","@id":"https:\/\/www.voustensports.com\/fr\/stone-island-pantalon-cargo-a-poches-zippees-ecru-42589\/#breadcrumb","itemListElement":[{"@type":"ListItem","position":1,"name":"Home","item":"https:\/\/www.voustensports.com\/fr\/"},{"@type":"ListItem","position":2,"name":"Boutique","item":"https:\/\/www.voustensports.com\/fr\/shop\/"},{"@type":"ListItem","position":3,"name":"STONE ISLAND &#8211; PANTALON CARGO \u00c0 POCHES ZIPP\u00c9ES \u00c9CRU (42589)"}]},{"@type":"WebSite","@id":"https:\/\/www.voustensports.com\/nl\/#website","url":"https:\/\/www.voustensports.com\/nl\/","name":"Vousten Sports","description":"","potentialAction":[{"@type":"SearchAction","target":{"@type":"EntryPoint","urlTemplate":"https:\/\/www.voustensports.com\/nl\/?s={search_term_string}"},"query-input":{"@type":"PropertyValueSpecification","valueRequired":true,"valueName":"search_term_string"}}],"inLanguage":"fr-FR"}]}},"_links":{"self":[{"href":"https:\/\/www.voustensports.com\/fr\/wp-json\/wp\/v2\/product\/220929","targetHints":{"allow":["GET"]}}],"collection":[{"href":"https:\/\/www.voustensports.com\/fr\/wp-json\/wp\/v2\/product"}],"about":[{"href":"https:\/\/www.voustensports.com\/fr\/wp-json\/wp\/v2\/types\/product"}],"replies":[{"embeddable":true,"href":"https:\/\/www.voustensports.com\/fr\/wp-json\/wp\/v2\/comments?post=220929"}],"wp:featuredmedia":[{"embeddable":true,"href":"https:\/\/www.voustensports.com\/fr\/wp-json\/wp\/v2\/media\/220917"}],"wp:attachment":[{"href":"https:\/\/www.voustensports.com\/fr\/wp-json\/wp\/v2\/media?parent=220929"}],"wp:term":[{"taxonomy":"product_cat","embeddable":true,"href":"https:\/\/www.voustensports.com\/fr\/wp-json\/wp\/v2\/product_cat?post=220929"},{"taxonomy":"product_tag","embeddable":true,"href":"https:\/\/www.voustensports.com\/fr\/wp-json\/wp\/v2\/product_tag?post=220929"}],"curies":[{"name":"wp","href":"https:\/\/api.w.org\/{rel}","templated":true}]}}