{"id":220791,"date":"2026-02-14T00:39:06","date_gmt":"2026-02-13T23:39:06","guid":{"rendered":"https:\/\/www.voustensports.com\/stone-island-polo-bleu-fonce-avec-ecusson-bouss-42487\/"},"modified":"2026-03-23T14:06:18","modified_gmt":"2026-03-23T13:06:18","slug":"stone-island-polo-bleu-fonce-avec-ecusson-bouss-42487","status":"publish","type":"product","link":"https:\/\/www.voustensports.com\/fr\/stone-island-polo-bleu-fonce-avec-ecusson-bouss-42487\/","title":{"rendered":"STONE ISLAND &#8211; POLO BLEU FONC\u00c9 AVEC \u00c9CUSSON BOUSS (42487)"},"content":{"rendered":"<p>D\u00c9TAILS DU PRODUIT<br \/>\nPolo \u00e0 manches courtes en piqu\u00e9 de coton biologique 50\/2, dot\u00e9 d&rsquo;un col c\u00f4tel\u00e9 \u00e0 deux boutons, d&rsquo;un \u00e9cusson logo Compass sur la poitrine et de poignets c\u00f4tel\u00e9s.<\/p>\n<p>STIJL<\/p>\n<ul>\n<li>Col c\u00f4tel\u00e9 \u00e0 deux boutons.<\/li>\n<li>\u00c9cusson logo Compass sur la poitrine.<\/li>\n<li>Poignets c\u00f4tel\u00e9s.<\/li>\n<li>Fentes lat\u00e9rales renforc\u00e9es par une bande int\u00e9rieure.<\/li>\n<li>Coupe classique.<\/li>\n<\/ul>\n<p>SAMENSTELLING<\/p>\n<ul>\n<li>Ext\u00e9rieur : 100 % coton<\/li>\n<li>C\u00f4tes : 100 % coton<\/li>\n<\/ul>\n<p>R\u00e9f\u00e9rence Stone Island : L1S152200011S0039V0020<\/p>\n<p>N\u00b0 d&rsquo;identification : 42487<\/p>\n","protected":false},"excerpt":{"rendered":"<p>D\u00c9TAILS DU PRODUIT Polo \u00e0 manches courtes en piqu\u00e9 de coton biologique 50\/2, dot\u00e9 d&rsquo;un col c\u00f4tel\u00e9 \u00e0 deux boutons, d&rsquo;un \u00e9cusson logo Compass sur la poitrine et de poignets c\u00f4tel\u00e9s. STIJL Col c\u00f4tel\u00e9 \u00e0 deux boutons. \u00c9cusson logo Compass sur la poitrine. Poignets c\u00f4tel\u00e9s. Fentes lat\u00e9rales renforc\u00e9es par une bande int\u00e9rieure. Coupe classique. SAMENSTELLING [&#8230;]\n","protected":false},"featured_media":220783,"comment_status":"open","ping_status":"closed","template":"","meta":{"rank_math_lock_modified_date":false},"product_cat":[446,450,462,478,482,486],"product_tag":[],"class_list":{"0":"post-220791","1":"product","2":"type-product","3":"status-publish","4":"has-post-thumbnail","6":"product_cat-kleding-fr","7":"product_cat-heren-fr","8":"product_cat-vousten-sports-fr-2","9":"product_cat-polos-fr-2","10":"product_cat-stone-island-fr-2","11":"product_cat-shirt-fr-2","13":"first","14":"instock","15":"taxable","16":"shipping-taxable","17":"purchasable","18":"product-type-variable"},"acf":[],"yoast_head":"<!-- This site is optimized with the Yoast SEO plugin v23.9 - https:\/\/yoast.com\/wordpress\/plugins\/seo\/ -->\n<title>STONE ISLAND - POLO BLEU FONC\u00c9 AVEC \u00c9CUSSON BOUSS (42487) - Vousten Sports<\/title>\n<meta name=\"robots\" content=\"index, follow, max-snippet:-1, max-image-preview:large, max-video-preview:-1\" \/>\n<link rel=\"canonical\" href=\"https:\/\/www.voustensports.com\/fr\/stone-island-polo-bleu-fonce-avec-ecusson-bouss-42487\/\" \/>\n<meta property=\"og:locale\" content=\"fr_FR\" \/>\n<meta property=\"og:type\" content=\"article\" \/>\n<meta property=\"og:title\" content=\"STONE ISLAND - POLO BLEU FONC\u00c9 AVEC \u00c9CUSSON BOUSS (42487) - Vousten Sports\" \/>\n<meta property=\"og:description\" content=\"D\u00c9TAILS DU PRODUIT Polo \u00e0 manches courtes en piqu\u00e9 de coton biologique 50\/2, dot\u00e9 d&rsquo;un col c\u00f4tel\u00e9 \u00e0 deux boutons, d&rsquo;un \u00e9cusson logo Compass sur la poitrine et de poignets c\u00f4tel\u00e9s. STIJL Col c\u00f4tel\u00e9 \u00e0 deux boutons. \u00c9cusson logo Compass sur la poitrine. Poignets c\u00f4tel\u00e9s. Fentes lat\u00e9rales renforc\u00e9es par une bande int\u00e9rieure. Coupe classique. SAMENSTELLING [...]\" \/>\n<meta property=\"og:url\" content=\"https:\/\/www.voustensports.com\/fr\/stone-island-polo-bleu-fonce-avec-ecusson-bouss-42487\/\" \/>\n<meta property=\"og:site_name\" content=\"Vousten Sports\" \/>\n<meta property=\"article:modified_time\" content=\"2026-03-23T13:06:18+00:00\" \/>\n<meta property=\"og:image\" content=\"https:\/\/www.voustensports.com\/wp-content\/uploads\/2023\/06\/STONE-ISLAND-POLO-MET-COMPASS-PATCH-DONKERBLAUW-42486-1-1.jpg\" \/>\n\t<meta property=\"og:image:width\" content=\"1200\" \/>\n\t<meta property=\"og:image:height\" content=\"1800\" \/>\n\t<meta property=\"og:image:type\" content=\"image\/jpeg\" \/>\n<meta name=\"twitter:card\" content=\"summary_large_image\" \/>\n<script type=\"application\/ld+json\" class=\"yoast-schema-graph\">{\"@context\":\"https:\/\/schema.org\",\"@graph\":[{\"@type\":\"WebPage\",\"@id\":\"https:\/\/www.voustensports.com\/fr\/stone-island-polo-bleu-fonce-avec-ecusson-bouss-42487\/\",\"url\":\"https:\/\/www.voustensports.com\/fr\/stone-island-polo-bleu-fonce-avec-ecusson-bouss-42487\/\",\"name\":\"STONE ISLAND - POLO BLEU FONC\u00c9 AVEC \u00c9CUSSON BOUSS (42487) - Vousten Sports\",\"isPartOf\":{\"@id\":\"https:\/\/www.voustensports.com\/nl\/#website\"},\"primaryImageOfPage\":{\"@id\":\"https:\/\/www.voustensports.com\/fr\/stone-island-polo-bleu-fonce-avec-ecusson-bouss-42487\/#primaryimage\"},\"image\":{\"@id\":\"https:\/\/www.voustensports.com\/fr\/stone-island-polo-bleu-fonce-avec-ecusson-bouss-42487\/#primaryimage\"},\"thumbnailUrl\":\"https:\/\/www.voustensports.com\/wp-content\/uploads\/2023\/06\/STONE-ISLAND-POLO-MET-COMPASS-PATCH-DONKERBLAUW-42486-1-1.jpg\",\"datePublished\":\"2026-02-13T23:39:06+00:00\",\"dateModified\":\"2026-03-23T13:06:18+00:00\",\"breadcrumb\":{\"@id\":\"https:\/\/www.voustensports.com\/fr\/stone-island-polo-bleu-fonce-avec-ecusson-bouss-42487\/#breadcrumb\"},\"inLanguage\":\"fr-FR\",\"potentialAction\":[{\"@type\":\"ReadAction\",\"target\":[\"https:\/\/www.voustensports.com\/fr\/stone-island-polo-bleu-fonce-avec-ecusson-bouss-42487\/\"]}]},{\"@type\":\"ImageObject\",\"inLanguage\":\"fr-FR\",\"@id\":\"https:\/\/www.voustensports.com\/fr\/stone-island-polo-bleu-fonce-avec-ecusson-bouss-42487\/#primaryimage\",\"url\":\"https:\/\/www.voustensports.com\/wp-content\/uploads\/2023\/06\/STONE-ISLAND-POLO-MET-COMPASS-PATCH-DONKERBLAUW-42486-1-1.jpg\",\"contentUrl\":\"https:\/\/www.voustensports.com\/wp-content\/uploads\/2023\/06\/STONE-ISLAND-POLO-MET-COMPASS-PATCH-DONKERBLAUW-42486-1-1.jpg\",\"width\":1200,\"height\":1800},{\"@type\":\"BreadcrumbList\",\"@id\":\"https:\/\/www.voustensports.com\/fr\/stone-island-polo-bleu-fonce-avec-ecusson-bouss-42487\/#breadcrumb\",\"itemListElement\":[{\"@type\":\"ListItem\",\"position\":1,\"name\":\"Home\",\"item\":\"https:\/\/www.voustensports.com\/fr\/\"},{\"@type\":\"ListItem\",\"position\":2,\"name\":\"Boutique\",\"item\":\"https:\/\/www.voustensports.com\/fr\/shop\/\"},{\"@type\":\"ListItem\",\"position\":3,\"name\":\"STONE ISLAND &#8211; POLO BLEU FONC\u00c9 AVEC \u00c9CUSSON BOUSS (42487)\"}]},{\"@type\":\"WebSite\",\"@id\":\"https:\/\/www.voustensports.com\/nl\/#website\",\"url\":\"https:\/\/www.voustensports.com\/nl\/\",\"name\":\"Vousten Sports\",\"description\":\"\",\"potentialAction\":[{\"@type\":\"SearchAction\",\"target\":{\"@type\":\"EntryPoint\",\"urlTemplate\":\"https:\/\/www.voustensports.com\/nl\/?s={search_term_string}\"},\"query-input\":{\"@type\":\"PropertyValueSpecification\",\"valueRequired\":true,\"valueName\":\"search_term_string\"}}],\"inLanguage\":\"fr-FR\"}]}<\/script>\n<!-- \/ Yoast SEO plugin. -->","yoast_head_json":{"title":"STONE ISLAND - POLO BLEU FONC\u00c9 AVEC \u00c9CUSSON BOUSS (42487) - Vousten Sports","robots":{"index":"index","follow":"follow","max-snippet":"max-snippet:-1","max-image-preview":"max-image-preview:large","max-video-preview":"max-video-preview:-1"},"canonical":"https:\/\/www.voustensports.com\/fr\/stone-island-polo-bleu-fonce-avec-ecusson-bouss-42487\/","og_locale":"fr_FR","og_type":"article","og_title":"STONE ISLAND - POLO BLEU FONC\u00c9 AVEC \u00c9CUSSON BOUSS (42487) - Vousten Sports","og_description":"D\u00c9TAILS DU PRODUIT Polo \u00e0 manches courtes en piqu\u00e9 de coton biologique 50\/2, dot\u00e9 d&rsquo;un col c\u00f4tel\u00e9 \u00e0 deux boutons, d&rsquo;un \u00e9cusson logo Compass sur la poitrine et de poignets c\u00f4tel\u00e9s. STIJL Col c\u00f4tel\u00e9 \u00e0 deux boutons. \u00c9cusson logo Compass sur la poitrine. Poignets c\u00f4tel\u00e9s. Fentes lat\u00e9rales renforc\u00e9es par une bande int\u00e9rieure. Coupe classique. SAMENSTELLING [...]","og_url":"https:\/\/www.voustensports.com\/fr\/stone-island-polo-bleu-fonce-avec-ecusson-bouss-42487\/","og_site_name":"Vousten Sports","article_modified_time":"2026-03-23T13:06:18+00:00","og_image":[{"width":1200,"height":1800,"url":"https:\/\/www.voustensports.com\/wp-content\/uploads\/2023\/06\/STONE-ISLAND-POLO-MET-COMPASS-PATCH-DONKERBLAUW-42486-1-1.jpg","type":"image\/jpeg"}],"twitter_card":"summary_large_image","schema":{"@context":"https:\/\/schema.org","@graph":[{"@type":"WebPage","@id":"https:\/\/www.voustensports.com\/fr\/stone-island-polo-bleu-fonce-avec-ecusson-bouss-42487\/","url":"https:\/\/www.voustensports.com\/fr\/stone-island-polo-bleu-fonce-avec-ecusson-bouss-42487\/","name":"STONE ISLAND - POLO BLEU FONC\u00c9 AVEC \u00c9CUSSON BOUSS (42487) - Vousten Sports","isPartOf":{"@id":"https:\/\/www.voustensports.com\/nl\/#website"},"primaryImageOfPage":{"@id":"https:\/\/www.voustensports.com\/fr\/stone-island-polo-bleu-fonce-avec-ecusson-bouss-42487\/#primaryimage"},"image":{"@id":"https:\/\/www.voustensports.com\/fr\/stone-island-polo-bleu-fonce-avec-ecusson-bouss-42487\/#primaryimage"},"thumbnailUrl":"https:\/\/www.voustensports.com\/wp-content\/uploads\/2023\/06\/STONE-ISLAND-POLO-MET-COMPASS-PATCH-DONKERBLAUW-42486-1-1.jpg","datePublished":"2026-02-13T23:39:06+00:00","dateModified":"2026-03-23T13:06:18+00:00","breadcrumb":{"@id":"https:\/\/www.voustensports.com\/fr\/stone-island-polo-bleu-fonce-avec-ecusson-bouss-42487\/#breadcrumb"},"inLanguage":"fr-FR","potentialAction":[{"@type":"ReadAction","target":["https:\/\/www.voustensports.com\/fr\/stone-island-polo-bleu-fonce-avec-ecusson-bouss-42487\/"]}]},{"@type":"ImageObject","inLanguage":"fr-FR","@id":"https:\/\/www.voustensports.com\/fr\/stone-island-polo-bleu-fonce-avec-ecusson-bouss-42487\/#primaryimage","url":"https:\/\/www.voustensports.com\/wp-content\/uploads\/2023\/06\/STONE-ISLAND-POLO-MET-COMPASS-PATCH-DONKERBLAUW-42486-1-1.jpg","contentUrl":"https:\/\/www.voustensports.com\/wp-content\/uploads\/2023\/06\/STONE-ISLAND-POLO-MET-COMPASS-PATCH-DONKERBLAUW-42486-1-1.jpg","width":1200,"height":1800},{"@type":"BreadcrumbList","@id":"https:\/\/www.voustensports.com\/fr\/stone-island-polo-bleu-fonce-avec-ecusson-bouss-42487\/#breadcrumb","itemListElement":[{"@type":"ListItem","position":1,"name":"Home","item":"https:\/\/www.voustensports.com\/fr\/"},{"@type":"ListItem","position":2,"name":"Boutique","item":"https:\/\/www.voustensports.com\/fr\/shop\/"},{"@type":"ListItem","position":3,"name":"STONE ISLAND &#8211; POLO BLEU FONC\u00c9 AVEC \u00c9CUSSON BOUSS (42487)"}]},{"@type":"WebSite","@id":"https:\/\/www.voustensports.com\/nl\/#website","url":"https:\/\/www.voustensports.com\/nl\/","name":"Vousten Sports","description":"","potentialAction":[{"@type":"SearchAction","target":{"@type":"EntryPoint","urlTemplate":"https:\/\/www.voustensports.com\/nl\/?s={search_term_string}"},"query-input":{"@type":"PropertyValueSpecification","valueRequired":true,"valueName":"search_term_string"}}],"inLanguage":"fr-FR"}]}},"_links":{"self":[{"href":"https:\/\/www.voustensports.com\/fr\/wp-json\/wp\/v2\/product\/220791","targetHints":{"allow":["GET"]}}],"collection":[{"href":"https:\/\/www.voustensports.com\/fr\/wp-json\/wp\/v2\/product"}],"about":[{"href":"https:\/\/www.voustensports.com\/fr\/wp-json\/wp\/v2\/types\/product"}],"replies":[{"embeddable":true,"href":"https:\/\/www.voustensports.com\/fr\/wp-json\/wp\/v2\/comments?post=220791"}],"wp:featuredmedia":[{"embeddable":true,"href":"https:\/\/www.voustensports.com\/fr\/wp-json\/wp\/v2\/media\/220783"}],"wp:attachment":[{"href":"https:\/\/www.voustensports.com\/fr\/wp-json\/wp\/v2\/media?parent=220791"}],"wp:term":[{"taxonomy":"product_cat","embeddable":true,"href":"https:\/\/www.voustensports.com\/fr\/wp-json\/wp\/v2\/product_cat?post=220791"},{"taxonomy":"product_tag","embeddable":true,"href":"https:\/\/www.voustensports.com\/fr\/wp-json\/wp\/v2\/product_tag?post=220791"}],"curies":[{"name":"wp","href":"https:\/\/api.w.org\/{rel}","templated":true}]}}