{"id":220714,"date":"2026-02-12T21:33:07","date_gmt":"2026-02-12T20:33:07","guid":{"rendered":"https:\/\/www.voustensports.com\/stone-island-crewneck-sweatshirt-donkerblauw-42356-2\/"},"modified":"2026-04-14T08:42:03","modified_gmt":"2026-04-14T06:42:03","slug":"stone-island-crewneck-sweatshirt-donkerblauw-42356-2","status":"publish","type":"product","link":"https:\/\/www.voustensports.com\/fr\/stone-island-crewneck-sweatshirt-donkerblauw-42356-2\/","title":{"rendered":"STONE ISLAND &#8211; SWEAT-SHIRT \u00c0 COL ROND MARINE (42356)"},"content":{"rendered":"<div>D\u00c9TAILS DU PRODUIT<\/div>\n<div>Sweat-shirt col rond en molleton de coton biologique. Teint en pi\u00e8ce.<\/div>\n<div><\/div>\n<div>STYLE<\/div>\n<ul>\n<li>Col c\u00f4tel\u00e9.<\/li>\n<li>Coutures surjet\u00e9es.<\/li>\n<li>\u00c9cusson Stone Island sur la manche gauche.<\/li>\n<li>Empi\u00e8cement doubl\u00e9 sous le col.<\/li>\n<li>Poignets et ourlet c\u00f4tel\u00e9s \u00e9lastiques.<\/li>\n<li>Coupe classique.<\/li>\n<\/ul>\n<div>COMPOSITION<\/div>\n<ul>\n<li>100 % coton.<\/li>\n<li>R\u00e9f\u00e9rence Stone Island : L1S156100060S0051V0020<\/li>\n<li>R\u00e9f\u00e9rence : 42356<\/li>\n<\/ul>\n","protected":false},"excerpt":{"rendered":"<p>D\u00c9TAILS DU PRODUIT Sweat-shirt col rond en molleton de coton biologique. Teint en pi\u00e8ce. STYLE Col c\u00f4tel\u00e9. Coutures surjet\u00e9es. \u00c9cusson Stone Island sur la manche gauche. Empi\u00e8cement doubl\u00e9 sous le col. Poignets et ourlet c\u00f4tel\u00e9s \u00e9lastiques. Coupe classique. COMPOSITION 100 % coton. R\u00e9f\u00e9rence Stone Island : L1S156100060S0051V0020 R\u00e9f\u00e9rence : 42356<\/p>\n","protected":false},"featured_media":220702,"comment_status":"open","ping_status":"closed","template":"","meta":{"rank_math_lock_modified_date":false},"product_cat":[446,450,462,482,534,694,697],"product_tag":[],"class_list":{"0":"post-220714","1":"product","2":"type-product","3":"status-publish","4":"has-post-thumbnail","6":"product_cat-kleding-fr","7":"product_cat-heren-fr","8":"product_cat-vousten-sports-fr-2","9":"product_cat-stone-island-fr-2","10":"product_cat-truien-fr-2","11":"product_cat-truien-vesten-fr-2","12":"product_cat-sweaters-fr-2","14":"first","15":"instock","16":"taxable","17":"shipping-taxable","18":"purchasable","19":"product-type-variable"},"acf":[],"yoast_head":"<!-- This site is optimized with the Yoast SEO plugin v23.9 - https:\/\/yoast.com\/wordpress\/plugins\/seo\/ -->\n<title>STONE ISLAND - SWEAT-SHIRT \u00c0 COL ROND MARINE (42356) - Vousten Sports<\/title>\n<meta name=\"robots\" content=\"index, follow, max-snippet:-1, max-image-preview:large, max-video-preview:-1\" \/>\n<link rel=\"canonical\" href=\"https:\/\/www.voustensports.com\/fr\/stone-island-crewneck-sweatshirt-donkerblauw-42356-2\/\" \/>\n<meta property=\"og:locale\" content=\"fr_FR\" \/>\n<meta property=\"og:type\" content=\"article\" \/>\n<meta property=\"og:title\" content=\"STONE ISLAND - SWEAT-SHIRT \u00c0 COL ROND MARINE (42356) - Vousten Sports\" \/>\n<meta property=\"og:description\" content=\"D\u00c9TAILS DU PRODUIT Sweat-shirt col rond en molleton de coton biologique. Teint en pi\u00e8ce. STYLE Col c\u00f4tel\u00e9. Coutures surjet\u00e9es. \u00c9cusson Stone Island sur la manche gauche. Empi\u00e8cement doubl\u00e9 sous le col. Poignets et ourlet c\u00f4tel\u00e9s \u00e9lastiques. Coupe classique. COMPOSITION 100 % coton. R\u00e9f\u00e9rence Stone Island : L1S156100060S0051V0020 R\u00e9f\u00e9rence : 42356\" \/>\n<meta property=\"og:url\" content=\"https:\/\/www.voustensports.com\/fr\/stone-island-crewneck-sweatshirt-donkerblauw-42356-2\/\" \/>\n<meta property=\"og:site_name\" content=\"Vousten Sports\" \/>\n<meta property=\"article:modified_time\" content=\"2026-04-14T06:42:03+00:00\" \/>\n<meta property=\"og:image\" content=\"https:\/\/www.voustensports.com\/wp-content\/uploads\/2023\/06\/CREWNECK-SWEATSHIRT-DONKERBLAUW-42356-1.jpg\" \/>\n\t<meta property=\"og:image:width\" content=\"1365\" \/>\n\t<meta property=\"og:image:height\" content=\"2048\" \/>\n\t<meta property=\"og:image:type\" content=\"image\/jpeg\" \/>\n<meta name=\"twitter:card\" content=\"summary_large_image\" \/>\n<script type=\"application\/ld+json\" class=\"yoast-schema-graph\">{\"@context\":\"https:\/\/schema.org\",\"@graph\":[{\"@type\":\"WebPage\",\"@id\":\"https:\/\/www.voustensports.com\/fr\/stone-island-crewneck-sweatshirt-donkerblauw-42356-2\/\",\"url\":\"https:\/\/www.voustensports.com\/fr\/stone-island-crewneck-sweatshirt-donkerblauw-42356-2\/\",\"name\":\"STONE ISLAND - SWEAT-SHIRT \u00c0 COL ROND MARINE (42356) - Vousten Sports\",\"isPartOf\":{\"@id\":\"https:\/\/www.voustensports.com\/nl\/#website\"},\"primaryImageOfPage\":{\"@id\":\"https:\/\/www.voustensports.com\/fr\/stone-island-crewneck-sweatshirt-donkerblauw-42356-2\/#primaryimage\"},\"image\":{\"@id\":\"https:\/\/www.voustensports.com\/fr\/stone-island-crewneck-sweatshirt-donkerblauw-42356-2\/#primaryimage\"},\"thumbnailUrl\":\"https:\/\/www.voustensports.com\/wp-content\/uploads\/2023\/06\/CREWNECK-SWEATSHIRT-DONKERBLAUW-42356-1.jpg\",\"datePublished\":\"2026-02-12T20:33:07+00:00\",\"dateModified\":\"2026-04-14T06:42:03+00:00\",\"breadcrumb\":{\"@id\":\"https:\/\/www.voustensports.com\/fr\/stone-island-crewneck-sweatshirt-donkerblauw-42356-2\/#breadcrumb\"},\"inLanguage\":\"fr-FR\",\"potentialAction\":[{\"@type\":\"ReadAction\",\"target\":[\"https:\/\/www.voustensports.com\/fr\/stone-island-crewneck-sweatshirt-donkerblauw-42356-2\/\"]}]},{\"@type\":\"ImageObject\",\"inLanguage\":\"fr-FR\",\"@id\":\"https:\/\/www.voustensports.com\/fr\/stone-island-crewneck-sweatshirt-donkerblauw-42356-2\/#primaryimage\",\"url\":\"https:\/\/www.voustensports.com\/wp-content\/uploads\/2023\/06\/CREWNECK-SWEATSHIRT-DONKERBLAUW-42356-1.jpg\",\"contentUrl\":\"https:\/\/www.voustensports.com\/wp-content\/uploads\/2023\/06\/CREWNECK-SWEATSHIRT-DONKERBLAUW-42356-1.jpg\",\"width\":1365,\"height\":2048},{\"@type\":\"BreadcrumbList\",\"@id\":\"https:\/\/www.voustensports.com\/fr\/stone-island-crewneck-sweatshirt-donkerblauw-42356-2\/#breadcrumb\",\"itemListElement\":[{\"@type\":\"ListItem\",\"position\":1,\"name\":\"Home\",\"item\":\"https:\/\/www.voustensports.com\/fr\/\"},{\"@type\":\"ListItem\",\"position\":2,\"name\":\"Boutique\",\"item\":\"https:\/\/www.voustensports.com\/fr\/shop\/\"},{\"@type\":\"ListItem\",\"position\":3,\"name\":\"STONE ISLAND &#8211; SWEAT-SHIRT \u00c0 COL ROND MARINE (42356)\"}]},{\"@type\":\"WebSite\",\"@id\":\"https:\/\/www.voustensports.com\/nl\/#website\",\"url\":\"https:\/\/www.voustensports.com\/nl\/\",\"name\":\"Vousten Sports\",\"description\":\"\",\"potentialAction\":[{\"@type\":\"SearchAction\",\"target\":{\"@type\":\"EntryPoint\",\"urlTemplate\":\"https:\/\/www.voustensports.com\/nl\/?s={search_term_string}\"},\"query-input\":{\"@type\":\"PropertyValueSpecification\",\"valueRequired\":true,\"valueName\":\"search_term_string\"}}],\"inLanguage\":\"fr-FR\"}]}<\/script>\n<!-- \/ Yoast SEO plugin. -->","yoast_head_json":{"title":"STONE ISLAND - SWEAT-SHIRT \u00c0 COL ROND MARINE (42356) - Vousten Sports","robots":{"index":"index","follow":"follow","max-snippet":"max-snippet:-1","max-image-preview":"max-image-preview:large","max-video-preview":"max-video-preview:-1"},"canonical":"https:\/\/www.voustensports.com\/fr\/stone-island-crewneck-sweatshirt-donkerblauw-42356-2\/","og_locale":"fr_FR","og_type":"article","og_title":"STONE ISLAND - SWEAT-SHIRT \u00c0 COL ROND MARINE (42356) - Vousten Sports","og_description":"D\u00c9TAILS DU PRODUIT Sweat-shirt col rond en molleton de coton biologique. Teint en pi\u00e8ce. STYLE Col c\u00f4tel\u00e9. Coutures surjet\u00e9es. \u00c9cusson Stone Island sur la manche gauche. Empi\u00e8cement doubl\u00e9 sous le col. Poignets et ourlet c\u00f4tel\u00e9s \u00e9lastiques. Coupe classique. COMPOSITION 100 % coton. R\u00e9f\u00e9rence Stone Island : L1S156100060S0051V0020 R\u00e9f\u00e9rence : 42356","og_url":"https:\/\/www.voustensports.com\/fr\/stone-island-crewneck-sweatshirt-donkerblauw-42356-2\/","og_site_name":"Vousten Sports","article_modified_time":"2026-04-14T06:42:03+00:00","og_image":[{"width":1365,"height":2048,"url":"https:\/\/www.voustensports.com\/wp-content\/uploads\/2023\/06\/CREWNECK-SWEATSHIRT-DONKERBLAUW-42356-1.jpg","type":"image\/jpeg"}],"twitter_card":"summary_large_image","schema":{"@context":"https:\/\/schema.org","@graph":[{"@type":"WebPage","@id":"https:\/\/www.voustensports.com\/fr\/stone-island-crewneck-sweatshirt-donkerblauw-42356-2\/","url":"https:\/\/www.voustensports.com\/fr\/stone-island-crewneck-sweatshirt-donkerblauw-42356-2\/","name":"STONE ISLAND - SWEAT-SHIRT \u00c0 COL ROND MARINE (42356) - Vousten Sports","isPartOf":{"@id":"https:\/\/www.voustensports.com\/nl\/#website"},"primaryImageOfPage":{"@id":"https:\/\/www.voustensports.com\/fr\/stone-island-crewneck-sweatshirt-donkerblauw-42356-2\/#primaryimage"},"image":{"@id":"https:\/\/www.voustensports.com\/fr\/stone-island-crewneck-sweatshirt-donkerblauw-42356-2\/#primaryimage"},"thumbnailUrl":"https:\/\/www.voustensports.com\/wp-content\/uploads\/2023\/06\/CREWNECK-SWEATSHIRT-DONKERBLAUW-42356-1.jpg","datePublished":"2026-02-12T20:33:07+00:00","dateModified":"2026-04-14T06:42:03+00:00","breadcrumb":{"@id":"https:\/\/www.voustensports.com\/fr\/stone-island-crewneck-sweatshirt-donkerblauw-42356-2\/#breadcrumb"},"inLanguage":"fr-FR","potentialAction":[{"@type":"ReadAction","target":["https:\/\/www.voustensports.com\/fr\/stone-island-crewneck-sweatshirt-donkerblauw-42356-2\/"]}]},{"@type":"ImageObject","inLanguage":"fr-FR","@id":"https:\/\/www.voustensports.com\/fr\/stone-island-crewneck-sweatshirt-donkerblauw-42356-2\/#primaryimage","url":"https:\/\/www.voustensports.com\/wp-content\/uploads\/2023\/06\/CREWNECK-SWEATSHIRT-DONKERBLAUW-42356-1.jpg","contentUrl":"https:\/\/www.voustensports.com\/wp-content\/uploads\/2023\/06\/CREWNECK-SWEATSHIRT-DONKERBLAUW-42356-1.jpg","width":1365,"height":2048},{"@type":"BreadcrumbList","@id":"https:\/\/www.voustensports.com\/fr\/stone-island-crewneck-sweatshirt-donkerblauw-42356-2\/#breadcrumb","itemListElement":[{"@type":"ListItem","position":1,"name":"Home","item":"https:\/\/www.voustensports.com\/fr\/"},{"@type":"ListItem","position":2,"name":"Boutique","item":"https:\/\/www.voustensports.com\/fr\/shop\/"},{"@type":"ListItem","position":3,"name":"STONE ISLAND &#8211; SWEAT-SHIRT \u00c0 COL ROND MARINE (42356)"}]},{"@type":"WebSite","@id":"https:\/\/www.voustensports.com\/nl\/#website","url":"https:\/\/www.voustensports.com\/nl\/","name":"Vousten Sports","description":"","potentialAction":[{"@type":"SearchAction","target":{"@type":"EntryPoint","urlTemplate":"https:\/\/www.voustensports.com\/nl\/?s={search_term_string}"},"query-input":{"@type":"PropertyValueSpecification","valueRequired":true,"valueName":"search_term_string"}}],"inLanguage":"fr-FR"}]}},"_links":{"self":[{"href":"https:\/\/www.voustensports.com\/fr\/wp-json\/wp\/v2\/product\/220714","targetHints":{"allow":["GET"]}}],"collection":[{"href":"https:\/\/www.voustensports.com\/fr\/wp-json\/wp\/v2\/product"}],"about":[{"href":"https:\/\/www.voustensports.com\/fr\/wp-json\/wp\/v2\/types\/product"}],"replies":[{"embeddable":true,"href":"https:\/\/www.voustensports.com\/fr\/wp-json\/wp\/v2\/comments?post=220714"}],"wp:featuredmedia":[{"embeddable":true,"href":"https:\/\/www.voustensports.com\/fr\/wp-json\/wp\/v2\/media\/220702"}],"wp:attachment":[{"href":"https:\/\/www.voustensports.com\/fr\/wp-json\/wp\/v2\/media?parent=220714"}],"wp:term":[{"taxonomy":"product_cat","embeddable":true,"href":"https:\/\/www.voustensports.com\/fr\/wp-json\/wp\/v2\/product_cat?post=220714"},{"taxonomy":"product_tag","embeddable":true,"href":"https:\/\/www.voustensports.com\/fr\/wp-json\/wp\/v2\/product_tag?post=220714"}],"curies":[{"name":"wp","href":"https:\/\/api.w.org\/{rel}","templated":true}]}}