{"id":220650,"date":"2026-02-12T18:03:09","date_gmt":"2026-02-12T17:03:09","guid":{"rendered":"https:\/\/www.voustensports.com\/stone-island-stone-island-chemise-oxford-a-manches-longues-ecru-42596\/"},"modified":"2026-04-02T16:57:09","modified_gmt":"2026-04-02T14:57:09","slug":"stone-island-stone-island-chemise-oxford-a-manches-longues-ecru-42596","status":"publish","type":"product","link":"https:\/\/www.voustensports.com\/fr\/stone-island-stone-island-chemise-oxford-a-manches-longues-ecru-42596\/","title":{"rendered":"STONE ISLAND &#8211; STONE ISLAND CHEMISE OXFORD \u00c0 MANCHES LONGUES ECRU (42596)"},"content":{"rendered":"<div>D\u00c9TAILS DU PRODUIT<\/div>\n<div>Chemise \u00e0 manches longues en coton oxford biologique. Teinte en pi\u00e8ce.<\/div>\n<div><\/div>\n<div>STYLE<\/div>\n<ul>\n<li>Col boutonn\u00e9<\/li>\n<li>Logo Stone Island brod\u00e9 en bas \u00e0 gauche.<\/li>\n<li>Poignets et patte de boutonnage.<\/li>\n<li>Empi\u00e8cement dos avec patte de boutonnage et bouton-pression.<\/li>\n<li>Ourlet arrondi plus long \u00e0 l\u2019arri\u00e8re.<\/li>\n<li>Fermeture boutonn\u00e9e.<\/li>\n<li>Coupe confortable.<\/li>\n<\/ul>\n<div>COMPOSITION<\/div>\n<ul>\n<li>100 % coton<\/li>\n<li>R\u00e9f\u00e9rence Stone Island : L1S151100004S0315<\/li>\n<li>R\u00e9f\u00e9rence : 42596<\/li>\n<\/ul>\n","protected":false},"excerpt":{"rendered":"<p>D\u00c9TAILS DU PRODUIT Chemise \u00e0 manches longues en coton oxford biologique. Teinte en pi\u00e8ce. STYLE Col boutonn\u00e9 Logo Stone Island brod\u00e9 en bas \u00e0 gauche. Poignets et patte de boutonnage. Empi\u00e8cement dos avec patte de boutonnage et bouton-pression. Ourlet arrondi plus long \u00e0 l\u2019arri\u00e8re. Fermeture boutonn\u00e9e. Coupe confortable. COMPOSITION 100 % coton R\u00e9f\u00e9rence Stone Island [&#8230;]\n","protected":false},"featured_media":220638,"comment_status":"open","ping_status":"closed","template":"","meta":{"rank_math_lock_modified_date":false},"product_cat":[446,450,462,482,486,542,701,705,739],"product_tag":[],"class_list":{"0":"post-220650","1":"product","2":"type-product","3":"status-publish","4":"has-post-thumbnail","6":"product_cat-kleding-fr","7":"product_cat-heren-fr","8":"product_cat-vousten-sports-fr-2","9":"product_cat-stone-island-fr-2","10":"product_cat-shirt-fr-2","11":"product_cat-jassen-fr","12":"product_cat-jackets-fr","13":"product_cat-jassen-jacks-fr","14":"product_cat-overshirt-fr-2","16":"first","17":"instock","18":"taxable","19":"shipping-taxable","20":"purchasable","21":"product-type-variable"},"acf":[],"yoast_head":"<!-- This site is optimized with the Yoast SEO plugin v23.9 - https:\/\/yoast.com\/wordpress\/plugins\/seo\/ -->\n<title>STONE ISLAND - STONE ISLAND CHEMISE OXFORD \u00c0 MANCHES LONGUES ECRU (42596) - Vousten Sports<\/title>\n<meta name=\"robots\" content=\"index, follow, max-snippet:-1, max-image-preview:large, max-video-preview:-1\" \/>\n<link rel=\"canonical\" href=\"https:\/\/www.voustensports.com\/fr\/stone-island-stone-island-chemise-oxford-a-manches-longues-ecru-42596\/\" \/>\n<meta property=\"og:locale\" content=\"fr_FR\" \/>\n<meta property=\"og:type\" content=\"article\" \/>\n<meta property=\"og:title\" content=\"STONE ISLAND - STONE ISLAND CHEMISE OXFORD \u00c0 MANCHES LONGUES ECRU (42596) - Vousten Sports\" \/>\n<meta property=\"og:description\" content=\"D\u00c9TAILS DU PRODUIT Chemise \u00e0 manches longues en coton oxford biologique. Teinte en pi\u00e8ce. STYLE Col boutonn\u00e9 Logo Stone Island brod\u00e9 en bas \u00e0 gauche. Poignets et patte de boutonnage. Empi\u00e8cement dos avec patte de boutonnage et bouton-pression. Ourlet arrondi plus long \u00e0 l\u2019arri\u00e8re. Fermeture boutonn\u00e9e. Coupe confortable. COMPOSITION 100 % coton R\u00e9f\u00e9rence Stone Island [...]\" \/>\n<meta property=\"og:url\" content=\"https:\/\/www.voustensports.com\/fr\/stone-island-stone-island-chemise-oxford-a-manches-longues-ecru-42596\/\" \/>\n<meta property=\"og:site_name\" content=\"Vousten Sports\" \/>\n<meta property=\"article:modified_time\" content=\"2026-04-02T14:57:09+00:00\" \/>\n<meta property=\"og:image\" content=\"https:\/\/www.voustensports.com\/wp-content\/uploads\/2023\/06\/STONE-ISLAND-OXFORD-LONG-SLEEVE-SHIRT-ECRU-42596-1.jpg\" \/>\n\t<meta property=\"og:image:width\" content=\"1365\" \/>\n\t<meta property=\"og:image:height\" content=\"2048\" \/>\n\t<meta property=\"og:image:type\" content=\"image\/jpeg\" \/>\n<meta name=\"twitter:card\" content=\"summary_large_image\" \/>\n<script type=\"application\/ld+json\" class=\"yoast-schema-graph\">{\"@context\":\"https:\/\/schema.org\",\"@graph\":[{\"@type\":\"WebPage\",\"@id\":\"https:\/\/www.voustensports.com\/fr\/stone-island-stone-island-chemise-oxford-a-manches-longues-ecru-42596\/\",\"url\":\"https:\/\/www.voustensports.com\/fr\/stone-island-stone-island-chemise-oxford-a-manches-longues-ecru-42596\/\",\"name\":\"STONE ISLAND - STONE ISLAND CHEMISE OXFORD \u00c0 MANCHES LONGUES ECRU (42596) - Vousten Sports\",\"isPartOf\":{\"@id\":\"https:\/\/www.voustensports.com\/nl\/#website\"},\"primaryImageOfPage\":{\"@id\":\"https:\/\/www.voustensports.com\/fr\/stone-island-stone-island-chemise-oxford-a-manches-longues-ecru-42596\/#primaryimage\"},\"image\":{\"@id\":\"https:\/\/www.voustensports.com\/fr\/stone-island-stone-island-chemise-oxford-a-manches-longues-ecru-42596\/#primaryimage\"},\"thumbnailUrl\":\"https:\/\/www.voustensports.com\/wp-content\/uploads\/2023\/06\/STONE-ISLAND-OXFORD-LONG-SLEEVE-SHIRT-ECRU-42596-1.jpg\",\"datePublished\":\"2026-02-12T17:03:09+00:00\",\"dateModified\":\"2026-04-02T14:57:09+00:00\",\"breadcrumb\":{\"@id\":\"https:\/\/www.voustensports.com\/fr\/stone-island-stone-island-chemise-oxford-a-manches-longues-ecru-42596\/#breadcrumb\"},\"inLanguage\":\"fr-FR\",\"potentialAction\":[{\"@type\":\"ReadAction\",\"target\":[\"https:\/\/www.voustensports.com\/fr\/stone-island-stone-island-chemise-oxford-a-manches-longues-ecru-42596\/\"]}]},{\"@type\":\"ImageObject\",\"inLanguage\":\"fr-FR\",\"@id\":\"https:\/\/www.voustensports.com\/fr\/stone-island-stone-island-chemise-oxford-a-manches-longues-ecru-42596\/#primaryimage\",\"url\":\"https:\/\/www.voustensports.com\/wp-content\/uploads\/2023\/06\/STONE-ISLAND-OXFORD-LONG-SLEEVE-SHIRT-ECRU-42596-1.jpg\",\"contentUrl\":\"https:\/\/www.voustensports.com\/wp-content\/uploads\/2023\/06\/STONE-ISLAND-OXFORD-LONG-SLEEVE-SHIRT-ECRU-42596-1.jpg\",\"width\":1365,\"height\":2048},{\"@type\":\"BreadcrumbList\",\"@id\":\"https:\/\/www.voustensports.com\/fr\/stone-island-stone-island-chemise-oxford-a-manches-longues-ecru-42596\/#breadcrumb\",\"itemListElement\":[{\"@type\":\"ListItem\",\"position\":1,\"name\":\"Home\",\"item\":\"https:\/\/www.voustensports.com\/fr\/\"},{\"@type\":\"ListItem\",\"position\":2,\"name\":\"Boutique\",\"item\":\"https:\/\/www.voustensports.com\/fr\/shop\/\"},{\"@type\":\"ListItem\",\"position\":3,\"name\":\"STONE ISLAND &#8211; STONE ISLAND CHEMISE OXFORD \u00c0 MANCHES LONGUES ECRU (42596)\"}]},{\"@type\":\"WebSite\",\"@id\":\"https:\/\/www.voustensports.com\/nl\/#website\",\"url\":\"https:\/\/www.voustensports.com\/nl\/\",\"name\":\"Vousten Sports\",\"description\":\"\",\"potentialAction\":[{\"@type\":\"SearchAction\",\"target\":{\"@type\":\"EntryPoint\",\"urlTemplate\":\"https:\/\/www.voustensports.com\/nl\/?s={search_term_string}\"},\"query-input\":{\"@type\":\"PropertyValueSpecification\",\"valueRequired\":true,\"valueName\":\"search_term_string\"}}],\"inLanguage\":\"fr-FR\"}]}<\/script>\n<!-- \/ Yoast SEO plugin. -->","yoast_head_json":{"title":"STONE ISLAND - STONE ISLAND CHEMISE OXFORD \u00c0 MANCHES LONGUES ECRU (42596) - Vousten Sports","robots":{"index":"index","follow":"follow","max-snippet":"max-snippet:-1","max-image-preview":"max-image-preview:large","max-video-preview":"max-video-preview:-1"},"canonical":"https:\/\/www.voustensports.com\/fr\/stone-island-stone-island-chemise-oxford-a-manches-longues-ecru-42596\/","og_locale":"fr_FR","og_type":"article","og_title":"STONE ISLAND - STONE ISLAND CHEMISE OXFORD \u00c0 MANCHES LONGUES ECRU (42596) - Vousten Sports","og_description":"D\u00c9TAILS DU PRODUIT Chemise \u00e0 manches longues en coton oxford biologique. Teinte en pi\u00e8ce. STYLE Col boutonn\u00e9 Logo Stone Island brod\u00e9 en bas \u00e0 gauche. Poignets et patte de boutonnage. Empi\u00e8cement dos avec patte de boutonnage et bouton-pression. Ourlet arrondi plus long \u00e0 l\u2019arri\u00e8re. Fermeture boutonn\u00e9e. Coupe confortable. COMPOSITION 100 % coton R\u00e9f\u00e9rence Stone Island [...]","og_url":"https:\/\/www.voustensports.com\/fr\/stone-island-stone-island-chemise-oxford-a-manches-longues-ecru-42596\/","og_site_name":"Vousten Sports","article_modified_time":"2026-04-02T14:57:09+00:00","og_image":[{"width":1365,"height":2048,"url":"https:\/\/www.voustensports.com\/wp-content\/uploads\/2023\/06\/STONE-ISLAND-OXFORD-LONG-SLEEVE-SHIRT-ECRU-42596-1.jpg","type":"image\/jpeg"}],"twitter_card":"summary_large_image","schema":{"@context":"https:\/\/schema.org","@graph":[{"@type":"WebPage","@id":"https:\/\/www.voustensports.com\/fr\/stone-island-stone-island-chemise-oxford-a-manches-longues-ecru-42596\/","url":"https:\/\/www.voustensports.com\/fr\/stone-island-stone-island-chemise-oxford-a-manches-longues-ecru-42596\/","name":"STONE ISLAND - STONE ISLAND CHEMISE OXFORD \u00c0 MANCHES LONGUES ECRU (42596) - Vousten Sports","isPartOf":{"@id":"https:\/\/www.voustensports.com\/nl\/#website"},"primaryImageOfPage":{"@id":"https:\/\/www.voustensports.com\/fr\/stone-island-stone-island-chemise-oxford-a-manches-longues-ecru-42596\/#primaryimage"},"image":{"@id":"https:\/\/www.voustensports.com\/fr\/stone-island-stone-island-chemise-oxford-a-manches-longues-ecru-42596\/#primaryimage"},"thumbnailUrl":"https:\/\/www.voustensports.com\/wp-content\/uploads\/2023\/06\/STONE-ISLAND-OXFORD-LONG-SLEEVE-SHIRT-ECRU-42596-1.jpg","datePublished":"2026-02-12T17:03:09+00:00","dateModified":"2026-04-02T14:57:09+00:00","breadcrumb":{"@id":"https:\/\/www.voustensports.com\/fr\/stone-island-stone-island-chemise-oxford-a-manches-longues-ecru-42596\/#breadcrumb"},"inLanguage":"fr-FR","potentialAction":[{"@type":"ReadAction","target":["https:\/\/www.voustensports.com\/fr\/stone-island-stone-island-chemise-oxford-a-manches-longues-ecru-42596\/"]}]},{"@type":"ImageObject","inLanguage":"fr-FR","@id":"https:\/\/www.voustensports.com\/fr\/stone-island-stone-island-chemise-oxford-a-manches-longues-ecru-42596\/#primaryimage","url":"https:\/\/www.voustensports.com\/wp-content\/uploads\/2023\/06\/STONE-ISLAND-OXFORD-LONG-SLEEVE-SHIRT-ECRU-42596-1.jpg","contentUrl":"https:\/\/www.voustensports.com\/wp-content\/uploads\/2023\/06\/STONE-ISLAND-OXFORD-LONG-SLEEVE-SHIRT-ECRU-42596-1.jpg","width":1365,"height":2048},{"@type":"BreadcrumbList","@id":"https:\/\/www.voustensports.com\/fr\/stone-island-stone-island-chemise-oxford-a-manches-longues-ecru-42596\/#breadcrumb","itemListElement":[{"@type":"ListItem","position":1,"name":"Home","item":"https:\/\/www.voustensports.com\/fr\/"},{"@type":"ListItem","position":2,"name":"Boutique","item":"https:\/\/www.voustensports.com\/fr\/shop\/"},{"@type":"ListItem","position":3,"name":"STONE ISLAND &#8211; STONE ISLAND CHEMISE OXFORD \u00c0 MANCHES LONGUES ECRU (42596)"}]},{"@type":"WebSite","@id":"https:\/\/www.voustensports.com\/nl\/#website","url":"https:\/\/www.voustensports.com\/nl\/","name":"Vousten Sports","description":"","potentialAction":[{"@type":"SearchAction","target":{"@type":"EntryPoint","urlTemplate":"https:\/\/www.voustensports.com\/nl\/?s={search_term_string}"},"query-input":{"@type":"PropertyValueSpecification","valueRequired":true,"valueName":"search_term_string"}}],"inLanguage":"fr-FR"}]}},"_links":{"self":[{"href":"https:\/\/www.voustensports.com\/fr\/wp-json\/wp\/v2\/product\/220650","targetHints":{"allow":["GET"]}}],"collection":[{"href":"https:\/\/www.voustensports.com\/fr\/wp-json\/wp\/v2\/product"}],"about":[{"href":"https:\/\/www.voustensports.com\/fr\/wp-json\/wp\/v2\/types\/product"}],"replies":[{"embeddable":true,"href":"https:\/\/www.voustensports.com\/fr\/wp-json\/wp\/v2\/comments?post=220650"}],"wp:featuredmedia":[{"embeddable":true,"href":"https:\/\/www.voustensports.com\/fr\/wp-json\/wp\/v2\/media\/220638"}],"wp:attachment":[{"href":"https:\/\/www.voustensports.com\/fr\/wp-json\/wp\/v2\/media?parent=220650"}],"wp:term":[{"taxonomy":"product_cat","embeddable":true,"href":"https:\/\/www.voustensports.com\/fr\/wp-json\/wp\/v2\/product_cat?post=220650"},{"taxonomy":"product_tag","embeddable":true,"href":"https:\/\/www.voustensports.com\/fr\/wp-json\/wp\/v2\/product_tag?post=220650"}],"curies":[{"name":"wp","href":"https:\/\/api.w.org\/{rel}","templated":true}]}}