{"id":220281,"date":"2026-02-09T05:51:06","date_gmt":"2026-02-09T04:51:06","guid":{"rendered":"https:\/\/www.voustensports.com\/stone-island-stellina-polo-shirt-beige-42590-2\/"},"modified":"2026-03-28T16:27:10","modified_gmt":"2026-03-28T15:27:10","slug":"stone-island-stellina-polo-shirt-beige-42590-2","status":"publish","type":"product","link":"https:\/\/www.voustensports.com\/fr\/stone-island-stellina-polo-shirt-beige-42590-2\/","title":{"rendered":"STONE ISLAND &#8211; STELLINA POLO SHIRT BEIGE (42590)"},"content":{"rendered":"<div>D\u00c9TAILS DU PRODUIT<\/div>\n<div>Polo \u00e0 manches courtes en piqu\u00e9 de coton biologique.<\/div>\n<div><\/div>\n<div>STYLE<\/div>\n<ul>\n<li>Col c\u00f4tel\u00e9 \u00e0 deux boutons-pression.<\/li>\n<li>\u00c9toile Stone Island brod\u00e9e sur la poitrine.<\/li>\n<li>Coutures surjet\u00e9es.<\/li>\n<li>Coupe classique.<\/li>\n<\/ul>\n<div>COMPOSITION<\/div>\n<ul>\n<li>V\u00eatement : 100 % coton.<\/li>\n<li>Tissu c\u00f4tel\u00e9 : 100 % coton.<\/li>\n<li>R\u00e9f\u00e9rence Stone Island : 2200003 00G9<\/li>\n<li>R\u00e9f\u00e9rence : 42590<\/li>\n<\/ul>\n","protected":false},"excerpt":{"rendered":"<p>D\u00c9TAILS DU PRODUIT Polo \u00e0 manches courtes en piqu\u00e9 de coton biologique. STYLE Col c\u00f4tel\u00e9 \u00e0 deux boutons-pression. \u00c9toile Stone Island brod\u00e9e sur la poitrine. Coutures surjet\u00e9es. Coupe classique. COMPOSITION V\u00eatement : 100 % coton. Tissu c\u00f4tel\u00e9 : 100 % coton. R\u00e9f\u00e9rence Stone Island : 2200003 00G9 R\u00e9f\u00e9rence : 42590<\/p>\n","protected":false},"featured_media":220273,"comment_status":"open","ping_status":"closed","template":"","meta":{"rank_math_lock_modified_date":false},"product_cat":[446,450,462,478,482,486],"product_tag":[],"class_list":{"0":"post-220281","1":"product","2":"type-product","3":"status-publish","4":"has-post-thumbnail","6":"product_cat-kleding-fr","7":"product_cat-heren-fr","8":"product_cat-vousten-sports-fr-2","9":"product_cat-polos-fr-2","10":"product_cat-stone-island-fr-2","11":"product_cat-shirt-fr-2","13":"first","14":"instock","15":"taxable","16":"shipping-taxable","17":"purchasable","18":"product-type-variable"},"acf":[],"yoast_head":"<!-- This site is optimized with the Yoast SEO plugin v23.9 - https:\/\/yoast.com\/wordpress\/plugins\/seo\/ -->\n<title>STONE ISLAND - STELLINA POLO SHIRT BEIGE (42590) - Vousten Sports<\/title>\n<meta name=\"robots\" content=\"index, follow, max-snippet:-1, max-image-preview:large, max-video-preview:-1\" \/>\n<link rel=\"canonical\" href=\"https:\/\/www.voustensports.com\/fr\/stone-island-stellina-polo-shirt-beige-42590-2\/\" \/>\n<meta property=\"og:locale\" content=\"fr_FR\" \/>\n<meta property=\"og:type\" content=\"article\" \/>\n<meta property=\"og:title\" content=\"STONE ISLAND - STELLINA POLO SHIRT BEIGE (42590) - Vousten Sports\" \/>\n<meta property=\"og:description\" content=\"D\u00c9TAILS DU PRODUIT Polo \u00e0 manches courtes en piqu\u00e9 de coton biologique. STYLE Col c\u00f4tel\u00e9 \u00e0 deux boutons-pression. \u00c9toile Stone Island brod\u00e9e sur la poitrine. Coutures surjet\u00e9es. Coupe classique. COMPOSITION V\u00eatement : 100 % coton. Tissu c\u00f4tel\u00e9 : 100 % coton. R\u00e9f\u00e9rence Stone Island : 2200003 00G9 R\u00e9f\u00e9rence : 42590\" \/>\n<meta property=\"og:url\" content=\"https:\/\/www.voustensports.com\/fr\/stone-island-stellina-polo-shirt-beige-42590-2\/\" \/>\n<meta property=\"og:site_name\" content=\"Vousten Sports\" \/>\n<meta property=\"article:modified_time\" content=\"2026-03-28T15:27:10+00:00\" \/>\n<meta property=\"og:image\" content=\"https:\/\/www.voustensports.com\/wp-content\/uploads\/2023\/06\/STELLINA-POLO-SHIRT-BEIGE-425901.jpg\" \/>\n\t<meta property=\"og:image:width\" content=\"1365\" \/>\n\t<meta property=\"og:image:height\" content=\"2048\" \/>\n\t<meta property=\"og:image:type\" content=\"image\/jpeg\" \/>\n<meta name=\"twitter:card\" content=\"summary_large_image\" \/>\n<script type=\"application\/ld+json\" class=\"yoast-schema-graph\">{\"@context\":\"https:\/\/schema.org\",\"@graph\":[{\"@type\":\"WebPage\",\"@id\":\"https:\/\/www.voustensports.com\/fr\/stone-island-stellina-polo-shirt-beige-42590-2\/\",\"url\":\"https:\/\/www.voustensports.com\/fr\/stone-island-stellina-polo-shirt-beige-42590-2\/\",\"name\":\"STONE ISLAND - STELLINA POLO SHIRT BEIGE (42590) - Vousten Sports\",\"isPartOf\":{\"@id\":\"https:\/\/www.voustensports.com\/nl\/#website\"},\"primaryImageOfPage\":{\"@id\":\"https:\/\/www.voustensports.com\/fr\/stone-island-stellina-polo-shirt-beige-42590-2\/#primaryimage\"},\"image\":{\"@id\":\"https:\/\/www.voustensports.com\/fr\/stone-island-stellina-polo-shirt-beige-42590-2\/#primaryimage\"},\"thumbnailUrl\":\"https:\/\/www.voustensports.com\/wp-content\/uploads\/2023\/06\/STELLINA-POLO-SHIRT-BEIGE-425901.jpg\",\"datePublished\":\"2026-02-09T04:51:06+00:00\",\"dateModified\":\"2026-03-28T15:27:10+00:00\",\"breadcrumb\":{\"@id\":\"https:\/\/www.voustensports.com\/fr\/stone-island-stellina-polo-shirt-beige-42590-2\/#breadcrumb\"},\"inLanguage\":\"fr-FR\",\"potentialAction\":[{\"@type\":\"ReadAction\",\"target\":[\"https:\/\/www.voustensports.com\/fr\/stone-island-stellina-polo-shirt-beige-42590-2\/\"]}]},{\"@type\":\"ImageObject\",\"inLanguage\":\"fr-FR\",\"@id\":\"https:\/\/www.voustensports.com\/fr\/stone-island-stellina-polo-shirt-beige-42590-2\/#primaryimage\",\"url\":\"https:\/\/www.voustensports.com\/wp-content\/uploads\/2023\/06\/STELLINA-POLO-SHIRT-BEIGE-425901.jpg\",\"contentUrl\":\"https:\/\/www.voustensports.com\/wp-content\/uploads\/2023\/06\/STELLINA-POLO-SHIRT-BEIGE-425901.jpg\",\"width\":1365,\"height\":2048},{\"@type\":\"BreadcrumbList\",\"@id\":\"https:\/\/www.voustensports.com\/fr\/stone-island-stellina-polo-shirt-beige-42590-2\/#breadcrumb\",\"itemListElement\":[{\"@type\":\"ListItem\",\"position\":1,\"name\":\"Home\",\"item\":\"https:\/\/www.voustensports.com\/fr\/\"},{\"@type\":\"ListItem\",\"position\":2,\"name\":\"Boutique\",\"item\":\"https:\/\/www.voustensports.com\/fr\/shop\/\"},{\"@type\":\"ListItem\",\"position\":3,\"name\":\"STONE ISLAND &#8211; STELLINA POLO SHIRT BEIGE (42590)\"}]},{\"@type\":\"WebSite\",\"@id\":\"https:\/\/www.voustensports.com\/nl\/#website\",\"url\":\"https:\/\/www.voustensports.com\/nl\/\",\"name\":\"Vousten Sports\",\"description\":\"\",\"potentialAction\":[{\"@type\":\"SearchAction\",\"target\":{\"@type\":\"EntryPoint\",\"urlTemplate\":\"https:\/\/www.voustensports.com\/nl\/?s={search_term_string}\"},\"query-input\":{\"@type\":\"PropertyValueSpecification\",\"valueRequired\":true,\"valueName\":\"search_term_string\"}}],\"inLanguage\":\"fr-FR\"}]}<\/script>\n<!-- \/ Yoast SEO plugin. -->","yoast_head_json":{"title":"STONE ISLAND - STELLINA POLO SHIRT BEIGE (42590) - Vousten Sports","robots":{"index":"index","follow":"follow","max-snippet":"max-snippet:-1","max-image-preview":"max-image-preview:large","max-video-preview":"max-video-preview:-1"},"canonical":"https:\/\/www.voustensports.com\/fr\/stone-island-stellina-polo-shirt-beige-42590-2\/","og_locale":"fr_FR","og_type":"article","og_title":"STONE ISLAND - STELLINA POLO SHIRT BEIGE (42590) - Vousten Sports","og_description":"D\u00c9TAILS DU PRODUIT Polo \u00e0 manches courtes en piqu\u00e9 de coton biologique. STYLE Col c\u00f4tel\u00e9 \u00e0 deux boutons-pression. \u00c9toile Stone Island brod\u00e9e sur la poitrine. Coutures surjet\u00e9es. Coupe classique. COMPOSITION V\u00eatement : 100 % coton. Tissu c\u00f4tel\u00e9 : 100 % coton. R\u00e9f\u00e9rence Stone Island : 2200003 00G9 R\u00e9f\u00e9rence : 42590","og_url":"https:\/\/www.voustensports.com\/fr\/stone-island-stellina-polo-shirt-beige-42590-2\/","og_site_name":"Vousten Sports","article_modified_time":"2026-03-28T15:27:10+00:00","og_image":[{"width":1365,"height":2048,"url":"https:\/\/www.voustensports.com\/wp-content\/uploads\/2023\/06\/STELLINA-POLO-SHIRT-BEIGE-425901.jpg","type":"image\/jpeg"}],"twitter_card":"summary_large_image","schema":{"@context":"https:\/\/schema.org","@graph":[{"@type":"WebPage","@id":"https:\/\/www.voustensports.com\/fr\/stone-island-stellina-polo-shirt-beige-42590-2\/","url":"https:\/\/www.voustensports.com\/fr\/stone-island-stellina-polo-shirt-beige-42590-2\/","name":"STONE ISLAND - STELLINA POLO SHIRT BEIGE (42590) - Vousten Sports","isPartOf":{"@id":"https:\/\/www.voustensports.com\/nl\/#website"},"primaryImageOfPage":{"@id":"https:\/\/www.voustensports.com\/fr\/stone-island-stellina-polo-shirt-beige-42590-2\/#primaryimage"},"image":{"@id":"https:\/\/www.voustensports.com\/fr\/stone-island-stellina-polo-shirt-beige-42590-2\/#primaryimage"},"thumbnailUrl":"https:\/\/www.voustensports.com\/wp-content\/uploads\/2023\/06\/STELLINA-POLO-SHIRT-BEIGE-425901.jpg","datePublished":"2026-02-09T04:51:06+00:00","dateModified":"2026-03-28T15:27:10+00:00","breadcrumb":{"@id":"https:\/\/www.voustensports.com\/fr\/stone-island-stellina-polo-shirt-beige-42590-2\/#breadcrumb"},"inLanguage":"fr-FR","potentialAction":[{"@type":"ReadAction","target":["https:\/\/www.voustensports.com\/fr\/stone-island-stellina-polo-shirt-beige-42590-2\/"]}]},{"@type":"ImageObject","inLanguage":"fr-FR","@id":"https:\/\/www.voustensports.com\/fr\/stone-island-stellina-polo-shirt-beige-42590-2\/#primaryimage","url":"https:\/\/www.voustensports.com\/wp-content\/uploads\/2023\/06\/STELLINA-POLO-SHIRT-BEIGE-425901.jpg","contentUrl":"https:\/\/www.voustensports.com\/wp-content\/uploads\/2023\/06\/STELLINA-POLO-SHIRT-BEIGE-425901.jpg","width":1365,"height":2048},{"@type":"BreadcrumbList","@id":"https:\/\/www.voustensports.com\/fr\/stone-island-stellina-polo-shirt-beige-42590-2\/#breadcrumb","itemListElement":[{"@type":"ListItem","position":1,"name":"Home","item":"https:\/\/www.voustensports.com\/fr\/"},{"@type":"ListItem","position":2,"name":"Boutique","item":"https:\/\/www.voustensports.com\/fr\/shop\/"},{"@type":"ListItem","position":3,"name":"STONE ISLAND &#8211; STELLINA POLO SHIRT BEIGE (42590)"}]},{"@type":"WebSite","@id":"https:\/\/www.voustensports.com\/nl\/#website","url":"https:\/\/www.voustensports.com\/nl\/","name":"Vousten Sports","description":"","potentialAction":[{"@type":"SearchAction","target":{"@type":"EntryPoint","urlTemplate":"https:\/\/www.voustensports.com\/nl\/?s={search_term_string}"},"query-input":{"@type":"PropertyValueSpecification","valueRequired":true,"valueName":"search_term_string"}}],"inLanguage":"fr-FR"}]}},"_links":{"self":[{"href":"https:\/\/www.voustensports.com\/fr\/wp-json\/wp\/v2\/product\/220281","targetHints":{"allow":["GET"]}}],"collection":[{"href":"https:\/\/www.voustensports.com\/fr\/wp-json\/wp\/v2\/product"}],"about":[{"href":"https:\/\/www.voustensports.com\/fr\/wp-json\/wp\/v2\/types\/product"}],"replies":[{"embeddable":true,"href":"https:\/\/www.voustensports.com\/fr\/wp-json\/wp\/v2\/comments?post=220281"}],"wp:featuredmedia":[{"embeddable":true,"href":"https:\/\/www.voustensports.com\/fr\/wp-json\/wp\/v2\/media\/220273"}],"wp:attachment":[{"href":"https:\/\/www.voustensports.com\/fr\/wp-json\/wp\/v2\/media?parent=220281"}],"wp:term":[{"taxonomy":"product_cat","embeddable":true,"href":"https:\/\/www.voustensports.com\/fr\/wp-json\/wp\/v2\/product_cat?post=220281"},{"taxonomy":"product_tag","embeddable":true,"href":"https:\/\/www.voustensports.com\/fr\/wp-json\/wp\/v2\/product_tag?post=220281"}],"curies":[{"name":"wp","href":"https:\/\/api.w.org\/{rel}","templated":true}]}}