{"id":219766,"date":"2026-02-07T05:48:07","date_gmt":"2026-02-07T04:48:07","guid":{"rendered":"https:\/\/www.voustensports.com\/jacob-cohen-poloshirt-lichtgroen-42261-2\/"},"modified":"2026-04-14T05:18:12","modified_gmt":"2026-04-14T03:18:12","slug":"jacob-cohen-poloshirt-lichtgroen-42261-2","status":"publish","type":"product","link":"https:\/\/www.voustensports.com\/fr\/jacob-cohen-poloshirt-lichtgroen-42261-2\/","title":{"rendered":"Jacob Coh\u00ebn &#8211; Polo vert clair M4565 Q25 (42261)"},"content":{"rendered":"<div>Avec les polos Jacob Coh\u00ebn, composez un look \u00e9l\u00e9gant et styl\u00e9 cet \u00e9t\u00e9. Ce polo vert clair pr\u00e9sente une patte de boutonnage \u00e0 quatre boutons, un col et des manches courtes. Les fentes lat\u00e9rales lui conf\u00e8rent une touche d&rsquo;originalit\u00e9 et assurent un confort optimal. La petite broderie sur la poitrine gauche apporte une note subtile \u00e0 son style minimaliste.<\/div>\n<ul>\n<li>100 % coton<\/li>\n<li>Manches courtes<\/li>\n<li>Col polo<\/li>\n<li>Logo brod\u00e9 sur la poitrine<\/li>\n<li>Coupe ajust\u00e9e<\/li>\n<li>Coupe classique<\/li>\n<\/ul>\n","protected":false},"excerpt":{"rendered":"<p>Avec les polos Jacob Coh\u00ebn, composez un look \u00e9l\u00e9gant et styl\u00e9 cet \u00e9t\u00e9. Ce polo vert clair pr\u00e9sente une patte de boutonnage \u00e0 quatre boutons, un col et des manches courtes. Les fentes lat\u00e9rales lui conf\u00e8rent une touche d&rsquo;originalit\u00e9 et assurent un confort optimal. La petite broderie sur la poitrine gauche apporte une note subtile [&#8230;]\n","protected":false},"featured_media":219756,"comment_status":"open","ping_status":"closed","template":"","meta":{"rank_math_lock_modified_date":false},"product_cat":[478,486,1016,446,450,462],"product_tag":[],"class_list":{"0":"post-219766","1":"product","2":"type-product","3":"status-publish","4":"has-post-thumbnail","6":"product_cat-polos-fr-2","7":"product_cat-shirt-fr-2","8":"product_cat-jacob-cohen-fr","9":"product_cat-kleding-fr","10":"product_cat-heren-fr","11":"product_cat-vousten-sports-fr-2","13":"first","14":"instock","15":"taxable","16":"shipping-taxable","17":"purchasable","18":"product-type-variable"},"acf":[],"yoast_head":"<!-- This site is optimized with the Yoast SEO plugin v23.9 - https:\/\/yoast.com\/wordpress\/plugins\/seo\/ -->\n<title>Jacob Coh\u00ebn - Polo vert clair M4565 Q25 (42261) - Vousten Sports<\/title>\n<meta name=\"robots\" content=\"index, follow, max-snippet:-1, max-image-preview:large, max-video-preview:-1\" \/>\n<link rel=\"canonical\" href=\"https:\/\/www.voustensports.com\/fr\/jacob-cohen-poloshirt-lichtgroen-42261-2\/\" \/>\n<meta property=\"og:locale\" content=\"fr_FR\" \/>\n<meta property=\"og:type\" content=\"article\" \/>\n<meta property=\"og:title\" content=\"Jacob Coh\u00ebn - Polo vert clair M4565 Q25 (42261) - Vousten Sports\" \/>\n<meta property=\"og:description\" content=\"Avec les polos Jacob Coh\u00ebn, composez un look \u00e9l\u00e9gant et styl\u00e9 cet \u00e9t\u00e9. Ce polo vert clair pr\u00e9sente une patte de boutonnage \u00e0 quatre boutons, un col et des manches courtes. Les fentes lat\u00e9rales lui conf\u00e8rent une touche d&rsquo;originalit\u00e9 et assurent un confort optimal. La petite broderie sur la poitrine gauche apporte une note subtile [...]\" \/>\n<meta property=\"og:url\" content=\"https:\/\/www.voustensports.com\/fr\/jacob-cohen-poloshirt-lichtgroen-42261-2\/\" \/>\n<meta property=\"og:site_name\" content=\"Vousten Sports\" \/>\n<meta property=\"article:modified_time\" content=\"2026-04-14T03:18:12+00:00\" \/>\n<meta property=\"og:image\" content=\"https:\/\/www.voustensports.com\/wp-content\/uploads\/2023\/06\/Poloshirt-lichtgroen-422611-1.jpg\" \/>\n\t<meta property=\"og:image:width\" content=\"1365\" \/>\n\t<meta property=\"og:image:height\" content=\"2048\" \/>\n\t<meta property=\"og:image:type\" content=\"image\/jpeg\" \/>\n<meta name=\"twitter:card\" content=\"summary_large_image\" \/>\n<script type=\"application\/ld+json\" class=\"yoast-schema-graph\">{\"@context\":\"https:\/\/schema.org\",\"@graph\":[{\"@type\":\"WebPage\",\"@id\":\"https:\/\/www.voustensports.com\/fr\/jacob-cohen-poloshirt-lichtgroen-42261-2\/\",\"url\":\"https:\/\/www.voustensports.com\/fr\/jacob-cohen-poloshirt-lichtgroen-42261-2\/\",\"name\":\"Jacob Coh\u00ebn - Polo vert clair M4565 Q25 (42261) - Vousten Sports\",\"isPartOf\":{\"@id\":\"https:\/\/www.voustensports.com\/nl\/#website\"},\"primaryImageOfPage\":{\"@id\":\"https:\/\/www.voustensports.com\/fr\/jacob-cohen-poloshirt-lichtgroen-42261-2\/#primaryimage\"},\"image\":{\"@id\":\"https:\/\/www.voustensports.com\/fr\/jacob-cohen-poloshirt-lichtgroen-42261-2\/#primaryimage\"},\"thumbnailUrl\":\"https:\/\/www.voustensports.com\/wp-content\/uploads\/2023\/06\/Poloshirt-lichtgroen-422611-1.jpg\",\"datePublished\":\"2026-02-07T04:48:07+00:00\",\"dateModified\":\"2026-04-14T03:18:12+00:00\",\"breadcrumb\":{\"@id\":\"https:\/\/www.voustensports.com\/fr\/jacob-cohen-poloshirt-lichtgroen-42261-2\/#breadcrumb\"},\"inLanguage\":\"fr-FR\",\"potentialAction\":[{\"@type\":\"ReadAction\",\"target\":[\"https:\/\/www.voustensports.com\/fr\/jacob-cohen-poloshirt-lichtgroen-42261-2\/\"]}]},{\"@type\":\"ImageObject\",\"inLanguage\":\"fr-FR\",\"@id\":\"https:\/\/www.voustensports.com\/fr\/jacob-cohen-poloshirt-lichtgroen-42261-2\/#primaryimage\",\"url\":\"https:\/\/www.voustensports.com\/wp-content\/uploads\/2023\/06\/Poloshirt-lichtgroen-422611-1.jpg\",\"contentUrl\":\"https:\/\/www.voustensports.com\/wp-content\/uploads\/2023\/06\/Poloshirt-lichtgroen-422611-1.jpg\",\"width\":1365,\"height\":2048},{\"@type\":\"BreadcrumbList\",\"@id\":\"https:\/\/www.voustensports.com\/fr\/jacob-cohen-poloshirt-lichtgroen-42261-2\/#breadcrumb\",\"itemListElement\":[{\"@type\":\"ListItem\",\"position\":1,\"name\":\"Home\",\"item\":\"https:\/\/www.voustensports.com\/fr\/\"},{\"@type\":\"ListItem\",\"position\":2,\"name\":\"Boutique\",\"item\":\"https:\/\/www.voustensports.com\/fr\/shop\/\"},{\"@type\":\"ListItem\",\"position\":3,\"name\":\"Jacob Coh\u00ebn &#8211; Polo vert clair M4565 Q25 (42261)\"}]},{\"@type\":\"WebSite\",\"@id\":\"https:\/\/www.voustensports.com\/nl\/#website\",\"url\":\"https:\/\/www.voustensports.com\/nl\/\",\"name\":\"Vousten Sports\",\"description\":\"\",\"potentialAction\":[{\"@type\":\"SearchAction\",\"target\":{\"@type\":\"EntryPoint\",\"urlTemplate\":\"https:\/\/www.voustensports.com\/nl\/?s={search_term_string}\"},\"query-input\":{\"@type\":\"PropertyValueSpecification\",\"valueRequired\":true,\"valueName\":\"search_term_string\"}}],\"inLanguage\":\"fr-FR\"}]}<\/script>\n<!-- \/ Yoast SEO plugin. -->","yoast_head_json":{"title":"Jacob Coh\u00ebn - Polo vert clair M4565 Q25 (42261) - Vousten Sports","robots":{"index":"index","follow":"follow","max-snippet":"max-snippet:-1","max-image-preview":"max-image-preview:large","max-video-preview":"max-video-preview:-1"},"canonical":"https:\/\/www.voustensports.com\/fr\/jacob-cohen-poloshirt-lichtgroen-42261-2\/","og_locale":"fr_FR","og_type":"article","og_title":"Jacob Coh\u00ebn - Polo vert clair M4565 Q25 (42261) - Vousten Sports","og_description":"Avec les polos Jacob Coh\u00ebn, composez un look \u00e9l\u00e9gant et styl\u00e9 cet \u00e9t\u00e9. Ce polo vert clair pr\u00e9sente une patte de boutonnage \u00e0 quatre boutons, un col et des manches courtes. Les fentes lat\u00e9rales lui conf\u00e8rent une touche d&rsquo;originalit\u00e9 et assurent un confort optimal. La petite broderie sur la poitrine gauche apporte une note subtile [...]","og_url":"https:\/\/www.voustensports.com\/fr\/jacob-cohen-poloshirt-lichtgroen-42261-2\/","og_site_name":"Vousten Sports","article_modified_time":"2026-04-14T03:18:12+00:00","og_image":[{"width":1365,"height":2048,"url":"https:\/\/www.voustensports.com\/wp-content\/uploads\/2023\/06\/Poloshirt-lichtgroen-422611-1.jpg","type":"image\/jpeg"}],"twitter_card":"summary_large_image","schema":{"@context":"https:\/\/schema.org","@graph":[{"@type":"WebPage","@id":"https:\/\/www.voustensports.com\/fr\/jacob-cohen-poloshirt-lichtgroen-42261-2\/","url":"https:\/\/www.voustensports.com\/fr\/jacob-cohen-poloshirt-lichtgroen-42261-2\/","name":"Jacob Coh\u00ebn - Polo vert clair M4565 Q25 (42261) - Vousten Sports","isPartOf":{"@id":"https:\/\/www.voustensports.com\/nl\/#website"},"primaryImageOfPage":{"@id":"https:\/\/www.voustensports.com\/fr\/jacob-cohen-poloshirt-lichtgroen-42261-2\/#primaryimage"},"image":{"@id":"https:\/\/www.voustensports.com\/fr\/jacob-cohen-poloshirt-lichtgroen-42261-2\/#primaryimage"},"thumbnailUrl":"https:\/\/www.voustensports.com\/wp-content\/uploads\/2023\/06\/Poloshirt-lichtgroen-422611-1.jpg","datePublished":"2026-02-07T04:48:07+00:00","dateModified":"2026-04-14T03:18:12+00:00","breadcrumb":{"@id":"https:\/\/www.voustensports.com\/fr\/jacob-cohen-poloshirt-lichtgroen-42261-2\/#breadcrumb"},"inLanguage":"fr-FR","potentialAction":[{"@type":"ReadAction","target":["https:\/\/www.voustensports.com\/fr\/jacob-cohen-poloshirt-lichtgroen-42261-2\/"]}]},{"@type":"ImageObject","inLanguage":"fr-FR","@id":"https:\/\/www.voustensports.com\/fr\/jacob-cohen-poloshirt-lichtgroen-42261-2\/#primaryimage","url":"https:\/\/www.voustensports.com\/wp-content\/uploads\/2023\/06\/Poloshirt-lichtgroen-422611-1.jpg","contentUrl":"https:\/\/www.voustensports.com\/wp-content\/uploads\/2023\/06\/Poloshirt-lichtgroen-422611-1.jpg","width":1365,"height":2048},{"@type":"BreadcrumbList","@id":"https:\/\/www.voustensports.com\/fr\/jacob-cohen-poloshirt-lichtgroen-42261-2\/#breadcrumb","itemListElement":[{"@type":"ListItem","position":1,"name":"Home","item":"https:\/\/www.voustensports.com\/fr\/"},{"@type":"ListItem","position":2,"name":"Boutique","item":"https:\/\/www.voustensports.com\/fr\/shop\/"},{"@type":"ListItem","position":3,"name":"Jacob Coh\u00ebn &#8211; Polo vert clair M4565 Q25 (42261)"}]},{"@type":"WebSite","@id":"https:\/\/www.voustensports.com\/nl\/#website","url":"https:\/\/www.voustensports.com\/nl\/","name":"Vousten Sports","description":"","potentialAction":[{"@type":"SearchAction","target":{"@type":"EntryPoint","urlTemplate":"https:\/\/www.voustensports.com\/nl\/?s={search_term_string}"},"query-input":{"@type":"PropertyValueSpecification","valueRequired":true,"valueName":"search_term_string"}}],"inLanguage":"fr-FR"}]}},"_links":{"self":[{"href":"https:\/\/www.voustensports.com\/fr\/wp-json\/wp\/v2\/product\/219766","targetHints":{"allow":["GET"]}}],"collection":[{"href":"https:\/\/www.voustensports.com\/fr\/wp-json\/wp\/v2\/product"}],"about":[{"href":"https:\/\/www.voustensports.com\/fr\/wp-json\/wp\/v2\/types\/product"}],"replies":[{"embeddable":true,"href":"https:\/\/www.voustensports.com\/fr\/wp-json\/wp\/v2\/comments?post=219766"}],"wp:featuredmedia":[{"embeddable":true,"href":"https:\/\/www.voustensports.com\/fr\/wp-json\/wp\/v2\/media\/219756"}],"wp:attachment":[{"href":"https:\/\/www.voustensports.com\/fr\/wp-json\/wp\/v2\/media?parent=219766"}],"wp:term":[{"taxonomy":"product_cat","embeddable":true,"href":"https:\/\/www.voustensports.com\/fr\/wp-json\/wp\/v2\/product_cat?post=219766"},{"taxonomy":"product_tag","embeddable":true,"href":"https:\/\/www.voustensports.com\/fr\/wp-json\/wp\/v2\/product_tag?post=219766"}],"curies":[{"name":"wp","href":"https:\/\/api.w.org\/{rel}","templated":true}]}}