{"id":219676,"date":"2026-02-06T23:09:08","date_gmt":"2026-02-06T22:09:08","guid":{"rendered":"https:\/\/www.voustensports.com\/stone-island-sweat-shirt-col-rond-polaire-gaufree-sable-42413\/"},"modified":"2026-04-14T10:48:03","modified_gmt":"2026-04-14T08:48:03","slug":"stone-island-sweat-shirt-col-rond-polaire-gaufree-sable-42413","status":"publish","type":"product","link":"https:\/\/www.voustensports.com\/fr\/stone-island-sweat-shirt-col-rond-polaire-gaufree-sable-42413\/","title":{"rendered":"STONE ISLAND &#8211; SWEAT-SHIRT COL ROND POLAIRE GAUFR\u00c9E SABLE (42413)"},"content":{"rendered":"<div>D\u00c9TAILS DU PRODUIT<\/div>\n<div>Sweat-shirt col rond en molleton gaufr\u00e9 de coton biologique. \u00c9pais.<\/div>\n<div><\/div>\n<div>STIJL<\/div>\n<ul>\n<li>Encolure c\u00f4tel\u00e9e.<\/li>\n<li>Manches raglan au dos.<\/li>\n<li>Empi\u00e8cements c\u00f4tel\u00e9s sur les c\u00f4t\u00e9s et sous les bras.<\/li>\n<li>\u00c9cusson Stone Island sur la manche gauche.<\/li>\n<li>Poignets et ourlet c\u00f4tel\u00e9s.<\/li>\n<li>Surpiq\u00fbres aux coutures.<\/li>\n<li>Coupe classique.<\/li>\n<\/ul>\n<div>SAMENSTELLING<\/div>\n<ul>\n<li>Composition ext\u00e9rieure : 100 % coton<\/li>\n<li>Doublure : 95 % coton, 5 % \u00e9lasthanne<\/li>\n<li>R\u00e9f\u00e9rence Stone Island : L1S156100056S0044<\/li>\n<li>R\u00e9f\u00e9rence : 42413<\/li>\n<\/ul>\n","protected":false},"excerpt":{"rendered":"<p>D\u00c9TAILS DU PRODUIT Sweat-shirt col rond en molleton gaufr\u00e9 de coton biologique. \u00c9pais. STIJL Encolure c\u00f4tel\u00e9e. Manches raglan au dos. Empi\u00e8cements c\u00f4tel\u00e9s sur les c\u00f4t\u00e9s et sous les bras. \u00c9cusson Stone Island sur la manche gauche. Poignets et ourlet c\u00f4tel\u00e9s. Surpiq\u00fbres aux coutures. Coupe classique. SAMENSTELLING Composition ext\u00e9rieure : 100 % coton Doublure : 95 [&#8230;]\n","protected":false},"featured_media":219664,"comment_status":"open","ping_status":"closed","template":"","meta":{"rank_math_lock_modified_date":false},"product_cat":[442,446,450,462,482,534,694,697],"product_tag":[],"class_list":{"0":"post-219676","1":"product","2":"type-product","3":"status-publish","4":"has-post-thumbnail","6":"product_cat-fleece-fr","7":"product_cat-kleding-fr","8":"product_cat-heren-fr","9":"product_cat-vousten-sports-fr-2","10":"product_cat-stone-island-fr-2","11":"product_cat-truien-fr-2","12":"product_cat-truien-vesten-fr-2","13":"product_cat-sweaters-fr-2","15":"first","16":"instock","17":"taxable","18":"shipping-taxable","19":"purchasable","20":"product-type-variable"},"acf":[],"yoast_head":"<!-- This site is optimized with the Yoast SEO plugin v23.9 - https:\/\/yoast.com\/wordpress\/plugins\/seo\/ -->\n<title>STONE ISLAND - SWEAT-SHIRT COL ROND POLAIRE GAUFR\u00c9E SABLE (42413) - Vousten Sports<\/title>\n<meta name=\"robots\" content=\"index, follow, max-snippet:-1, max-image-preview:large, max-video-preview:-1\" \/>\n<link rel=\"canonical\" href=\"https:\/\/www.voustensports.com\/fr\/stone-island-sweat-shirt-col-rond-polaire-gaufree-sable-42413\/\" \/>\n<meta property=\"og:locale\" content=\"fr_FR\" \/>\n<meta property=\"og:type\" content=\"article\" \/>\n<meta property=\"og:title\" content=\"STONE ISLAND - SWEAT-SHIRT COL ROND POLAIRE GAUFR\u00c9E SABLE (42413) - Vousten Sports\" \/>\n<meta property=\"og:description\" content=\"D\u00c9TAILS DU PRODUIT Sweat-shirt col rond en molleton gaufr\u00e9 de coton biologique. \u00c9pais. STIJL Encolure c\u00f4tel\u00e9e. Manches raglan au dos. Empi\u00e8cements c\u00f4tel\u00e9s sur les c\u00f4t\u00e9s et sous les bras. \u00c9cusson Stone Island sur la manche gauche. Poignets et ourlet c\u00f4tel\u00e9s. Surpiq\u00fbres aux coutures. Coupe classique. SAMENSTELLING Composition ext\u00e9rieure : 100 % coton Doublure : 95 [...]\" \/>\n<meta property=\"og:url\" content=\"https:\/\/www.voustensports.com\/fr\/stone-island-sweat-shirt-col-rond-polaire-gaufree-sable-42413\/\" \/>\n<meta property=\"og:site_name\" content=\"Vousten Sports\" \/>\n<meta property=\"article:modified_time\" content=\"2026-04-14T08:48:03+00:00\" \/>\n<meta property=\"og:image\" content=\"https:\/\/www.voustensports.com\/wp-content\/uploads\/2023\/06\/CREWNECK-SWEATSHIRT-WAFFLE-FLEECE-ZAND-424131.jpg\" \/>\n\t<meta property=\"og:image:width\" content=\"1365\" \/>\n\t<meta property=\"og:image:height\" content=\"2048\" \/>\n\t<meta property=\"og:image:type\" content=\"image\/jpeg\" \/>\n<meta name=\"twitter:card\" content=\"summary_large_image\" \/>\n<script type=\"application\/ld+json\" class=\"yoast-schema-graph\">{\"@context\":\"https:\/\/schema.org\",\"@graph\":[{\"@type\":\"WebPage\",\"@id\":\"https:\/\/www.voustensports.com\/fr\/stone-island-sweat-shirt-col-rond-polaire-gaufree-sable-42413\/\",\"url\":\"https:\/\/www.voustensports.com\/fr\/stone-island-sweat-shirt-col-rond-polaire-gaufree-sable-42413\/\",\"name\":\"STONE ISLAND - SWEAT-SHIRT COL ROND POLAIRE GAUFR\u00c9E SABLE (42413) - Vousten Sports\",\"isPartOf\":{\"@id\":\"https:\/\/www.voustensports.com\/nl\/#website\"},\"primaryImageOfPage\":{\"@id\":\"https:\/\/www.voustensports.com\/fr\/stone-island-sweat-shirt-col-rond-polaire-gaufree-sable-42413\/#primaryimage\"},\"image\":{\"@id\":\"https:\/\/www.voustensports.com\/fr\/stone-island-sweat-shirt-col-rond-polaire-gaufree-sable-42413\/#primaryimage\"},\"thumbnailUrl\":\"https:\/\/www.voustensports.com\/wp-content\/uploads\/2023\/06\/CREWNECK-SWEATSHIRT-WAFFLE-FLEECE-ZAND-424131.jpg\",\"datePublished\":\"2026-02-06T22:09:08+00:00\",\"dateModified\":\"2026-04-14T08:48:03+00:00\",\"breadcrumb\":{\"@id\":\"https:\/\/www.voustensports.com\/fr\/stone-island-sweat-shirt-col-rond-polaire-gaufree-sable-42413\/#breadcrumb\"},\"inLanguage\":\"fr-FR\",\"potentialAction\":[{\"@type\":\"ReadAction\",\"target\":[\"https:\/\/www.voustensports.com\/fr\/stone-island-sweat-shirt-col-rond-polaire-gaufree-sable-42413\/\"]}]},{\"@type\":\"ImageObject\",\"inLanguage\":\"fr-FR\",\"@id\":\"https:\/\/www.voustensports.com\/fr\/stone-island-sweat-shirt-col-rond-polaire-gaufree-sable-42413\/#primaryimage\",\"url\":\"https:\/\/www.voustensports.com\/wp-content\/uploads\/2023\/06\/CREWNECK-SWEATSHIRT-WAFFLE-FLEECE-ZAND-424131.jpg\",\"contentUrl\":\"https:\/\/www.voustensports.com\/wp-content\/uploads\/2023\/06\/CREWNECK-SWEATSHIRT-WAFFLE-FLEECE-ZAND-424131.jpg\",\"width\":1365,\"height\":2048},{\"@type\":\"BreadcrumbList\",\"@id\":\"https:\/\/www.voustensports.com\/fr\/stone-island-sweat-shirt-col-rond-polaire-gaufree-sable-42413\/#breadcrumb\",\"itemListElement\":[{\"@type\":\"ListItem\",\"position\":1,\"name\":\"Home\",\"item\":\"https:\/\/www.voustensports.com\/fr\/\"},{\"@type\":\"ListItem\",\"position\":2,\"name\":\"Boutique\",\"item\":\"https:\/\/www.voustensports.com\/fr\/shop\/\"},{\"@type\":\"ListItem\",\"position\":3,\"name\":\"STONE ISLAND &#8211; SWEAT-SHIRT COL ROND POLAIRE GAUFR\u00c9E SABLE (42413)\"}]},{\"@type\":\"WebSite\",\"@id\":\"https:\/\/www.voustensports.com\/nl\/#website\",\"url\":\"https:\/\/www.voustensports.com\/nl\/\",\"name\":\"Vousten Sports\",\"description\":\"\",\"potentialAction\":[{\"@type\":\"SearchAction\",\"target\":{\"@type\":\"EntryPoint\",\"urlTemplate\":\"https:\/\/www.voustensports.com\/nl\/?s={search_term_string}\"},\"query-input\":{\"@type\":\"PropertyValueSpecification\",\"valueRequired\":true,\"valueName\":\"search_term_string\"}}],\"inLanguage\":\"fr-FR\"}]}<\/script>\n<!-- \/ Yoast SEO plugin. -->","yoast_head_json":{"title":"STONE ISLAND - SWEAT-SHIRT COL ROND POLAIRE GAUFR\u00c9E SABLE (42413) - Vousten Sports","robots":{"index":"index","follow":"follow","max-snippet":"max-snippet:-1","max-image-preview":"max-image-preview:large","max-video-preview":"max-video-preview:-1"},"canonical":"https:\/\/www.voustensports.com\/fr\/stone-island-sweat-shirt-col-rond-polaire-gaufree-sable-42413\/","og_locale":"fr_FR","og_type":"article","og_title":"STONE ISLAND - SWEAT-SHIRT COL ROND POLAIRE GAUFR\u00c9E SABLE (42413) - Vousten Sports","og_description":"D\u00c9TAILS DU PRODUIT Sweat-shirt col rond en molleton gaufr\u00e9 de coton biologique. \u00c9pais. STIJL Encolure c\u00f4tel\u00e9e. Manches raglan au dos. Empi\u00e8cements c\u00f4tel\u00e9s sur les c\u00f4t\u00e9s et sous les bras. \u00c9cusson Stone Island sur la manche gauche. Poignets et ourlet c\u00f4tel\u00e9s. Surpiq\u00fbres aux coutures. Coupe classique. SAMENSTELLING Composition ext\u00e9rieure : 100 % coton Doublure : 95 [...]","og_url":"https:\/\/www.voustensports.com\/fr\/stone-island-sweat-shirt-col-rond-polaire-gaufree-sable-42413\/","og_site_name":"Vousten Sports","article_modified_time":"2026-04-14T08:48:03+00:00","og_image":[{"width":1365,"height":2048,"url":"https:\/\/www.voustensports.com\/wp-content\/uploads\/2023\/06\/CREWNECK-SWEATSHIRT-WAFFLE-FLEECE-ZAND-424131.jpg","type":"image\/jpeg"}],"twitter_card":"summary_large_image","schema":{"@context":"https:\/\/schema.org","@graph":[{"@type":"WebPage","@id":"https:\/\/www.voustensports.com\/fr\/stone-island-sweat-shirt-col-rond-polaire-gaufree-sable-42413\/","url":"https:\/\/www.voustensports.com\/fr\/stone-island-sweat-shirt-col-rond-polaire-gaufree-sable-42413\/","name":"STONE ISLAND - SWEAT-SHIRT COL ROND POLAIRE GAUFR\u00c9E SABLE (42413) - Vousten Sports","isPartOf":{"@id":"https:\/\/www.voustensports.com\/nl\/#website"},"primaryImageOfPage":{"@id":"https:\/\/www.voustensports.com\/fr\/stone-island-sweat-shirt-col-rond-polaire-gaufree-sable-42413\/#primaryimage"},"image":{"@id":"https:\/\/www.voustensports.com\/fr\/stone-island-sweat-shirt-col-rond-polaire-gaufree-sable-42413\/#primaryimage"},"thumbnailUrl":"https:\/\/www.voustensports.com\/wp-content\/uploads\/2023\/06\/CREWNECK-SWEATSHIRT-WAFFLE-FLEECE-ZAND-424131.jpg","datePublished":"2026-02-06T22:09:08+00:00","dateModified":"2026-04-14T08:48:03+00:00","breadcrumb":{"@id":"https:\/\/www.voustensports.com\/fr\/stone-island-sweat-shirt-col-rond-polaire-gaufree-sable-42413\/#breadcrumb"},"inLanguage":"fr-FR","potentialAction":[{"@type":"ReadAction","target":["https:\/\/www.voustensports.com\/fr\/stone-island-sweat-shirt-col-rond-polaire-gaufree-sable-42413\/"]}]},{"@type":"ImageObject","inLanguage":"fr-FR","@id":"https:\/\/www.voustensports.com\/fr\/stone-island-sweat-shirt-col-rond-polaire-gaufree-sable-42413\/#primaryimage","url":"https:\/\/www.voustensports.com\/wp-content\/uploads\/2023\/06\/CREWNECK-SWEATSHIRT-WAFFLE-FLEECE-ZAND-424131.jpg","contentUrl":"https:\/\/www.voustensports.com\/wp-content\/uploads\/2023\/06\/CREWNECK-SWEATSHIRT-WAFFLE-FLEECE-ZAND-424131.jpg","width":1365,"height":2048},{"@type":"BreadcrumbList","@id":"https:\/\/www.voustensports.com\/fr\/stone-island-sweat-shirt-col-rond-polaire-gaufree-sable-42413\/#breadcrumb","itemListElement":[{"@type":"ListItem","position":1,"name":"Home","item":"https:\/\/www.voustensports.com\/fr\/"},{"@type":"ListItem","position":2,"name":"Boutique","item":"https:\/\/www.voustensports.com\/fr\/shop\/"},{"@type":"ListItem","position":3,"name":"STONE ISLAND &#8211; SWEAT-SHIRT COL ROND POLAIRE GAUFR\u00c9E SABLE (42413)"}]},{"@type":"WebSite","@id":"https:\/\/www.voustensports.com\/nl\/#website","url":"https:\/\/www.voustensports.com\/nl\/","name":"Vousten Sports","description":"","potentialAction":[{"@type":"SearchAction","target":{"@type":"EntryPoint","urlTemplate":"https:\/\/www.voustensports.com\/nl\/?s={search_term_string}"},"query-input":{"@type":"PropertyValueSpecification","valueRequired":true,"valueName":"search_term_string"}}],"inLanguage":"fr-FR"}]}},"_links":{"self":[{"href":"https:\/\/www.voustensports.com\/fr\/wp-json\/wp\/v2\/product\/219676","targetHints":{"allow":["GET"]}}],"collection":[{"href":"https:\/\/www.voustensports.com\/fr\/wp-json\/wp\/v2\/product"}],"about":[{"href":"https:\/\/www.voustensports.com\/fr\/wp-json\/wp\/v2\/types\/product"}],"replies":[{"embeddable":true,"href":"https:\/\/www.voustensports.com\/fr\/wp-json\/wp\/v2\/comments?post=219676"}],"wp:featuredmedia":[{"embeddable":true,"href":"https:\/\/www.voustensports.com\/fr\/wp-json\/wp\/v2\/media\/219664"}],"wp:attachment":[{"href":"https:\/\/www.voustensports.com\/fr\/wp-json\/wp\/v2\/media?parent=219676"}],"wp:term":[{"taxonomy":"product_cat","embeddable":true,"href":"https:\/\/www.voustensports.com\/fr\/wp-json\/wp\/v2\/product_cat?post=219676"},{"taxonomy":"product_tag","embeddable":true,"href":"https:\/\/www.voustensports.com\/fr\/wp-json\/wp\/v2\/product_tag?post=219676"}],"curies":[{"name":"wp","href":"https:\/\/api.w.org\/{rel}","templated":true}]}}