{"id":219424,"date":"2026-02-02T20:09:10","date_gmt":"2026-02-02T19:09:10","guid":{"rendered":"https:\/\/www.voustensports.com\/stone-island-sweat-shirt-col-rond-avec-poche-bleu-marine-42492\/"},"modified":"2026-02-05T12:42:07","modified_gmt":"2026-02-05T11:42:07","slug":"stone-island-sweat-shirt-col-rond-avec-poche-bleu-marine-42492","status":"publish","type":"product","link":"https:\/\/www.voustensports.com\/fr\/stone-island-sweat-shirt-col-rond-avec-poche-bleu-marine-42492\/","title":{"rendered":"STONE ISLAND &#8211; SWEAT-SHIRT COL ROND AVEC POCHE BLEU MARINE (42492)"},"content":{"rendered":"<div>D\u00c9TAILS DU PRODUIT<\/div>\n<div>Sweat-shirt col rond en molleton de coton avec poche saisonni\u00e8re en ripstop de coton. \u00c9paisseur moyenne. Teint en pi\u00e8ce.<\/div>\n<div><\/div>\n<div>STYLE<\/div>\n<ul>\n<li>Col, poignets et ourlet c\u00f4tel\u00e9s \u00e9lastiqu\u00e9s.<\/li>\n<li>Poche plaqu\u00e9e en ripstop de coton sur la manche gauche avec fermeture auto-agrippante sur le haut et le c\u00f4t\u00e9, bouton-pression et boucle \u00e0 l&rsquo;angle, d\u00e9tail de pli et logo Stone Island.<\/li>\n<li>Coupe classique.<\/li>\n<\/ul>\n<div>COMPOSITION<\/div>\n<ul>\n<li>Ext\u00e9rieur : 100 % coton. Poche : 100 % coton. Bord-c\u00f4te : 99 % coton, 1 % \u00e9lasthanne.<\/li>\n<li>R\u00e9f\u00e9rence Stone Island : L1S156100019S0410V0020<\/li>\n<li>R\u00e9f\u00e9rence : 42492<\/li>\n<\/ul>\n","protected":false},"excerpt":{"rendered":"<p>D\u00c9TAILS DU PRODUIT Sweat-shirt col rond en molleton de coton avec poche saisonni\u00e8re en ripstop de coton. \u00c9paisseur moyenne. Teint en pi\u00e8ce. STYLE Col, poignets et ourlet c\u00f4tel\u00e9s \u00e9lastiqu\u00e9s. Poche plaqu\u00e9e en ripstop de coton sur la manche gauche avec fermeture auto-agrippante sur le haut et le c\u00f4t\u00e9, bouton-pression et boucle \u00e0 l&rsquo;angle, d\u00e9tail de [&#8230;]\n","protected":false},"featured_media":219412,"comment_status":"open","ping_status":"closed","template":"","meta":{"rank_math_lock_modified_date":false},"product_cat":[446,450,462,482,534,694,697],"product_tag":[],"class_list":{"0":"post-219424","1":"product","2":"type-product","3":"status-publish","4":"has-post-thumbnail","6":"product_cat-kleding-fr","7":"product_cat-heren-fr","8":"product_cat-vousten-sports-fr-2","9":"product_cat-stone-island-fr-2","10":"product_cat-truien-fr-2","11":"product_cat-truien-vesten-fr-2","12":"product_cat-sweaters-fr-2","14":"first","15":"instock","16":"taxable","17":"shipping-taxable","18":"purchasable","19":"product-type-variable"},"acf":[],"yoast_head":"<!-- This site is optimized with the Yoast SEO plugin v23.9 - https:\/\/yoast.com\/wordpress\/plugins\/seo\/ -->\n<title>STONE ISLAND - SWEAT-SHIRT COL ROND AVEC POCHE BLEU MARINE (42492) - Vousten Sports<\/title>\n<meta name=\"robots\" content=\"index, follow, max-snippet:-1, max-image-preview:large, max-video-preview:-1\" \/>\n<link rel=\"canonical\" href=\"https:\/\/www.voustensports.com\/fr\/stone-island-sweat-shirt-col-rond-avec-poche-bleu-marine-42492\/\" \/>\n<meta property=\"og:locale\" content=\"fr_FR\" \/>\n<meta property=\"og:type\" content=\"article\" \/>\n<meta property=\"og:title\" content=\"STONE ISLAND - SWEAT-SHIRT COL ROND AVEC POCHE BLEU MARINE (42492) - Vousten Sports\" \/>\n<meta property=\"og:description\" content=\"D\u00c9TAILS DU PRODUIT Sweat-shirt col rond en molleton de coton avec poche saisonni\u00e8re en ripstop de coton. \u00c9paisseur moyenne. Teint en pi\u00e8ce. STYLE Col, poignets et ourlet c\u00f4tel\u00e9s \u00e9lastiqu\u00e9s. Poche plaqu\u00e9e en ripstop de coton sur la manche gauche avec fermeture auto-agrippante sur le haut et le c\u00f4t\u00e9, bouton-pression et boucle \u00e0 l&rsquo;angle, d\u00e9tail de [...]\" \/>\n<meta property=\"og:url\" content=\"https:\/\/www.voustensports.com\/fr\/stone-island-sweat-shirt-col-rond-avec-poche-bleu-marine-42492\/\" \/>\n<meta property=\"og:site_name\" content=\"Vousten Sports\" \/>\n<meta property=\"article:modified_time\" content=\"2026-02-05T11:42:07+00:00\" \/>\n<meta property=\"og:image\" content=\"https:\/\/www.voustensports.com\/wp-content\/uploads\/2023\/06\/CREWNECK-SWEATSHIRT-WITH-POCKET-NAVY-424921.jpg\" \/>\n\t<meta property=\"og:image:width\" content=\"1353\" \/>\n\t<meta property=\"og:image:height\" content=\"2048\" \/>\n\t<meta property=\"og:image:type\" content=\"image\/jpeg\" \/>\n<meta name=\"twitter:card\" content=\"summary_large_image\" \/>\n<script type=\"application\/ld+json\" class=\"yoast-schema-graph\">{\"@context\":\"https:\/\/schema.org\",\"@graph\":[{\"@type\":\"WebPage\",\"@id\":\"https:\/\/www.voustensports.com\/fr\/stone-island-sweat-shirt-col-rond-avec-poche-bleu-marine-42492\/\",\"url\":\"https:\/\/www.voustensports.com\/fr\/stone-island-sweat-shirt-col-rond-avec-poche-bleu-marine-42492\/\",\"name\":\"STONE ISLAND - SWEAT-SHIRT COL ROND AVEC POCHE BLEU MARINE (42492) - Vousten Sports\",\"isPartOf\":{\"@id\":\"https:\/\/www.voustensports.com\/nl\/#website\"},\"primaryImageOfPage\":{\"@id\":\"https:\/\/www.voustensports.com\/fr\/stone-island-sweat-shirt-col-rond-avec-poche-bleu-marine-42492\/#primaryimage\"},\"image\":{\"@id\":\"https:\/\/www.voustensports.com\/fr\/stone-island-sweat-shirt-col-rond-avec-poche-bleu-marine-42492\/#primaryimage\"},\"thumbnailUrl\":\"https:\/\/www.voustensports.com\/wp-content\/uploads\/2023\/06\/CREWNECK-SWEATSHIRT-WITH-POCKET-NAVY-424921.jpg\",\"datePublished\":\"2026-02-02T19:09:10+00:00\",\"dateModified\":\"2026-02-05T11:42:07+00:00\",\"breadcrumb\":{\"@id\":\"https:\/\/www.voustensports.com\/fr\/stone-island-sweat-shirt-col-rond-avec-poche-bleu-marine-42492\/#breadcrumb\"},\"inLanguage\":\"fr-FR\",\"potentialAction\":[{\"@type\":\"ReadAction\",\"target\":[\"https:\/\/www.voustensports.com\/fr\/stone-island-sweat-shirt-col-rond-avec-poche-bleu-marine-42492\/\"]}]},{\"@type\":\"ImageObject\",\"inLanguage\":\"fr-FR\",\"@id\":\"https:\/\/www.voustensports.com\/fr\/stone-island-sweat-shirt-col-rond-avec-poche-bleu-marine-42492\/#primaryimage\",\"url\":\"https:\/\/www.voustensports.com\/wp-content\/uploads\/2023\/06\/CREWNECK-SWEATSHIRT-WITH-POCKET-NAVY-424921.jpg\",\"contentUrl\":\"https:\/\/www.voustensports.com\/wp-content\/uploads\/2023\/06\/CREWNECK-SWEATSHIRT-WITH-POCKET-NAVY-424921.jpg\",\"width\":1353,\"height\":2048},{\"@type\":\"BreadcrumbList\",\"@id\":\"https:\/\/www.voustensports.com\/fr\/stone-island-sweat-shirt-col-rond-avec-poche-bleu-marine-42492\/#breadcrumb\",\"itemListElement\":[{\"@type\":\"ListItem\",\"position\":1,\"name\":\"Home\",\"item\":\"https:\/\/www.voustensports.com\/fr\/\"},{\"@type\":\"ListItem\",\"position\":2,\"name\":\"Boutique\",\"item\":\"https:\/\/www.voustensports.com\/fr\/shop\/\"},{\"@type\":\"ListItem\",\"position\":3,\"name\":\"STONE ISLAND &#8211; SWEAT-SHIRT COL ROND AVEC POCHE BLEU MARINE (42492)\"}]},{\"@type\":\"WebSite\",\"@id\":\"https:\/\/www.voustensports.com\/nl\/#website\",\"url\":\"https:\/\/www.voustensports.com\/nl\/\",\"name\":\"Vousten Sports\",\"description\":\"\",\"potentialAction\":[{\"@type\":\"SearchAction\",\"target\":{\"@type\":\"EntryPoint\",\"urlTemplate\":\"https:\/\/www.voustensports.com\/nl\/?s={search_term_string}\"},\"query-input\":{\"@type\":\"PropertyValueSpecification\",\"valueRequired\":true,\"valueName\":\"search_term_string\"}}],\"inLanguage\":\"fr-FR\"}]}<\/script>\n<!-- \/ Yoast SEO plugin. -->","yoast_head_json":{"title":"STONE ISLAND - SWEAT-SHIRT COL ROND AVEC POCHE BLEU MARINE (42492) - Vousten Sports","robots":{"index":"index","follow":"follow","max-snippet":"max-snippet:-1","max-image-preview":"max-image-preview:large","max-video-preview":"max-video-preview:-1"},"canonical":"https:\/\/www.voustensports.com\/fr\/stone-island-sweat-shirt-col-rond-avec-poche-bleu-marine-42492\/","og_locale":"fr_FR","og_type":"article","og_title":"STONE ISLAND - SWEAT-SHIRT COL ROND AVEC POCHE BLEU MARINE (42492) - Vousten Sports","og_description":"D\u00c9TAILS DU PRODUIT Sweat-shirt col rond en molleton de coton avec poche saisonni\u00e8re en ripstop de coton. \u00c9paisseur moyenne. Teint en pi\u00e8ce. STYLE Col, poignets et ourlet c\u00f4tel\u00e9s \u00e9lastiqu\u00e9s. Poche plaqu\u00e9e en ripstop de coton sur la manche gauche avec fermeture auto-agrippante sur le haut et le c\u00f4t\u00e9, bouton-pression et boucle \u00e0 l&rsquo;angle, d\u00e9tail de [...]","og_url":"https:\/\/www.voustensports.com\/fr\/stone-island-sweat-shirt-col-rond-avec-poche-bleu-marine-42492\/","og_site_name":"Vousten Sports","article_modified_time":"2026-02-05T11:42:07+00:00","og_image":[{"width":1353,"height":2048,"url":"https:\/\/www.voustensports.com\/wp-content\/uploads\/2023\/06\/CREWNECK-SWEATSHIRT-WITH-POCKET-NAVY-424921.jpg","type":"image\/jpeg"}],"twitter_card":"summary_large_image","schema":{"@context":"https:\/\/schema.org","@graph":[{"@type":"WebPage","@id":"https:\/\/www.voustensports.com\/fr\/stone-island-sweat-shirt-col-rond-avec-poche-bleu-marine-42492\/","url":"https:\/\/www.voustensports.com\/fr\/stone-island-sweat-shirt-col-rond-avec-poche-bleu-marine-42492\/","name":"STONE ISLAND - SWEAT-SHIRT COL ROND AVEC POCHE BLEU MARINE (42492) - Vousten Sports","isPartOf":{"@id":"https:\/\/www.voustensports.com\/nl\/#website"},"primaryImageOfPage":{"@id":"https:\/\/www.voustensports.com\/fr\/stone-island-sweat-shirt-col-rond-avec-poche-bleu-marine-42492\/#primaryimage"},"image":{"@id":"https:\/\/www.voustensports.com\/fr\/stone-island-sweat-shirt-col-rond-avec-poche-bleu-marine-42492\/#primaryimage"},"thumbnailUrl":"https:\/\/www.voustensports.com\/wp-content\/uploads\/2023\/06\/CREWNECK-SWEATSHIRT-WITH-POCKET-NAVY-424921.jpg","datePublished":"2026-02-02T19:09:10+00:00","dateModified":"2026-02-05T11:42:07+00:00","breadcrumb":{"@id":"https:\/\/www.voustensports.com\/fr\/stone-island-sweat-shirt-col-rond-avec-poche-bleu-marine-42492\/#breadcrumb"},"inLanguage":"fr-FR","potentialAction":[{"@type":"ReadAction","target":["https:\/\/www.voustensports.com\/fr\/stone-island-sweat-shirt-col-rond-avec-poche-bleu-marine-42492\/"]}]},{"@type":"ImageObject","inLanguage":"fr-FR","@id":"https:\/\/www.voustensports.com\/fr\/stone-island-sweat-shirt-col-rond-avec-poche-bleu-marine-42492\/#primaryimage","url":"https:\/\/www.voustensports.com\/wp-content\/uploads\/2023\/06\/CREWNECK-SWEATSHIRT-WITH-POCKET-NAVY-424921.jpg","contentUrl":"https:\/\/www.voustensports.com\/wp-content\/uploads\/2023\/06\/CREWNECK-SWEATSHIRT-WITH-POCKET-NAVY-424921.jpg","width":1353,"height":2048},{"@type":"BreadcrumbList","@id":"https:\/\/www.voustensports.com\/fr\/stone-island-sweat-shirt-col-rond-avec-poche-bleu-marine-42492\/#breadcrumb","itemListElement":[{"@type":"ListItem","position":1,"name":"Home","item":"https:\/\/www.voustensports.com\/fr\/"},{"@type":"ListItem","position":2,"name":"Boutique","item":"https:\/\/www.voustensports.com\/fr\/shop\/"},{"@type":"ListItem","position":3,"name":"STONE ISLAND &#8211; SWEAT-SHIRT COL ROND AVEC POCHE BLEU MARINE (42492)"}]},{"@type":"WebSite","@id":"https:\/\/www.voustensports.com\/nl\/#website","url":"https:\/\/www.voustensports.com\/nl\/","name":"Vousten Sports","description":"","potentialAction":[{"@type":"SearchAction","target":{"@type":"EntryPoint","urlTemplate":"https:\/\/www.voustensports.com\/nl\/?s={search_term_string}"},"query-input":{"@type":"PropertyValueSpecification","valueRequired":true,"valueName":"search_term_string"}}],"inLanguage":"fr-FR"}]}},"_links":{"self":[{"href":"https:\/\/www.voustensports.com\/fr\/wp-json\/wp\/v2\/product\/219424","targetHints":{"allow":["GET"]}}],"collection":[{"href":"https:\/\/www.voustensports.com\/fr\/wp-json\/wp\/v2\/product"}],"about":[{"href":"https:\/\/www.voustensports.com\/fr\/wp-json\/wp\/v2\/types\/product"}],"replies":[{"embeddable":true,"href":"https:\/\/www.voustensports.com\/fr\/wp-json\/wp\/v2\/comments?post=219424"}],"wp:featuredmedia":[{"embeddable":true,"href":"https:\/\/www.voustensports.com\/fr\/wp-json\/wp\/v2\/media\/219412"}],"wp:attachment":[{"href":"https:\/\/www.voustensports.com\/fr\/wp-json\/wp\/v2\/media?parent=219424"}],"wp:term":[{"taxonomy":"product_cat","embeddable":true,"href":"https:\/\/www.voustensports.com\/fr\/wp-json\/wp\/v2\/product_cat?post=219424"},{"taxonomy":"product_tag","embeddable":true,"href":"https:\/\/www.voustensports.com\/fr\/wp-json\/wp\/v2\/product_tag?post=219424"}],"curies":[{"name":"wp","href":"https:\/\/api.w.org\/{rel}","templated":true}]}}