{"id":219127,"date":"2026-01-31T19:33:07","date_gmt":"2026-01-31T18:33:07","guid":{"rendered":"https:\/\/www.voustensports.com\/stone-island-polo-vert-militaire-brode-avec-logo-42493\/"},"modified":"2026-02-05T12:42:08","modified_gmt":"2026-02-05T11:42:08","slug":"stone-island-polo-vert-militaire-brode-avec-logo-42493","status":"publish","type":"product","link":"https:\/\/www.voustensports.com\/fr\/stone-island-polo-vert-militaire-brode-avec-logo-42493\/","title":{"rendered":"STONE ISLAND &#8211; POLO VERT MILITAIRE BROD\u00c9 AVEC LOGO (42493)"},"content":{"rendered":"<div>D\u00c9TAILS DU PRODUIT<\/div>\n<div>Polo \u00e0 manches courtes en piqu\u00e9 de coton biologique 50\/2.<\/div>\n<div><\/div>\n<div>STYLE<\/div>\n<ul>\n<li>Col et poignets c\u00f4tel\u00e9s.<\/li>\n<li>Fermeture \u00e0 deux boutons.<\/li>\n<li>Logo Stone Island brod\u00e9 sur la poitrine.<\/li>\n<li>Coupe classique.<\/li>\n<\/ul>\n<div>\n<p id=\"tw-target-text\" class=\"tw-data-text tw-text-large tw-ta\" dir=\"ltr\" role=\"text\" data-placeholder=\"Vertaling\" data-ved=\"2ahUKEwijmdf0xbOSAxVL9wIHHWhBNj0Q3ewLegQIDBAX\" aria-label=\"Vertaalde tekst: POLO VERT MILITAIRE BROD\u00c9 AVEC LOGO (42493)\n\nD\u00c9TAILS DU PRODUIT\nPolo \u00e0 manches courtes en piqu\u00e9 de coton biologique 50\/2.\n\nSTYLE\nCol et poignets c\u00f4tel\u00e9s.\n\nFermeture \u00e0 deux boutons.\n\nLogo Stone Island brod\u00e9 sur la poitrine.\n\nCoupe classique.\n\nCOMPOSITION\nV\u00eatement\u00a0: 100\u00a0% coton\nC\u00f4tes\u00a0: 100\u00a0% coton\nR\u00e9f\u00e9rence Stone Island\u00a0: L1S152200001S0039V0024\nR\u00e9f\u00e9rence\u00a0: 42493\"><span class=\"Y2IQFc\" lang=\"fr\">COMPOSITION<\/span><\/p>\n<\/div>\n<ul>\n<li>V\u00eatement : 100 % coton<\/li>\n<li>C\u00f4tes : 100 % coton<\/li>\n<li>R\u00e9f\u00e9rence Stone Island : L1S152200001S0039V0024<\/li>\n<li>R\u00e9f\u00e9rence : 42493<\/li>\n<\/ul>\n","protected":false},"excerpt":{"rendered":"<p>D\u00c9TAILS DU PRODUIT Polo \u00e0 manches courtes en piqu\u00e9 de coton biologique 50\/2. STYLE Col et poignets c\u00f4tel\u00e9s. Fermeture \u00e0 deux boutons. Logo Stone Island brod\u00e9 sur la poitrine. Coupe classique. COMPOSITION V\u00eatement : 100 % coton C\u00f4tes : 100 % coton R\u00e9f\u00e9rence Stone Island : L1S152200001S0039V0024 R\u00e9f\u00e9rence : 42493<\/p>\n","protected":false},"featured_media":219119,"comment_status":"open","ping_status":"closed","template":"","meta":{"rank_math_lock_modified_date":false},"product_cat":[446,450,462,478,482,486],"product_tag":[],"class_list":{"0":"post-219127","1":"product","2":"type-product","3":"status-publish","4":"has-post-thumbnail","6":"product_cat-kleding-fr","7":"product_cat-heren-fr","8":"product_cat-vousten-sports-fr-2","9":"product_cat-polos-fr-2","10":"product_cat-stone-island-fr-2","11":"product_cat-shirt-fr-2","13":"first","14":"instock","15":"taxable","16":"shipping-taxable","17":"purchasable","18":"product-type-variable"},"acf":[],"yoast_head":"<!-- This site is optimized with the Yoast SEO plugin v23.9 - https:\/\/yoast.com\/wordpress\/plugins\/seo\/ -->\n<title>STONE ISLAND - POLO VERT MILITAIRE BROD\u00c9 AVEC LOGO (42493) - Vousten Sports<\/title>\n<meta name=\"robots\" content=\"index, follow, max-snippet:-1, max-image-preview:large, max-video-preview:-1\" \/>\n<link rel=\"canonical\" href=\"https:\/\/www.voustensports.com\/fr\/stone-island-polo-vert-militaire-brode-avec-logo-42493\/\" \/>\n<meta property=\"og:locale\" content=\"fr_FR\" \/>\n<meta property=\"og:type\" content=\"article\" \/>\n<meta property=\"og:title\" content=\"STONE ISLAND - POLO VERT MILITAIRE BROD\u00c9 AVEC LOGO (42493) - Vousten Sports\" \/>\n<meta property=\"og:description\" content=\"D\u00c9TAILS DU PRODUIT Polo \u00e0 manches courtes en piqu\u00e9 de coton biologique 50\/2. STYLE Col et poignets c\u00f4tel\u00e9s. Fermeture \u00e0 deux boutons. Logo Stone Island brod\u00e9 sur la poitrine. Coupe classique. COMPOSITION V\u00eatement : 100 % coton C\u00f4tes : 100 % coton R\u00e9f\u00e9rence Stone Island : L1S152200001S0039V0024 R\u00e9f\u00e9rence : 42493\" \/>\n<meta property=\"og:url\" content=\"https:\/\/www.voustensports.com\/fr\/stone-island-polo-vert-militaire-brode-avec-logo-42493\/\" \/>\n<meta property=\"og:site_name\" content=\"Vousten Sports\" \/>\n<meta property=\"article:modified_time\" content=\"2026-02-05T11:42:08+00:00\" \/>\n<meta property=\"og:image\" content=\"https:\/\/www.voustensports.com\/wp-content\/uploads\/2023\/06\/POLO-WITH-LOGO-EMBROIDERY-MILITARY-GREEN-424931.jpg\" \/>\n\t<meta property=\"og:image:width\" content=\"1365\" \/>\n\t<meta property=\"og:image:height\" content=\"2048\" \/>\n\t<meta property=\"og:image:type\" content=\"image\/jpeg\" \/>\n<meta name=\"twitter:card\" content=\"summary_large_image\" \/>\n<script type=\"application\/ld+json\" class=\"yoast-schema-graph\">{\"@context\":\"https:\/\/schema.org\",\"@graph\":[{\"@type\":\"WebPage\",\"@id\":\"https:\/\/www.voustensports.com\/fr\/stone-island-polo-vert-militaire-brode-avec-logo-42493\/\",\"url\":\"https:\/\/www.voustensports.com\/fr\/stone-island-polo-vert-militaire-brode-avec-logo-42493\/\",\"name\":\"STONE ISLAND - POLO VERT MILITAIRE BROD\u00c9 AVEC LOGO (42493) - Vousten Sports\",\"isPartOf\":{\"@id\":\"https:\/\/www.voustensports.com\/nl\/#website\"},\"primaryImageOfPage\":{\"@id\":\"https:\/\/www.voustensports.com\/fr\/stone-island-polo-vert-militaire-brode-avec-logo-42493\/#primaryimage\"},\"image\":{\"@id\":\"https:\/\/www.voustensports.com\/fr\/stone-island-polo-vert-militaire-brode-avec-logo-42493\/#primaryimage\"},\"thumbnailUrl\":\"https:\/\/www.voustensports.com\/wp-content\/uploads\/2023\/06\/POLO-WITH-LOGO-EMBROIDERY-MILITARY-GREEN-424931.jpg\",\"datePublished\":\"2026-01-31T18:33:07+00:00\",\"dateModified\":\"2026-02-05T11:42:08+00:00\",\"breadcrumb\":{\"@id\":\"https:\/\/www.voustensports.com\/fr\/stone-island-polo-vert-militaire-brode-avec-logo-42493\/#breadcrumb\"},\"inLanguage\":\"fr-FR\",\"potentialAction\":[{\"@type\":\"ReadAction\",\"target\":[\"https:\/\/www.voustensports.com\/fr\/stone-island-polo-vert-militaire-brode-avec-logo-42493\/\"]}]},{\"@type\":\"ImageObject\",\"inLanguage\":\"fr-FR\",\"@id\":\"https:\/\/www.voustensports.com\/fr\/stone-island-polo-vert-militaire-brode-avec-logo-42493\/#primaryimage\",\"url\":\"https:\/\/www.voustensports.com\/wp-content\/uploads\/2023\/06\/POLO-WITH-LOGO-EMBROIDERY-MILITARY-GREEN-424931.jpg\",\"contentUrl\":\"https:\/\/www.voustensports.com\/wp-content\/uploads\/2023\/06\/POLO-WITH-LOGO-EMBROIDERY-MILITARY-GREEN-424931.jpg\",\"width\":1365,\"height\":2048},{\"@type\":\"BreadcrumbList\",\"@id\":\"https:\/\/www.voustensports.com\/fr\/stone-island-polo-vert-militaire-brode-avec-logo-42493\/#breadcrumb\",\"itemListElement\":[{\"@type\":\"ListItem\",\"position\":1,\"name\":\"Home\",\"item\":\"https:\/\/www.voustensports.com\/fr\/\"},{\"@type\":\"ListItem\",\"position\":2,\"name\":\"Boutique\",\"item\":\"https:\/\/www.voustensports.com\/fr\/shop\/\"},{\"@type\":\"ListItem\",\"position\":3,\"name\":\"STONE ISLAND &#8211; POLO VERT MILITAIRE BROD\u00c9 AVEC LOGO (42493)\"}]},{\"@type\":\"WebSite\",\"@id\":\"https:\/\/www.voustensports.com\/nl\/#website\",\"url\":\"https:\/\/www.voustensports.com\/nl\/\",\"name\":\"Vousten Sports\",\"description\":\"\",\"potentialAction\":[{\"@type\":\"SearchAction\",\"target\":{\"@type\":\"EntryPoint\",\"urlTemplate\":\"https:\/\/www.voustensports.com\/nl\/?s={search_term_string}\"},\"query-input\":{\"@type\":\"PropertyValueSpecification\",\"valueRequired\":true,\"valueName\":\"search_term_string\"}}],\"inLanguage\":\"fr-FR\"}]}<\/script>\n<!-- \/ Yoast SEO plugin. -->","yoast_head_json":{"title":"STONE ISLAND - POLO VERT MILITAIRE BROD\u00c9 AVEC LOGO (42493) - Vousten Sports","robots":{"index":"index","follow":"follow","max-snippet":"max-snippet:-1","max-image-preview":"max-image-preview:large","max-video-preview":"max-video-preview:-1"},"canonical":"https:\/\/www.voustensports.com\/fr\/stone-island-polo-vert-militaire-brode-avec-logo-42493\/","og_locale":"fr_FR","og_type":"article","og_title":"STONE ISLAND - POLO VERT MILITAIRE BROD\u00c9 AVEC LOGO (42493) - Vousten Sports","og_description":"D\u00c9TAILS DU PRODUIT Polo \u00e0 manches courtes en piqu\u00e9 de coton biologique 50\/2. STYLE Col et poignets c\u00f4tel\u00e9s. Fermeture \u00e0 deux boutons. Logo Stone Island brod\u00e9 sur la poitrine. Coupe classique. COMPOSITION V\u00eatement : 100 % coton C\u00f4tes : 100 % coton R\u00e9f\u00e9rence Stone Island : L1S152200001S0039V0024 R\u00e9f\u00e9rence : 42493","og_url":"https:\/\/www.voustensports.com\/fr\/stone-island-polo-vert-militaire-brode-avec-logo-42493\/","og_site_name":"Vousten Sports","article_modified_time":"2026-02-05T11:42:08+00:00","og_image":[{"width":1365,"height":2048,"url":"https:\/\/www.voustensports.com\/wp-content\/uploads\/2023\/06\/POLO-WITH-LOGO-EMBROIDERY-MILITARY-GREEN-424931.jpg","type":"image\/jpeg"}],"twitter_card":"summary_large_image","schema":{"@context":"https:\/\/schema.org","@graph":[{"@type":"WebPage","@id":"https:\/\/www.voustensports.com\/fr\/stone-island-polo-vert-militaire-brode-avec-logo-42493\/","url":"https:\/\/www.voustensports.com\/fr\/stone-island-polo-vert-militaire-brode-avec-logo-42493\/","name":"STONE ISLAND - POLO VERT MILITAIRE BROD\u00c9 AVEC LOGO (42493) - Vousten Sports","isPartOf":{"@id":"https:\/\/www.voustensports.com\/nl\/#website"},"primaryImageOfPage":{"@id":"https:\/\/www.voustensports.com\/fr\/stone-island-polo-vert-militaire-brode-avec-logo-42493\/#primaryimage"},"image":{"@id":"https:\/\/www.voustensports.com\/fr\/stone-island-polo-vert-militaire-brode-avec-logo-42493\/#primaryimage"},"thumbnailUrl":"https:\/\/www.voustensports.com\/wp-content\/uploads\/2023\/06\/POLO-WITH-LOGO-EMBROIDERY-MILITARY-GREEN-424931.jpg","datePublished":"2026-01-31T18:33:07+00:00","dateModified":"2026-02-05T11:42:08+00:00","breadcrumb":{"@id":"https:\/\/www.voustensports.com\/fr\/stone-island-polo-vert-militaire-brode-avec-logo-42493\/#breadcrumb"},"inLanguage":"fr-FR","potentialAction":[{"@type":"ReadAction","target":["https:\/\/www.voustensports.com\/fr\/stone-island-polo-vert-militaire-brode-avec-logo-42493\/"]}]},{"@type":"ImageObject","inLanguage":"fr-FR","@id":"https:\/\/www.voustensports.com\/fr\/stone-island-polo-vert-militaire-brode-avec-logo-42493\/#primaryimage","url":"https:\/\/www.voustensports.com\/wp-content\/uploads\/2023\/06\/POLO-WITH-LOGO-EMBROIDERY-MILITARY-GREEN-424931.jpg","contentUrl":"https:\/\/www.voustensports.com\/wp-content\/uploads\/2023\/06\/POLO-WITH-LOGO-EMBROIDERY-MILITARY-GREEN-424931.jpg","width":1365,"height":2048},{"@type":"BreadcrumbList","@id":"https:\/\/www.voustensports.com\/fr\/stone-island-polo-vert-militaire-brode-avec-logo-42493\/#breadcrumb","itemListElement":[{"@type":"ListItem","position":1,"name":"Home","item":"https:\/\/www.voustensports.com\/fr\/"},{"@type":"ListItem","position":2,"name":"Boutique","item":"https:\/\/www.voustensports.com\/fr\/shop\/"},{"@type":"ListItem","position":3,"name":"STONE ISLAND &#8211; POLO VERT MILITAIRE BROD\u00c9 AVEC LOGO (42493)"}]},{"@type":"WebSite","@id":"https:\/\/www.voustensports.com\/nl\/#website","url":"https:\/\/www.voustensports.com\/nl\/","name":"Vousten Sports","description":"","potentialAction":[{"@type":"SearchAction","target":{"@type":"EntryPoint","urlTemplate":"https:\/\/www.voustensports.com\/nl\/?s={search_term_string}"},"query-input":{"@type":"PropertyValueSpecification","valueRequired":true,"valueName":"search_term_string"}}],"inLanguage":"fr-FR"}]}},"_links":{"self":[{"href":"https:\/\/www.voustensports.com\/fr\/wp-json\/wp\/v2\/product\/219127","targetHints":{"allow":["GET"]}}],"collection":[{"href":"https:\/\/www.voustensports.com\/fr\/wp-json\/wp\/v2\/product"}],"about":[{"href":"https:\/\/www.voustensports.com\/fr\/wp-json\/wp\/v2\/types\/product"}],"replies":[{"embeddable":true,"href":"https:\/\/www.voustensports.com\/fr\/wp-json\/wp\/v2\/comments?post=219127"}],"wp:featuredmedia":[{"embeddable":true,"href":"https:\/\/www.voustensports.com\/fr\/wp-json\/wp\/v2\/media\/219119"}],"wp:attachment":[{"href":"https:\/\/www.voustensports.com\/fr\/wp-json\/wp\/v2\/media?parent=219127"}],"wp:term":[{"taxonomy":"product_cat","embeddable":true,"href":"https:\/\/www.voustensports.com\/fr\/wp-json\/wp\/v2\/product_cat?post=219127"},{"taxonomy":"product_tag","embeddable":true,"href":"https:\/\/www.voustensports.com\/fr\/wp-json\/wp\/v2\/product_tag?post=219127"}],"curies":[{"name":"wp","href":"https:\/\/api.w.org\/{rel}","templated":true}]}}