{"id":218951,"date":"2026-01-29T15:19:05","date_gmt":"2026-01-29T14:19:05","guid":{"rendered":"https:\/\/www.voustensports.com\/genti-polo-zippe-beige-42504\/"},"modified":"2026-02-21T16:54:10","modified_gmt":"2026-02-21T15:54:10","slug":"genti-polo-zippe-beige-42504","status":"publish","type":"product","link":"https:\/\/www.voustensports.com\/fr\/genti-polo-zippe-beige-42504\/","title":{"rendered":"GENTI &#8211;  Polo zipp\u00e9 beige (42504)"},"content":{"rendered":"<div>Veste zipp\u00e9 couleur sable, confectionn\u00e9e dans une mati\u00e8re technique respirante et extensible. Ce mod\u00e8le offre un \u00e9quilibre optimal entre confort, respirabilit\u00e9 et tenue. Il est dot\u00e9 d&rsquo;une poche int\u00e9rieure tricot\u00e9e sur la manche, un d\u00e9tail pratique et discret.<\/div>\n<ul>\n<li>Technique<\/li>\n<li>\u00c9lastique<\/li>\n<li>65 % viscose, 35 % nylon<\/li>\n<li>Coupe ajust\u00e9e<\/li>\n<\/ul>\n","protected":false},"excerpt":{"rendered":"<p>Veste zipp\u00e9 couleur sable, confectionn\u00e9e dans une mati\u00e8re technique respirante et extensible. Ce mod\u00e8le offre un \u00e9quilibre optimal entre confort, respirabilit\u00e9 et tenue. Il est dot\u00e9 d&rsquo;une poche int\u00e9rieure tricot\u00e9e sur la manche, un d\u00e9tail pratique et discret. Technique \u00c9lastique 65 % viscose, 35 % nylon Coupe ajust\u00e9e<\/p>\n","protected":false},"featured_media":218939,"comment_status":"open","ping_status":"closed","template":"","meta":{"rank_math_lock_modified_date":false},"product_cat":[880,446,450,462,478,534,694,710],"product_tag":[],"class_list":{"0":"post-218951","1":"product","2":"type-product","3":"status-publish","4":"has-post-thumbnail","6":"product_cat-merken-fr-2","7":"product_cat-kleding-fr","8":"product_cat-heren-fr","9":"product_cat-vousten-sports-fr-2","10":"product_cat-polos-fr-2","11":"product_cat-truien-fr-2","12":"product_cat-truien-vesten-fr-2","13":"product_cat-genti-fr","15":"first","16":"instock","17":"taxable","18":"shipping-taxable","19":"purchasable","20":"product-type-variable"},"acf":[],"yoast_head":"<!-- This site is optimized with the Yoast SEO plugin v23.9 - https:\/\/yoast.com\/wordpress\/plugins\/seo\/ -->\n<title>GENTI - Polo zipp\u00e9 beige (42504) - Vousten Sports<\/title>\n<meta name=\"robots\" content=\"index, follow, max-snippet:-1, max-image-preview:large, max-video-preview:-1\" \/>\n<link rel=\"canonical\" href=\"https:\/\/www.voustensports.com\/fr\/genti-polo-zippe-beige-42504\/\" \/>\n<meta property=\"og:locale\" content=\"fr_FR\" \/>\n<meta property=\"og:type\" content=\"article\" \/>\n<meta property=\"og:title\" content=\"GENTI - Polo zipp\u00e9 beige (42504) - Vousten Sports\" \/>\n<meta property=\"og:description\" content=\"Veste zipp\u00e9 couleur sable, confectionn\u00e9e dans une mati\u00e8re technique respirante et extensible. Ce mod\u00e8le offre un \u00e9quilibre optimal entre confort, respirabilit\u00e9 et tenue. Il est dot\u00e9 d&rsquo;une poche int\u00e9rieure tricot\u00e9e sur la manche, un d\u00e9tail pratique et discret. Technique \u00c9lastique 65 % viscose, 35 % nylon Coupe ajust\u00e9e\" \/>\n<meta property=\"og:url\" content=\"https:\/\/www.voustensports.com\/fr\/genti-polo-zippe-beige-42504\/\" \/>\n<meta property=\"og:site_name\" content=\"Vousten Sports\" \/>\n<meta property=\"article:modified_time\" content=\"2026-02-21T15:54:10+00:00\" \/>\n<meta property=\"og:image\" content=\"https:\/\/www.voustensports.com\/wp-content\/uploads\/2023\/06\/GENTI-Polo-zip-ls-beige-42504-1.jpg\" \/>\n\t<meta property=\"og:image:width\" content=\"1200\" \/>\n\t<meta property=\"og:image:height\" content=\"1800\" \/>\n\t<meta property=\"og:image:type\" content=\"image\/jpeg\" \/>\n<meta name=\"twitter:card\" content=\"summary_large_image\" \/>\n<script type=\"application\/ld+json\" class=\"yoast-schema-graph\">{\"@context\":\"https:\/\/schema.org\",\"@graph\":[{\"@type\":\"WebPage\",\"@id\":\"https:\/\/www.voustensports.com\/fr\/genti-polo-zippe-beige-42504\/\",\"url\":\"https:\/\/www.voustensports.com\/fr\/genti-polo-zippe-beige-42504\/\",\"name\":\"GENTI - Polo zipp\u00e9 beige (42504) - Vousten Sports\",\"isPartOf\":{\"@id\":\"https:\/\/www.voustensports.com\/nl\/#website\"},\"primaryImageOfPage\":{\"@id\":\"https:\/\/www.voustensports.com\/fr\/genti-polo-zippe-beige-42504\/#primaryimage\"},\"image\":{\"@id\":\"https:\/\/www.voustensports.com\/fr\/genti-polo-zippe-beige-42504\/#primaryimage\"},\"thumbnailUrl\":\"https:\/\/www.voustensports.com\/wp-content\/uploads\/2023\/06\/GENTI-Polo-zip-ls-beige-42504-1.jpg\",\"datePublished\":\"2026-01-29T14:19:05+00:00\",\"dateModified\":\"2026-02-21T15:54:10+00:00\",\"breadcrumb\":{\"@id\":\"https:\/\/www.voustensports.com\/fr\/genti-polo-zippe-beige-42504\/#breadcrumb\"},\"inLanguage\":\"fr-FR\",\"potentialAction\":[{\"@type\":\"ReadAction\",\"target\":[\"https:\/\/www.voustensports.com\/fr\/genti-polo-zippe-beige-42504\/\"]}]},{\"@type\":\"ImageObject\",\"inLanguage\":\"fr-FR\",\"@id\":\"https:\/\/www.voustensports.com\/fr\/genti-polo-zippe-beige-42504\/#primaryimage\",\"url\":\"https:\/\/www.voustensports.com\/wp-content\/uploads\/2023\/06\/GENTI-Polo-zip-ls-beige-42504-1.jpg\",\"contentUrl\":\"https:\/\/www.voustensports.com\/wp-content\/uploads\/2023\/06\/GENTI-Polo-zip-ls-beige-42504-1.jpg\",\"width\":1200,\"height\":1800},{\"@type\":\"BreadcrumbList\",\"@id\":\"https:\/\/www.voustensports.com\/fr\/genti-polo-zippe-beige-42504\/#breadcrumb\",\"itemListElement\":[{\"@type\":\"ListItem\",\"position\":1,\"name\":\"Home\",\"item\":\"https:\/\/www.voustensports.com\/fr\/\"},{\"@type\":\"ListItem\",\"position\":2,\"name\":\"Boutique\",\"item\":\"https:\/\/www.voustensports.com\/fr\/shop\/\"},{\"@type\":\"ListItem\",\"position\":3,\"name\":\"GENTI &#8211; Polo zipp\u00e9 beige (42504)\"}]},{\"@type\":\"WebSite\",\"@id\":\"https:\/\/www.voustensports.com\/nl\/#website\",\"url\":\"https:\/\/www.voustensports.com\/nl\/\",\"name\":\"Vousten Sports\",\"description\":\"\",\"potentialAction\":[{\"@type\":\"SearchAction\",\"target\":{\"@type\":\"EntryPoint\",\"urlTemplate\":\"https:\/\/www.voustensports.com\/nl\/?s={search_term_string}\"},\"query-input\":{\"@type\":\"PropertyValueSpecification\",\"valueRequired\":true,\"valueName\":\"search_term_string\"}}],\"inLanguage\":\"fr-FR\"}]}<\/script>\n<!-- \/ Yoast SEO plugin. -->","yoast_head_json":{"title":"GENTI - Polo zipp\u00e9 beige (42504) - Vousten Sports","robots":{"index":"index","follow":"follow","max-snippet":"max-snippet:-1","max-image-preview":"max-image-preview:large","max-video-preview":"max-video-preview:-1"},"canonical":"https:\/\/www.voustensports.com\/fr\/genti-polo-zippe-beige-42504\/","og_locale":"fr_FR","og_type":"article","og_title":"GENTI - Polo zipp\u00e9 beige (42504) - Vousten Sports","og_description":"Veste zipp\u00e9 couleur sable, confectionn\u00e9e dans une mati\u00e8re technique respirante et extensible. Ce mod\u00e8le offre un \u00e9quilibre optimal entre confort, respirabilit\u00e9 et tenue. Il est dot\u00e9 d&rsquo;une poche int\u00e9rieure tricot\u00e9e sur la manche, un d\u00e9tail pratique et discret. Technique \u00c9lastique 65 % viscose, 35 % nylon Coupe ajust\u00e9e","og_url":"https:\/\/www.voustensports.com\/fr\/genti-polo-zippe-beige-42504\/","og_site_name":"Vousten Sports","article_modified_time":"2026-02-21T15:54:10+00:00","og_image":[{"width":1200,"height":1800,"url":"https:\/\/www.voustensports.com\/wp-content\/uploads\/2023\/06\/GENTI-Polo-zip-ls-beige-42504-1.jpg","type":"image\/jpeg"}],"twitter_card":"summary_large_image","schema":{"@context":"https:\/\/schema.org","@graph":[{"@type":"WebPage","@id":"https:\/\/www.voustensports.com\/fr\/genti-polo-zippe-beige-42504\/","url":"https:\/\/www.voustensports.com\/fr\/genti-polo-zippe-beige-42504\/","name":"GENTI - Polo zipp\u00e9 beige (42504) - Vousten Sports","isPartOf":{"@id":"https:\/\/www.voustensports.com\/nl\/#website"},"primaryImageOfPage":{"@id":"https:\/\/www.voustensports.com\/fr\/genti-polo-zippe-beige-42504\/#primaryimage"},"image":{"@id":"https:\/\/www.voustensports.com\/fr\/genti-polo-zippe-beige-42504\/#primaryimage"},"thumbnailUrl":"https:\/\/www.voustensports.com\/wp-content\/uploads\/2023\/06\/GENTI-Polo-zip-ls-beige-42504-1.jpg","datePublished":"2026-01-29T14:19:05+00:00","dateModified":"2026-02-21T15:54:10+00:00","breadcrumb":{"@id":"https:\/\/www.voustensports.com\/fr\/genti-polo-zippe-beige-42504\/#breadcrumb"},"inLanguage":"fr-FR","potentialAction":[{"@type":"ReadAction","target":["https:\/\/www.voustensports.com\/fr\/genti-polo-zippe-beige-42504\/"]}]},{"@type":"ImageObject","inLanguage":"fr-FR","@id":"https:\/\/www.voustensports.com\/fr\/genti-polo-zippe-beige-42504\/#primaryimage","url":"https:\/\/www.voustensports.com\/wp-content\/uploads\/2023\/06\/GENTI-Polo-zip-ls-beige-42504-1.jpg","contentUrl":"https:\/\/www.voustensports.com\/wp-content\/uploads\/2023\/06\/GENTI-Polo-zip-ls-beige-42504-1.jpg","width":1200,"height":1800},{"@type":"BreadcrumbList","@id":"https:\/\/www.voustensports.com\/fr\/genti-polo-zippe-beige-42504\/#breadcrumb","itemListElement":[{"@type":"ListItem","position":1,"name":"Home","item":"https:\/\/www.voustensports.com\/fr\/"},{"@type":"ListItem","position":2,"name":"Boutique","item":"https:\/\/www.voustensports.com\/fr\/shop\/"},{"@type":"ListItem","position":3,"name":"GENTI &#8211; Polo zipp\u00e9 beige (42504)"}]},{"@type":"WebSite","@id":"https:\/\/www.voustensports.com\/nl\/#website","url":"https:\/\/www.voustensports.com\/nl\/","name":"Vousten Sports","description":"","potentialAction":[{"@type":"SearchAction","target":{"@type":"EntryPoint","urlTemplate":"https:\/\/www.voustensports.com\/nl\/?s={search_term_string}"},"query-input":{"@type":"PropertyValueSpecification","valueRequired":true,"valueName":"search_term_string"}}],"inLanguage":"fr-FR"}]}},"_links":{"self":[{"href":"https:\/\/www.voustensports.com\/fr\/wp-json\/wp\/v2\/product\/218951","targetHints":{"allow":["GET"]}}],"collection":[{"href":"https:\/\/www.voustensports.com\/fr\/wp-json\/wp\/v2\/product"}],"about":[{"href":"https:\/\/www.voustensports.com\/fr\/wp-json\/wp\/v2\/types\/product"}],"replies":[{"embeddable":true,"href":"https:\/\/www.voustensports.com\/fr\/wp-json\/wp\/v2\/comments?post=218951"}],"wp:featuredmedia":[{"embeddable":true,"href":"https:\/\/www.voustensports.com\/fr\/wp-json\/wp\/v2\/media\/218939"}],"wp:attachment":[{"href":"https:\/\/www.voustensports.com\/fr\/wp-json\/wp\/v2\/media?parent=218951"}],"wp:term":[{"taxonomy":"product_cat","embeddable":true,"href":"https:\/\/www.voustensports.com\/fr\/wp-json\/wp\/v2\/product_cat?post=218951"},{"taxonomy":"product_tag","embeddable":true,"href":"https:\/\/www.voustensports.com\/fr\/wp-json\/wp\/v2\/product_tag?post=218951"}],"curies":[{"name":"wp","href":"https:\/\/api.w.org\/{rel}","templated":true}]}}