{"id":218678,"date":"2026-01-24T21:33:08","date_gmt":"2026-01-24T20:33:08","guid":{"rendered":"https:\/\/www.voustensports.com\/stone-island-pantalon-coupe-classique-sable-42352\/"},"modified":"2026-04-14T08:30:05","modified_gmt":"2026-04-14T06:30:05","slug":"stone-island-pantalon-coupe-classique-sable-42352","status":"publish","type":"product","link":"https:\/\/www.voustensports.com\/fr\/stone-island-pantalon-coupe-classique-sable-42352\/","title":{"rendered":"STONE ISLAND &#8211; PANTALON COUPE CLASSIQUE SABLE (42352)"},"content":{"rendered":"<div>D\u00c9TAILS DU PRODUIT<\/div>\n<div>Pantalon en coton Panama biologique. Teint en pi\u00e8ce avec le traitement \u00ab OLD \u00bb, un proc\u00e9d\u00e9 de teinture exclusif suivi d&rsquo;un d\u00e9lavage sur le v\u00eatement fini pour un aspect l\u00e9g\u00e8rement us\u00e9 et textur\u00e9.<\/div>\n<div><\/div>\n<div>STYLE<\/div>\n<ul>\n<li>Poches lat\u00e9rales en biais.<\/li>\n<li>Poches plaqu\u00e9es arri\u00e8re avec bouton-pression et double poche utilitaire int\u00e9gr\u00e9e.<\/li>\n<li>Logo Stone Island sur la jambe gauche.<\/li>\n<li>Braguette zipp\u00e9e et fermeture boutonn\u00e9e.<\/li>\n<li>Coupe classique.<\/li>\n<\/ul>\n<div>COMPOSITION<\/div>\n<ul>\n<li>100 % coton<\/li>\n<li>R\u00e9f\u00e9rence Stone Island : L1S153100037S0184V019A<\/li>\n<li>R\u00e9f\u00e9rence : 42352<\/li>\n<\/ul>\n","protected":false},"excerpt":{"rendered":"<p>D\u00c9TAILS DU PRODUIT Pantalon en coton Panama biologique. Teint en pi\u00e8ce avec le traitement \u00ab OLD \u00bb, un proc\u00e9d\u00e9 de teinture exclusif suivi d&rsquo;un d\u00e9lavage sur le v\u00eatement fini pour un aspect l\u00e9g\u00e8rement us\u00e9 et textur\u00e9. STYLE Poches lat\u00e9rales en biais. Poches plaqu\u00e9es arri\u00e8re avec bouton-pression et double poche utilitaire int\u00e9gr\u00e9e. Logo Stone Island sur [&#8230;]\n","protected":false},"featured_media":218666,"comment_status":"open","ping_status":"closed","template":"","meta":{"rank_math_lock_modified_date":false},"product_cat":[466,482,786,446,450,462],"product_tag":[],"class_list":{"0":"post-218678","1":"product","2":"type-product","3":"status-publish","4":"has-post-thumbnail","6":"product_cat-broeken-fr","7":"product_cat-stone-island-fr-2","8":"product_cat-broek-fr","9":"product_cat-kleding-fr","10":"product_cat-heren-fr","11":"product_cat-vousten-sports-fr-2","13":"first","14":"instock","15":"taxable","16":"shipping-taxable","17":"purchasable","18":"product-type-variable"},"acf":[],"yoast_head":"<!-- This site is optimized with the Yoast SEO plugin v23.9 - https:\/\/yoast.com\/wordpress\/plugins\/seo\/ -->\n<title>STONE ISLAND - PANTALON COUPE CLASSIQUE SABLE (42352) - Vousten Sports<\/title>\n<meta name=\"robots\" content=\"index, follow, max-snippet:-1, max-image-preview:large, max-video-preview:-1\" \/>\n<link rel=\"canonical\" href=\"https:\/\/www.voustensports.com\/fr\/stone-island-pantalon-coupe-classique-sable-42352\/\" \/>\n<meta property=\"og:locale\" content=\"fr_FR\" \/>\n<meta property=\"og:type\" content=\"article\" \/>\n<meta property=\"og:title\" content=\"STONE ISLAND - PANTALON COUPE CLASSIQUE SABLE (42352) - Vousten Sports\" \/>\n<meta property=\"og:description\" content=\"D\u00c9TAILS DU PRODUIT Pantalon en coton Panama biologique. Teint en pi\u00e8ce avec le traitement \u00ab OLD \u00bb, un proc\u00e9d\u00e9 de teinture exclusif suivi d&rsquo;un d\u00e9lavage sur le v\u00eatement fini pour un aspect l\u00e9g\u00e8rement us\u00e9 et textur\u00e9. STYLE Poches lat\u00e9rales en biais. Poches plaqu\u00e9es arri\u00e8re avec bouton-pression et double poche utilitaire int\u00e9gr\u00e9e. Logo Stone Island sur [...]\" \/>\n<meta property=\"og:url\" content=\"https:\/\/www.voustensports.com\/fr\/stone-island-pantalon-coupe-classique-sable-42352\/\" \/>\n<meta property=\"og:site_name\" content=\"Vousten Sports\" \/>\n<meta property=\"article:modified_time\" content=\"2026-04-14T06:30:05+00:00\" \/>\n<meta property=\"og:image\" content=\"https:\/\/www.voustensports.com\/wp-content\/uploads\/2023\/06\/REGULAR-FIT-BROEK-ZAND-423521.jpg\" \/>\n\t<meta property=\"og:image:width\" content=\"1365\" \/>\n\t<meta property=\"og:image:height\" content=\"2048\" \/>\n\t<meta property=\"og:image:type\" content=\"image\/jpeg\" \/>\n<meta name=\"twitter:card\" content=\"summary_large_image\" \/>\n<script type=\"application\/ld+json\" class=\"yoast-schema-graph\">{\"@context\":\"https:\/\/schema.org\",\"@graph\":[{\"@type\":\"WebPage\",\"@id\":\"https:\/\/www.voustensports.com\/fr\/stone-island-pantalon-coupe-classique-sable-42352\/\",\"url\":\"https:\/\/www.voustensports.com\/fr\/stone-island-pantalon-coupe-classique-sable-42352\/\",\"name\":\"STONE ISLAND - PANTALON COUPE CLASSIQUE SABLE (42352) - Vousten Sports\",\"isPartOf\":{\"@id\":\"https:\/\/www.voustensports.com\/nl\/#website\"},\"primaryImageOfPage\":{\"@id\":\"https:\/\/www.voustensports.com\/fr\/stone-island-pantalon-coupe-classique-sable-42352\/#primaryimage\"},\"image\":{\"@id\":\"https:\/\/www.voustensports.com\/fr\/stone-island-pantalon-coupe-classique-sable-42352\/#primaryimage\"},\"thumbnailUrl\":\"https:\/\/www.voustensports.com\/wp-content\/uploads\/2023\/06\/REGULAR-FIT-BROEK-ZAND-423521.jpg\",\"datePublished\":\"2026-01-24T20:33:08+00:00\",\"dateModified\":\"2026-04-14T06:30:05+00:00\",\"breadcrumb\":{\"@id\":\"https:\/\/www.voustensports.com\/fr\/stone-island-pantalon-coupe-classique-sable-42352\/#breadcrumb\"},\"inLanguage\":\"fr-FR\",\"potentialAction\":[{\"@type\":\"ReadAction\",\"target\":[\"https:\/\/www.voustensports.com\/fr\/stone-island-pantalon-coupe-classique-sable-42352\/\"]}]},{\"@type\":\"ImageObject\",\"inLanguage\":\"fr-FR\",\"@id\":\"https:\/\/www.voustensports.com\/fr\/stone-island-pantalon-coupe-classique-sable-42352\/#primaryimage\",\"url\":\"https:\/\/www.voustensports.com\/wp-content\/uploads\/2023\/06\/REGULAR-FIT-BROEK-ZAND-423521.jpg\",\"contentUrl\":\"https:\/\/www.voustensports.com\/wp-content\/uploads\/2023\/06\/REGULAR-FIT-BROEK-ZAND-423521.jpg\",\"width\":1365,\"height\":2048},{\"@type\":\"BreadcrumbList\",\"@id\":\"https:\/\/www.voustensports.com\/fr\/stone-island-pantalon-coupe-classique-sable-42352\/#breadcrumb\",\"itemListElement\":[{\"@type\":\"ListItem\",\"position\":1,\"name\":\"Home\",\"item\":\"https:\/\/www.voustensports.com\/fr\/\"},{\"@type\":\"ListItem\",\"position\":2,\"name\":\"Boutique\",\"item\":\"https:\/\/www.voustensports.com\/fr\/shop\/\"},{\"@type\":\"ListItem\",\"position\":3,\"name\":\"STONE ISLAND &#8211; PANTALON COUPE CLASSIQUE SABLE (42352)\"}]},{\"@type\":\"WebSite\",\"@id\":\"https:\/\/www.voustensports.com\/nl\/#website\",\"url\":\"https:\/\/www.voustensports.com\/nl\/\",\"name\":\"Vousten Sports\",\"description\":\"\",\"potentialAction\":[{\"@type\":\"SearchAction\",\"target\":{\"@type\":\"EntryPoint\",\"urlTemplate\":\"https:\/\/www.voustensports.com\/nl\/?s={search_term_string}\"},\"query-input\":{\"@type\":\"PropertyValueSpecification\",\"valueRequired\":true,\"valueName\":\"search_term_string\"}}],\"inLanguage\":\"fr-FR\"}]}<\/script>\n<!-- \/ Yoast SEO plugin. -->","yoast_head_json":{"title":"STONE ISLAND - PANTALON COUPE CLASSIQUE SABLE (42352) - Vousten Sports","robots":{"index":"index","follow":"follow","max-snippet":"max-snippet:-1","max-image-preview":"max-image-preview:large","max-video-preview":"max-video-preview:-1"},"canonical":"https:\/\/www.voustensports.com\/fr\/stone-island-pantalon-coupe-classique-sable-42352\/","og_locale":"fr_FR","og_type":"article","og_title":"STONE ISLAND - PANTALON COUPE CLASSIQUE SABLE (42352) - Vousten Sports","og_description":"D\u00c9TAILS DU PRODUIT Pantalon en coton Panama biologique. Teint en pi\u00e8ce avec le traitement \u00ab OLD \u00bb, un proc\u00e9d\u00e9 de teinture exclusif suivi d&rsquo;un d\u00e9lavage sur le v\u00eatement fini pour un aspect l\u00e9g\u00e8rement us\u00e9 et textur\u00e9. STYLE Poches lat\u00e9rales en biais. Poches plaqu\u00e9es arri\u00e8re avec bouton-pression et double poche utilitaire int\u00e9gr\u00e9e. Logo Stone Island sur [...]","og_url":"https:\/\/www.voustensports.com\/fr\/stone-island-pantalon-coupe-classique-sable-42352\/","og_site_name":"Vousten Sports","article_modified_time":"2026-04-14T06:30:05+00:00","og_image":[{"width":1365,"height":2048,"url":"https:\/\/www.voustensports.com\/wp-content\/uploads\/2023\/06\/REGULAR-FIT-BROEK-ZAND-423521.jpg","type":"image\/jpeg"}],"twitter_card":"summary_large_image","schema":{"@context":"https:\/\/schema.org","@graph":[{"@type":"WebPage","@id":"https:\/\/www.voustensports.com\/fr\/stone-island-pantalon-coupe-classique-sable-42352\/","url":"https:\/\/www.voustensports.com\/fr\/stone-island-pantalon-coupe-classique-sable-42352\/","name":"STONE ISLAND - PANTALON COUPE CLASSIQUE SABLE (42352) - Vousten Sports","isPartOf":{"@id":"https:\/\/www.voustensports.com\/nl\/#website"},"primaryImageOfPage":{"@id":"https:\/\/www.voustensports.com\/fr\/stone-island-pantalon-coupe-classique-sable-42352\/#primaryimage"},"image":{"@id":"https:\/\/www.voustensports.com\/fr\/stone-island-pantalon-coupe-classique-sable-42352\/#primaryimage"},"thumbnailUrl":"https:\/\/www.voustensports.com\/wp-content\/uploads\/2023\/06\/REGULAR-FIT-BROEK-ZAND-423521.jpg","datePublished":"2026-01-24T20:33:08+00:00","dateModified":"2026-04-14T06:30:05+00:00","breadcrumb":{"@id":"https:\/\/www.voustensports.com\/fr\/stone-island-pantalon-coupe-classique-sable-42352\/#breadcrumb"},"inLanguage":"fr-FR","potentialAction":[{"@type":"ReadAction","target":["https:\/\/www.voustensports.com\/fr\/stone-island-pantalon-coupe-classique-sable-42352\/"]}]},{"@type":"ImageObject","inLanguage":"fr-FR","@id":"https:\/\/www.voustensports.com\/fr\/stone-island-pantalon-coupe-classique-sable-42352\/#primaryimage","url":"https:\/\/www.voustensports.com\/wp-content\/uploads\/2023\/06\/REGULAR-FIT-BROEK-ZAND-423521.jpg","contentUrl":"https:\/\/www.voustensports.com\/wp-content\/uploads\/2023\/06\/REGULAR-FIT-BROEK-ZAND-423521.jpg","width":1365,"height":2048},{"@type":"BreadcrumbList","@id":"https:\/\/www.voustensports.com\/fr\/stone-island-pantalon-coupe-classique-sable-42352\/#breadcrumb","itemListElement":[{"@type":"ListItem","position":1,"name":"Home","item":"https:\/\/www.voustensports.com\/fr\/"},{"@type":"ListItem","position":2,"name":"Boutique","item":"https:\/\/www.voustensports.com\/fr\/shop\/"},{"@type":"ListItem","position":3,"name":"STONE ISLAND &#8211; PANTALON COUPE CLASSIQUE SABLE (42352)"}]},{"@type":"WebSite","@id":"https:\/\/www.voustensports.com\/nl\/#website","url":"https:\/\/www.voustensports.com\/nl\/","name":"Vousten Sports","description":"","potentialAction":[{"@type":"SearchAction","target":{"@type":"EntryPoint","urlTemplate":"https:\/\/www.voustensports.com\/nl\/?s={search_term_string}"},"query-input":{"@type":"PropertyValueSpecification","valueRequired":true,"valueName":"search_term_string"}}],"inLanguage":"fr-FR"}]}},"_links":{"self":[{"href":"https:\/\/www.voustensports.com\/fr\/wp-json\/wp\/v2\/product\/218678","targetHints":{"allow":["GET"]}}],"collection":[{"href":"https:\/\/www.voustensports.com\/fr\/wp-json\/wp\/v2\/product"}],"about":[{"href":"https:\/\/www.voustensports.com\/fr\/wp-json\/wp\/v2\/types\/product"}],"replies":[{"embeddable":true,"href":"https:\/\/www.voustensports.com\/fr\/wp-json\/wp\/v2\/comments?post=218678"}],"wp:featuredmedia":[{"embeddable":true,"href":"https:\/\/www.voustensports.com\/fr\/wp-json\/wp\/v2\/media\/218666"}],"wp:attachment":[{"href":"https:\/\/www.voustensports.com\/fr\/wp-json\/wp\/v2\/media?parent=218678"}],"wp:term":[{"taxonomy":"product_cat","embeddable":true,"href":"https:\/\/www.voustensports.com\/fr\/wp-json\/wp\/v2\/product_cat?post=218678"},{"taxonomy":"product_tag","embeddable":true,"href":"https:\/\/www.voustensports.com\/fr\/wp-json\/wp\/v2\/product_tag?post=218678"}],"curies":[{"name":"wp","href":"https:\/\/api.w.org\/{rel}","templated":true}]}}