{"id":218646,"date":"2026-01-24T19:54:08","date_gmt":"2026-01-24T18:54:08","guid":{"rendered":"https:\/\/www.voustensports.com\/stone-island-pull-zippe-cotele-bleu-marine-42343\/"},"modified":"2026-04-14T07:42:08","modified_gmt":"2026-04-14T05:42:08","slug":"stone-island-pull-zippe-cotele-bleu-marine-42343","status":"publish","type":"product","link":"https:\/\/www.voustensports.com\/fr\/stone-island-pull-zippe-cotele-bleu-marine-42343\/","title":{"rendered":"STONE ISLAND &#8211; PULL ZIPP\u00c9 C\u00d4TEL\u00c9 BLEU MARINE (42343)"},"content":{"rendered":"<div>D\u00c9TAILS DU PRODUIT<\/div>\n<div>Pull zipp\u00e9 en maille c\u00f4tel\u00e9e de coton biologique doux. Jauge 12.<\/div>\n<div><\/div>\n<div>STYLE<\/div>\n<ul>\n<li>Col montant c\u00f4tel\u00e9.<\/li>\n<li>Empi\u00e8cements triangulaires \u00e0 surpiq\u00fbres invers\u00e9es et fines c\u00f4tes aux \u00e9paules.<\/li>\n<li>\u00c9cusson Stone Island sur la manche gauche.<\/li>\n<li>Poignets et ourlet c\u00f4tel\u00e9s.<\/li>\n<li>Fermeture zipp\u00e9e \u00e0 double sens.<\/li>\n<li>Coupe classique.<\/li>\n<\/ul>\n<div>COMPOSITION<\/div>\n<ul>\n<li>100 % coton<\/li>\n<li>R\u00e9f\u00e9rence Stone Island : L1S155100126S00D8V0020<\/li>\n<li>R\u00e9f\u00e9rence : 42343<\/li>\n<\/ul>\n","protected":false},"excerpt":{"rendered":"<p>D\u00c9TAILS DU PRODUIT Pull zipp\u00e9 en maille c\u00f4tel\u00e9e de coton biologique doux. Jauge 12. STYLE Col montant c\u00f4tel\u00e9. Empi\u00e8cements triangulaires \u00e0 surpiq\u00fbres invers\u00e9es et fines c\u00f4tes aux \u00e9paules. \u00c9cusson Stone Island sur la manche gauche. Poignets et ourlet c\u00f4tel\u00e9s. Fermeture zipp\u00e9e \u00e0 double sens. Coupe classique. COMPOSITION 100 % coton R\u00e9f\u00e9rence Stone Island : L1S155100126S00D8V0020 [&#8230;]\n","protected":false},"featured_media":218634,"comment_status":"open","ping_status":"closed","template":"","meta":{"rank_math_lock_modified_date":false},"product_cat":[446,450,462,482,538,677,694],"product_tag":[],"class_list":{"0":"post-218646","1":"product","2":"type-product","3":"status-publish","4":"has-post-thumbnail","6":"product_cat-kleding-fr","7":"product_cat-heren-fr","8":"product_cat-vousten-sports-fr-2","9":"product_cat-stone-island-fr-2","10":"product_cat-knitwear-fr","11":"product_cat-gilets-fr","12":"product_cat-truien-vesten-fr-2","14":"first","15":"instock","16":"taxable","17":"shipping-taxable","18":"purchasable","19":"product-type-variable"},"acf":[],"yoast_head":"<!-- This site is optimized with the Yoast SEO plugin v23.9 - https:\/\/yoast.com\/wordpress\/plugins\/seo\/ -->\n<title>STONE ISLAND - PULL ZIPP\u00c9 C\u00d4TEL\u00c9 BLEU MARINE (42343) - Vousten Sports<\/title>\n<meta name=\"robots\" content=\"index, follow, max-snippet:-1, max-image-preview:large, max-video-preview:-1\" \/>\n<link rel=\"canonical\" href=\"https:\/\/www.voustensports.com\/fr\/stone-island-pull-zippe-cotele-bleu-marine-42343\/\" \/>\n<meta property=\"og:locale\" content=\"fr_FR\" \/>\n<meta property=\"og:type\" content=\"article\" \/>\n<meta property=\"og:title\" content=\"STONE ISLAND - PULL ZIPP\u00c9 C\u00d4TEL\u00c9 BLEU MARINE (42343) - Vousten Sports\" \/>\n<meta property=\"og:description\" content=\"D\u00c9TAILS DU PRODUIT Pull zipp\u00e9 en maille c\u00f4tel\u00e9e de coton biologique doux. Jauge 12. STYLE Col montant c\u00f4tel\u00e9. Empi\u00e8cements triangulaires \u00e0 surpiq\u00fbres invers\u00e9es et fines c\u00f4tes aux \u00e9paules. \u00c9cusson Stone Island sur la manche gauche. Poignets et ourlet c\u00f4tel\u00e9s. Fermeture zipp\u00e9e \u00e0 double sens. Coupe classique. COMPOSITION 100 % coton R\u00e9f\u00e9rence Stone Island : L1S155100126S00D8V0020 [...]\" \/>\n<meta property=\"og:url\" content=\"https:\/\/www.voustensports.com\/fr\/stone-island-pull-zippe-cotele-bleu-marine-42343\/\" \/>\n<meta property=\"og:site_name\" content=\"Vousten Sports\" \/>\n<meta property=\"article:modified_time\" content=\"2026-04-14T05:42:08+00:00\" \/>\n<meta property=\"og:image\" content=\"https:\/\/www.voustensports.com\/wp-content\/uploads\/2023\/06\/RIBBED-ZIP-UP-JUMPER-NAVY-423431.jpg\" \/>\n\t<meta property=\"og:image:width\" content=\"1365\" \/>\n\t<meta property=\"og:image:height\" content=\"2048\" \/>\n\t<meta property=\"og:image:type\" content=\"image\/jpeg\" \/>\n<meta name=\"twitter:card\" content=\"summary_large_image\" \/>\n<script type=\"application\/ld+json\" class=\"yoast-schema-graph\">{\"@context\":\"https:\/\/schema.org\",\"@graph\":[{\"@type\":\"WebPage\",\"@id\":\"https:\/\/www.voustensports.com\/fr\/stone-island-pull-zippe-cotele-bleu-marine-42343\/\",\"url\":\"https:\/\/www.voustensports.com\/fr\/stone-island-pull-zippe-cotele-bleu-marine-42343\/\",\"name\":\"STONE ISLAND - PULL ZIPP\u00c9 C\u00d4TEL\u00c9 BLEU MARINE (42343) - Vousten Sports\",\"isPartOf\":{\"@id\":\"https:\/\/www.voustensports.com\/nl\/#website\"},\"primaryImageOfPage\":{\"@id\":\"https:\/\/www.voustensports.com\/fr\/stone-island-pull-zippe-cotele-bleu-marine-42343\/#primaryimage\"},\"image\":{\"@id\":\"https:\/\/www.voustensports.com\/fr\/stone-island-pull-zippe-cotele-bleu-marine-42343\/#primaryimage\"},\"thumbnailUrl\":\"https:\/\/www.voustensports.com\/wp-content\/uploads\/2023\/06\/RIBBED-ZIP-UP-JUMPER-NAVY-423431.jpg\",\"datePublished\":\"2026-01-24T18:54:08+00:00\",\"dateModified\":\"2026-04-14T05:42:08+00:00\",\"breadcrumb\":{\"@id\":\"https:\/\/www.voustensports.com\/fr\/stone-island-pull-zippe-cotele-bleu-marine-42343\/#breadcrumb\"},\"inLanguage\":\"fr-FR\",\"potentialAction\":[{\"@type\":\"ReadAction\",\"target\":[\"https:\/\/www.voustensports.com\/fr\/stone-island-pull-zippe-cotele-bleu-marine-42343\/\"]}]},{\"@type\":\"ImageObject\",\"inLanguage\":\"fr-FR\",\"@id\":\"https:\/\/www.voustensports.com\/fr\/stone-island-pull-zippe-cotele-bleu-marine-42343\/#primaryimage\",\"url\":\"https:\/\/www.voustensports.com\/wp-content\/uploads\/2023\/06\/RIBBED-ZIP-UP-JUMPER-NAVY-423431.jpg\",\"contentUrl\":\"https:\/\/www.voustensports.com\/wp-content\/uploads\/2023\/06\/RIBBED-ZIP-UP-JUMPER-NAVY-423431.jpg\",\"width\":1365,\"height\":2048},{\"@type\":\"BreadcrumbList\",\"@id\":\"https:\/\/www.voustensports.com\/fr\/stone-island-pull-zippe-cotele-bleu-marine-42343\/#breadcrumb\",\"itemListElement\":[{\"@type\":\"ListItem\",\"position\":1,\"name\":\"Home\",\"item\":\"https:\/\/www.voustensports.com\/fr\/\"},{\"@type\":\"ListItem\",\"position\":2,\"name\":\"Boutique\",\"item\":\"https:\/\/www.voustensports.com\/fr\/shop\/\"},{\"@type\":\"ListItem\",\"position\":3,\"name\":\"STONE ISLAND &#8211; PULL ZIPP\u00c9 C\u00d4TEL\u00c9 BLEU MARINE (42343)\"}]},{\"@type\":\"WebSite\",\"@id\":\"https:\/\/www.voustensports.com\/nl\/#website\",\"url\":\"https:\/\/www.voustensports.com\/nl\/\",\"name\":\"Vousten Sports\",\"description\":\"\",\"potentialAction\":[{\"@type\":\"SearchAction\",\"target\":{\"@type\":\"EntryPoint\",\"urlTemplate\":\"https:\/\/www.voustensports.com\/nl\/?s={search_term_string}\"},\"query-input\":{\"@type\":\"PropertyValueSpecification\",\"valueRequired\":true,\"valueName\":\"search_term_string\"}}],\"inLanguage\":\"fr-FR\"}]}<\/script>\n<!-- \/ Yoast SEO plugin. -->","yoast_head_json":{"title":"STONE ISLAND - PULL ZIPP\u00c9 C\u00d4TEL\u00c9 BLEU MARINE (42343) - Vousten Sports","robots":{"index":"index","follow":"follow","max-snippet":"max-snippet:-1","max-image-preview":"max-image-preview:large","max-video-preview":"max-video-preview:-1"},"canonical":"https:\/\/www.voustensports.com\/fr\/stone-island-pull-zippe-cotele-bleu-marine-42343\/","og_locale":"fr_FR","og_type":"article","og_title":"STONE ISLAND - PULL ZIPP\u00c9 C\u00d4TEL\u00c9 BLEU MARINE (42343) - Vousten Sports","og_description":"D\u00c9TAILS DU PRODUIT Pull zipp\u00e9 en maille c\u00f4tel\u00e9e de coton biologique doux. Jauge 12. STYLE Col montant c\u00f4tel\u00e9. Empi\u00e8cements triangulaires \u00e0 surpiq\u00fbres invers\u00e9es et fines c\u00f4tes aux \u00e9paules. \u00c9cusson Stone Island sur la manche gauche. Poignets et ourlet c\u00f4tel\u00e9s. Fermeture zipp\u00e9e \u00e0 double sens. Coupe classique. COMPOSITION 100 % coton R\u00e9f\u00e9rence Stone Island : L1S155100126S00D8V0020 [...]","og_url":"https:\/\/www.voustensports.com\/fr\/stone-island-pull-zippe-cotele-bleu-marine-42343\/","og_site_name":"Vousten Sports","article_modified_time":"2026-04-14T05:42:08+00:00","og_image":[{"width":1365,"height":2048,"url":"https:\/\/www.voustensports.com\/wp-content\/uploads\/2023\/06\/RIBBED-ZIP-UP-JUMPER-NAVY-423431.jpg","type":"image\/jpeg"}],"twitter_card":"summary_large_image","schema":{"@context":"https:\/\/schema.org","@graph":[{"@type":"WebPage","@id":"https:\/\/www.voustensports.com\/fr\/stone-island-pull-zippe-cotele-bleu-marine-42343\/","url":"https:\/\/www.voustensports.com\/fr\/stone-island-pull-zippe-cotele-bleu-marine-42343\/","name":"STONE ISLAND - PULL ZIPP\u00c9 C\u00d4TEL\u00c9 BLEU MARINE (42343) - Vousten Sports","isPartOf":{"@id":"https:\/\/www.voustensports.com\/nl\/#website"},"primaryImageOfPage":{"@id":"https:\/\/www.voustensports.com\/fr\/stone-island-pull-zippe-cotele-bleu-marine-42343\/#primaryimage"},"image":{"@id":"https:\/\/www.voustensports.com\/fr\/stone-island-pull-zippe-cotele-bleu-marine-42343\/#primaryimage"},"thumbnailUrl":"https:\/\/www.voustensports.com\/wp-content\/uploads\/2023\/06\/RIBBED-ZIP-UP-JUMPER-NAVY-423431.jpg","datePublished":"2026-01-24T18:54:08+00:00","dateModified":"2026-04-14T05:42:08+00:00","breadcrumb":{"@id":"https:\/\/www.voustensports.com\/fr\/stone-island-pull-zippe-cotele-bleu-marine-42343\/#breadcrumb"},"inLanguage":"fr-FR","potentialAction":[{"@type":"ReadAction","target":["https:\/\/www.voustensports.com\/fr\/stone-island-pull-zippe-cotele-bleu-marine-42343\/"]}]},{"@type":"ImageObject","inLanguage":"fr-FR","@id":"https:\/\/www.voustensports.com\/fr\/stone-island-pull-zippe-cotele-bleu-marine-42343\/#primaryimage","url":"https:\/\/www.voustensports.com\/wp-content\/uploads\/2023\/06\/RIBBED-ZIP-UP-JUMPER-NAVY-423431.jpg","contentUrl":"https:\/\/www.voustensports.com\/wp-content\/uploads\/2023\/06\/RIBBED-ZIP-UP-JUMPER-NAVY-423431.jpg","width":1365,"height":2048},{"@type":"BreadcrumbList","@id":"https:\/\/www.voustensports.com\/fr\/stone-island-pull-zippe-cotele-bleu-marine-42343\/#breadcrumb","itemListElement":[{"@type":"ListItem","position":1,"name":"Home","item":"https:\/\/www.voustensports.com\/fr\/"},{"@type":"ListItem","position":2,"name":"Boutique","item":"https:\/\/www.voustensports.com\/fr\/shop\/"},{"@type":"ListItem","position":3,"name":"STONE ISLAND &#8211; PULL ZIPP\u00c9 C\u00d4TEL\u00c9 BLEU MARINE (42343)"}]},{"@type":"WebSite","@id":"https:\/\/www.voustensports.com\/nl\/#website","url":"https:\/\/www.voustensports.com\/nl\/","name":"Vousten Sports","description":"","potentialAction":[{"@type":"SearchAction","target":{"@type":"EntryPoint","urlTemplate":"https:\/\/www.voustensports.com\/nl\/?s={search_term_string}"},"query-input":{"@type":"PropertyValueSpecification","valueRequired":true,"valueName":"search_term_string"}}],"inLanguage":"fr-FR"}]}},"_links":{"self":[{"href":"https:\/\/www.voustensports.com\/fr\/wp-json\/wp\/v2\/product\/218646","targetHints":{"allow":["GET"]}}],"collection":[{"href":"https:\/\/www.voustensports.com\/fr\/wp-json\/wp\/v2\/product"}],"about":[{"href":"https:\/\/www.voustensports.com\/fr\/wp-json\/wp\/v2\/types\/product"}],"replies":[{"embeddable":true,"href":"https:\/\/www.voustensports.com\/fr\/wp-json\/wp\/v2\/comments?post=218646"}],"wp:featuredmedia":[{"embeddable":true,"href":"https:\/\/www.voustensports.com\/fr\/wp-json\/wp\/v2\/media\/218634"}],"wp:attachment":[{"href":"https:\/\/www.voustensports.com\/fr\/wp-json\/wp\/v2\/media?parent=218646"}],"wp:term":[{"taxonomy":"product_cat","embeddable":true,"href":"https:\/\/www.voustensports.com\/fr\/wp-json\/wp\/v2\/product_cat?post=218646"},{"taxonomy":"product_tag","embeddable":true,"href":"https:\/\/www.voustensports.com\/fr\/wp-json\/wp\/v2\/product_tag?post=218646"}],"curies":[{"name":"wp","href":"https:\/\/api.w.org\/{rel}","templated":true}]}}