{"id":218515,"date":"2026-01-23T22:00:09","date_gmt":"2026-01-23T21:00:09","guid":{"rendered":"https:\/\/www.voustensports.com\/stone-island-bodywarder-bleu-marine-42344\/"},"modified":"2026-04-14T08:00:06","modified_gmt":"2026-04-14T06:00:06","slug":"stone-island-bodywarder-bleu-marine-42344","status":"publish","type":"product","link":"https:\/\/www.voustensports.com\/fr\/stone-island-bodywarder-bleu-marine-42344\/","title":{"rendered":"STONE ISLAND &#8211; BODYWARDER BLEU MARINE (42344)"},"content":{"rendered":"<div>D\u00c9TAILS DU PRODUIT<\/div>\n<div>Gilet sans manches en duvet, confectionn\u00e9 dans un tissu stretch l\u00e9ger monocouche compos\u00e9 \u00e0 86 % de nylon recycl\u00e9. Ce tissu b\u00e9n\u00e9ficie d&rsquo;une technique de tissage sp\u00e9ciale qui cr\u00e9e automatiquement les compartiments \u00e0 plumes directement sur le m\u00e9tier \u00e0 tisser. Les tunnels \u00e0 plumes sans couture optimisent le maintien du duvet. Le v\u00eatement fini est garni de plumes inject\u00e9es directement avec les plumes les plus fines, trait\u00e9es sp\u00e9cifiquement pour r\u00e9sister \u00e0 la teinture. Teint en pi\u00e8ce avec ajout d&rsquo;un agent d\u00e9perlant. Certifi\u00e9 RDS (Responsible Down Standard).<\/div>\n<div><\/div>\n<div>STYLE<\/div>\n<ul>\n<li>Col montant rembourr\u00e9.<\/li>\n<li>Poches verticales poitrine et mains avec fermeture \u00e9clair invisible et tirettes \u00e0 cordon.<\/li>\n<li>Empi\u00e8cement dos et panneaux lat\u00e9raux unis.<\/li>\n<li>Bande de propret\u00e9 \u00e9lastiqu\u00e9e aux emmanchures.<\/li>\n<li>\u00c9cusson Stone Island en bas \u00e0 gauche.<\/li>\n<li>Cordon de serrage \u00e9lastique avec stoppeurs \u00e0 l&rsquo;ourlet.<\/li>\n<li>Fermeture \u00e9clair double curseur dissimul\u00e9e avec un bouton-pression \u00e0 la poitrine.<\/li>\n<\/ul>\n<div>COMPOSITION<\/div>\n<ul>\n<li>Tissu ext\u00e9rieur : 86 % polyamide \/ nylon, 14 % \u00e9lasthanne<\/li>\n<li>Col : 85 % polyamide \/ nylon, 15 % \u00e9lasthanne<\/li>\n<li>Doublure : 86 % polyamide \/ nylon, 14 % \u00e9lasthanne<\/li>\n<li>Garnissage : Duvet de canard (minimum 90 % duvet), 90 % duvet de canard, 10 % plumes de canard<\/li>\n<li>Contient des parties non textiles d&rsquo;origine animale<\/li>\n<li>R\u00e9f\u00e9rence Stone Island : L1S15G100007S0183<\/li>\n<li>N\u00b0 d&rsquo;identification : 42344<\/li>\n<\/ul>\n","protected":false},"excerpt":{"rendered":"<p>D\u00c9TAILS DU PRODUIT Gilet sans manches en duvet, confectionn\u00e9 dans un tissu stretch l\u00e9ger monocouche compos\u00e9 \u00e0 86 % de nylon recycl\u00e9. Ce tissu b\u00e9n\u00e9ficie d&rsquo;une technique de tissage sp\u00e9ciale qui cr\u00e9e automatiquement les compartiments \u00e0 plumes directement sur le m\u00e9tier \u00e0 tisser. Les tunnels \u00e0 plumes sans couture optimisent le maintien du duvet. Le [&#8230;]\n","protected":false},"featured_media":218507,"comment_status":"open","ping_status":"closed","template":"","meta":{"rank_math_lock_modified_date":false},"product_cat":[446,450,462,482,542,701,705,822],"product_tag":[],"class_list":{"0":"post-218515","1":"product","2":"type-product","3":"status-publish","4":"has-post-thumbnail","6":"product_cat-kleding-fr","7":"product_cat-heren-fr","8":"product_cat-vousten-sports-fr-2","9":"product_cat-stone-island-fr-2","10":"product_cat-jassen-fr","11":"product_cat-jackets-fr","12":"product_cat-jassen-jacks-fr","13":"product_cat-bodywarmer-fr","15":"first","16":"instock","17":"taxable","18":"shipping-taxable","19":"purchasable","20":"product-type-variable"},"acf":[],"yoast_head":"<!-- This site is optimized with the Yoast SEO plugin v23.9 - https:\/\/yoast.com\/wordpress\/plugins\/seo\/ -->\n<title>STONE ISLAND - BODYWARDER BLEU MARINE (42344) - Vousten Sports<\/title>\n<meta name=\"robots\" content=\"index, follow, max-snippet:-1, max-image-preview:large, max-video-preview:-1\" \/>\n<link rel=\"canonical\" href=\"https:\/\/www.voustensports.com\/fr\/stone-island-bodywarder-bleu-marine-42344\/\" \/>\n<meta property=\"og:locale\" content=\"fr_FR\" \/>\n<meta property=\"og:type\" content=\"article\" \/>\n<meta property=\"og:title\" content=\"STONE ISLAND - BODYWARDER BLEU MARINE (42344) - Vousten Sports\" \/>\n<meta property=\"og:description\" content=\"D\u00c9TAILS DU PRODUIT Gilet sans manches en duvet, confectionn\u00e9 dans un tissu stretch l\u00e9ger monocouche compos\u00e9 \u00e0 86 % de nylon recycl\u00e9. Ce tissu b\u00e9n\u00e9ficie d&rsquo;une technique de tissage sp\u00e9ciale qui cr\u00e9e automatiquement les compartiments \u00e0 plumes directement sur le m\u00e9tier \u00e0 tisser. Les tunnels \u00e0 plumes sans couture optimisent le maintien du duvet. Le [...]\" \/>\n<meta property=\"og:url\" content=\"https:\/\/www.voustensports.com\/fr\/stone-island-bodywarder-bleu-marine-42344\/\" \/>\n<meta property=\"og:site_name\" content=\"Vousten Sports\" \/>\n<meta property=\"article:modified_time\" content=\"2026-04-14T06:00:06+00:00\" \/>\n<meta property=\"og:image\" content=\"https:\/\/www.voustensports.com\/wp-content\/uploads\/2023\/06\/BODYWARMER-NAVY-423441.jpg\" \/>\n\t<meta property=\"og:image:width\" content=\"1365\" \/>\n\t<meta property=\"og:image:height\" content=\"2048\" \/>\n\t<meta property=\"og:image:type\" content=\"image\/jpeg\" \/>\n<meta name=\"twitter:card\" content=\"summary_large_image\" \/>\n<meta name=\"twitter:label1\" content=\"Est. reading time\" \/>\n\t<meta name=\"twitter:data1\" content=\"1 minute\" \/>\n<script type=\"application\/ld+json\" class=\"yoast-schema-graph\">{\"@context\":\"https:\/\/schema.org\",\"@graph\":[{\"@type\":\"WebPage\",\"@id\":\"https:\/\/www.voustensports.com\/fr\/stone-island-bodywarder-bleu-marine-42344\/\",\"url\":\"https:\/\/www.voustensports.com\/fr\/stone-island-bodywarder-bleu-marine-42344\/\",\"name\":\"STONE ISLAND - BODYWARDER BLEU MARINE (42344) - Vousten Sports\",\"isPartOf\":{\"@id\":\"https:\/\/www.voustensports.com\/nl\/#website\"},\"primaryImageOfPage\":{\"@id\":\"https:\/\/www.voustensports.com\/fr\/stone-island-bodywarder-bleu-marine-42344\/#primaryimage\"},\"image\":{\"@id\":\"https:\/\/www.voustensports.com\/fr\/stone-island-bodywarder-bleu-marine-42344\/#primaryimage\"},\"thumbnailUrl\":\"https:\/\/www.voustensports.com\/wp-content\/uploads\/2023\/06\/BODYWARMER-NAVY-423441.jpg\",\"datePublished\":\"2026-01-23T21:00:09+00:00\",\"dateModified\":\"2026-04-14T06:00:06+00:00\",\"breadcrumb\":{\"@id\":\"https:\/\/www.voustensports.com\/fr\/stone-island-bodywarder-bleu-marine-42344\/#breadcrumb\"},\"inLanguage\":\"fr-FR\",\"potentialAction\":[{\"@type\":\"ReadAction\",\"target\":[\"https:\/\/www.voustensports.com\/fr\/stone-island-bodywarder-bleu-marine-42344\/\"]}]},{\"@type\":\"ImageObject\",\"inLanguage\":\"fr-FR\",\"@id\":\"https:\/\/www.voustensports.com\/fr\/stone-island-bodywarder-bleu-marine-42344\/#primaryimage\",\"url\":\"https:\/\/www.voustensports.com\/wp-content\/uploads\/2023\/06\/BODYWARMER-NAVY-423441.jpg\",\"contentUrl\":\"https:\/\/www.voustensports.com\/wp-content\/uploads\/2023\/06\/BODYWARMER-NAVY-423441.jpg\",\"width\":1365,\"height\":2048},{\"@type\":\"BreadcrumbList\",\"@id\":\"https:\/\/www.voustensports.com\/fr\/stone-island-bodywarder-bleu-marine-42344\/#breadcrumb\",\"itemListElement\":[{\"@type\":\"ListItem\",\"position\":1,\"name\":\"Home\",\"item\":\"https:\/\/www.voustensports.com\/fr\/\"},{\"@type\":\"ListItem\",\"position\":2,\"name\":\"Boutique\",\"item\":\"https:\/\/www.voustensports.com\/fr\/shop\/\"},{\"@type\":\"ListItem\",\"position\":3,\"name\":\"STONE ISLAND &#8211; BODYWARDER BLEU MARINE (42344)\"}]},{\"@type\":\"WebSite\",\"@id\":\"https:\/\/www.voustensports.com\/nl\/#website\",\"url\":\"https:\/\/www.voustensports.com\/nl\/\",\"name\":\"Vousten Sports\",\"description\":\"\",\"potentialAction\":[{\"@type\":\"SearchAction\",\"target\":{\"@type\":\"EntryPoint\",\"urlTemplate\":\"https:\/\/www.voustensports.com\/nl\/?s={search_term_string}\"},\"query-input\":{\"@type\":\"PropertyValueSpecification\",\"valueRequired\":true,\"valueName\":\"search_term_string\"}}],\"inLanguage\":\"fr-FR\"}]}<\/script>\n<!-- \/ Yoast SEO plugin. -->","yoast_head_json":{"title":"STONE ISLAND - BODYWARDER BLEU MARINE (42344) - Vousten Sports","robots":{"index":"index","follow":"follow","max-snippet":"max-snippet:-1","max-image-preview":"max-image-preview:large","max-video-preview":"max-video-preview:-1"},"canonical":"https:\/\/www.voustensports.com\/fr\/stone-island-bodywarder-bleu-marine-42344\/","og_locale":"fr_FR","og_type":"article","og_title":"STONE ISLAND - BODYWARDER BLEU MARINE (42344) - Vousten Sports","og_description":"D\u00c9TAILS DU PRODUIT Gilet sans manches en duvet, confectionn\u00e9 dans un tissu stretch l\u00e9ger monocouche compos\u00e9 \u00e0 86 % de nylon recycl\u00e9. Ce tissu b\u00e9n\u00e9ficie d&rsquo;une technique de tissage sp\u00e9ciale qui cr\u00e9e automatiquement les compartiments \u00e0 plumes directement sur le m\u00e9tier \u00e0 tisser. Les tunnels \u00e0 plumes sans couture optimisent le maintien du duvet. Le [...]","og_url":"https:\/\/www.voustensports.com\/fr\/stone-island-bodywarder-bleu-marine-42344\/","og_site_name":"Vousten Sports","article_modified_time":"2026-04-14T06:00:06+00:00","og_image":[{"width":1365,"height":2048,"url":"https:\/\/www.voustensports.com\/wp-content\/uploads\/2023\/06\/BODYWARMER-NAVY-423441.jpg","type":"image\/jpeg"}],"twitter_card":"summary_large_image","twitter_misc":{"Est. reading time":"1 minute"},"schema":{"@context":"https:\/\/schema.org","@graph":[{"@type":"WebPage","@id":"https:\/\/www.voustensports.com\/fr\/stone-island-bodywarder-bleu-marine-42344\/","url":"https:\/\/www.voustensports.com\/fr\/stone-island-bodywarder-bleu-marine-42344\/","name":"STONE ISLAND - BODYWARDER BLEU MARINE (42344) - Vousten Sports","isPartOf":{"@id":"https:\/\/www.voustensports.com\/nl\/#website"},"primaryImageOfPage":{"@id":"https:\/\/www.voustensports.com\/fr\/stone-island-bodywarder-bleu-marine-42344\/#primaryimage"},"image":{"@id":"https:\/\/www.voustensports.com\/fr\/stone-island-bodywarder-bleu-marine-42344\/#primaryimage"},"thumbnailUrl":"https:\/\/www.voustensports.com\/wp-content\/uploads\/2023\/06\/BODYWARMER-NAVY-423441.jpg","datePublished":"2026-01-23T21:00:09+00:00","dateModified":"2026-04-14T06:00:06+00:00","breadcrumb":{"@id":"https:\/\/www.voustensports.com\/fr\/stone-island-bodywarder-bleu-marine-42344\/#breadcrumb"},"inLanguage":"fr-FR","potentialAction":[{"@type":"ReadAction","target":["https:\/\/www.voustensports.com\/fr\/stone-island-bodywarder-bleu-marine-42344\/"]}]},{"@type":"ImageObject","inLanguage":"fr-FR","@id":"https:\/\/www.voustensports.com\/fr\/stone-island-bodywarder-bleu-marine-42344\/#primaryimage","url":"https:\/\/www.voustensports.com\/wp-content\/uploads\/2023\/06\/BODYWARMER-NAVY-423441.jpg","contentUrl":"https:\/\/www.voustensports.com\/wp-content\/uploads\/2023\/06\/BODYWARMER-NAVY-423441.jpg","width":1365,"height":2048},{"@type":"BreadcrumbList","@id":"https:\/\/www.voustensports.com\/fr\/stone-island-bodywarder-bleu-marine-42344\/#breadcrumb","itemListElement":[{"@type":"ListItem","position":1,"name":"Home","item":"https:\/\/www.voustensports.com\/fr\/"},{"@type":"ListItem","position":2,"name":"Boutique","item":"https:\/\/www.voustensports.com\/fr\/shop\/"},{"@type":"ListItem","position":3,"name":"STONE ISLAND &#8211; BODYWARDER BLEU MARINE (42344)"}]},{"@type":"WebSite","@id":"https:\/\/www.voustensports.com\/nl\/#website","url":"https:\/\/www.voustensports.com\/nl\/","name":"Vousten Sports","description":"","potentialAction":[{"@type":"SearchAction","target":{"@type":"EntryPoint","urlTemplate":"https:\/\/www.voustensports.com\/nl\/?s={search_term_string}"},"query-input":{"@type":"PropertyValueSpecification","valueRequired":true,"valueName":"search_term_string"}}],"inLanguage":"fr-FR"}]}},"_links":{"self":[{"href":"https:\/\/www.voustensports.com\/fr\/wp-json\/wp\/v2\/product\/218515","targetHints":{"allow":["GET"]}}],"collection":[{"href":"https:\/\/www.voustensports.com\/fr\/wp-json\/wp\/v2\/product"}],"about":[{"href":"https:\/\/www.voustensports.com\/fr\/wp-json\/wp\/v2\/types\/product"}],"replies":[{"embeddable":true,"href":"https:\/\/www.voustensports.com\/fr\/wp-json\/wp\/v2\/comments?post=218515"}],"wp:featuredmedia":[{"embeddable":true,"href":"https:\/\/www.voustensports.com\/fr\/wp-json\/wp\/v2\/media\/218507"}],"wp:attachment":[{"href":"https:\/\/www.voustensports.com\/fr\/wp-json\/wp\/v2\/media?parent=218515"}],"wp:term":[{"taxonomy":"product_cat","embeddable":true,"href":"https:\/\/www.voustensports.com\/fr\/wp-json\/wp\/v2\/product_cat?post=218515"},{"taxonomy":"product_tag","embeddable":true,"href":"https:\/\/www.voustensports.com\/fr\/wp-json\/wp\/v2\/product_tag?post=218515"}],"curies":[{"name":"wp","href":"https:\/\/api.w.org\/{rel}","templated":true}]}}