{"id":218370,"date":"2026-01-17T15:12:07","date_gmt":"2026-01-17T14:12:07","guid":{"rendered":"https:\/\/www.voustensports.com\/stone-island-polo-a-manches-longues-en-maille-cotelee-beige-42340\/"},"modified":"2026-02-05T15:57:51","modified_gmt":"2026-02-05T14:57:51","slug":"stone-island-polo-a-manches-longues-en-maille-cotelee-beige-42340","status":"publish","type":"product","link":"https:\/\/www.voustensports.com\/fr\/stone-island-polo-a-manches-longues-en-maille-cotelee-beige-42340\/","title":{"rendered":"STONE ISLAND &#8211; POLO \u00c0 MANCHES LONGUES EN MAILLE C\u00d4TEL\u00c9E BEIGE (42340)"},"content":{"rendered":"<div>D\u00c9TAILS DU PRODUIT<\/div>\n<div>Polo \u00e0 manches longues en maille de coton biologique doux \u00e0 micro-piq\u00fbres. Jauge 14.<\/div>\n<div><\/div>\n<div>\n<p>Le mannequin mesure 180 cm, p\u00e8se 80 kg et porte une taille M.<\/p>\n<\/div>\n<div><\/div>\n<div>STYLE<\/div>\n<ul>\n<li>Col c\u00f4tel\u00e9 avec fermeture \u00e0 deux boutons.<\/li>\n<li>Bandeau contrastant aux emmanchures.<\/li>\n<li>Coutures apparentes au dos des \u00e9paules.<\/li>\n<li>Manches raglan au dos.<\/li>\n<li>\u00c9cusson Stone Island sur la manche gauche.<\/li>\n<li>Poignets et ourlet c\u00f4tel\u00e9s.<\/li>\n<li>Coupe ample.<\/li>\n<\/ul>\n<div>COMPOSITION<\/div>\n<ul>\n<li>100 % coton<\/li>\n<li>Stone Island : 5100024 01B2009<\/li>\n<li>N\u00b0 d&rsquo;identification : 42340<\/li>\n<\/ul>\n","protected":false},"excerpt":{"rendered":"<p>D\u00c9TAILS DU PRODUIT Polo \u00e0 manches longues en maille de coton biologique doux \u00e0 micro-piq\u00fbres. Jauge 14. Le mannequin mesure 180 cm, p\u00e8se 80 kg et porte une taille M. STYLE Col c\u00f4tel\u00e9 avec fermeture \u00e0 deux boutons. Bandeau contrastant aux emmanchures. Coutures apparentes au dos des \u00e9paules. Manches raglan au dos. \u00c9cusson Stone Island [&#8230;]\n","protected":false},"featured_media":218358,"comment_status":"open","ping_status":"closed","template":"","meta":{"rank_math_lock_modified_date":false},"product_cat":[478,482,534,538,694,697,1122,446,450,462],"product_tag":[],"class_list":{"0":"post-218370","1":"product","2":"type-product","3":"status-publish","4":"has-post-thumbnail","6":"product_cat-polos-fr-2","7":"product_cat-stone-island-fr-2","8":"product_cat-truien-fr-2","9":"product_cat-knitwear-fr","10":"product_cat-truien-vesten-fr-2","11":"product_cat-sweaters-fr-2","12":"product_cat-longsleeve-fr","13":"product_cat-kleding-fr","14":"product_cat-heren-fr","15":"product_cat-vousten-sports-fr-2","17":"first","18":"instock","19":"taxable","20":"shipping-taxable","21":"purchasable","22":"product-type-variable"},"acf":[],"yoast_head":"<!-- This site is optimized with the Yoast SEO plugin v23.9 - https:\/\/yoast.com\/wordpress\/plugins\/seo\/ -->\n<title>STONE ISLAND - POLO \u00c0 MANCHES LONGUES EN MAILLE C\u00d4TEL\u00c9E BEIGE (42340) - Vousten Sports<\/title>\n<meta name=\"robots\" content=\"index, follow, max-snippet:-1, max-image-preview:large, max-video-preview:-1\" \/>\n<link rel=\"canonical\" href=\"https:\/\/www.voustensports.com\/fr\/stone-island-polo-a-manches-longues-en-maille-cotelee-beige-42340\/\" \/>\n<meta property=\"og:locale\" content=\"fr_FR\" \/>\n<meta property=\"og:type\" content=\"article\" \/>\n<meta property=\"og:title\" content=\"STONE ISLAND - POLO \u00c0 MANCHES LONGUES EN MAILLE C\u00d4TEL\u00c9E BEIGE (42340) - Vousten Sports\" \/>\n<meta property=\"og:description\" content=\"D\u00c9TAILS DU PRODUIT Polo \u00e0 manches longues en maille de coton biologique doux \u00e0 micro-piq\u00fbres. Jauge 14. Le mannequin mesure 180 cm, p\u00e8se 80 kg et porte une taille M. STYLE Col c\u00f4tel\u00e9 avec fermeture \u00e0 deux boutons. Bandeau contrastant aux emmanchures. Coutures apparentes au dos des \u00e9paules. Manches raglan au dos. \u00c9cusson Stone Island [...]\" \/>\n<meta property=\"og:url\" content=\"https:\/\/www.voustensports.com\/fr\/stone-island-polo-a-manches-longues-en-maille-cotelee-beige-42340\/\" \/>\n<meta property=\"og:site_name\" content=\"Vousten Sports\" \/>\n<meta property=\"article:modified_time\" content=\"2026-02-05T14:57:51+00:00\" \/>\n<meta property=\"og:image\" content=\"https:\/\/www.voustensports.com\/wp-content\/uploads\/2023\/06\/RIBBED-KNIT-LONG-SLEEVE-POLO-BEIGE-423401.jpg\" \/>\n\t<meta property=\"og:image:width\" content=\"1365\" \/>\n\t<meta property=\"og:image:height\" content=\"2048\" \/>\n\t<meta property=\"og:image:type\" content=\"image\/jpeg\" \/>\n<meta name=\"twitter:card\" content=\"summary_large_image\" \/>\n<script type=\"application\/ld+json\" class=\"yoast-schema-graph\">{\"@context\":\"https:\/\/schema.org\",\"@graph\":[{\"@type\":\"WebPage\",\"@id\":\"https:\/\/www.voustensports.com\/fr\/stone-island-polo-a-manches-longues-en-maille-cotelee-beige-42340\/\",\"url\":\"https:\/\/www.voustensports.com\/fr\/stone-island-polo-a-manches-longues-en-maille-cotelee-beige-42340\/\",\"name\":\"STONE ISLAND - POLO \u00c0 MANCHES LONGUES EN MAILLE C\u00d4TEL\u00c9E BEIGE (42340) - Vousten Sports\",\"isPartOf\":{\"@id\":\"https:\/\/www.voustensports.com\/nl\/#website\"},\"primaryImageOfPage\":{\"@id\":\"https:\/\/www.voustensports.com\/fr\/stone-island-polo-a-manches-longues-en-maille-cotelee-beige-42340\/#primaryimage\"},\"image\":{\"@id\":\"https:\/\/www.voustensports.com\/fr\/stone-island-polo-a-manches-longues-en-maille-cotelee-beige-42340\/#primaryimage\"},\"thumbnailUrl\":\"https:\/\/www.voustensports.com\/wp-content\/uploads\/2023\/06\/RIBBED-KNIT-LONG-SLEEVE-POLO-BEIGE-423401.jpg\",\"datePublished\":\"2026-01-17T14:12:07+00:00\",\"dateModified\":\"2026-02-05T14:57:51+00:00\",\"breadcrumb\":{\"@id\":\"https:\/\/www.voustensports.com\/fr\/stone-island-polo-a-manches-longues-en-maille-cotelee-beige-42340\/#breadcrumb\"},\"inLanguage\":\"fr-FR\",\"potentialAction\":[{\"@type\":\"ReadAction\",\"target\":[\"https:\/\/www.voustensports.com\/fr\/stone-island-polo-a-manches-longues-en-maille-cotelee-beige-42340\/\"]}]},{\"@type\":\"ImageObject\",\"inLanguage\":\"fr-FR\",\"@id\":\"https:\/\/www.voustensports.com\/fr\/stone-island-polo-a-manches-longues-en-maille-cotelee-beige-42340\/#primaryimage\",\"url\":\"https:\/\/www.voustensports.com\/wp-content\/uploads\/2023\/06\/RIBBED-KNIT-LONG-SLEEVE-POLO-BEIGE-423401.jpg\",\"contentUrl\":\"https:\/\/www.voustensports.com\/wp-content\/uploads\/2023\/06\/RIBBED-KNIT-LONG-SLEEVE-POLO-BEIGE-423401.jpg\",\"width\":1365,\"height\":2048},{\"@type\":\"BreadcrumbList\",\"@id\":\"https:\/\/www.voustensports.com\/fr\/stone-island-polo-a-manches-longues-en-maille-cotelee-beige-42340\/#breadcrumb\",\"itemListElement\":[{\"@type\":\"ListItem\",\"position\":1,\"name\":\"Home\",\"item\":\"https:\/\/www.voustensports.com\/fr\/\"},{\"@type\":\"ListItem\",\"position\":2,\"name\":\"Boutique\",\"item\":\"https:\/\/www.voustensports.com\/fr\/shop\/\"},{\"@type\":\"ListItem\",\"position\":3,\"name\":\"STONE ISLAND &#8211; POLO \u00c0 MANCHES LONGUES EN MAILLE C\u00d4TEL\u00c9E BEIGE (42340)\"}]},{\"@type\":\"WebSite\",\"@id\":\"https:\/\/www.voustensports.com\/nl\/#website\",\"url\":\"https:\/\/www.voustensports.com\/nl\/\",\"name\":\"Vousten Sports\",\"description\":\"\",\"potentialAction\":[{\"@type\":\"SearchAction\",\"target\":{\"@type\":\"EntryPoint\",\"urlTemplate\":\"https:\/\/www.voustensports.com\/nl\/?s={search_term_string}\"},\"query-input\":{\"@type\":\"PropertyValueSpecification\",\"valueRequired\":true,\"valueName\":\"search_term_string\"}}],\"inLanguage\":\"fr-FR\"}]}<\/script>\n<!-- \/ Yoast SEO plugin. -->","yoast_head_json":{"title":"STONE ISLAND - POLO \u00c0 MANCHES LONGUES EN MAILLE C\u00d4TEL\u00c9E BEIGE (42340) - Vousten Sports","robots":{"index":"index","follow":"follow","max-snippet":"max-snippet:-1","max-image-preview":"max-image-preview:large","max-video-preview":"max-video-preview:-1"},"canonical":"https:\/\/www.voustensports.com\/fr\/stone-island-polo-a-manches-longues-en-maille-cotelee-beige-42340\/","og_locale":"fr_FR","og_type":"article","og_title":"STONE ISLAND - POLO \u00c0 MANCHES LONGUES EN MAILLE C\u00d4TEL\u00c9E BEIGE (42340) - Vousten Sports","og_description":"D\u00c9TAILS DU PRODUIT Polo \u00e0 manches longues en maille de coton biologique doux \u00e0 micro-piq\u00fbres. Jauge 14. Le mannequin mesure 180 cm, p\u00e8se 80 kg et porte une taille M. STYLE Col c\u00f4tel\u00e9 avec fermeture \u00e0 deux boutons. Bandeau contrastant aux emmanchures. Coutures apparentes au dos des \u00e9paules. Manches raglan au dos. \u00c9cusson Stone Island [...]","og_url":"https:\/\/www.voustensports.com\/fr\/stone-island-polo-a-manches-longues-en-maille-cotelee-beige-42340\/","og_site_name":"Vousten Sports","article_modified_time":"2026-02-05T14:57:51+00:00","og_image":[{"width":1365,"height":2048,"url":"https:\/\/www.voustensports.com\/wp-content\/uploads\/2023\/06\/RIBBED-KNIT-LONG-SLEEVE-POLO-BEIGE-423401.jpg","type":"image\/jpeg"}],"twitter_card":"summary_large_image","schema":{"@context":"https:\/\/schema.org","@graph":[{"@type":"WebPage","@id":"https:\/\/www.voustensports.com\/fr\/stone-island-polo-a-manches-longues-en-maille-cotelee-beige-42340\/","url":"https:\/\/www.voustensports.com\/fr\/stone-island-polo-a-manches-longues-en-maille-cotelee-beige-42340\/","name":"STONE ISLAND - POLO \u00c0 MANCHES LONGUES EN MAILLE C\u00d4TEL\u00c9E BEIGE (42340) - Vousten Sports","isPartOf":{"@id":"https:\/\/www.voustensports.com\/nl\/#website"},"primaryImageOfPage":{"@id":"https:\/\/www.voustensports.com\/fr\/stone-island-polo-a-manches-longues-en-maille-cotelee-beige-42340\/#primaryimage"},"image":{"@id":"https:\/\/www.voustensports.com\/fr\/stone-island-polo-a-manches-longues-en-maille-cotelee-beige-42340\/#primaryimage"},"thumbnailUrl":"https:\/\/www.voustensports.com\/wp-content\/uploads\/2023\/06\/RIBBED-KNIT-LONG-SLEEVE-POLO-BEIGE-423401.jpg","datePublished":"2026-01-17T14:12:07+00:00","dateModified":"2026-02-05T14:57:51+00:00","breadcrumb":{"@id":"https:\/\/www.voustensports.com\/fr\/stone-island-polo-a-manches-longues-en-maille-cotelee-beige-42340\/#breadcrumb"},"inLanguage":"fr-FR","potentialAction":[{"@type":"ReadAction","target":["https:\/\/www.voustensports.com\/fr\/stone-island-polo-a-manches-longues-en-maille-cotelee-beige-42340\/"]}]},{"@type":"ImageObject","inLanguage":"fr-FR","@id":"https:\/\/www.voustensports.com\/fr\/stone-island-polo-a-manches-longues-en-maille-cotelee-beige-42340\/#primaryimage","url":"https:\/\/www.voustensports.com\/wp-content\/uploads\/2023\/06\/RIBBED-KNIT-LONG-SLEEVE-POLO-BEIGE-423401.jpg","contentUrl":"https:\/\/www.voustensports.com\/wp-content\/uploads\/2023\/06\/RIBBED-KNIT-LONG-SLEEVE-POLO-BEIGE-423401.jpg","width":1365,"height":2048},{"@type":"BreadcrumbList","@id":"https:\/\/www.voustensports.com\/fr\/stone-island-polo-a-manches-longues-en-maille-cotelee-beige-42340\/#breadcrumb","itemListElement":[{"@type":"ListItem","position":1,"name":"Home","item":"https:\/\/www.voustensports.com\/fr\/"},{"@type":"ListItem","position":2,"name":"Boutique","item":"https:\/\/www.voustensports.com\/fr\/shop\/"},{"@type":"ListItem","position":3,"name":"STONE ISLAND &#8211; POLO \u00c0 MANCHES LONGUES EN MAILLE C\u00d4TEL\u00c9E BEIGE (42340)"}]},{"@type":"WebSite","@id":"https:\/\/www.voustensports.com\/nl\/#website","url":"https:\/\/www.voustensports.com\/nl\/","name":"Vousten Sports","description":"","potentialAction":[{"@type":"SearchAction","target":{"@type":"EntryPoint","urlTemplate":"https:\/\/www.voustensports.com\/nl\/?s={search_term_string}"},"query-input":{"@type":"PropertyValueSpecification","valueRequired":true,"valueName":"search_term_string"}}],"inLanguage":"fr-FR"}]}},"_links":{"self":[{"href":"https:\/\/www.voustensports.com\/fr\/wp-json\/wp\/v2\/product\/218370","targetHints":{"allow":["GET"]}}],"collection":[{"href":"https:\/\/www.voustensports.com\/fr\/wp-json\/wp\/v2\/product"}],"about":[{"href":"https:\/\/www.voustensports.com\/fr\/wp-json\/wp\/v2\/types\/product"}],"replies":[{"embeddable":true,"href":"https:\/\/www.voustensports.com\/fr\/wp-json\/wp\/v2\/comments?post=218370"}],"wp:featuredmedia":[{"embeddable":true,"href":"https:\/\/www.voustensports.com\/fr\/wp-json\/wp\/v2\/media\/218358"}],"wp:attachment":[{"href":"https:\/\/www.voustensports.com\/fr\/wp-json\/wp\/v2\/media?parent=218370"}],"wp:term":[{"taxonomy":"product_cat","embeddable":true,"href":"https:\/\/www.voustensports.com\/fr\/wp-json\/wp\/v2\/product_cat?post=218370"},{"taxonomy":"product_tag","embeddable":true,"href":"https:\/\/www.voustensports.com\/fr\/wp-json\/wp\/v2\/product_tag?post=218370"}],"curies":[{"name":"wp","href":"https:\/\/api.w.org\/{rel}","templated":true}]}}