{"id":218303,"date":"2026-01-17T01:45:08","date_gmt":"2026-01-17T00:45:08","guid":{"rendered":"https:\/\/www.voustensports.com\/stone-island-surchemise-sable-42345\/"},"modified":"2026-04-14T08:00:09","modified_gmt":"2026-04-14T06:00:09","slug":"stone-island-surchemise-sable-42345","status":"publish","type":"product","link":"https:\/\/www.voustensports.com\/fr\/stone-island-surchemise-sable-42345\/","title":{"rendered":"STONE ISLAND &#8211; SURCHEMISE SABLE (42345)"},"content":{"rendered":"<div>D\u00c9TAILS DU PRODUIT<\/div>\n<div>Surchemise en coton Panama biologique. Teinte en pi\u00e8ce avec le traitement \u00ab OLD \u00bb, un proc\u00e9d\u00e9 de teinture exclusif suivi d&rsquo;un d\u00e9lavage sur le v\u00eatement fini pour un aspect l\u00e9g\u00e8rement us\u00e9 et textur\u00e9.<\/div>\n<div><\/div>\n<div>STYLE<\/div>\n<ul>\n<li>Poche poitrine plaqu\u00e9e avec bouton-pression.<\/li>\n<li>\u00c9cusson Stone Island sur la manche gauche.<\/li>\n<li>Poignets ajustables avec bouton-pression.<\/li>\n<li>Fermeture \u00e9clair \u00e0 double sens.<\/li>\n<li>Coupe confortable.<\/li>\n<\/ul>\n<div>COMPOSITION<\/div>\n<ul>\n<li>100 % coton<\/li>\n<li>R\u00e9f\u00e9rence Stone Island : L1S151200014S0184V019A<\/li>\n<li>R\u00e9f\u00e9rence : 42345<\/li>\n<\/ul>\n","protected":false},"excerpt":{"rendered":"<p>D\u00c9TAILS DU PRODUIT Surchemise en coton Panama biologique. Teinte en pi\u00e8ce avec le traitement \u00ab OLD \u00bb, un proc\u00e9d\u00e9 de teinture exclusif suivi d&rsquo;un d\u00e9lavage sur le v\u00eatement fini pour un aspect l\u00e9g\u00e8rement us\u00e9 et textur\u00e9. STYLE Poche poitrine plaqu\u00e9e avec bouton-pression. \u00c9cusson Stone Island sur la manche gauche. Poignets ajustables avec bouton-pression. Fermeture \u00e9clair [&#8230;]\n","protected":false},"featured_media":218291,"comment_status":"open","ping_status":"closed","template":"","meta":{"rank_math_lock_modified_date":false},"product_cat":[446,450,462,482,486,739],"product_tag":[],"class_list":{"0":"post-218303","1":"product","2":"type-product","3":"status-publish","4":"has-post-thumbnail","6":"product_cat-kleding-fr","7":"product_cat-heren-fr","8":"product_cat-vousten-sports-fr-2","9":"product_cat-stone-island-fr-2","10":"product_cat-shirt-fr-2","11":"product_cat-overshirt-fr-2","13":"first","14":"instock","15":"taxable","16":"shipping-taxable","17":"purchasable","18":"product-type-variable"},"acf":[],"yoast_head":"<!-- This site is optimized with the Yoast SEO plugin v23.9 - https:\/\/yoast.com\/wordpress\/plugins\/seo\/ -->\n<title>STONE ISLAND - SURCHEMISE SABLE (42345) - Vousten Sports<\/title>\n<meta name=\"robots\" content=\"index, follow, max-snippet:-1, max-image-preview:large, max-video-preview:-1\" \/>\n<link rel=\"canonical\" href=\"https:\/\/www.voustensports.com\/fr\/stone-island-surchemise-sable-42345\/\" \/>\n<meta property=\"og:locale\" content=\"fr_FR\" \/>\n<meta property=\"og:type\" content=\"article\" \/>\n<meta property=\"og:title\" content=\"STONE ISLAND - SURCHEMISE SABLE (42345) - Vousten Sports\" \/>\n<meta property=\"og:description\" content=\"D\u00c9TAILS DU PRODUIT Surchemise en coton Panama biologique. Teinte en pi\u00e8ce avec le traitement \u00ab OLD \u00bb, un proc\u00e9d\u00e9 de teinture exclusif suivi d&rsquo;un d\u00e9lavage sur le v\u00eatement fini pour un aspect l\u00e9g\u00e8rement us\u00e9 et textur\u00e9. STYLE Poche poitrine plaqu\u00e9e avec bouton-pression. \u00c9cusson Stone Island sur la manche gauche. Poignets ajustables avec bouton-pression. Fermeture \u00e9clair [...]\" \/>\n<meta property=\"og:url\" content=\"https:\/\/www.voustensports.com\/fr\/stone-island-surchemise-sable-42345\/\" \/>\n<meta property=\"og:site_name\" content=\"Vousten Sports\" \/>\n<meta property=\"article:modified_time\" content=\"2026-04-14T06:00:09+00:00\" \/>\n<meta property=\"og:image\" content=\"https:\/\/www.voustensports.com\/wp-content\/uploads\/2023\/06\/OVERSHIRT-ZAND-423451.jpg\" \/>\n\t<meta property=\"og:image:width\" content=\"1365\" \/>\n\t<meta property=\"og:image:height\" content=\"2048\" \/>\n\t<meta property=\"og:image:type\" content=\"image\/jpeg\" \/>\n<meta name=\"twitter:card\" content=\"summary_large_image\" \/>\n<script type=\"application\/ld+json\" class=\"yoast-schema-graph\">{\"@context\":\"https:\/\/schema.org\",\"@graph\":[{\"@type\":\"WebPage\",\"@id\":\"https:\/\/www.voustensports.com\/fr\/stone-island-surchemise-sable-42345\/\",\"url\":\"https:\/\/www.voustensports.com\/fr\/stone-island-surchemise-sable-42345\/\",\"name\":\"STONE ISLAND - SURCHEMISE SABLE (42345) - Vousten Sports\",\"isPartOf\":{\"@id\":\"https:\/\/www.voustensports.com\/nl\/#website\"},\"primaryImageOfPage\":{\"@id\":\"https:\/\/www.voustensports.com\/fr\/stone-island-surchemise-sable-42345\/#primaryimage\"},\"image\":{\"@id\":\"https:\/\/www.voustensports.com\/fr\/stone-island-surchemise-sable-42345\/#primaryimage\"},\"thumbnailUrl\":\"https:\/\/www.voustensports.com\/wp-content\/uploads\/2023\/06\/OVERSHIRT-ZAND-423451.jpg\",\"datePublished\":\"2026-01-17T00:45:08+00:00\",\"dateModified\":\"2026-04-14T06:00:09+00:00\",\"breadcrumb\":{\"@id\":\"https:\/\/www.voustensports.com\/fr\/stone-island-surchemise-sable-42345\/#breadcrumb\"},\"inLanguage\":\"fr-FR\",\"potentialAction\":[{\"@type\":\"ReadAction\",\"target\":[\"https:\/\/www.voustensports.com\/fr\/stone-island-surchemise-sable-42345\/\"]}]},{\"@type\":\"ImageObject\",\"inLanguage\":\"fr-FR\",\"@id\":\"https:\/\/www.voustensports.com\/fr\/stone-island-surchemise-sable-42345\/#primaryimage\",\"url\":\"https:\/\/www.voustensports.com\/wp-content\/uploads\/2023\/06\/OVERSHIRT-ZAND-423451.jpg\",\"contentUrl\":\"https:\/\/www.voustensports.com\/wp-content\/uploads\/2023\/06\/OVERSHIRT-ZAND-423451.jpg\",\"width\":1365,\"height\":2048},{\"@type\":\"BreadcrumbList\",\"@id\":\"https:\/\/www.voustensports.com\/fr\/stone-island-surchemise-sable-42345\/#breadcrumb\",\"itemListElement\":[{\"@type\":\"ListItem\",\"position\":1,\"name\":\"Home\",\"item\":\"https:\/\/www.voustensports.com\/fr\/\"},{\"@type\":\"ListItem\",\"position\":2,\"name\":\"Boutique\",\"item\":\"https:\/\/www.voustensports.com\/fr\/shop\/\"},{\"@type\":\"ListItem\",\"position\":3,\"name\":\"STONE ISLAND &#8211; SURCHEMISE SABLE (42345)\"}]},{\"@type\":\"WebSite\",\"@id\":\"https:\/\/www.voustensports.com\/nl\/#website\",\"url\":\"https:\/\/www.voustensports.com\/nl\/\",\"name\":\"Vousten Sports\",\"description\":\"\",\"potentialAction\":[{\"@type\":\"SearchAction\",\"target\":{\"@type\":\"EntryPoint\",\"urlTemplate\":\"https:\/\/www.voustensports.com\/nl\/?s={search_term_string}\"},\"query-input\":{\"@type\":\"PropertyValueSpecification\",\"valueRequired\":true,\"valueName\":\"search_term_string\"}}],\"inLanguage\":\"fr-FR\"}]}<\/script>\n<!-- \/ Yoast SEO plugin. -->","yoast_head_json":{"title":"STONE ISLAND - SURCHEMISE SABLE (42345) - Vousten Sports","robots":{"index":"index","follow":"follow","max-snippet":"max-snippet:-1","max-image-preview":"max-image-preview:large","max-video-preview":"max-video-preview:-1"},"canonical":"https:\/\/www.voustensports.com\/fr\/stone-island-surchemise-sable-42345\/","og_locale":"fr_FR","og_type":"article","og_title":"STONE ISLAND - SURCHEMISE SABLE (42345) - Vousten Sports","og_description":"D\u00c9TAILS DU PRODUIT Surchemise en coton Panama biologique. Teinte en pi\u00e8ce avec le traitement \u00ab OLD \u00bb, un proc\u00e9d\u00e9 de teinture exclusif suivi d&rsquo;un d\u00e9lavage sur le v\u00eatement fini pour un aspect l\u00e9g\u00e8rement us\u00e9 et textur\u00e9. STYLE Poche poitrine plaqu\u00e9e avec bouton-pression. \u00c9cusson Stone Island sur la manche gauche. Poignets ajustables avec bouton-pression. Fermeture \u00e9clair [...]","og_url":"https:\/\/www.voustensports.com\/fr\/stone-island-surchemise-sable-42345\/","og_site_name":"Vousten Sports","article_modified_time":"2026-04-14T06:00:09+00:00","og_image":[{"width":1365,"height":2048,"url":"https:\/\/www.voustensports.com\/wp-content\/uploads\/2023\/06\/OVERSHIRT-ZAND-423451.jpg","type":"image\/jpeg"}],"twitter_card":"summary_large_image","schema":{"@context":"https:\/\/schema.org","@graph":[{"@type":"WebPage","@id":"https:\/\/www.voustensports.com\/fr\/stone-island-surchemise-sable-42345\/","url":"https:\/\/www.voustensports.com\/fr\/stone-island-surchemise-sable-42345\/","name":"STONE ISLAND - SURCHEMISE SABLE (42345) - Vousten Sports","isPartOf":{"@id":"https:\/\/www.voustensports.com\/nl\/#website"},"primaryImageOfPage":{"@id":"https:\/\/www.voustensports.com\/fr\/stone-island-surchemise-sable-42345\/#primaryimage"},"image":{"@id":"https:\/\/www.voustensports.com\/fr\/stone-island-surchemise-sable-42345\/#primaryimage"},"thumbnailUrl":"https:\/\/www.voustensports.com\/wp-content\/uploads\/2023\/06\/OVERSHIRT-ZAND-423451.jpg","datePublished":"2026-01-17T00:45:08+00:00","dateModified":"2026-04-14T06:00:09+00:00","breadcrumb":{"@id":"https:\/\/www.voustensports.com\/fr\/stone-island-surchemise-sable-42345\/#breadcrumb"},"inLanguage":"fr-FR","potentialAction":[{"@type":"ReadAction","target":["https:\/\/www.voustensports.com\/fr\/stone-island-surchemise-sable-42345\/"]}]},{"@type":"ImageObject","inLanguage":"fr-FR","@id":"https:\/\/www.voustensports.com\/fr\/stone-island-surchemise-sable-42345\/#primaryimage","url":"https:\/\/www.voustensports.com\/wp-content\/uploads\/2023\/06\/OVERSHIRT-ZAND-423451.jpg","contentUrl":"https:\/\/www.voustensports.com\/wp-content\/uploads\/2023\/06\/OVERSHIRT-ZAND-423451.jpg","width":1365,"height":2048},{"@type":"BreadcrumbList","@id":"https:\/\/www.voustensports.com\/fr\/stone-island-surchemise-sable-42345\/#breadcrumb","itemListElement":[{"@type":"ListItem","position":1,"name":"Home","item":"https:\/\/www.voustensports.com\/fr\/"},{"@type":"ListItem","position":2,"name":"Boutique","item":"https:\/\/www.voustensports.com\/fr\/shop\/"},{"@type":"ListItem","position":3,"name":"STONE ISLAND &#8211; SURCHEMISE SABLE (42345)"}]},{"@type":"WebSite","@id":"https:\/\/www.voustensports.com\/nl\/#website","url":"https:\/\/www.voustensports.com\/nl\/","name":"Vousten Sports","description":"","potentialAction":[{"@type":"SearchAction","target":{"@type":"EntryPoint","urlTemplate":"https:\/\/www.voustensports.com\/nl\/?s={search_term_string}"},"query-input":{"@type":"PropertyValueSpecification","valueRequired":true,"valueName":"search_term_string"}}],"inLanguage":"fr-FR"}]}},"_links":{"self":[{"href":"https:\/\/www.voustensports.com\/fr\/wp-json\/wp\/v2\/product\/218303","targetHints":{"allow":["GET"]}}],"collection":[{"href":"https:\/\/www.voustensports.com\/fr\/wp-json\/wp\/v2\/product"}],"about":[{"href":"https:\/\/www.voustensports.com\/fr\/wp-json\/wp\/v2\/types\/product"}],"replies":[{"embeddable":true,"href":"https:\/\/www.voustensports.com\/fr\/wp-json\/wp\/v2\/comments?post=218303"}],"wp:featuredmedia":[{"embeddable":true,"href":"https:\/\/www.voustensports.com\/fr\/wp-json\/wp\/v2\/media\/218291"}],"wp:attachment":[{"href":"https:\/\/www.voustensports.com\/fr\/wp-json\/wp\/v2\/media?parent=218303"}],"wp:term":[{"taxonomy":"product_cat","embeddable":true,"href":"https:\/\/www.voustensports.com\/fr\/wp-json\/wp\/v2\/product_cat?post=218303"},{"taxonomy":"product_tag","embeddable":true,"href":"https:\/\/www.voustensports.com\/fr\/wp-json\/wp\/v2\/product_tag?post=218303"}],"curies":[{"name":"wp","href":"https:\/\/api.w.org\/{rel}","templated":true}]}}