{"id":218049,"date":"2026-01-10T22:33:08","date_gmt":"2026-01-10T21:33:08","guid":{"rendered":"https:\/\/www.voustensports.com\/stone-island-surchemise-coach-en-toile-de-coton-gris-plomb-42416\/"},"modified":"2026-02-05T12:41:58","modified_gmt":"2026-02-05T11:41:58","slug":"stone-island-surchemise-coach-en-toile-de-coton-gris-plomb-42416","status":"publish","type":"product","link":"https:\/\/www.voustensports.com\/fr\/stone-island-surchemise-coach-en-toile-de-coton-gris-plomb-42416\/","title":{"rendered":"STONE ISLAND &#8211; SURCHEMISE COACH EN TOILE DE COTON GRIS PLOMB (42416)"},"content":{"rendered":"<div>D\u00c9TAILS DU PRODUIT<\/div>\n<div>Veste Coach en toile de coton biologique, inspir\u00e9e des v\u00eatements de travail. Le tissage serr\u00e9 des fils conf\u00e8re structure et r\u00e9sistance au tissu. Traitement d\u00e9perlant sp\u00e9cifique.<\/div>\n<div><\/div>\n<div>\n<p>Le mannequin mesure 180 cm, p\u00e8se 80 kg et porte une taille M.<\/p>\n<\/div>\n<div><\/div>\n<div>STYLE<\/div>\n<ul>\n<li>Palette de boutonnage sous le col pour un port\u00e9 debout.<\/li>\n<li>Poches plaqu\u00e9es \u00e0 ouverture par le haut \u00e0 la taille.<\/li>\n<li>Poches lat\u00e9rales verticales avec liser\u00e9 et bouton-pression dissimul\u00e9.<\/li>\n<li>Trois poches int\u00e9rieures \u00e0 ouverture par le haut ; une avec bouton-pression visible de l\u2019ext\u00e9rieur.<\/li>\n<li>\u00c9cusson Stone Island sur la manche gauche.<\/li>\n<li>Poignets ajustables par bouton-pression.<\/li>\n<li>Fermeture par boutons-pression.<\/li>\n<\/ul>\n<div>COMPOSITION<\/div>\n<ul>\n<li>100 % coton<\/li>\n<li>R\u00e9f\u00e9rence Stone Island : L1S154100076S0164V0065<\/li>\n<li>R\u00e9f\u00e9rence : 42416<\/li>\n<\/ul>\n","protected":false},"excerpt":{"rendered":"<p>D\u00c9TAILS DU PRODUIT Veste Coach en toile de coton biologique, inspir\u00e9e des v\u00eatements de travail. Le tissage serr\u00e9 des fils conf\u00e8re structure et r\u00e9sistance au tissu. Traitement d\u00e9perlant sp\u00e9cifique. Le mannequin mesure 180 cm, p\u00e8se 80 kg et porte une taille M. STYLE Palette de boutonnage sous le col pour un port\u00e9 debout. Poches plaqu\u00e9es [&#8230;]\n","protected":false},"featured_media":218037,"comment_status":"open","ping_status":"closed","template":"","meta":{"rank_math_lock_modified_date":false},"product_cat":[446,450,462,482,486,701,739],"product_tag":[],"class_list":{"0":"post-218049","1":"product","2":"type-product","3":"status-publish","4":"has-post-thumbnail","6":"product_cat-kleding-fr","7":"product_cat-heren-fr","8":"product_cat-vousten-sports-fr-2","9":"product_cat-stone-island-fr-2","10":"product_cat-shirt-fr-2","11":"product_cat-jackets-fr","12":"product_cat-overshirt-fr-2","14":"first","15":"instock","16":"taxable","17":"shipping-taxable","18":"purchasable","19":"product-type-variable"},"acf":[],"yoast_head":"<!-- This site is optimized with the Yoast SEO plugin v23.9 - https:\/\/yoast.com\/wordpress\/plugins\/seo\/ -->\n<title>STONE ISLAND - SURCHEMISE COACH EN TOILE DE COTON GRIS PLOMB (42416) - Vousten Sports<\/title>\n<meta name=\"robots\" content=\"index, follow, max-snippet:-1, max-image-preview:large, max-video-preview:-1\" \/>\n<link rel=\"canonical\" href=\"https:\/\/www.voustensports.com\/fr\/stone-island-surchemise-coach-en-toile-de-coton-gris-plomb-42416\/\" \/>\n<meta property=\"og:locale\" content=\"fr_FR\" \/>\n<meta property=\"og:type\" content=\"article\" \/>\n<meta property=\"og:title\" content=\"STONE ISLAND - SURCHEMISE COACH EN TOILE DE COTON GRIS PLOMB (42416) - Vousten Sports\" \/>\n<meta property=\"og:description\" content=\"D\u00c9TAILS DU PRODUIT Veste Coach en toile de coton biologique, inspir\u00e9e des v\u00eatements de travail. Le tissage serr\u00e9 des fils conf\u00e8re structure et r\u00e9sistance au tissu. Traitement d\u00e9perlant sp\u00e9cifique. Le mannequin mesure 180 cm, p\u00e8se 80 kg et porte une taille M. STYLE Palette de boutonnage sous le col pour un port\u00e9 debout. Poches plaqu\u00e9es [...]\" \/>\n<meta property=\"og:url\" content=\"https:\/\/www.voustensports.com\/fr\/stone-island-surchemise-coach-en-toile-de-coton-gris-plomb-42416\/\" \/>\n<meta property=\"og:site_name\" content=\"Vousten Sports\" \/>\n<meta property=\"article:modified_time\" content=\"2026-02-05T11:41:58+00:00\" \/>\n<meta property=\"og:image\" content=\"https:\/\/www.voustensports.com\/wp-content\/uploads\/2023\/06\/COTTON-CANVAS-COACH-OVERSHIRT-LEAD-GRAY-424161.jpg\" \/>\n\t<meta property=\"og:image:width\" content=\"1365\" \/>\n\t<meta property=\"og:image:height\" content=\"2048\" \/>\n\t<meta property=\"og:image:type\" content=\"image\/jpeg\" \/>\n<meta name=\"twitter:card\" content=\"summary_large_image\" \/>\n<meta name=\"twitter:label1\" content=\"Est. reading time\" \/>\n\t<meta name=\"twitter:data1\" content=\"1 minute\" \/>\n<script type=\"application\/ld+json\" class=\"yoast-schema-graph\">{\"@context\":\"https:\/\/schema.org\",\"@graph\":[{\"@type\":\"WebPage\",\"@id\":\"https:\/\/www.voustensports.com\/fr\/stone-island-surchemise-coach-en-toile-de-coton-gris-plomb-42416\/\",\"url\":\"https:\/\/www.voustensports.com\/fr\/stone-island-surchemise-coach-en-toile-de-coton-gris-plomb-42416\/\",\"name\":\"STONE ISLAND - SURCHEMISE COACH EN TOILE DE COTON GRIS PLOMB (42416) - Vousten Sports\",\"isPartOf\":{\"@id\":\"https:\/\/www.voustensports.com\/nl\/#website\"},\"primaryImageOfPage\":{\"@id\":\"https:\/\/www.voustensports.com\/fr\/stone-island-surchemise-coach-en-toile-de-coton-gris-plomb-42416\/#primaryimage\"},\"image\":{\"@id\":\"https:\/\/www.voustensports.com\/fr\/stone-island-surchemise-coach-en-toile-de-coton-gris-plomb-42416\/#primaryimage\"},\"thumbnailUrl\":\"https:\/\/www.voustensports.com\/wp-content\/uploads\/2023\/06\/COTTON-CANVAS-COACH-OVERSHIRT-LEAD-GRAY-424161.jpg\",\"datePublished\":\"2026-01-10T21:33:08+00:00\",\"dateModified\":\"2026-02-05T11:41:58+00:00\",\"breadcrumb\":{\"@id\":\"https:\/\/www.voustensports.com\/fr\/stone-island-surchemise-coach-en-toile-de-coton-gris-plomb-42416\/#breadcrumb\"},\"inLanguage\":\"fr-FR\",\"potentialAction\":[{\"@type\":\"ReadAction\",\"target\":[\"https:\/\/www.voustensports.com\/fr\/stone-island-surchemise-coach-en-toile-de-coton-gris-plomb-42416\/\"]}]},{\"@type\":\"ImageObject\",\"inLanguage\":\"fr-FR\",\"@id\":\"https:\/\/www.voustensports.com\/fr\/stone-island-surchemise-coach-en-toile-de-coton-gris-plomb-42416\/#primaryimage\",\"url\":\"https:\/\/www.voustensports.com\/wp-content\/uploads\/2023\/06\/COTTON-CANVAS-COACH-OVERSHIRT-LEAD-GRAY-424161.jpg\",\"contentUrl\":\"https:\/\/www.voustensports.com\/wp-content\/uploads\/2023\/06\/COTTON-CANVAS-COACH-OVERSHIRT-LEAD-GRAY-424161.jpg\",\"width\":1365,\"height\":2048},{\"@type\":\"BreadcrumbList\",\"@id\":\"https:\/\/www.voustensports.com\/fr\/stone-island-surchemise-coach-en-toile-de-coton-gris-plomb-42416\/#breadcrumb\",\"itemListElement\":[{\"@type\":\"ListItem\",\"position\":1,\"name\":\"Home\",\"item\":\"https:\/\/www.voustensports.com\/fr\/\"},{\"@type\":\"ListItem\",\"position\":2,\"name\":\"Boutique\",\"item\":\"https:\/\/www.voustensports.com\/fr\/shop\/\"},{\"@type\":\"ListItem\",\"position\":3,\"name\":\"STONE ISLAND &#8211; SURCHEMISE COACH EN TOILE DE COTON GRIS PLOMB (42416)\"}]},{\"@type\":\"WebSite\",\"@id\":\"https:\/\/www.voustensports.com\/nl\/#website\",\"url\":\"https:\/\/www.voustensports.com\/nl\/\",\"name\":\"Vousten Sports\",\"description\":\"\",\"potentialAction\":[{\"@type\":\"SearchAction\",\"target\":{\"@type\":\"EntryPoint\",\"urlTemplate\":\"https:\/\/www.voustensports.com\/nl\/?s={search_term_string}\"},\"query-input\":{\"@type\":\"PropertyValueSpecification\",\"valueRequired\":true,\"valueName\":\"search_term_string\"}}],\"inLanguage\":\"fr-FR\"}]}<\/script>\n<!-- \/ Yoast SEO plugin. -->","yoast_head_json":{"title":"STONE ISLAND - SURCHEMISE COACH EN TOILE DE COTON GRIS PLOMB (42416) - Vousten Sports","robots":{"index":"index","follow":"follow","max-snippet":"max-snippet:-1","max-image-preview":"max-image-preview:large","max-video-preview":"max-video-preview:-1"},"canonical":"https:\/\/www.voustensports.com\/fr\/stone-island-surchemise-coach-en-toile-de-coton-gris-plomb-42416\/","og_locale":"fr_FR","og_type":"article","og_title":"STONE ISLAND - SURCHEMISE COACH EN TOILE DE COTON GRIS PLOMB (42416) - Vousten Sports","og_description":"D\u00c9TAILS DU PRODUIT Veste Coach en toile de coton biologique, inspir\u00e9e des v\u00eatements de travail. Le tissage serr\u00e9 des fils conf\u00e8re structure et r\u00e9sistance au tissu. Traitement d\u00e9perlant sp\u00e9cifique. Le mannequin mesure 180 cm, p\u00e8se 80 kg et porte une taille M. STYLE Palette de boutonnage sous le col pour un port\u00e9 debout. Poches plaqu\u00e9es [...]","og_url":"https:\/\/www.voustensports.com\/fr\/stone-island-surchemise-coach-en-toile-de-coton-gris-plomb-42416\/","og_site_name":"Vousten Sports","article_modified_time":"2026-02-05T11:41:58+00:00","og_image":[{"width":1365,"height":2048,"url":"https:\/\/www.voustensports.com\/wp-content\/uploads\/2023\/06\/COTTON-CANVAS-COACH-OVERSHIRT-LEAD-GRAY-424161.jpg","type":"image\/jpeg"}],"twitter_card":"summary_large_image","twitter_misc":{"Est. reading time":"1 minute"},"schema":{"@context":"https:\/\/schema.org","@graph":[{"@type":"WebPage","@id":"https:\/\/www.voustensports.com\/fr\/stone-island-surchemise-coach-en-toile-de-coton-gris-plomb-42416\/","url":"https:\/\/www.voustensports.com\/fr\/stone-island-surchemise-coach-en-toile-de-coton-gris-plomb-42416\/","name":"STONE ISLAND - SURCHEMISE COACH EN TOILE DE COTON GRIS PLOMB (42416) - Vousten Sports","isPartOf":{"@id":"https:\/\/www.voustensports.com\/nl\/#website"},"primaryImageOfPage":{"@id":"https:\/\/www.voustensports.com\/fr\/stone-island-surchemise-coach-en-toile-de-coton-gris-plomb-42416\/#primaryimage"},"image":{"@id":"https:\/\/www.voustensports.com\/fr\/stone-island-surchemise-coach-en-toile-de-coton-gris-plomb-42416\/#primaryimage"},"thumbnailUrl":"https:\/\/www.voustensports.com\/wp-content\/uploads\/2023\/06\/COTTON-CANVAS-COACH-OVERSHIRT-LEAD-GRAY-424161.jpg","datePublished":"2026-01-10T21:33:08+00:00","dateModified":"2026-02-05T11:41:58+00:00","breadcrumb":{"@id":"https:\/\/www.voustensports.com\/fr\/stone-island-surchemise-coach-en-toile-de-coton-gris-plomb-42416\/#breadcrumb"},"inLanguage":"fr-FR","potentialAction":[{"@type":"ReadAction","target":["https:\/\/www.voustensports.com\/fr\/stone-island-surchemise-coach-en-toile-de-coton-gris-plomb-42416\/"]}]},{"@type":"ImageObject","inLanguage":"fr-FR","@id":"https:\/\/www.voustensports.com\/fr\/stone-island-surchemise-coach-en-toile-de-coton-gris-plomb-42416\/#primaryimage","url":"https:\/\/www.voustensports.com\/wp-content\/uploads\/2023\/06\/COTTON-CANVAS-COACH-OVERSHIRT-LEAD-GRAY-424161.jpg","contentUrl":"https:\/\/www.voustensports.com\/wp-content\/uploads\/2023\/06\/COTTON-CANVAS-COACH-OVERSHIRT-LEAD-GRAY-424161.jpg","width":1365,"height":2048},{"@type":"BreadcrumbList","@id":"https:\/\/www.voustensports.com\/fr\/stone-island-surchemise-coach-en-toile-de-coton-gris-plomb-42416\/#breadcrumb","itemListElement":[{"@type":"ListItem","position":1,"name":"Home","item":"https:\/\/www.voustensports.com\/fr\/"},{"@type":"ListItem","position":2,"name":"Boutique","item":"https:\/\/www.voustensports.com\/fr\/shop\/"},{"@type":"ListItem","position":3,"name":"STONE ISLAND &#8211; SURCHEMISE COACH EN TOILE DE COTON GRIS PLOMB (42416)"}]},{"@type":"WebSite","@id":"https:\/\/www.voustensports.com\/nl\/#website","url":"https:\/\/www.voustensports.com\/nl\/","name":"Vousten Sports","description":"","potentialAction":[{"@type":"SearchAction","target":{"@type":"EntryPoint","urlTemplate":"https:\/\/www.voustensports.com\/nl\/?s={search_term_string}"},"query-input":{"@type":"PropertyValueSpecification","valueRequired":true,"valueName":"search_term_string"}}],"inLanguage":"fr-FR"}]}},"_links":{"self":[{"href":"https:\/\/www.voustensports.com\/fr\/wp-json\/wp\/v2\/product\/218049","targetHints":{"allow":["GET"]}}],"collection":[{"href":"https:\/\/www.voustensports.com\/fr\/wp-json\/wp\/v2\/product"}],"about":[{"href":"https:\/\/www.voustensports.com\/fr\/wp-json\/wp\/v2\/types\/product"}],"replies":[{"embeddable":true,"href":"https:\/\/www.voustensports.com\/fr\/wp-json\/wp\/v2\/comments?post=218049"}],"wp:featuredmedia":[{"embeddable":true,"href":"https:\/\/www.voustensports.com\/fr\/wp-json\/wp\/v2\/media\/218037"}],"wp:attachment":[{"href":"https:\/\/www.voustensports.com\/fr\/wp-json\/wp\/v2\/media?parent=218049"}],"wp:term":[{"taxonomy":"product_cat","embeddable":true,"href":"https:\/\/www.voustensports.com\/fr\/wp-json\/wp\/v2\/product_cat?post=218049"},{"taxonomy":"product_tag","embeddable":true,"href":"https:\/\/www.voustensports.com\/fr\/wp-json\/wp\/v2\/product_tag?post=218049"}],"curies":[{"name":"wp","href":"https:\/\/api.w.org\/{rel}","templated":true}]}}