{"id":217714,"date":"2026-01-10T05:27:13","date_gmt":"2026-01-10T04:27:13","guid":{"rendered":"https:\/\/www.voustensports.com\/hogan-baskets-rebel-grises-42334\/"},"modified":"2026-04-14T07:12:03","modified_gmt":"2026-04-14T05:12:03","slug":"hogan-baskets-rebel-grises-42334","status":"publish","type":"product","link":"https:\/\/www.voustensports.com\/fr\/hogan-baskets-rebel-grises-42334\/","title":{"rendered":"HOGAN &#8211; Baskets Rebel grises (42334)"},"content":{"rendered":"<div>Une chaussure urbaine pour homme inspir\u00e9e des sneakers de skate des ann\u00e9es 90. La Hogan Rebel est confectionn\u00e9e en daim, avec une pi\u00e8ce unique de mati\u00e8re recouvrant le logo H pour cr\u00e9er un effet d&rsquo;ombre port\u00e9e. La semelle int\u00e9rieure en mousse \u00e0 m\u00e9moire de forme compl\u00e8te ce style polyvalent et raffin\u00e9.<\/div>\n<ul>\n<li>Baskets Hogan Rebel pour homme<\/li>\n<li>Tige en daim<\/li>\n<li>D\u00e9tails en cuir lisse<\/li>\n<li>Logo H sur le c\u00f4t\u00e9<\/li>\n<li>Logo Hogan estampill\u00e9 sur la languette<\/li>\n<li>Semelle int\u00e9rieure en mousse \u00e0 m\u00e9moire de forme<\/li>\n<li>Semelle ext\u00e9rieure en caoutchouc<\/li>\n<li>Hauteur totale : 3,8 cm<\/li>\n<li>Cartes d&rsquo;entretien incluses<\/li>\n<li>Pochette de protection en tissu incluse<\/li>\n<li>Lacets suppl\u00e9mentaires inclus<\/li>\n<\/ul>\n","protected":false},"excerpt":{"rendered":"<p>Une chaussure urbaine pour homme inspir\u00e9e des sneakers de skate des ann\u00e9es 90. La Hogan Rebel est confectionn\u00e9e en daim, avec une pi\u00e8ce unique de mati\u00e8re recouvrant le logo H pour cr\u00e9er un effet d&rsquo;ombre port\u00e9e. La semelle int\u00e9rieure en mousse \u00e0 m\u00e9moire de forme compl\u00e8te ce style polyvalent et raffin\u00e9. Baskets Hogan Rebel pour [&#8230;]\n","protected":false},"featured_media":217694,"comment_status":"open","ping_status":"closed","template":"","meta":{"rank_math_lock_modified_date":false},"product_cat":[518,522,526,530,916,446,450,462],"product_tag":[],"class_list":{"0":"post-217714","1":"product","2":"type-product","3":"status-publish","4":"has-post-thumbnail","6":"product_cat-hogan-fr","7":"product_cat-schoenen-fr-2","8":"product_cat-sneakers-fr-2","9":"product_cat-herenschoenen-fr","10":"product_cat-veterschoenen-fr","11":"product_cat-kleding-fr","12":"product_cat-heren-fr","13":"product_cat-vousten-sports-fr-2","15":"first","16":"instock","17":"taxable","18":"shipping-taxable","19":"purchasable","20":"product-type-variable"},"acf":[],"yoast_head":"<!-- This site is optimized with the Yoast SEO plugin v23.9 - https:\/\/yoast.com\/wordpress\/plugins\/seo\/ -->\n<title>HOGAN - Baskets Rebel grises (42334) - Vousten Sports<\/title>\n<meta name=\"robots\" content=\"index, follow, max-snippet:-1, max-image-preview:large, max-video-preview:-1\" \/>\n<link rel=\"canonical\" href=\"https:\/\/www.voustensports.com\/fr\/hogan-baskets-rebel-grises-42334\/\" \/>\n<meta property=\"og:locale\" content=\"fr_FR\" \/>\n<meta property=\"og:type\" content=\"article\" \/>\n<meta property=\"og:title\" content=\"HOGAN - Baskets Rebel grises (42334) - Vousten Sports\" \/>\n<meta property=\"og:description\" content=\"Une chaussure urbaine pour homme inspir\u00e9e des sneakers de skate des ann\u00e9es 90. La Hogan Rebel est confectionn\u00e9e en daim, avec une pi\u00e8ce unique de mati\u00e8re recouvrant le logo H pour cr\u00e9er un effet d&rsquo;ombre port\u00e9e. La semelle int\u00e9rieure en mousse \u00e0 m\u00e9moire de forme compl\u00e8te ce style polyvalent et raffin\u00e9. Baskets Hogan Rebel pour [...]\" \/>\n<meta property=\"og:url\" content=\"https:\/\/www.voustensports.com\/fr\/hogan-baskets-rebel-grises-42334\/\" \/>\n<meta property=\"og:site_name\" content=\"Vousten Sports\" \/>\n<meta property=\"article:modified_time\" content=\"2026-04-14T05:12:03+00:00\" \/>\n<meta property=\"og:image\" content=\"https:\/\/www.voustensports.com\/wp-content\/uploads\/2023\/06\/Sneakers-Rebel-grijs-423341.png\" \/>\n\t<meta property=\"og:image:width\" content=\"1365\" \/>\n\t<meta property=\"og:image:height\" content=\"1365\" \/>\n\t<meta property=\"og:image:type\" content=\"image\/png\" \/>\n<meta name=\"twitter:card\" content=\"summary_large_image\" \/>\n<meta name=\"twitter:label1\" content=\"Est. reading time\" \/>\n\t<meta name=\"twitter:data1\" content=\"1 minute\" \/>\n<script type=\"application\/ld+json\" class=\"yoast-schema-graph\">{\"@context\":\"https:\/\/schema.org\",\"@graph\":[{\"@type\":\"WebPage\",\"@id\":\"https:\/\/www.voustensports.com\/fr\/hogan-baskets-rebel-grises-42334\/\",\"url\":\"https:\/\/www.voustensports.com\/fr\/hogan-baskets-rebel-grises-42334\/\",\"name\":\"HOGAN - Baskets Rebel grises (42334) - Vousten Sports\",\"isPartOf\":{\"@id\":\"https:\/\/www.voustensports.com\/nl\/#website\"},\"primaryImageOfPage\":{\"@id\":\"https:\/\/www.voustensports.com\/fr\/hogan-baskets-rebel-grises-42334\/#primaryimage\"},\"image\":{\"@id\":\"https:\/\/www.voustensports.com\/fr\/hogan-baskets-rebel-grises-42334\/#primaryimage\"},\"thumbnailUrl\":\"https:\/\/www.voustensports.com\/wp-content\/uploads\/2023\/06\/Sneakers-Rebel-grijs-423341.png\",\"datePublished\":\"2026-01-10T04:27:13+00:00\",\"dateModified\":\"2026-04-14T05:12:03+00:00\",\"breadcrumb\":{\"@id\":\"https:\/\/www.voustensports.com\/fr\/hogan-baskets-rebel-grises-42334\/#breadcrumb\"},\"inLanguage\":\"fr-FR\",\"potentialAction\":[{\"@type\":\"ReadAction\",\"target\":[\"https:\/\/www.voustensports.com\/fr\/hogan-baskets-rebel-grises-42334\/\"]}]},{\"@type\":\"ImageObject\",\"inLanguage\":\"fr-FR\",\"@id\":\"https:\/\/www.voustensports.com\/fr\/hogan-baskets-rebel-grises-42334\/#primaryimage\",\"url\":\"https:\/\/www.voustensports.com\/wp-content\/uploads\/2023\/06\/Sneakers-Rebel-grijs-423341.png\",\"contentUrl\":\"https:\/\/www.voustensports.com\/wp-content\/uploads\/2023\/06\/Sneakers-Rebel-grijs-423341.png\",\"width\":1365,\"height\":1365},{\"@type\":\"BreadcrumbList\",\"@id\":\"https:\/\/www.voustensports.com\/fr\/hogan-baskets-rebel-grises-42334\/#breadcrumb\",\"itemListElement\":[{\"@type\":\"ListItem\",\"position\":1,\"name\":\"Home\",\"item\":\"https:\/\/www.voustensports.com\/fr\/\"},{\"@type\":\"ListItem\",\"position\":2,\"name\":\"Boutique\",\"item\":\"https:\/\/www.voustensports.com\/fr\/shop\/\"},{\"@type\":\"ListItem\",\"position\":3,\"name\":\"HOGAN &#8211; Baskets Rebel grises (42334)\"}]},{\"@type\":\"WebSite\",\"@id\":\"https:\/\/www.voustensports.com\/nl\/#website\",\"url\":\"https:\/\/www.voustensports.com\/nl\/\",\"name\":\"Vousten Sports\",\"description\":\"\",\"potentialAction\":[{\"@type\":\"SearchAction\",\"target\":{\"@type\":\"EntryPoint\",\"urlTemplate\":\"https:\/\/www.voustensports.com\/nl\/?s={search_term_string}\"},\"query-input\":{\"@type\":\"PropertyValueSpecification\",\"valueRequired\":true,\"valueName\":\"search_term_string\"}}],\"inLanguage\":\"fr-FR\"}]}<\/script>\n<!-- \/ Yoast SEO plugin. -->","yoast_head_json":{"title":"HOGAN - Baskets Rebel grises (42334) - Vousten Sports","robots":{"index":"index","follow":"follow","max-snippet":"max-snippet:-1","max-image-preview":"max-image-preview:large","max-video-preview":"max-video-preview:-1"},"canonical":"https:\/\/www.voustensports.com\/fr\/hogan-baskets-rebel-grises-42334\/","og_locale":"fr_FR","og_type":"article","og_title":"HOGAN - Baskets Rebel grises (42334) - Vousten Sports","og_description":"Une chaussure urbaine pour homme inspir\u00e9e des sneakers de skate des ann\u00e9es 90. La Hogan Rebel est confectionn\u00e9e en daim, avec une pi\u00e8ce unique de mati\u00e8re recouvrant le logo H pour cr\u00e9er un effet d&rsquo;ombre port\u00e9e. La semelle int\u00e9rieure en mousse \u00e0 m\u00e9moire de forme compl\u00e8te ce style polyvalent et raffin\u00e9. Baskets Hogan Rebel pour [...]","og_url":"https:\/\/www.voustensports.com\/fr\/hogan-baskets-rebel-grises-42334\/","og_site_name":"Vousten Sports","article_modified_time":"2026-04-14T05:12:03+00:00","og_image":[{"width":1365,"height":1365,"url":"https:\/\/www.voustensports.com\/wp-content\/uploads\/2023\/06\/Sneakers-Rebel-grijs-423341.png","type":"image\/png"}],"twitter_card":"summary_large_image","twitter_misc":{"Est. reading time":"1 minute"},"schema":{"@context":"https:\/\/schema.org","@graph":[{"@type":"WebPage","@id":"https:\/\/www.voustensports.com\/fr\/hogan-baskets-rebel-grises-42334\/","url":"https:\/\/www.voustensports.com\/fr\/hogan-baskets-rebel-grises-42334\/","name":"HOGAN - Baskets Rebel grises (42334) - Vousten Sports","isPartOf":{"@id":"https:\/\/www.voustensports.com\/nl\/#website"},"primaryImageOfPage":{"@id":"https:\/\/www.voustensports.com\/fr\/hogan-baskets-rebel-grises-42334\/#primaryimage"},"image":{"@id":"https:\/\/www.voustensports.com\/fr\/hogan-baskets-rebel-grises-42334\/#primaryimage"},"thumbnailUrl":"https:\/\/www.voustensports.com\/wp-content\/uploads\/2023\/06\/Sneakers-Rebel-grijs-423341.png","datePublished":"2026-01-10T04:27:13+00:00","dateModified":"2026-04-14T05:12:03+00:00","breadcrumb":{"@id":"https:\/\/www.voustensports.com\/fr\/hogan-baskets-rebel-grises-42334\/#breadcrumb"},"inLanguage":"fr-FR","potentialAction":[{"@type":"ReadAction","target":["https:\/\/www.voustensports.com\/fr\/hogan-baskets-rebel-grises-42334\/"]}]},{"@type":"ImageObject","inLanguage":"fr-FR","@id":"https:\/\/www.voustensports.com\/fr\/hogan-baskets-rebel-grises-42334\/#primaryimage","url":"https:\/\/www.voustensports.com\/wp-content\/uploads\/2023\/06\/Sneakers-Rebel-grijs-423341.png","contentUrl":"https:\/\/www.voustensports.com\/wp-content\/uploads\/2023\/06\/Sneakers-Rebel-grijs-423341.png","width":1365,"height":1365},{"@type":"BreadcrumbList","@id":"https:\/\/www.voustensports.com\/fr\/hogan-baskets-rebel-grises-42334\/#breadcrumb","itemListElement":[{"@type":"ListItem","position":1,"name":"Home","item":"https:\/\/www.voustensports.com\/fr\/"},{"@type":"ListItem","position":2,"name":"Boutique","item":"https:\/\/www.voustensports.com\/fr\/shop\/"},{"@type":"ListItem","position":3,"name":"HOGAN &#8211; Baskets Rebel grises (42334)"}]},{"@type":"WebSite","@id":"https:\/\/www.voustensports.com\/nl\/#website","url":"https:\/\/www.voustensports.com\/nl\/","name":"Vousten Sports","description":"","potentialAction":[{"@type":"SearchAction","target":{"@type":"EntryPoint","urlTemplate":"https:\/\/www.voustensports.com\/nl\/?s={search_term_string}"},"query-input":{"@type":"PropertyValueSpecification","valueRequired":true,"valueName":"search_term_string"}}],"inLanguage":"fr-FR"}]}},"_links":{"self":[{"href":"https:\/\/www.voustensports.com\/fr\/wp-json\/wp\/v2\/product\/217714","targetHints":{"allow":["GET"]}}],"collection":[{"href":"https:\/\/www.voustensports.com\/fr\/wp-json\/wp\/v2\/product"}],"about":[{"href":"https:\/\/www.voustensports.com\/fr\/wp-json\/wp\/v2\/types\/product"}],"replies":[{"embeddable":true,"href":"https:\/\/www.voustensports.com\/fr\/wp-json\/wp\/v2\/comments?post=217714"}],"wp:featuredmedia":[{"embeddable":true,"href":"https:\/\/www.voustensports.com\/fr\/wp-json\/wp\/v2\/media\/217694"}],"wp:attachment":[{"href":"https:\/\/www.voustensports.com\/fr\/wp-json\/wp\/v2\/media?parent=217714"}],"wp:term":[{"taxonomy":"product_cat","embeddable":true,"href":"https:\/\/www.voustensports.com\/fr\/wp-json\/wp\/v2\/product_cat?post=217714"},{"taxonomy":"product_tag","embeddable":true,"href":"https:\/\/www.voustensports.com\/fr\/wp-json\/wp\/v2\/product_tag?post=217714"}],"curies":[{"name":"wp","href":"https:\/\/api.w.org\/{rel}","templated":true}]}}