{"id":21540,"date":"2023-06-08T16:54:49","date_gmt":"2023-06-08T14:54:49","guid":{"rendered":"https:\/\/www.voustensports.com\/product\/p-j-s-dream-manteau-gris-34868\/"},"modified":"2026-02-05T11:53:56","modified_gmt":"2026-02-05T10:53:56","slug":"p-j-s-dream-manteau-gris-34868","status":"publish","type":"product","link":"https:\/\/www.voustensports.com\/fr\/p-j-s-dream-manteau-gris-34868\/","title":{"rendered":"P.J.S &#8211; Dream manteau gris (34868)"},"content":{"rendered":"<p>Con\u00e7ue pour \u00eatre la plus l\u00e9g\u00e8re possible mais aussi la plus chaude possible, dream est une veste incroyablement confortable pour une panoplie hivernale avec une tenue en duvet optimale.<\/p>\n<p>Le mannequin mesure 1,90 m et porte une taille L.<\/p>\n<p>Mat\u00e9riel: 100% Polyester<\/p>\n","protected":false},"excerpt":{"rendered":"<p>Con\u00e7ue pour \u00eatre la plus l\u00e9g\u00e8re possible mais aussi la plus chaude possible, dream est une veste incroyablement confortable pour une panoplie hivernale avec une tenue en duvet optimale. Le mannequin mesure 1,90 m et porte une taille L. Mat\u00e9riel: 100% Polyester<\/p>\n","protected":false},"featured_media":21516,"comment_status":"open","ping_status":"closed","template":"","meta":{"rank_math_lock_modified_date":false},"product_cat":[446,450,462,542,687],"product_tag":[],"class_list":{"0":"post-21540","1":"product","2":"type-product","3":"status-publish","4":"has-post-thumbnail","6":"product_cat-kleding-fr","7":"product_cat-heren-fr","8":"product_cat-vousten-sports-fr-2","9":"product_cat-jassen-fr","10":"product_cat-parajumpers-fr-2","12":"first","13":"instock","14":"taxable","15":"shipping-taxable","16":"purchasable","17":"product-type-variable"},"acf":[],"yoast_head":"<!-- This site is optimized with the Yoast SEO plugin v23.9 - https:\/\/yoast.com\/wordpress\/plugins\/seo\/ -->\n<title>P.J.S - Dream manteau gris (34868) - Vousten Sports<\/title>\n<meta name=\"robots\" content=\"index, follow, max-snippet:-1, max-image-preview:large, max-video-preview:-1\" \/>\n<link rel=\"canonical\" href=\"https:\/\/www.voustensports.com\/fr\/p-j-s-dream-manteau-gris-34868\/\" \/>\n<meta property=\"og:locale\" content=\"fr_FR\" \/>\n<meta property=\"og:type\" content=\"article\" \/>\n<meta property=\"og:title\" content=\"P.J.S - Dream manteau gris (34868) - Vousten Sports\" \/>\n<meta property=\"og:description\" content=\"Con\u00e7ue pour \u00eatre la plus l\u00e9g\u00e8re possible mais aussi la plus chaude possible, dream est une veste incroyablement confortable pour une panoplie hivernale avec une tenue en duvet optimale. Le mannequin mesure 1,90 m et porte une taille L. Mat\u00e9riel: 100% Polyester\" \/>\n<meta property=\"og:url\" content=\"https:\/\/www.voustensports.com\/fr\/p-j-s-dream-manteau-gris-34868\/\" \/>\n<meta property=\"og:site_name\" content=\"Vousten Sports\" \/>\n<meta property=\"article:modified_time\" content=\"2026-02-05T10:53:56+00:00\" \/>\n<meta property=\"og:image\" content=\"https:\/\/www.voustensports.com\/wp-content\/uploads\/2023\/03\/21WMPMJCKFT02P10_670_1.jpg\" \/>\n\t<meta property=\"og:image:width\" content=\"1600\" \/>\n\t<meta property=\"og:image:height\" content=\"2400\" \/>\n\t<meta property=\"og:image:type\" content=\"image\/jpeg\" \/>\n<meta name=\"twitter:card\" content=\"summary_large_image\" \/>\n<script type=\"application\/ld+json\" class=\"yoast-schema-graph\">{\"@context\":\"https:\/\/schema.org\",\"@graph\":[{\"@type\":\"WebPage\",\"@id\":\"https:\/\/www.voustensports.com\/fr\/p-j-s-dream-manteau-gris-34868\/\",\"url\":\"https:\/\/www.voustensports.com\/fr\/p-j-s-dream-manteau-gris-34868\/\",\"name\":\"P.J.S - Dream manteau gris (34868) - Vousten Sports\",\"isPartOf\":{\"@id\":\"https:\/\/www.voustensports.com\/nl\/#website\"},\"primaryImageOfPage\":{\"@id\":\"https:\/\/www.voustensports.com\/fr\/p-j-s-dream-manteau-gris-34868\/#primaryimage\"},\"image\":{\"@id\":\"https:\/\/www.voustensports.com\/fr\/p-j-s-dream-manteau-gris-34868\/#primaryimage\"},\"thumbnailUrl\":\"https:\/\/www.voustensports.com\/wp-content\/uploads\/2023\/03\/21WMPMJCKFT02P10_670_1.jpg\",\"datePublished\":\"2023-06-08T14:54:49+00:00\",\"dateModified\":\"2026-02-05T10:53:56+00:00\",\"breadcrumb\":{\"@id\":\"https:\/\/www.voustensports.com\/fr\/p-j-s-dream-manteau-gris-34868\/#breadcrumb\"},\"inLanguage\":\"fr-FR\",\"potentialAction\":[{\"@type\":\"ReadAction\",\"target\":[\"https:\/\/www.voustensports.com\/fr\/p-j-s-dream-manteau-gris-34868\/\"]}]},{\"@type\":\"ImageObject\",\"inLanguage\":\"fr-FR\",\"@id\":\"https:\/\/www.voustensports.com\/fr\/p-j-s-dream-manteau-gris-34868\/#primaryimage\",\"url\":\"https:\/\/www.voustensports.com\/wp-content\/uploads\/2023\/03\/21WMPMJCKFT02P10_670_1.jpg\",\"contentUrl\":\"https:\/\/www.voustensports.com\/wp-content\/uploads\/2023\/03\/21WMPMJCKFT02P10_670_1.jpg\",\"width\":1600,\"height\":2400},{\"@type\":\"BreadcrumbList\",\"@id\":\"https:\/\/www.voustensports.com\/fr\/p-j-s-dream-manteau-gris-34868\/#breadcrumb\",\"itemListElement\":[{\"@type\":\"ListItem\",\"position\":1,\"name\":\"Home\",\"item\":\"https:\/\/www.voustensports.com\/fr\/\"},{\"@type\":\"ListItem\",\"position\":2,\"name\":\"Boutique\",\"item\":\"https:\/\/www.voustensports.com\/fr\/shop\/\"},{\"@type\":\"ListItem\",\"position\":3,\"name\":\"P.J.S &#8211; Dream manteau gris (34868)\"}]},{\"@type\":\"WebSite\",\"@id\":\"https:\/\/www.voustensports.com\/nl\/#website\",\"url\":\"https:\/\/www.voustensports.com\/nl\/\",\"name\":\"Vousten Sports\",\"description\":\"\",\"potentialAction\":[{\"@type\":\"SearchAction\",\"target\":{\"@type\":\"EntryPoint\",\"urlTemplate\":\"https:\/\/www.voustensports.com\/nl\/?s={search_term_string}\"},\"query-input\":{\"@type\":\"PropertyValueSpecification\",\"valueRequired\":true,\"valueName\":\"search_term_string\"}}],\"inLanguage\":\"fr-FR\"}]}<\/script>\n<!-- \/ Yoast SEO plugin. -->","yoast_head_json":{"title":"P.J.S - Dream manteau gris (34868) - Vousten Sports","robots":{"index":"index","follow":"follow","max-snippet":"max-snippet:-1","max-image-preview":"max-image-preview:large","max-video-preview":"max-video-preview:-1"},"canonical":"https:\/\/www.voustensports.com\/fr\/p-j-s-dream-manteau-gris-34868\/","og_locale":"fr_FR","og_type":"article","og_title":"P.J.S - Dream manteau gris (34868) - Vousten Sports","og_description":"Con\u00e7ue pour \u00eatre la plus l\u00e9g\u00e8re possible mais aussi la plus chaude possible, dream est une veste incroyablement confortable pour une panoplie hivernale avec une tenue en duvet optimale. Le mannequin mesure 1,90 m et porte une taille L. Mat\u00e9riel: 100% Polyester","og_url":"https:\/\/www.voustensports.com\/fr\/p-j-s-dream-manteau-gris-34868\/","og_site_name":"Vousten Sports","article_modified_time":"2026-02-05T10:53:56+00:00","og_image":[{"width":1600,"height":2400,"url":"https:\/\/www.voustensports.com\/wp-content\/uploads\/2023\/03\/21WMPMJCKFT02P10_670_1.jpg","type":"image\/jpeg"}],"twitter_card":"summary_large_image","schema":{"@context":"https:\/\/schema.org","@graph":[{"@type":"WebPage","@id":"https:\/\/www.voustensports.com\/fr\/p-j-s-dream-manteau-gris-34868\/","url":"https:\/\/www.voustensports.com\/fr\/p-j-s-dream-manteau-gris-34868\/","name":"P.J.S - Dream manteau gris (34868) - Vousten Sports","isPartOf":{"@id":"https:\/\/www.voustensports.com\/nl\/#website"},"primaryImageOfPage":{"@id":"https:\/\/www.voustensports.com\/fr\/p-j-s-dream-manteau-gris-34868\/#primaryimage"},"image":{"@id":"https:\/\/www.voustensports.com\/fr\/p-j-s-dream-manteau-gris-34868\/#primaryimage"},"thumbnailUrl":"https:\/\/www.voustensports.com\/wp-content\/uploads\/2023\/03\/21WMPMJCKFT02P10_670_1.jpg","datePublished":"2023-06-08T14:54:49+00:00","dateModified":"2026-02-05T10:53:56+00:00","breadcrumb":{"@id":"https:\/\/www.voustensports.com\/fr\/p-j-s-dream-manteau-gris-34868\/#breadcrumb"},"inLanguage":"fr-FR","potentialAction":[{"@type":"ReadAction","target":["https:\/\/www.voustensports.com\/fr\/p-j-s-dream-manteau-gris-34868\/"]}]},{"@type":"ImageObject","inLanguage":"fr-FR","@id":"https:\/\/www.voustensports.com\/fr\/p-j-s-dream-manteau-gris-34868\/#primaryimage","url":"https:\/\/www.voustensports.com\/wp-content\/uploads\/2023\/03\/21WMPMJCKFT02P10_670_1.jpg","contentUrl":"https:\/\/www.voustensports.com\/wp-content\/uploads\/2023\/03\/21WMPMJCKFT02P10_670_1.jpg","width":1600,"height":2400},{"@type":"BreadcrumbList","@id":"https:\/\/www.voustensports.com\/fr\/p-j-s-dream-manteau-gris-34868\/#breadcrumb","itemListElement":[{"@type":"ListItem","position":1,"name":"Home","item":"https:\/\/www.voustensports.com\/fr\/"},{"@type":"ListItem","position":2,"name":"Boutique","item":"https:\/\/www.voustensports.com\/fr\/shop\/"},{"@type":"ListItem","position":3,"name":"P.J.S &#8211; Dream manteau gris (34868)"}]},{"@type":"WebSite","@id":"https:\/\/www.voustensports.com\/nl\/#website","url":"https:\/\/www.voustensports.com\/nl\/","name":"Vousten Sports","description":"","potentialAction":[{"@type":"SearchAction","target":{"@type":"EntryPoint","urlTemplate":"https:\/\/www.voustensports.com\/nl\/?s={search_term_string}"},"query-input":{"@type":"PropertyValueSpecification","valueRequired":true,"valueName":"search_term_string"}}],"inLanguage":"fr-FR"}]}},"_links":{"self":[{"href":"https:\/\/www.voustensports.com\/fr\/wp-json\/wp\/v2\/product\/21540","targetHints":{"allow":["GET"]}}],"collection":[{"href":"https:\/\/www.voustensports.com\/fr\/wp-json\/wp\/v2\/product"}],"about":[{"href":"https:\/\/www.voustensports.com\/fr\/wp-json\/wp\/v2\/types\/product"}],"replies":[{"embeddable":true,"href":"https:\/\/www.voustensports.com\/fr\/wp-json\/wp\/v2\/comments?post=21540"}],"wp:featuredmedia":[{"embeddable":true,"href":"https:\/\/www.voustensports.com\/fr\/wp-json\/wp\/v2\/media\/21516"}],"wp:attachment":[{"href":"https:\/\/www.voustensports.com\/fr\/wp-json\/wp\/v2\/media?parent=21540"}],"wp:term":[{"taxonomy":"product_cat","embeddable":true,"href":"https:\/\/www.voustensports.com\/fr\/wp-json\/wp\/v2\/product_cat?post=21540"},{"taxonomy":"product_tag","embeddable":true,"href":"https:\/\/www.voustensports.com\/fr\/wp-json\/wp\/v2\/product_tag?post=21540"}],"curies":[{"name":"wp","href":"https:\/\/api.w.org\/{rel}","templated":true}]}}