{"id":214719,"date":"2025-10-23T19:04:42","date_gmt":"2025-10-23T17:04:42","guid":{"rendered":"https:\/\/www.voustensports.com\/rituals-giftbox-karma-small-41845-2\/"},"modified":"2026-04-16T13:09:06","modified_gmt":"2026-04-16T11:09:06","slug":"rituals-giftbox-karma-small-41845-2","status":"publish","type":"product","link":"https:\/\/www.voustensports.com\/fr\/rituals-giftbox-karma-small-41845-2\/","title":{"rendered":"RITUALS &#8211; Giftbox Karma Small (41845)"},"content":{"rendered":"<div id=\"paragraph-0\" class=\"XZvmkKc6\" role=\"region\" aria-labelledby=\"paragraph-0\">\n<p><strong>Description<\/strong><\/p>\n<p>Ce magnifique coffret cadeau est le cadeau id\u00e9al pour vous-m\u00eame ou pour quelqu&rsquo;un d&rsquo;autre ! Profitez toute l&rsquo;ann\u00e9e d&rsquo;une ambiance estivale gr\u00e2ce \u00e0 ces produits apaisants au parfum floral de fleur de lotus et de th\u00e9 blanc. La mousse de douche et la cr\u00e8me pour le corps contiennent toutes deux notre complexe Hydra-Boost qui stimule l&rsquo;hydratation de votre peau. Gr\u00e2ce au puissant effet hydratant de l&rsquo;aloe vera, du squalane et des algues, votre peau reste douce et hydrat\u00e9e. Donnez une seconde vie \u00e0 ce coffret cadeau luxueux en y rangeant des photos, des lettres ou d&rsquo;autres objets.<\/p>\n<p>&nbsp;<\/p>\n<p><strong>Contenu<\/strong><\/p>\n<ul>\n<li>1 X The Ritual of Karma Hair &amp; Body Mist 20 ml<\/li>\n<li>1 X The Ritual of Karma Body Cream 70 ml<\/li>\n<li>1 X The Ritual of Karma Foaming Shower Gel 50 ml<\/li>\n<li>1 X The Ritual of Karma Body Lotion Mousse 50 ml<\/li>\n<\/ul>\n<\/div>\n","protected":false},"excerpt":{"rendered":"<p>Description Ce magnifique coffret cadeau est le cadeau id\u00e9al pour vous-m\u00eame ou pour quelqu&rsquo;un d&rsquo;autre ! Profitez toute l&rsquo;ann\u00e9e d&rsquo;une ambiance estivale gr\u00e2ce \u00e0 ces produits apaisants au parfum floral de fleur de lotus et de th\u00e9 blanc. La mousse de douche et la cr\u00e8me pour le corps contiennent toutes deux notre complexe Hydra-Boost qui [&#8230;]\n","protected":false},"featured_media":214707,"comment_status":"open","ping_status":"closed","template":"","meta":{"rank_math_lock_modified_date":false},"product_cat":[462,793,855,990,1126,1130],"product_tag":[],"class_list":{"0":"post-214719","1":"product","2":"type-product","3":"status-publish","4":"has-post-thumbnail","6":"product_cat-vousten-sports-fr-2","7":"product_cat-gifts-fr","8":"product_cat-geschenken-fr","9":"product_cat-gifts-2-fr","10":"product_cat-life-style-fr","11":"product_cat-rituals-fr","13":"first","14":"instock","15":"taxable","16":"shipping-taxable","17":"purchasable","18":"product-type-variable"},"acf":[],"yoast_head":"<!-- This site is optimized with the Yoast SEO plugin v23.9 - https:\/\/yoast.com\/wordpress\/plugins\/seo\/ -->\n<title>RITUALS - Giftbox Karma Small (41845) - Vousten Sports<\/title>\n<meta name=\"robots\" content=\"index, follow, max-snippet:-1, max-image-preview:large, max-video-preview:-1\" \/>\n<link rel=\"canonical\" href=\"https:\/\/www.voustensports.com\/fr\/rituals-giftbox-karma-small-41845-2\/\" \/>\n<meta property=\"og:locale\" content=\"fr_FR\" \/>\n<meta property=\"og:type\" content=\"article\" \/>\n<meta property=\"og:title\" content=\"RITUALS - Giftbox Karma Small (41845) - Vousten Sports\" \/>\n<meta property=\"og:description\" content=\"Description Ce magnifique coffret cadeau est le cadeau id\u00e9al pour vous-m\u00eame ou pour quelqu&rsquo;un d&rsquo;autre ! Profitez toute l&rsquo;ann\u00e9e d&rsquo;une ambiance estivale gr\u00e2ce \u00e0 ces produits apaisants au parfum floral de fleur de lotus et de th\u00e9 blanc. La mousse de douche et la cr\u00e8me pour le corps contiennent toutes deux notre complexe Hydra-Boost qui [...]\" \/>\n<meta property=\"og:url\" content=\"https:\/\/www.voustensports.com\/fr\/rituals-giftbox-karma-small-41845-2\/\" \/>\n<meta property=\"og:site_name\" content=\"Vousten Sports\" \/>\n<meta property=\"article:modified_time\" content=\"2026-04-16T11:09:06+00:00\" \/>\n<meta property=\"og:image\" content=\"https:\/\/www.voustensports.com\/wp-content\/uploads\/2023\/06\/RITUALS-Giftbox-Karma-Small-41845.png\" \/>\n\t<meta property=\"og:image:width\" content=\"713\" \/>\n\t<meta property=\"og:image:height\" content=\"713\" \/>\n\t<meta property=\"og:image:type\" content=\"image\/png\" \/>\n<meta name=\"twitter:card\" content=\"summary_large_image\" \/>\n<meta name=\"twitter:label1\" content=\"Est. reading time\" \/>\n\t<meta name=\"twitter:data1\" content=\"1 minute\" \/>\n<script type=\"application\/ld+json\" class=\"yoast-schema-graph\">{\"@context\":\"https:\/\/schema.org\",\"@graph\":[{\"@type\":\"WebPage\",\"@id\":\"https:\/\/www.voustensports.com\/fr\/rituals-giftbox-karma-small-41845-2\/\",\"url\":\"https:\/\/www.voustensports.com\/fr\/rituals-giftbox-karma-small-41845-2\/\",\"name\":\"RITUALS - Giftbox Karma Small (41845) - Vousten Sports\",\"isPartOf\":{\"@id\":\"https:\/\/www.voustensports.com\/nl\/#website\"},\"primaryImageOfPage\":{\"@id\":\"https:\/\/www.voustensports.com\/fr\/rituals-giftbox-karma-small-41845-2\/#primaryimage\"},\"image\":{\"@id\":\"https:\/\/www.voustensports.com\/fr\/rituals-giftbox-karma-small-41845-2\/#primaryimage\"},\"thumbnailUrl\":\"https:\/\/www.voustensports.com\/wp-content\/uploads\/2023\/06\/RITUALS-Giftbox-Karma-Small-41845.png\",\"datePublished\":\"2025-10-23T17:04:42+00:00\",\"dateModified\":\"2026-04-16T11:09:06+00:00\",\"breadcrumb\":{\"@id\":\"https:\/\/www.voustensports.com\/fr\/rituals-giftbox-karma-small-41845-2\/#breadcrumb\"},\"inLanguage\":\"fr-FR\",\"potentialAction\":[{\"@type\":\"ReadAction\",\"target\":[\"https:\/\/www.voustensports.com\/fr\/rituals-giftbox-karma-small-41845-2\/\"]}]},{\"@type\":\"ImageObject\",\"inLanguage\":\"fr-FR\",\"@id\":\"https:\/\/www.voustensports.com\/fr\/rituals-giftbox-karma-small-41845-2\/#primaryimage\",\"url\":\"https:\/\/www.voustensports.com\/wp-content\/uploads\/2023\/06\/RITUALS-Giftbox-Karma-Small-41845.png\",\"contentUrl\":\"https:\/\/www.voustensports.com\/wp-content\/uploads\/2023\/06\/RITUALS-Giftbox-Karma-Small-41845.png\",\"width\":713,\"height\":713},{\"@type\":\"BreadcrumbList\",\"@id\":\"https:\/\/www.voustensports.com\/fr\/rituals-giftbox-karma-small-41845-2\/#breadcrumb\",\"itemListElement\":[{\"@type\":\"ListItem\",\"position\":1,\"name\":\"Home\",\"item\":\"https:\/\/www.voustensports.com\/fr\/\"},{\"@type\":\"ListItem\",\"position\":2,\"name\":\"Boutique\",\"item\":\"https:\/\/www.voustensports.com\/fr\/shop\/\"},{\"@type\":\"ListItem\",\"position\":3,\"name\":\"RITUALS &#8211; Giftbox Karma Small (41845)\"}]},{\"@type\":\"WebSite\",\"@id\":\"https:\/\/www.voustensports.com\/nl\/#website\",\"url\":\"https:\/\/www.voustensports.com\/nl\/\",\"name\":\"Vousten Sports\",\"description\":\"\",\"potentialAction\":[{\"@type\":\"SearchAction\",\"target\":{\"@type\":\"EntryPoint\",\"urlTemplate\":\"https:\/\/www.voustensports.com\/nl\/?s={search_term_string}\"},\"query-input\":{\"@type\":\"PropertyValueSpecification\",\"valueRequired\":true,\"valueName\":\"search_term_string\"}}],\"inLanguage\":\"fr-FR\"}]}<\/script>\n<!-- \/ Yoast SEO plugin. -->","yoast_head_json":{"title":"RITUALS - Giftbox Karma Small (41845) - Vousten Sports","robots":{"index":"index","follow":"follow","max-snippet":"max-snippet:-1","max-image-preview":"max-image-preview:large","max-video-preview":"max-video-preview:-1"},"canonical":"https:\/\/www.voustensports.com\/fr\/rituals-giftbox-karma-small-41845-2\/","og_locale":"fr_FR","og_type":"article","og_title":"RITUALS - Giftbox Karma Small (41845) - Vousten Sports","og_description":"Description Ce magnifique coffret cadeau est le cadeau id\u00e9al pour vous-m\u00eame ou pour quelqu&rsquo;un d&rsquo;autre ! Profitez toute l&rsquo;ann\u00e9e d&rsquo;une ambiance estivale gr\u00e2ce \u00e0 ces produits apaisants au parfum floral de fleur de lotus et de th\u00e9 blanc. La mousse de douche et la cr\u00e8me pour le corps contiennent toutes deux notre complexe Hydra-Boost qui [...]","og_url":"https:\/\/www.voustensports.com\/fr\/rituals-giftbox-karma-small-41845-2\/","og_site_name":"Vousten Sports","article_modified_time":"2026-04-16T11:09:06+00:00","og_image":[{"width":713,"height":713,"url":"https:\/\/www.voustensports.com\/wp-content\/uploads\/2023\/06\/RITUALS-Giftbox-Karma-Small-41845.png","type":"image\/png"}],"twitter_card":"summary_large_image","twitter_misc":{"Est. reading time":"1 minute"},"schema":{"@context":"https:\/\/schema.org","@graph":[{"@type":"WebPage","@id":"https:\/\/www.voustensports.com\/fr\/rituals-giftbox-karma-small-41845-2\/","url":"https:\/\/www.voustensports.com\/fr\/rituals-giftbox-karma-small-41845-2\/","name":"RITUALS - Giftbox Karma Small (41845) - Vousten Sports","isPartOf":{"@id":"https:\/\/www.voustensports.com\/nl\/#website"},"primaryImageOfPage":{"@id":"https:\/\/www.voustensports.com\/fr\/rituals-giftbox-karma-small-41845-2\/#primaryimage"},"image":{"@id":"https:\/\/www.voustensports.com\/fr\/rituals-giftbox-karma-small-41845-2\/#primaryimage"},"thumbnailUrl":"https:\/\/www.voustensports.com\/wp-content\/uploads\/2023\/06\/RITUALS-Giftbox-Karma-Small-41845.png","datePublished":"2025-10-23T17:04:42+00:00","dateModified":"2026-04-16T11:09:06+00:00","breadcrumb":{"@id":"https:\/\/www.voustensports.com\/fr\/rituals-giftbox-karma-small-41845-2\/#breadcrumb"},"inLanguage":"fr-FR","potentialAction":[{"@type":"ReadAction","target":["https:\/\/www.voustensports.com\/fr\/rituals-giftbox-karma-small-41845-2\/"]}]},{"@type":"ImageObject","inLanguage":"fr-FR","@id":"https:\/\/www.voustensports.com\/fr\/rituals-giftbox-karma-small-41845-2\/#primaryimage","url":"https:\/\/www.voustensports.com\/wp-content\/uploads\/2023\/06\/RITUALS-Giftbox-Karma-Small-41845.png","contentUrl":"https:\/\/www.voustensports.com\/wp-content\/uploads\/2023\/06\/RITUALS-Giftbox-Karma-Small-41845.png","width":713,"height":713},{"@type":"BreadcrumbList","@id":"https:\/\/www.voustensports.com\/fr\/rituals-giftbox-karma-small-41845-2\/#breadcrumb","itemListElement":[{"@type":"ListItem","position":1,"name":"Home","item":"https:\/\/www.voustensports.com\/fr\/"},{"@type":"ListItem","position":2,"name":"Boutique","item":"https:\/\/www.voustensports.com\/fr\/shop\/"},{"@type":"ListItem","position":3,"name":"RITUALS &#8211; Giftbox Karma Small (41845)"}]},{"@type":"WebSite","@id":"https:\/\/www.voustensports.com\/nl\/#website","url":"https:\/\/www.voustensports.com\/nl\/","name":"Vousten Sports","description":"","potentialAction":[{"@type":"SearchAction","target":{"@type":"EntryPoint","urlTemplate":"https:\/\/www.voustensports.com\/nl\/?s={search_term_string}"},"query-input":{"@type":"PropertyValueSpecification","valueRequired":true,"valueName":"search_term_string"}}],"inLanguage":"fr-FR"}]}},"_links":{"self":[{"href":"https:\/\/www.voustensports.com\/fr\/wp-json\/wp\/v2\/product\/214719","targetHints":{"allow":["GET"]}}],"collection":[{"href":"https:\/\/www.voustensports.com\/fr\/wp-json\/wp\/v2\/product"}],"about":[{"href":"https:\/\/www.voustensports.com\/fr\/wp-json\/wp\/v2\/types\/product"}],"replies":[{"embeddable":true,"href":"https:\/\/www.voustensports.com\/fr\/wp-json\/wp\/v2\/comments?post=214719"}],"wp:featuredmedia":[{"embeddable":true,"href":"https:\/\/www.voustensports.com\/fr\/wp-json\/wp\/v2\/media\/214707"}],"wp:attachment":[{"href":"https:\/\/www.voustensports.com\/fr\/wp-json\/wp\/v2\/media?parent=214719"}],"wp:term":[{"taxonomy":"product_cat","embeddable":true,"href":"https:\/\/www.voustensports.com\/fr\/wp-json\/wp\/v2\/product_cat?post=214719"},{"taxonomy":"product_tag","embeddable":true,"href":"https:\/\/www.voustensports.com\/fr\/wp-json\/wp\/v2\/product_tag?post=214719"}],"curies":[{"name":"wp","href":"https:\/\/api.w.org\/{rel}","templated":true}]}}