{"id":214639,"date":"2025-10-23T13:45:28","date_gmt":"2025-10-23T11:45:28","guid":{"rendered":"https:\/\/www.voustensports.com\/rituals-giftbox-ayurveda-large-41834-2\/"},"modified":"2026-04-16T15:42:05","modified_gmt":"2026-04-16T13:42:05","slug":"rituals-giftbox-ayurveda-large-41834-2","status":"publish","type":"product","link":"https:\/\/www.voustensports.com\/fr\/rituals-giftbox-ayurveda-large-41834-2\/","title":{"rendered":"RITUALS &#8211; Giftbox Ayurveda Large (41834)"},"content":{"rendered":"<div id=\"paragraph-0\" class=\"XZvmkKc6\" role=\"region\" aria-labelledby=\"paragraph-0\">\n<p><strong>Description<\/strong><\/p>\n<p>C&rsquo;est le cadeau id\u00e9al pour vous-m\u00eame ou pour quelqu&rsquo;un d&rsquo;autre ! Le coffret contient une mousse de douche, une huile de douche, un spray pour les cheveux et le corps et une cr\u00e8me pour le corps. \u00c9quilibrez votre corps et votre esprit gr\u00e2ce \u00e0 ces produits apaisants et aromatiques enrichis en rose indienne et en huile d&rsquo;amande douce. La pochette est parfaite pour voyager. Utilisez-la comme trousse de toilette ou comme pochette \u00e9l\u00e9gante pour compl\u00e9ter votre tenue.<\/p>\n<p><strong>Contenu<\/strong><\/p>\n<ul>\n<li>1 X The Ritual of Ayurveda Candle 140g for Gift Sets<\/li>\n<li>1 X The Ritual of Ayurveda Hand Balm for Gift Set<\/li>\n<li>1 X The Ritual of Ayurveda Foaming Shower Gel for Gift Set<\/li>\n<li>1 X The Ritual of Ayurveda Body Cream 150ml Round<\/li>\n<li>1 X The Ritual of Ayurveda Mini Fragrance Sticks 70ml GS<\/li>\n<\/ul>\n<\/div>\n","protected":false},"excerpt":{"rendered":"<p>Description C&rsquo;est le cadeau id\u00e9al pour vous-m\u00eame ou pour quelqu&rsquo;un d&rsquo;autre ! Le coffret contient une mousse de douche, une huile de douche, un spray pour les cheveux et le corps et une cr\u00e8me pour le corps. \u00c9quilibrez votre corps et votre esprit gr\u00e2ce \u00e0 ces produits apaisants et aromatiques enrichis en rose indienne et [&#8230;]\n","protected":false},"featured_media":214627,"comment_status":"open","ping_status":"closed","template":"","meta":{"rank_math_lock_modified_date":false},"product_cat":[990,1126,1130,1198,462,793,855],"product_tag":[],"class_list":{"0":"post-214639","1":"product","2":"type-product","3":"status-publish","4":"has-post-thumbnail","6":"product_cat-gifts-2-fr","7":"product_cat-life-style-fr","8":"product_cat-rituals-fr","9":"product_cat-wonen-fr","10":"product_cat-vousten-sports-fr-2","11":"product_cat-gifts-fr","12":"product_cat-geschenken-fr","14":"first","15":"instock","16":"taxable","17":"shipping-taxable","18":"purchasable","19":"product-type-variable"},"acf":[],"yoast_head":"<!-- This site is optimized with the Yoast SEO plugin v23.9 - https:\/\/yoast.com\/wordpress\/plugins\/seo\/ -->\n<title>RITUALS - Giftbox Ayurveda Large (41834) - Vousten Sports<\/title>\n<meta name=\"robots\" content=\"index, follow, max-snippet:-1, max-image-preview:large, max-video-preview:-1\" \/>\n<link rel=\"canonical\" href=\"https:\/\/www.voustensports.com\/fr\/rituals-giftbox-ayurveda-large-41834-2\/\" \/>\n<meta property=\"og:locale\" content=\"fr_FR\" \/>\n<meta property=\"og:type\" content=\"article\" \/>\n<meta property=\"og:title\" content=\"RITUALS - Giftbox Ayurveda Large (41834) - Vousten Sports\" \/>\n<meta property=\"og:description\" content=\"Description C&rsquo;est le cadeau id\u00e9al pour vous-m\u00eame ou pour quelqu&rsquo;un d&rsquo;autre ! Le coffret contient une mousse de douche, une huile de douche, un spray pour les cheveux et le corps et une cr\u00e8me pour le corps. \u00c9quilibrez votre corps et votre esprit gr\u00e2ce \u00e0 ces produits apaisants et aromatiques enrichis en rose indienne et [...]\" \/>\n<meta property=\"og:url\" content=\"https:\/\/www.voustensports.com\/fr\/rituals-giftbox-ayurveda-large-41834-2\/\" \/>\n<meta property=\"og:site_name\" content=\"Vousten Sports\" \/>\n<meta property=\"article:modified_time\" content=\"2026-04-16T13:42:05+00:00\" \/>\n<meta property=\"og:image\" content=\"https:\/\/www.voustensports.com\/wp-content\/uploads\/2023\/06\/RITUALS-Giftbox-Ayurveda-Large-41834.png\" \/>\n\t<meta property=\"og:image:width\" content=\"713\" \/>\n\t<meta property=\"og:image:height\" content=\"713\" \/>\n\t<meta property=\"og:image:type\" content=\"image\/png\" \/>\n<meta name=\"twitter:card\" content=\"summary_large_image\" \/>\n<meta name=\"twitter:label1\" content=\"Est. reading time\" \/>\n\t<meta name=\"twitter:data1\" content=\"1 minute\" \/>\n<script type=\"application\/ld+json\" class=\"yoast-schema-graph\">{\"@context\":\"https:\/\/schema.org\",\"@graph\":[{\"@type\":\"WebPage\",\"@id\":\"https:\/\/www.voustensports.com\/fr\/rituals-giftbox-ayurveda-large-41834-2\/\",\"url\":\"https:\/\/www.voustensports.com\/fr\/rituals-giftbox-ayurveda-large-41834-2\/\",\"name\":\"RITUALS - Giftbox Ayurveda Large (41834) - Vousten Sports\",\"isPartOf\":{\"@id\":\"https:\/\/www.voustensports.com\/nl\/#website\"},\"primaryImageOfPage\":{\"@id\":\"https:\/\/www.voustensports.com\/fr\/rituals-giftbox-ayurveda-large-41834-2\/#primaryimage\"},\"image\":{\"@id\":\"https:\/\/www.voustensports.com\/fr\/rituals-giftbox-ayurveda-large-41834-2\/#primaryimage\"},\"thumbnailUrl\":\"https:\/\/www.voustensports.com\/wp-content\/uploads\/2023\/06\/RITUALS-Giftbox-Ayurveda-Large-41834.png\",\"datePublished\":\"2025-10-23T11:45:28+00:00\",\"dateModified\":\"2026-04-16T13:42:05+00:00\",\"breadcrumb\":{\"@id\":\"https:\/\/www.voustensports.com\/fr\/rituals-giftbox-ayurveda-large-41834-2\/#breadcrumb\"},\"inLanguage\":\"fr-FR\",\"potentialAction\":[{\"@type\":\"ReadAction\",\"target\":[\"https:\/\/www.voustensports.com\/fr\/rituals-giftbox-ayurveda-large-41834-2\/\"]}]},{\"@type\":\"ImageObject\",\"inLanguage\":\"fr-FR\",\"@id\":\"https:\/\/www.voustensports.com\/fr\/rituals-giftbox-ayurveda-large-41834-2\/#primaryimage\",\"url\":\"https:\/\/www.voustensports.com\/wp-content\/uploads\/2023\/06\/RITUALS-Giftbox-Ayurveda-Large-41834.png\",\"contentUrl\":\"https:\/\/www.voustensports.com\/wp-content\/uploads\/2023\/06\/RITUALS-Giftbox-Ayurveda-Large-41834.png\",\"width\":713,\"height\":713},{\"@type\":\"BreadcrumbList\",\"@id\":\"https:\/\/www.voustensports.com\/fr\/rituals-giftbox-ayurveda-large-41834-2\/#breadcrumb\",\"itemListElement\":[{\"@type\":\"ListItem\",\"position\":1,\"name\":\"Home\",\"item\":\"https:\/\/www.voustensports.com\/fr\/\"},{\"@type\":\"ListItem\",\"position\":2,\"name\":\"Boutique\",\"item\":\"https:\/\/www.voustensports.com\/fr\/shop\/\"},{\"@type\":\"ListItem\",\"position\":3,\"name\":\"RITUALS &#8211; Giftbox Ayurveda Large (41834)\"}]},{\"@type\":\"WebSite\",\"@id\":\"https:\/\/www.voustensports.com\/nl\/#website\",\"url\":\"https:\/\/www.voustensports.com\/nl\/\",\"name\":\"Vousten Sports\",\"description\":\"\",\"potentialAction\":[{\"@type\":\"SearchAction\",\"target\":{\"@type\":\"EntryPoint\",\"urlTemplate\":\"https:\/\/www.voustensports.com\/nl\/?s={search_term_string}\"},\"query-input\":{\"@type\":\"PropertyValueSpecification\",\"valueRequired\":true,\"valueName\":\"search_term_string\"}}],\"inLanguage\":\"fr-FR\"}]}<\/script>\n<!-- \/ Yoast SEO plugin. -->","yoast_head_json":{"title":"RITUALS - Giftbox Ayurveda Large (41834) - Vousten Sports","robots":{"index":"index","follow":"follow","max-snippet":"max-snippet:-1","max-image-preview":"max-image-preview:large","max-video-preview":"max-video-preview:-1"},"canonical":"https:\/\/www.voustensports.com\/fr\/rituals-giftbox-ayurveda-large-41834-2\/","og_locale":"fr_FR","og_type":"article","og_title":"RITUALS - Giftbox Ayurveda Large (41834) - Vousten Sports","og_description":"Description C&rsquo;est le cadeau id\u00e9al pour vous-m\u00eame ou pour quelqu&rsquo;un d&rsquo;autre ! Le coffret contient une mousse de douche, une huile de douche, un spray pour les cheveux et le corps et une cr\u00e8me pour le corps. \u00c9quilibrez votre corps et votre esprit gr\u00e2ce \u00e0 ces produits apaisants et aromatiques enrichis en rose indienne et [...]","og_url":"https:\/\/www.voustensports.com\/fr\/rituals-giftbox-ayurveda-large-41834-2\/","og_site_name":"Vousten Sports","article_modified_time":"2026-04-16T13:42:05+00:00","og_image":[{"width":713,"height":713,"url":"https:\/\/www.voustensports.com\/wp-content\/uploads\/2023\/06\/RITUALS-Giftbox-Ayurveda-Large-41834.png","type":"image\/png"}],"twitter_card":"summary_large_image","twitter_misc":{"Est. reading time":"1 minute"},"schema":{"@context":"https:\/\/schema.org","@graph":[{"@type":"WebPage","@id":"https:\/\/www.voustensports.com\/fr\/rituals-giftbox-ayurveda-large-41834-2\/","url":"https:\/\/www.voustensports.com\/fr\/rituals-giftbox-ayurveda-large-41834-2\/","name":"RITUALS - Giftbox Ayurveda Large (41834) - Vousten Sports","isPartOf":{"@id":"https:\/\/www.voustensports.com\/nl\/#website"},"primaryImageOfPage":{"@id":"https:\/\/www.voustensports.com\/fr\/rituals-giftbox-ayurveda-large-41834-2\/#primaryimage"},"image":{"@id":"https:\/\/www.voustensports.com\/fr\/rituals-giftbox-ayurveda-large-41834-2\/#primaryimage"},"thumbnailUrl":"https:\/\/www.voustensports.com\/wp-content\/uploads\/2023\/06\/RITUALS-Giftbox-Ayurveda-Large-41834.png","datePublished":"2025-10-23T11:45:28+00:00","dateModified":"2026-04-16T13:42:05+00:00","breadcrumb":{"@id":"https:\/\/www.voustensports.com\/fr\/rituals-giftbox-ayurveda-large-41834-2\/#breadcrumb"},"inLanguage":"fr-FR","potentialAction":[{"@type":"ReadAction","target":["https:\/\/www.voustensports.com\/fr\/rituals-giftbox-ayurveda-large-41834-2\/"]}]},{"@type":"ImageObject","inLanguage":"fr-FR","@id":"https:\/\/www.voustensports.com\/fr\/rituals-giftbox-ayurveda-large-41834-2\/#primaryimage","url":"https:\/\/www.voustensports.com\/wp-content\/uploads\/2023\/06\/RITUALS-Giftbox-Ayurveda-Large-41834.png","contentUrl":"https:\/\/www.voustensports.com\/wp-content\/uploads\/2023\/06\/RITUALS-Giftbox-Ayurveda-Large-41834.png","width":713,"height":713},{"@type":"BreadcrumbList","@id":"https:\/\/www.voustensports.com\/fr\/rituals-giftbox-ayurveda-large-41834-2\/#breadcrumb","itemListElement":[{"@type":"ListItem","position":1,"name":"Home","item":"https:\/\/www.voustensports.com\/fr\/"},{"@type":"ListItem","position":2,"name":"Boutique","item":"https:\/\/www.voustensports.com\/fr\/shop\/"},{"@type":"ListItem","position":3,"name":"RITUALS &#8211; Giftbox Ayurveda Large (41834)"}]},{"@type":"WebSite","@id":"https:\/\/www.voustensports.com\/nl\/#website","url":"https:\/\/www.voustensports.com\/nl\/","name":"Vousten Sports","description":"","potentialAction":[{"@type":"SearchAction","target":{"@type":"EntryPoint","urlTemplate":"https:\/\/www.voustensports.com\/nl\/?s={search_term_string}"},"query-input":{"@type":"PropertyValueSpecification","valueRequired":true,"valueName":"search_term_string"}}],"inLanguage":"fr-FR"}]}},"_links":{"self":[{"href":"https:\/\/www.voustensports.com\/fr\/wp-json\/wp\/v2\/product\/214639","targetHints":{"allow":["GET"]}}],"collection":[{"href":"https:\/\/www.voustensports.com\/fr\/wp-json\/wp\/v2\/product"}],"about":[{"href":"https:\/\/www.voustensports.com\/fr\/wp-json\/wp\/v2\/types\/product"}],"replies":[{"embeddable":true,"href":"https:\/\/www.voustensports.com\/fr\/wp-json\/wp\/v2\/comments?post=214639"}],"wp:featuredmedia":[{"embeddable":true,"href":"https:\/\/www.voustensports.com\/fr\/wp-json\/wp\/v2\/media\/214627"}],"wp:attachment":[{"href":"https:\/\/www.voustensports.com\/fr\/wp-json\/wp\/v2\/media?parent=214639"}],"wp:term":[{"taxonomy":"product_cat","embeddable":true,"href":"https:\/\/www.voustensports.com\/fr\/wp-json\/wp\/v2\/product_cat?post=214639"},{"taxonomy":"product_tag","embeddable":true,"href":"https:\/\/www.voustensports.com\/fr\/wp-json\/wp\/v2\/product_tag?post=214639"}],"curies":[{"name":"wp","href":"https:\/\/api.w.org\/{rel}","templated":true}]}}