{"id":214559,"date":"2025-10-22T15:09:08","date_gmt":"2025-10-22T13:09:08","guid":{"rendered":"https:\/\/www.voustensports.com\/flaneur-coach-jacket-blue-41459\/"},"modified":"2026-02-05T12:34:52","modified_gmt":"2026-02-05T11:34:52","slug":"flaneur-coach-jacket-blue-41459","status":"publish","type":"product","link":"https:\/\/www.voustensports.com\/fr\/flaneur-coach-jacket-blue-41459\/","title":{"rendered":"FLANEUR &#8211; Coach jacket blue (41459)"},"content":{"rendered":"<p><strong>Veste Coach Signature Fl\u00e2neur Navy<\/strong><\/p>\n<ul>\n<li>100 % nylon.<\/li>\n<li>Poches lat\u00e9rales zipp\u00e9es.<\/li>\n<li>Col et fermeture \u00e0 boutons-pression.<\/li>\n<li>Coupe classique.<\/li>\n<\/ul>\n","protected":false},"excerpt":{"rendered":"<p>Veste Coach Signature Fl\u00e2neur Navy 100 % nylon. Poches lat\u00e9rales zipp\u00e9es. Col et fermeture \u00e0 boutons-pression. Coupe classique.<\/p>\n","protected":false},"featured_media":214551,"comment_status":"open","ping_status":"closed","template":"","meta":{"rank_math_lock_modified_date":false},"product_cat":[446,450,462,701,705,739,912],"product_tag":[],"class_list":{"0":"post-214559","1":"product","2":"type-product","3":"status-publish","4":"has-post-thumbnail","6":"product_cat-kleding-fr","7":"product_cat-heren-fr","8":"product_cat-vousten-sports-fr-2","9":"product_cat-jackets-fr","10":"product_cat-jassen-jacks-fr","11":"product_cat-overshirt-fr-2","12":"product_cat-flaneur-fr","14":"first","15":"outofstock","16":"taxable","17":"shipping-taxable","18":"purchasable","19":"product-type-variable"},"acf":[],"yoast_head":"<!-- This site is optimized with the Yoast SEO plugin v23.9 - https:\/\/yoast.com\/wordpress\/plugins\/seo\/ -->\n<title>FLANEUR - Coach jacket blue (41459) - Vousten Sports<\/title>\n<meta name=\"robots\" content=\"index, follow, max-snippet:-1, max-image-preview:large, max-video-preview:-1\" \/>\n<link rel=\"canonical\" href=\"https:\/\/www.voustensports.com\/fr\/flaneur-coach-jacket-blue-41459\/\" \/>\n<meta property=\"og:locale\" content=\"fr_FR\" \/>\n<meta property=\"og:type\" content=\"article\" \/>\n<meta property=\"og:title\" content=\"FLANEUR - Coach jacket blue (41459) - Vousten Sports\" \/>\n<meta property=\"og:description\" content=\"Veste Coach Signature Fl\u00e2neur Navy 100 % nylon. Poches lat\u00e9rales zipp\u00e9es. Col et fermeture \u00e0 boutons-pression. Coupe classique.\" \/>\n<meta property=\"og:url\" content=\"https:\/\/www.voustensports.com\/fr\/flaneur-coach-jacket-blue-41459\/\" \/>\n<meta property=\"og:site_name\" content=\"Vousten Sports\" \/>\n<meta property=\"article:modified_time\" content=\"2026-02-05T11:34:52+00:00\" \/>\n<meta property=\"og:image\" content=\"https:\/\/www.voustensports.com\/wp-content\/uploads\/2023\/06\/41459-1.jpg\" \/>\n\t<meta property=\"og:image:width\" content=\"600\" \/>\n\t<meta property=\"og:image:height\" content=\"600\" \/>\n\t<meta property=\"og:image:type\" content=\"image\/jpeg\" \/>\n<meta name=\"twitter:card\" content=\"summary_large_image\" \/>\n<script type=\"application\/ld+json\" class=\"yoast-schema-graph\">{\"@context\":\"https:\/\/schema.org\",\"@graph\":[{\"@type\":\"WebPage\",\"@id\":\"https:\/\/www.voustensports.com\/fr\/flaneur-coach-jacket-blue-41459\/\",\"url\":\"https:\/\/www.voustensports.com\/fr\/flaneur-coach-jacket-blue-41459\/\",\"name\":\"FLANEUR - Coach jacket blue (41459) - Vousten Sports\",\"isPartOf\":{\"@id\":\"https:\/\/www.voustensports.com\/nl\/#website\"},\"primaryImageOfPage\":{\"@id\":\"https:\/\/www.voustensports.com\/fr\/flaneur-coach-jacket-blue-41459\/#primaryimage\"},\"image\":{\"@id\":\"https:\/\/www.voustensports.com\/fr\/flaneur-coach-jacket-blue-41459\/#primaryimage\"},\"thumbnailUrl\":\"https:\/\/www.voustensports.com\/wp-content\/uploads\/2023\/06\/41459-1.jpg\",\"datePublished\":\"2025-10-22T13:09:08+00:00\",\"dateModified\":\"2026-02-05T11:34:52+00:00\",\"breadcrumb\":{\"@id\":\"https:\/\/www.voustensports.com\/fr\/flaneur-coach-jacket-blue-41459\/#breadcrumb\"},\"inLanguage\":\"fr-FR\",\"potentialAction\":[{\"@type\":\"ReadAction\",\"target\":[\"https:\/\/www.voustensports.com\/fr\/flaneur-coach-jacket-blue-41459\/\"]}]},{\"@type\":\"ImageObject\",\"inLanguage\":\"fr-FR\",\"@id\":\"https:\/\/www.voustensports.com\/fr\/flaneur-coach-jacket-blue-41459\/#primaryimage\",\"url\":\"https:\/\/www.voustensports.com\/wp-content\/uploads\/2023\/06\/41459-1.jpg\",\"contentUrl\":\"https:\/\/www.voustensports.com\/wp-content\/uploads\/2023\/06\/41459-1.jpg\",\"width\":600,\"height\":600},{\"@type\":\"BreadcrumbList\",\"@id\":\"https:\/\/www.voustensports.com\/fr\/flaneur-coach-jacket-blue-41459\/#breadcrumb\",\"itemListElement\":[{\"@type\":\"ListItem\",\"position\":1,\"name\":\"Home\",\"item\":\"https:\/\/www.voustensports.com\/fr\/\"},{\"@type\":\"ListItem\",\"position\":2,\"name\":\"Boutique\",\"item\":\"https:\/\/www.voustensports.com\/fr\/shop\/\"},{\"@type\":\"ListItem\",\"position\":3,\"name\":\"FLANEUR &#8211; Coach jacket blue (41459)\"}]},{\"@type\":\"WebSite\",\"@id\":\"https:\/\/www.voustensports.com\/nl\/#website\",\"url\":\"https:\/\/www.voustensports.com\/nl\/\",\"name\":\"Vousten Sports\",\"description\":\"\",\"potentialAction\":[{\"@type\":\"SearchAction\",\"target\":{\"@type\":\"EntryPoint\",\"urlTemplate\":\"https:\/\/www.voustensports.com\/nl\/?s={search_term_string}\"},\"query-input\":{\"@type\":\"PropertyValueSpecification\",\"valueRequired\":true,\"valueName\":\"search_term_string\"}}],\"inLanguage\":\"fr-FR\"}]}<\/script>\n<!-- \/ Yoast SEO plugin. -->","yoast_head_json":{"title":"FLANEUR - Coach jacket blue (41459) - Vousten Sports","robots":{"index":"index","follow":"follow","max-snippet":"max-snippet:-1","max-image-preview":"max-image-preview:large","max-video-preview":"max-video-preview:-1"},"canonical":"https:\/\/www.voustensports.com\/fr\/flaneur-coach-jacket-blue-41459\/","og_locale":"fr_FR","og_type":"article","og_title":"FLANEUR - Coach jacket blue (41459) - Vousten Sports","og_description":"Veste Coach Signature Fl\u00e2neur Navy 100 % nylon. Poches lat\u00e9rales zipp\u00e9es. Col et fermeture \u00e0 boutons-pression. Coupe classique.","og_url":"https:\/\/www.voustensports.com\/fr\/flaneur-coach-jacket-blue-41459\/","og_site_name":"Vousten Sports","article_modified_time":"2026-02-05T11:34:52+00:00","og_image":[{"width":600,"height":600,"url":"https:\/\/www.voustensports.com\/wp-content\/uploads\/2023\/06\/41459-1.jpg","type":"image\/jpeg"}],"twitter_card":"summary_large_image","schema":{"@context":"https:\/\/schema.org","@graph":[{"@type":"WebPage","@id":"https:\/\/www.voustensports.com\/fr\/flaneur-coach-jacket-blue-41459\/","url":"https:\/\/www.voustensports.com\/fr\/flaneur-coach-jacket-blue-41459\/","name":"FLANEUR - Coach jacket blue (41459) - Vousten Sports","isPartOf":{"@id":"https:\/\/www.voustensports.com\/nl\/#website"},"primaryImageOfPage":{"@id":"https:\/\/www.voustensports.com\/fr\/flaneur-coach-jacket-blue-41459\/#primaryimage"},"image":{"@id":"https:\/\/www.voustensports.com\/fr\/flaneur-coach-jacket-blue-41459\/#primaryimage"},"thumbnailUrl":"https:\/\/www.voustensports.com\/wp-content\/uploads\/2023\/06\/41459-1.jpg","datePublished":"2025-10-22T13:09:08+00:00","dateModified":"2026-02-05T11:34:52+00:00","breadcrumb":{"@id":"https:\/\/www.voustensports.com\/fr\/flaneur-coach-jacket-blue-41459\/#breadcrumb"},"inLanguage":"fr-FR","potentialAction":[{"@type":"ReadAction","target":["https:\/\/www.voustensports.com\/fr\/flaneur-coach-jacket-blue-41459\/"]}]},{"@type":"ImageObject","inLanguage":"fr-FR","@id":"https:\/\/www.voustensports.com\/fr\/flaneur-coach-jacket-blue-41459\/#primaryimage","url":"https:\/\/www.voustensports.com\/wp-content\/uploads\/2023\/06\/41459-1.jpg","contentUrl":"https:\/\/www.voustensports.com\/wp-content\/uploads\/2023\/06\/41459-1.jpg","width":600,"height":600},{"@type":"BreadcrumbList","@id":"https:\/\/www.voustensports.com\/fr\/flaneur-coach-jacket-blue-41459\/#breadcrumb","itemListElement":[{"@type":"ListItem","position":1,"name":"Home","item":"https:\/\/www.voustensports.com\/fr\/"},{"@type":"ListItem","position":2,"name":"Boutique","item":"https:\/\/www.voustensports.com\/fr\/shop\/"},{"@type":"ListItem","position":3,"name":"FLANEUR &#8211; Coach jacket blue (41459)"}]},{"@type":"WebSite","@id":"https:\/\/www.voustensports.com\/nl\/#website","url":"https:\/\/www.voustensports.com\/nl\/","name":"Vousten Sports","description":"","potentialAction":[{"@type":"SearchAction","target":{"@type":"EntryPoint","urlTemplate":"https:\/\/www.voustensports.com\/nl\/?s={search_term_string}"},"query-input":{"@type":"PropertyValueSpecification","valueRequired":true,"valueName":"search_term_string"}}],"inLanguage":"fr-FR"}]}},"_links":{"self":[{"href":"https:\/\/www.voustensports.com\/fr\/wp-json\/wp\/v2\/product\/214559","targetHints":{"allow":["GET"]}}],"collection":[{"href":"https:\/\/www.voustensports.com\/fr\/wp-json\/wp\/v2\/product"}],"about":[{"href":"https:\/\/www.voustensports.com\/fr\/wp-json\/wp\/v2\/types\/product"}],"replies":[{"embeddable":true,"href":"https:\/\/www.voustensports.com\/fr\/wp-json\/wp\/v2\/comments?post=214559"}],"wp:featuredmedia":[{"embeddable":true,"href":"https:\/\/www.voustensports.com\/fr\/wp-json\/wp\/v2\/media\/214551"}],"wp:attachment":[{"href":"https:\/\/www.voustensports.com\/fr\/wp-json\/wp\/v2\/media?parent=214559"}],"wp:term":[{"taxonomy":"product_cat","embeddable":true,"href":"https:\/\/www.voustensports.com\/fr\/wp-json\/wp\/v2\/product_cat?post=214559"},{"taxonomy":"product_tag","embeddable":true,"href":"https:\/\/www.voustensports.com\/fr\/wp-json\/wp\/v2\/product_tag?post=214559"}],"curies":[{"name":"wp","href":"https:\/\/api.w.org\/{rel}","templated":true}]}}