{"id":214362,"date":"2025-10-21T15:12:30","date_gmt":"2025-10-21T13:12:30","guid":{"rendered":"https:\/\/www.voustensports.com\/santoni-romain-41828-2\/"},"modified":"2026-02-05T12:40:05","modified_gmt":"2026-02-05T11:40:05","slug":"santoni-romain-41828-2","status":"publish","type":"product","link":"https:\/\/www.voustensports.com\/fr\/santoni-romain-41828-2\/","title":{"rendered":"SANTONI &#8211; Romain (41828)"},"content":{"rendered":"<p>La Santoni Romain est une basket slip-on classique de Santoni, mais avec un mod\u00e8le haut moderne revisit\u00e9. Ce mod\u00e8le allie \u00e0 la perfection style et confort. Il est confectionn\u00e9 en daim \u00e9l\u00e9gant et dot\u00e9 d&rsquo;une languette au talon pour plus de commodit\u00e9. Une semelle en caoutchouc de la m\u00eame couleur accentue son look \u00e9pur\u00e9, tandis qu&rsquo;un d\u00e9tail contrast\u00e9 sur le profil met en valeur deux caract\u00e9ristiques stylistiques embl\u00e9matiques : la double boucle distinctive de Santoni et la couleur orange Arancio Santoni. Cette basket est grise et pr\u00e9sente des nuances noires color\u00e9es \u00e0 la main.<\/p>\n<p>&nbsp;<\/p>\n<ul>\n<li>Largeur : standard \u00e0 large<\/li>\n<li>Fermeture : aucune<\/li>\n<li>D\u00e9tail : coutures d\u00e9coratives<\/li>\n<li>Ext\u00e9rieur : cuir su\u00e9d\u00e9<\/li>\n<li>Int\u00e9rieur : cuir<\/li>\n<li>Semelle : caoutchouc<\/li>\n<li>Taille standard<\/li>\n<li>Ceinture assortie disponible<\/li>\n<li>Ces chaussures Santoni sont fabriqu\u00e9es \u00e0 la main en Italie.<\/li>\n<\/ul>\n<p>Livr\u00e9es dans leur bo\u00eete Santoni d&rsquo;origine, avec des sacs en tissu assortis.<\/p>\n","protected":false},"excerpt":{"rendered":"<p>La Santoni Romain est une basket slip-on classique de Santoni, mais avec un mod\u00e8le haut moderne revisit\u00e9. Ce mod\u00e8le allie \u00e0 la perfection style et confort. Il est confectionn\u00e9 en daim \u00e9l\u00e9gant et dot\u00e9 d&rsquo;une languette au talon pour plus de commodit\u00e9. Une semelle en caoutchouc de la m\u00eame couleur accentue son look \u00e9pur\u00e9, tandis [&#8230;]\n","protected":false},"featured_media":214328,"comment_status":"open","ping_status":"closed","template":"","meta":{"rank_math_lock_modified_date":false},"product_cat":[450,462,522,526,530,650,722,950,1012],"product_tag":[],"class_list":{"0":"post-214362","1":"product","2":"type-product","3":"status-publish","4":"has-post-thumbnail","6":"product_cat-heren-fr","7":"product_cat-vousten-sports-fr-2","8":"product_cat-schoenen-fr-2","9":"product_cat-sneakers-fr-2","10":"product_cat-herenschoenen-fr","11":"product_cat-santoni-fr-2","12":"product_cat-hoge-santoni-sneakers-fr","13":"product_cat-boots-fr","14":"product_cat-sneakers-instap-fr","16":"first","17":"instock","18":"taxable","19":"shipping-taxable","20":"purchasable","21":"product-type-variable"},"acf":[],"yoast_head":"<!-- This site is optimized with the Yoast SEO plugin v23.9 - https:\/\/yoast.com\/wordpress\/plugins\/seo\/ -->\n<title>SANTONI - Romain (41828) - Vousten Sports<\/title>\n<meta name=\"robots\" content=\"index, follow, max-snippet:-1, max-image-preview:large, max-video-preview:-1\" \/>\n<link rel=\"canonical\" href=\"https:\/\/www.voustensports.com\/fr\/santoni-romain-41828-2\/\" \/>\n<meta property=\"og:locale\" content=\"fr_FR\" \/>\n<meta property=\"og:type\" content=\"article\" \/>\n<meta property=\"og:title\" content=\"SANTONI - Romain (41828) - Vousten Sports\" \/>\n<meta property=\"og:description\" content=\"La Santoni Romain est une basket slip-on classique de Santoni, mais avec un mod\u00e8le haut moderne revisit\u00e9. Ce mod\u00e8le allie \u00e0 la perfection style et confort. Il est confectionn\u00e9 en daim \u00e9l\u00e9gant et dot\u00e9 d&rsquo;une languette au talon pour plus de commodit\u00e9. Une semelle en caoutchouc de la m\u00eame couleur accentue son look \u00e9pur\u00e9, tandis [...]\" \/>\n<meta property=\"og:url\" content=\"https:\/\/www.voustensports.com\/fr\/santoni-romain-41828-2\/\" \/>\n<meta property=\"og:site_name\" content=\"Vousten Sports\" \/>\n<meta property=\"article:modified_time\" content=\"2026-02-05T11:40:05+00:00\" \/>\n<meta property=\"og:image\" content=\"https:\/\/www.voustensports.com\/wp-content\/uploads\/2023\/06\/Santoni-Romain-41828.png\" \/>\n\t<meta property=\"og:image:width\" content=\"1550\" \/>\n\t<meta property=\"og:image:height\" content=\"1800\" \/>\n\t<meta property=\"og:image:type\" content=\"image\/png\" \/>\n<meta name=\"twitter:card\" content=\"summary_large_image\" \/>\n<meta name=\"twitter:label1\" content=\"Est. reading time\" \/>\n\t<meta name=\"twitter:data1\" content=\"1 minute\" \/>\n<script type=\"application\/ld+json\" class=\"yoast-schema-graph\">{\"@context\":\"https:\/\/schema.org\",\"@graph\":[{\"@type\":\"WebPage\",\"@id\":\"https:\/\/www.voustensports.com\/fr\/santoni-romain-41828-2\/\",\"url\":\"https:\/\/www.voustensports.com\/fr\/santoni-romain-41828-2\/\",\"name\":\"SANTONI - Romain (41828) - Vousten Sports\",\"isPartOf\":{\"@id\":\"https:\/\/www.voustensports.com\/nl\/#website\"},\"primaryImageOfPage\":{\"@id\":\"https:\/\/www.voustensports.com\/fr\/santoni-romain-41828-2\/#primaryimage\"},\"image\":{\"@id\":\"https:\/\/www.voustensports.com\/fr\/santoni-romain-41828-2\/#primaryimage\"},\"thumbnailUrl\":\"https:\/\/www.voustensports.com\/wp-content\/uploads\/2023\/06\/Santoni-Romain-41828.png\",\"datePublished\":\"2025-10-21T13:12:30+00:00\",\"dateModified\":\"2026-02-05T11:40:05+00:00\",\"breadcrumb\":{\"@id\":\"https:\/\/www.voustensports.com\/fr\/santoni-romain-41828-2\/#breadcrumb\"},\"inLanguage\":\"fr-FR\",\"potentialAction\":[{\"@type\":\"ReadAction\",\"target\":[\"https:\/\/www.voustensports.com\/fr\/santoni-romain-41828-2\/\"]}]},{\"@type\":\"ImageObject\",\"inLanguage\":\"fr-FR\",\"@id\":\"https:\/\/www.voustensports.com\/fr\/santoni-romain-41828-2\/#primaryimage\",\"url\":\"https:\/\/www.voustensports.com\/wp-content\/uploads\/2023\/06\/Santoni-Romain-41828.png\",\"contentUrl\":\"https:\/\/www.voustensports.com\/wp-content\/uploads\/2023\/06\/Santoni-Romain-41828.png\",\"width\":1550,\"height\":1800},{\"@type\":\"BreadcrumbList\",\"@id\":\"https:\/\/www.voustensports.com\/fr\/santoni-romain-41828-2\/#breadcrumb\",\"itemListElement\":[{\"@type\":\"ListItem\",\"position\":1,\"name\":\"Home\",\"item\":\"https:\/\/www.voustensports.com\/fr\/\"},{\"@type\":\"ListItem\",\"position\":2,\"name\":\"Boutique\",\"item\":\"https:\/\/www.voustensports.com\/fr\/shop\/\"},{\"@type\":\"ListItem\",\"position\":3,\"name\":\"SANTONI &#8211; Romain (41828)\"}]},{\"@type\":\"WebSite\",\"@id\":\"https:\/\/www.voustensports.com\/nl\/#website\",\"url\":\"https:\/\/www.voustensports.com\/nl\/\",\"name\":\"Vousten Sports\",\"description\":\"\",\"potentialAction\":[{\"@type\":\"SearchAction\",\"target\":{\"@type\":\"EntryPoint\",\"urlTemplate\":\"https:\/\/www.voustensports.com\/nl\/?s={search_term_string}\"},\"query-input\":{\"@type\":\"PropertyValueSpecification\",\"valueRequired\":true,\"valueName\":\"search_term_string\"}}],\"inLanguage\":\"fr-FR\"}]}<\/script>\n<!-- \/ Yoast SEO plugin. -->","yoast_head_json":{"title":"SANTONI - Romain (41828) - Vousten Sports","robots":{"index":"index","follow":"follow","max-snippet":"max-snippet:-1","max-image-preview":"max-image-preview:large","max-video-preview":"max-video-preview:-1"},"canonical":"https:\/\/www.voustensports.com\/fr\/santoni-romain-41828-2\/","og_locale":"fr_FR","og_type":"article","og_title":"SANTONI - Romain (41828) - Vousten Sports","og_description":"La Santoni Romain est une basket slip-on classique de Santoni, mais avec un mod\u00e8le haut moderne revisit\u00e9. Ce mod\u00e8le allie \u00e0 la perfection style et confort. Il est confectionn\u00e9 en daim \u00e9l\u00e9gant et dot\u00e9 d&rsquo;une languette au talon pour plus de commodit\u00e9. Une semelle en caoutchouc de la m\u00eame couleur accentue son look \u00e9pur\u00e9, tandis [...]","og_url":"https:\/\/www.voustensports.com\/fr\/santoni-romain-41828-2\/","og_site_name":"Vousten Sports","article_modified_time":"2026-02-05T11:40:05+00:00","og_image":[{"width":1550,"height":1800,"url":"https:\/\/www.voustensports.com\/wp-content\/uploads\/2023\/06\/Santoni-Romain-41828.png","type":"image\/png"}],"twitter_card":"summary_large_image","twitter_misc":{"Est. reading time":"1 minute"},"schema":{"@context":"https:\/\/schema.org","@graph":[{"@type":"WebPage","@id":"https:\/\/www.voustensports.com\/fr\/santoni-romain-41828-2\/","url":"https:\/\/www.voustensports.com\/fr\/santoni-romain-41828-2\/","name":"SANTONI - Romain (41828) - Vousten Sports","isPartOf":{"@id":"https:\/\/www.voustensports.com\/nl\/#website"},"primaryImageOfPage":{"@id":"https:\/\/www.voustensports.com\/fr\/santoni-romain-41828-2\/#primaryimage"},"image":{"@id":"https:\/\/www.voustensports.com\/fr\/santoni-romain-41828-2\/#primaryimage"},"thumbnailUrl":"https:\/\/www.voustensports.com\/wp-content\/uploads\/2023\/06\/Santoni-Romain-41828.png","datePublished":"2025-10-21T13:12:30+00:00","dateModified":"2026-02-05T11:40:05+00:00","breadcrumb":{"@id":"https:\/\/www.voustensports.com\/fr\/santoni-romain-41828-2\/#breadcrumb"},"inLanguage":"fr-FR","potentialAction":[{"@type":"ReadAction","target":["https:\/\/www.voustensports.com\/fr\/santoni-romain-41828-2\/"]}]},{"@type":"ImageObject","inLanguage":"fr-FR","@id":"https:\/\/www.voustensports.com\/fr\/santoni-romain-41828-2\/#primaryimage","url":"https:\/\/www.voustensports.com\/wp-content\/uploads\/2023\/06\/Santoni-Romain-41828.png","contentUrl":"https:\/\/www.voustensports.com\/wp-content\/uploads\/2023\/06\/Santoni-Romain-41828.png","width":1550,"height":1800},{"@type":"BreadcrumbList","@id":"https:\/\/www.voustensports.com\/fr\/santoni-romain-41828-2\/#breadcrumb","itemListElement":[{"@type":"ListItem","position":1,"name":"Home","item":"https:\/\/www.voustensports.com\/fr\/"},{"@type":"ListItem","position":2,"name":"Boutique","item":"https:\/\/www.voustensports.com\/fr\/shop\/"},{"@type":"ListItem","position":3,"name":"SANTONI &#8211; Romain (41828)"}]},{"@type":"WebSite","@id":"https:\/\/www.voustensports.com\/nl\/#website","url":"https:\/\/www.voustensports.com\/nl\/","name":"Vousten Sports","description":"","potentialAction":[{"@type":"SearchAction","target":{"@type":"EntryPoint","urlTemplate":"https:\/\/www.voustensports.com\/nl\/?s={search_term_string}"},"query-input":{"@type":"PropertyValueSpecification","valueRequired":true,"valueName":"search_term_string"}}],"inLanguage":"fr-FR"}]}},"_links":{"self":[{"href":"https:\/\/www.voustensports.com\/fr\/wp-json\/wp\/v2\/product\/214362","targetHints":{"allow":["GET"]}}],"collection":[{"href":"https:\/\/www.voustensports.com\/fr\/wp-json\/wp\/v2\/product"}],"about":[{"href":"https:\/\/www.voustensports.com\/fr\/wp-json\/wp\/v2\/types\/product"}],"replies":[{"embeddable":true,"href":"https:\/\/www.voustensports.com\/fr\/wp-json\/wp\/v2\/comments?post=214362"}],"wp:featuredmedia":[{"embeddable":true,"href":"https:\/\/www.voustensports.com\/fr\/wp-json\/wp\/v2\/media\/214328"}],"wp:attachment":[{"href":"https:\/\/www.voustensports.com\/fr\/wp-json\/wp\/v2\/media?parent=214362"}],"wp:term":[{"taxonomy":"product_cat","embeddable":true,"href":"https:\/\/www.voustensports.com\/fr\/wp-json\/wp\/v2\/product_cat?post=214362"},{"taxonomy":"product_tag","embeddable":true,"href":"https:\/\/www.voustensports.com\/fr\/wp-json\/wp\/v2\/product_tag?post=214362"}],"curies":[{"name":"wp","href":"https:\/\/api.w.org\/{rel}","templated":true}]}}