{"id":213555,"date":"2025-10-18T08:15:09","date_gmt":"2025-10-18T06:15:09","guid":{"rendered":"https:\/\/www.voustensports.com\/john-miller-hyperstretch-shirt-grey-41593\/"},"modified":"2026-02-16T03:54:25","modified_gmt":"2026-02-16T02:54:25","slug":"john-miller-hyperstretch-shirt-grey-41593","status":"publish","type":"product","link":"https:\/\/www.voustensports.com\/fr\/john-miller-hyperstretch-shirt-grey-41593\/","title":{"rendered":"JOHN MILLER- Hyperstretch Shirt Vert clair \/ gris (41593)"},"content":{"rendered":"<p>Cette chemise slim fit vert\/gris est con\u00e7ue dans une qualit\u00e9 hyper stretch. Les chemises slim fit John Miller ont une coupe ajust\u00e9e qui souligne la silhouette. La qualit\u00e9 hyper stretch du tissu vous offre un confort \u00e9l\u00e9gant.<\/p>\n<p>D\u00e9tails du produit<\/p>\n<ul>\n<li>Coupe slim<\/li>\n<li>Couleur<\/li>\n<li>Gris\/vert<\/li>\n<li>Manches longues<\/li>\n<li>Col italien<\/li>\n<li>Poignets simples<\/li>\n<\/ul>\n<p>Composition du tissu<\/p>\n<ul>\n<li>89 % polyamide, 11 % \u00e9lasthanne<\/li>\n<li>Hyperstretch<\/li>\n<li>5142460-260-000-000<\/li>\n<\/ul>\n","protected":false},"excerpt":{"rendered":"<p>Cette chemise slim fit vert\/gris est con\u00e7ue dans une qualit\u00e9 hyper stretch. Les chemises slim fit John Miller ont une coupe ajust\u00e9e qui souligne la silhouette. La qualit\u00e9 hyper stretch du tissu vous offre un confort \u00e9l\u00e9gant. D\u00e9tails du produit Coupe slim Couleur Gris\/vert Manches longues Col italien Poignets simples Composition du tissu 89 % [&#8230;]\n","protected":false},"featured_media":213545,"comment_status":"open","ping_status":"closed","template":"","meta":{"rank_math_lock_modified_date":false},"product_cat":[891,920,446,450,462],"product_tag":[],"class_list":{"0":"post-213555","1":"product","2":"type-product","3":"status-publish","4":"has-post-thumbnail","6":"product_cat-overhemd-blouse-fr","7":"product_cat-john-miller-fr","8":"product_cat-kleding-fr","9":"product_cat-heren-fr","10":"product_cat-vousten-sports-fr-2","12":"first","13":"instock","14":"taxable","15":"shipping-taxable","16":"purchasable","17":"product-type-variable"},"acf":[],"yoast_head":"<!-- This site is optimized with the Yoast SEO plugin v23.9 - https:\/\/yoast.com\/wordpress\/plugins\/seo\/ -->\n<title>JOHN MILLER- Hyperstretch Shirt Vert clair \/ gris (41593) - Vousten Sports<\/title>\n<meta name=\"robots\" content=\"index, follow, max-snippet:-1, max-image-preview:large, max-video-preview:-1\" \/>\n<link rel=\"canonical\" href=\"https:\/\/www.voustensports.com\/fr\/john-miller-hyperstretch-shirt-grey-41593\/\" \/>\n<meta property=\"og:locale\" content=\"fr_FR\" \/>\n<meta property=\"og:type\" content=\"article\" \/>\n<meta property=\"og:title\" content=\"JOHN MILLER- Hyperstretch Shirt Vert clair \/ gris (41593) - Vousten Sports\" \/>\n<meta property=\"og:description\" content=\"Cette chemise slim fit vert\/gris est con\u00e7ue dans une qualit\u00e9 hyper stretch. Les chemises slim fit John Miller ont une coupe ajust\u00e9e qui souligne la silhouette. La qualit\u00e9 hyper stretch du tissu vous offre un confort \u00e9l\u00e9gant. D\u00e9tails du produit Coupe slim Couleur Gris\/vert Manches longues Col italien Poignets simples Composition du tissu 89 % [...]\" \/>\n<meta property=\"og:url\" content=\"https:\/\/www.voustensports.com\/fr\/john-miller-hyperstretch-shirt-grey-41593\/\" \/>\n<meta property=\"og:site_name\" content=\"Vousten Sports\" \/>\n<meta property=\"article:modified_time\" content=\"2026-02-16T02:54:25+00:00\" \/>\n<meta property=\"og:image\" content=\"https:\/\/www.voustensports.com\/wp-content\/uploads\/2023\/06\/41593-2.jpg\" \/>\n\t<meta property=\"og:image:width\" content=\"500\" \/>\n\t<meta property=\"og:image:height\" content=\"750\" \/>\n\t<meta property=\"og:image:type\" content=\"image\/jpeg\" \/>\n<meta name=\"twitter:card\" content=\"summary_large_image\" \/>\n<script type=\"application\/ld+json\" class=\"yoast-schema-graph\">{\"@context\":\"https:\/\/schema.org\",\"@graph\":[{\"@type\":\"WebPage\",\"@id\":\"https:\/\/www.voustensports.com\/fr\/john-miller-hyperstretch-shirt-grey-41593\/\",\"url\":\"https:\/\/www.voustensports.com\/fr\/john-miller-hyperstretch-shirt-grey-41593\/\",\"name\":\"JOHN MILLER- Hyperstretch Shirt Vert clair \/ gris (41593) - Vousten Sports\",\"isPartOf\":{\"@id\":\"https:\/\/www.voustensports.com\/nl\/#website\"},\"primaryImageOfPage\":{\"@id\":\"https:\/\/www.voustensports.com\/fr\/john-miller-hyperstretch-shirt-grey-41593\/#primaryimage\"},\"image\":{\"@id\":\"https:\/\/www.voustensports.com\/fr\/john-miller-hyperstretch-shirt-grey-41593\/#primaryimage\"},\"thumbnailUrl\":\"https:\/\/www.voustensports.com\/wp-content\/uploads\/2023\/06\/41593-2.jpg\",\"datePublished\":\"2025-10-18T06:15:09+00:00\",\"dateModified\":\"2026-02-16T02:54:25+00:00\",\"breadcrumb\":{\"@id\":\"https:\/\/www.voustensports.com\/fr\/john-miller-hyperstretch-shirt-grey-41593\/#breadcrumb\"},\"inLanguage\":\"fr-FR\",\"potentialAction\":[{\"@type\":\"ReadAction\",\"target\":[\"https:\/\/www.voustensports.com\/fr\/john-miller-hyperstretch-shirt-grey-41593\/\"]}]},{\"@type\":\"ImageObject\",\"inLanguage\":\"fr-FR\",\"@id\":\"https:\/\/www.voustensports.com\/fr\/john-miller-hyperstretch-shirt-grey-41593\/#primaryimage\",\"url\":\"https:\/\/www.voustensports.com\/wp-content\/uploads\/2023\/06\/41593-2.jpg\",\"contentUrl\":\"https:\/\/www.voustensports.com\/wp-content\/uploads\/2023\/06\/41593-2.jpg\",\"width\":500,\"height\":750},{\"@type\":\"BreadcrumbList\",\"@id\":\"https:\/\/www.voustensports.com\/fr\/john-miller-hyperstretch-shirt-grey-41593\/#breadcrumb\",\"itemListElement\":[{\"@type\":\"ListItem\",\"position\":1,\"name\":\"Home\",\"item\":\"https:\/\/www.voustensports.com\/fr\/\"},{\"@type\":\"ListItem\",\"position\":2,\"name\":\"Boutique\",\"item\":\"https:\/\/www.voustensports.com\/fr\/shop\/\"},{\"@type\":\"ListItem\",\"position\":3,\"name\":\"JOHN MILLER- Hyperstretch Shirt Vert clair \/ gris (41593)\"}]},{\"@type\":\"WebSite\",\"@id\":\"https:\/\/www.voustensports.com\/nl\/#website\",\"url\":\"https:\/\/www.voustensports.com\/nl\/\",\"name\":\"Vousten Sports\",\"description\":\"\",\"potentialAction\":[{\"@type\":\"SearchAction\",\"target\":{\"@type\":\"EntryPoint\",\"urlTemplate\":\"https:\/\/www.voustensports.com\/nl\/?s={search_term_string}\"},\"query-input\":{\"@type\":\"PropertyValueSpecification\",\"valueRequired\":true,\"valueName\":\"search_term_string\"}}],\"inLanguage\":\"fr-FR\"}]}<\/script>\n<!-- \/ Yoast SEO plugin. -->","yoast_head_json":{"title":"JOHN MILLER- Hyperstretch Shirt Vert clair \/ gris (41593) - Vousten Sports","robots":{"index":"index","follow":"follow","max-snippet":"max-snippet:-1","max-image-preview":"max-image-preview:large","max-video-preview":"max-video-preview:-1"},"canonical":"https:\/\/www.voustensports.com\/fr\/john-miller-hyperstretch-shirt-grey-41593\/","og_locale":"fr_FR","og_type":"article","og_title":"JOHN MILLER- Hyperstretch Shirt Vert clair \/ gris (41593) - Vousten Sports","og_description":"Cette chemise slim fit vert\/gris est con\u00e7ue dans une qualit\u00e9 hyper stretch. Les chemises slim fit John Miller ont une coupe ajust\u00e9e qui souligne la silhouette. La qualit\u00e9 hyper stretch du tissu vous offre un confort \u00e9l\u00e9gant. D\u00e9tails du produit Coupe slim Couleur Gris\/vert Manches longues Col italien Poignets simples Composition du tissu 89 % [...]","og_url":"https:\/\/www.voustensports.com\/fr\/john-miller-hyperstretch-shirt-grey-41593\/","og_site_name":"Vousten Sports","article_modified_time":"2026-02-16T02:54:25+00:00","og_image":[{"width":500,"height":750,"url":"https:\/\/www.voustensports.com\/wp-content\/uploads\/2023\/06\/41593-2.jpg","type":"image\/jpeg"}],"twitter_card":"summary_large_image","schema":{"@context":"https:\/\/schema.org","@graph":[{"@type":"WebPage","@id":"https:\/\/www.voustensports.com\/fr\/john-miller-hyperstretch-shirt-grey-41593\/","url":"https:\/\/www.voustensports.com\/fr\/john-miller-hyperstretch-shirt-grey-41593\/","name":"JOHN MILLER- Hyperstretch Shirt Vert clair \/ gris (41593) - Vousten Sports","isPartOf":{"@id":"https:\/\/www.voustensports.com\/nl\/#website"},"primaryImageOfPage":{"@id":"https:\/\/www.voustensports.com\/fr\/john-miller-hyperstretch-shirt-grey-41593\/#primaryimage"},"image":{"@id":"https:\/\/www.voustensports.com\/fr\/john-miller-hyperstretch-shirt-grey-41593\/#primaryimage"},"thumbnailUrl":"https:\/\/www.voustensports.com\/wp-content\/uploads\/2023\/06\/41593-2.jpg","datePublished":"2025-10-18T06:15:09+00:00","dateModified":"2026-02-16T02:54:25+00:00","breadcrumb":{"@id":"https:\/\/www.voustensports.com\/fr\/john-miller-hyperstretch-shirt-grey-41593\/#breadcrumb"},"inLanguage":"fr-FR","potentialAction":[{"@type":"ReadAction","target":["https:\/\/www.voustensports.com\/fr\/john-miller-hyperstretch-shirt-grey-41593\/"]}]},{"@type":"ImageObject","inLanguage":"fr-FR","@id":"https:\/\/www.voustensports.com\/fr\/john-miller-hyperstretch-shirt-grey-41593\/#primaryimage","url":"https:\/\/www.voustensports.com\/wp-content\/uploads\/2023\/06\/41593-2.jpg","contentUrl":"https:\/\/www.voustensports.com\/wp-content\/uploads\/2023\/06\/41593-2.jpg","width":500,"height":750},{"@type":"BreadcrumbList","@id":"https:\/\/www.voustensports.com\/fr\/john-miller-hyperstretch-shirt-grey-41593\/#breadcrumb","itemListElement":[{"@type":"ListItem","position":1,"name":"Home","item":"https:\/\/www.voustensports.com\/fr\/"},{"@type":"ListItem","position":2,"name":"Boutique","item":"https:\/\/www.voustensports.com\/fr\/shop\/"},{"@type":"ListItem","position":3,"name":"JOHN MILLER- Hyperstretch Shirt Vert clair \/ gris (41593)"}]},{"@type":"WebSite","@id":"https:\/\/www.voustensports.com\/nl\/#website","url":"https:\/\/www.voustensports.com\/nl\/","name":"Vousten Sports","description":"","potentialAction":[{"@type":"SearchAction","target":{"@type":"EntryPoint","urlTemplate":"https:\/\/www.voustensports.com\/nl\/?s={search_term_string}"},"query-input":{"@type":"PropertyValueSpecification","valueRequired":true,"valueName":"search_term_string"}}],"inLanguage":"fr-FR"}]}},"_links":{"self":[{"href":"https:\/\/www.voustensports.com\/fr\/wp-json\/wp\/v2\/product\/213555","targetHints":{"allow":["GET"]}}],"collection":[{"href":"https:\/\/www.voustensports.com\/fr\/wp-json\/wp\/v2\/product"}],"about":[{"href":"https:\/\/www.voustensports.com\/fr\/wp-json\/wp\/v2\/types\/product"}],"replies":[{"embeddable":true,"href":"https:\/\/www.voustensports.com\/fr\/wp-json\/wp\/v2\/comments?post=213555"}],"wp:featuredmedia":[{"embeddable":true,"href":"https:\/\/www.voustensports.com\/fr\/wp-json\/wp\/v2\/media\/213545"}],"wp:attachment":[{"href":"https:\/\/www.voustensports.com\/fr\/wp-json\/wp\/v2\/media?parent=213555"}],"wp:term":[{"taxonomy":"product_cat","embeddable":true,"href":"https:\/\/www.voustensports.com\/fr\/wp-json\/wp\/v2\/product_cat?post=213555"},{"taxonomy":"product_tag","embeddable":true,"href":"https:\/\/www.voustensports.com\/fr\/wp-json\/wp\/v2\/product_tag?post=213555"}],"curies":[{"name":"wp","href":"https:\/\/api.w.org\/{rel}","templated":true}]}}