{"id":213483,"date":"2025-10-18T04:30:10","date_gmt":"2025-10-18T02:30:10","guid":{"rendered":"https:\/\/www.voustensports.com\/john-miller-hyperstretch-shirt-beige-41595\/"},"modified":"2026-04-18T15:57:24","modified_gmt":"2026-04-18T13:57:24","slug":"john-miller-hyperstretch-shirt-beige-41595","status":"publish","type":"product","link":"https:\/\/www.voustensports.com\/fr\/john-miller-hyperstretch-shirt-beige-41595\/","title":{"rendered":"JOHN MILLER &#8211; Hyperstretch Shirt Beige (41595)"},"content":{"rendered":"<p>Cette chemise slim fit beige est con\u00e7ue dans une qualit\u00e9 hyper extensible. Les chemises slim fit John Miller ont une coupe ajust\u00e9e qui souligne la silhouette. La qualit\u00e9 hyper extensible du tissu vous offre un confort \u00e9l\u00e9gant.<\/p>\n<p>D\u00e9tails du produit<\/p>\n<ul>\n<li>Coupe slim<\/li>\n<li>Couleur<\/li>\n<li>Beige<\/li>\n<li>Manches longues<\/li>\n<li>Col italien<\/li>\n<li>Poignets simples<\/li>\n<\/ul>\n<p>Composition du tissu<\/p>\n<ul>\n<li>89 % polyamide, 11 % \u00e9lasthanne<\/li>\n<li>Hyperstretch<\/li>\n<li>5142460-620-000-000<\/li>\n<\/ul>\n","protected":false},"excerpt":{"rendered":"<p>Cette chemise slim fit beige est con\u00e7ue dans une qualit\u00e9 hyper extensible. Les chemises slim fit John Miller ont une coupe ajust\u00e9e qui souligne la silhouette. La qualit\u00e9 hyper extensible du tissu vous offre un confort \u00e9l\u00e9gant. D\u00e9tails du produit Coupe slim Couleur Beige Manches longues Col italien Poignets simples Composition du tissu 89 % [&#8230;]\n","protected":false},"featured_media":213473,"comment_status":"open","ping_status":"closed","template":"","meta":{"rank_math_lock_modified_date":false},"product_cat":[446,450,462,891,920],"product_tag":[],"class_list":{"0":"post-213483","1":"product","2":"type-product","3":"status-publish","4":"has-post-thumbnail","6":"product_cat-kleding-fr","7":"product_cat-heren-fr","8":"product_cat-vousten-sports-fr-2","9":"product_cat-overhemd-blouse-fr","10":"product_cat-john-miller-fr","12":"first","13":"instock","14":"taxable","15":"shipping-taxable","16":"purchasable","17":"product-type-variable"},"acf":[],"yoast_head":"<!-- This site is optimized with the Yoast SEO plugin v23.9 - https:\/\/yoast.com\/wordpress\/plugins\/seo\/ -->\n<title>JOHN MILLER - Hyperstretch Shirt Beige (41595) - Vousten Sports<\/title>\n<meta name=\"robots\" content=\"index, follow, max-snippet:-1, max-image-preview:large, max-video-preview:-1\" \/>\n<link rel=\"canonical\" href=\"https:\/\/www.voustensports.com\/fr\/john-miller-hyperstretch-shirt-beige-41595\/\" \/>\n<meta property=\"og:locale\" content=\"fr_FR\" \/>\n<meta property=\"og:type\" content=\"article\" \/>\n<meta property=\"og:title\" content=\"JOHN MILLER - Hyperstretch Shirt Beige (41595) - Vousten Sports\" \/>\n<meta property=\"og:description\" content=\"Cette chemise slim fit beige est con\u00e7ue dans une qualit\u00e9 hyper extensible. Les chemises slim fit John Miller ont une coupe ajust\u00e9e qui souligne la silhouette. La qualit\u00e9 hyper extensible du tissu vous offre un confort \u00e9l\u00e9gant. D\u00e9tails du produit Coupe slim Couleur Beige Manches longues Col italien Poignets simples Composition du tissu 89 % [...]\" \/>\n<meta property=\"og:url\" content=\"https:\/\/www.voustensports.com\/fr\/john-miller-hyperstretch-shirt-beige-41595\/\" \/>\n<meta property=\"og:site_name\" content=\"Vousten Sports\" \/>\n<meta property=\"article:modified_time\" content=\"2026-04-18T13:57:24+00:00\" \/>\n<meta property=\"og:image\" content=\"https:\/\/www.voustensports.com\/wp-content\/uploads\/2023\/06\/41595-1.jpg\" \/>\n\t<meta property=\"og:image:width\" content=\"1280\" \/>\n\t<meta property=\"og:image:height\" content=\"1920\" \/>\n\t<meta property=\"og:image:type\" content=\"image\/jpeg\" \/>\n<meta name=\"twitter:card\" content=\"summary_large_image\" \/>\n<script type=\"application\/ld+json\" class=\"yoast-schema-graph\">{\"@context\":\"https:\/\/schema.org\",\"@graph\":[{\"@type\":\"WebPage\",\"@id\":\"https:\/\/www.voustensports.com\/fr\/john-miller-hyperstretch-shirt-beige-41595\/\",\"url\":\"https:\/\/www.voustensports.com\/fr\/john-miller-hyperstretch-shirt-beige-41595\/\",\"name\":\"JOHN MILLER - Hyperstretch Shirt Beige (41595) - Vousten Sports\",\"isPartOf\":{\"@id\":\"https:\/\/www.voustensports.com\/nl\/#website\"},\"primaryImageOfPage\":{\"@id\":\"https:\/\/www.voustensports.com\/fr\/john-miller-hyperstretch-shirt-beige-41595\/#primaryimage\"},\"image\":{\"@id\":\"https:\/\/www.voustensports.com\/fr\/john-miller-hyperstretch-shirt-beige-41595\/#primaryimage\"},\"thumbnailUrl\":\"https:\/\/www.voustensports.com\/wp-content\/uploads\/2023\/06\/41595-1.jpg\",\"datePublished\":\"2025-10-18T02:30:10+00:00\",\"dateModified\":\"2026-04-18T13:57:24+00:00\",\"breadcrumb\":{\"@id\":\"https:\/\/www.voustensports.com\/fr\/john-miller-hyperstretch-shirt-beige-41595\/#breadcrumb\"},\"inLanguage\":\"fr-FR\",\"potentialAction\":[{\"@type\":\"ReadAction\",\"target\":[\"https:\/\/www.voustensports.com\/fr\/john-miller-hyperstretch-shirt-beige-41595\/\"]}]},{\"@type\":\"ImageObject\",\"inLanguage\":\"fr-FR\",\"@id\":\"https:\/\/www.voustensports.com\/fr\/john-miller-hyperstretch-shirt-beige-41595\/#primaryimage\",\"url\":\"https:\/\/www.voustensports.com\/wp-content\/uploads\/2023\/06\/41595-1.jpg\",\"contentUrl\":\"https:\/\/www.voustensports.com\/wp-content\/uploads\/2023\/06\/41595-1.jpg\",\"width\":1280,\"height\":1920},{\"@type\":\"BreadcrumbList\",\"@id\":\"https:\/\/www.voustensports.com\/fr\/john-miller-hyperstretch-shirt-beige-41595\/#breadcrumb\",\"itemListElement\":[{\"@type\":\"ListItem\",\"position\":1,\"name\":\"Home\",\"item\":\"https:\/\/www.voustensports.com\/fr\/\"},{\"@type\":\"ListItem\",\"position\":2,\"name\":\"Boutique\",\"item\":\"https:\/\/www.voustensports.com\/fr\/shop\/\"},{\"@type\":\"ListItem\",\"position\":3,\"name\":\"JOHN MILLER &#8211; Hyperstretch Shirt Beige (41595)\"}]},{\"@type\":\"WebSite\",\"@id\":\"https:\/\/www.voustensports.com\/nl\/#website\",\"url\":\"https:\/\/www.voustensports.com\/nl\/\",\"name\":\"Vousten Sports\",\"description\":\"\",\"potentialAction\":[{\"@type\":\"SearchAction\",\"target\":{\"@type\":\"EntryPoint\",\"urlTemplate\":\"https:\/\/www.voustensports.com\/nl\/?s={search_term_string}\"},\"query-input\":{\"@type\":\"PropertyValueSpecification\",\"valueRequired\":true,\"valueName\":\"search_term_string\"}}],\"inLanguage\":\"fr-FR\"}]}<\/script>\n<!-- \/ Yoast SEO plugin. -->","yoast_head_json":{"title":"JOHN MILLER - Hyperstretch Shirt Beige (41595) - Vousten Sports","robots":{"index":"index","follow":"follow","max-snippet":"max-snippet:-1","max-image-preview":"max-image-preview:large","max-video-preview":"max-video-preview:-1"},"canonical":"https:\/\/www.voustensports.com\/fr\/john-miller-hyperstretch-shirt-beige-41595\/","og_locale":"fr_FR","og_type":"article","og_title":"JOHN MILLER - Hyperstretch Shirt Beige (41595) - Vousten Sports","og_description":"Cette chemise slim fit beige est con\u00e7ue dans une qualit\u00e9 hyper extensible. Les chemises slim fit John Miller ont une coupe ajust\u00e9e qui souligne la silhouette. La qualit\u00e9 hyper extensible du tissu vous offre un confort \u00e9l\u00e9gant. D\u00e9tails du produit Coupe slim Couleur Beige Manches longues Col italien Poignets simples Composition du tissu 89 % [...]","og_url":"https:\/\/www.voustensports.com\/fr\/john-miller-hyperstretch-shirt-beige-41595\/","og_site_name":"Vousten Sports","article_modified_time":"2026-04-18T13:57:24+00:00","og_image":[{"width":1280,"height":1920,"url":"https:\/\/www.voustensports.com\/wp-content\/uploads\/2023\/06\/41595-1.jpg","type":"image\/jpeg"}],"twitter_card":"summary_large_image","schema":{"@context":"https:\/\/schema.org","@graph":[{"@type":"WebPage","@id":"https:\/\/www.voustensports.com\/fr\/john-miller-hyperstretch-shirt-beige-41595\/","url":"https:\/\/www.voustensports.com\/fr\/john-miller-hyperstretch-shirt-beige-41595\/","name":"JOHN MILLER - Hyperstretch Shirt Beige (41595) - Vousten Sports","isPartOf":{"@id":"https:\/\/www.voustensports.com\/nl\/#website"},"primaryImageOfPage":{"@id":"https:\/\/www.voustensports.com\/fr\/john-miller-hyperstretch-shirt-beige-41595\/#primaryimage"},"image":{"@id":"https:\/\/www.voustensports.com\/fr\/john-miller-hyperstretch-shirt-beige-41595\/#primaryimage"},"thumbnailUrl":"https:\/\/www.voustensports.com\/wp-content\/uploads\/2023\/06\/41595-1.jpg","datePublished":"2025-10-18T02:30:10+00:00","dateModified":"2026-04-18T13:57:24+00:00","breadcrumb":{"@id":"https:\/\/www.voustensports.com\/fr\/john-miller-hyperstretch-shirt-beige-41595\/#breadcrumb"},"inLanguage":"fr-FR","potentialAction":[{"@type":"ReadAction","target":["https:\/\/www.voustensports.com\/fr\/john-miller-hyperstretch-shirt-beige-41595\/"]}]},{"@type":"ImageObject","inLanguage":"fr-FR","@id":"https:\/\/www.voustensports.com\/fr\/john-miller-hyperstretch-shirt-beige-41595\/#primaryimage","url":"https:\/\/www.voustensports.com\/wp-content\/uploads\/2023\/06\/41595-1.jpg","contentUrl":"https:\/\/www.voustensports.com\/wp-content\/uploads\/2023\/06\/41595-1.jpg","width":1280,"height":1920},{"@type":"BreadcrumbList","@id":"https:\/\/www.voustensports.com\/fr\/john-miller-hyperstretch-shirt-beige-41595\/#breadcrumb","itemListElement":[{"@type":"ListItem","position":1,"name":"Home","item":"https:\/\/www.voustensports.com\/fr\/"},{"@type":"ListItem","position":2,"name":"Boutique","item":"https:\/\/www.voustensports.com\/fr\/shop\/"},{"@type":"ListItem","position":3,"name":"JOHN MILLER &#8211; Hyperstretch Shirt Beige (41595)"}]},{"@type":"WebSite","@id":"https:\/\/www.voustensports.com\/nl\/#website","url":"https:\/\/www.voustensports.com\/nl\/","name":"Vousten Sports","description":"","potentialAction":[{"@type":"SearchAction","target":{"@type":"EntryPoint","urlTemplate":"https:\/\/www.voustensports.com\/nl\/?s={search_term_string}"},"query-input":{"@type":"PropertyValueSpecification","valueRequired":true,"valueName":"search_term_string"}}],"inLanguage":"fr-FR"}]}},"_links":{"self":[{"href":"https:\/\/www.voustensports.com\/fr\/wp-json\/wp\/v2\/product\/213483","targetHints":{"allow":["GET"]}}],"collection":[{"href":"https:\/\/www.voustensports.com\/fr\/wp-json\/wp\/v2\/product"}],"about":[{"href":"https:\/\/www.voustensports.com\/fr\/wp-json\/wp\/v2\/types\/product"}],"replies":[{"embeddable":true,"href":"https:\/\/www.voustensports.com\/fr\/wp-json\/wp\/v2\/comments?post=213483"}],"wp:featuredmedia":[{"embeddable":true,"href":"https:\/\/www.voustensports.com\/fr\/wp-json\/wp\/v2\/media\/213473"}],"wp:attachment":[{"href":"https:\/\/www.voustensports.com\/fr\/wp-json\/wp\/v2\/media?parent=213483"}],"wp:term":[{"taxonomy":"product_cat","embeddable":true,"href":"https:\/\/www.voustensports.com\/fr\/wp-json\/wp\/v2\/product_cat?post=213483"},{"taxonomy":"product_tag","embeddable":true,"href":"https:\/\/www.voustensports.com\/fr\/wp-json\/wp\/v2\/product_tag?post=213483"}],"curies":[{"name":"wp","href":"https:\/\/api.w.org\/{rel}","templated":true}]}}