{"id":213226,"date":"2025-10-16T18:55:11","date_gmt":"2025-10-16T16:55:11","guid":{"rendered":"https:\/\/www.voustensports.com\/hogan-hyperlight-sneaker-41799-2\/"},"modified":"2026-04-14T04:03:06","modified_gmt":"2026-04-14T02:03:06","slug":"hogan-hyperlight-sneaker-41799-2","status":"publish","type":"product","link":"https:\/\/www.voustensports.com\/fr\/hogan-hyperlight-sneaker-41799-2\/","title":{"rendered":"HOGAN &#8211; Baskets Hyperlight blanches \/ noires (41799)"},"content":{"rendered":"<div>Caract\u00e9ris\u00e9es par des formes fluides et dynamiques, les baskets Hogan Hyperlight allient la silhouette d&rsquo;une chaussure de jogging \u00e0 un style urbain. Leur tige en cuir lisse, orn\u00e9e d&rsquo;un H inclin\u00e9, rappelle les d\u00e9tails embl\u00e9matiques de la marque. Un style dynamique, avec une semelle int\u00e9rieure en mousse \u00e0 m\u00e9moire de forme et une semelle ext\u00e9rieure l\u00e9g\u00e8re \u00e0 picots.<\/div>\n<ul>\n<li>Baskets Hogan Hyperlight pour homme<\/li>\n<li>Fabriqu\u00e9es en Italie<\/li>\n<li>Tige en cuir lisse<\/li>\n<li>H c\u00f4t\u00e9 inclin\u00e9<\/li>\n<li>Semelle int\u00e9rieure en mousse \u00e0 m\u00e9moire de forme 8 mm<\/li>\n<li>Semelle ext\u00e9rieure en caoutchouc<\/li>\n<li>Hauteur totale 4,5 cm<\/li>\n<li>Carnets d&rsquo;entretien inclus<\/li>\n<li>Housse en tissu incluse<\/li>\n<li>Lacets suppl\u00e9mentaires inclus<\/li>\n<\/ul>\n","protected":false},"excerpt":{"rendered":"<p>Caract\u00e9ris\u00e9es par des formes fluides et dynamiques, les baskets Hogan Hyperlight allient la silhouette d&rsquo;une chaussure de jogging \u00e0 un style urbain. Leur tige en cuir lisse, orn\u00e9e d&rsquo;un H inclin\u00e9, rappelle les d\u00e9tails embl\u00e9matiques de la marque. Un style dynamique, avec une semelle int\u00e9rieure en mousse \u00e0 m\u00e9moire de forme et une semelle ext\u00e9rieure [&#8230;]\n","protected":false},"featured_media":214138,"comment_status":"open","ping_status":"closed","template":"","meta":{"rank_math_lock_modified_date":false},"product_cat":[450,462,518,522,526,530,929,1108],"product_tag":[],"class_list":{"0":"post-213226","1":"product","2":"type-product","3":"status-publish","4":"has-post-thumbnail","6":"product_cat-heren-fr","7":"product_cat-vousten-sports-fr-2","8":"product_cat-hogan-fr","9":"product_cat-schoenen-fr-2","10":"product_cat-sneakers-fr-2","11":"product_cat-herenschoenen-fr","12":"product_cat-lage-sneakers-fr","13":"product_cat-regular-sneakers-fr","15":"first","16":"instock","17":"taxable","18":"shipping-taxable","19":"purchasable","20":"product-type-variable"},"acf":[],"yoast_head":"<!-- This site is optimized with the Yoast SEO plugin v23.9 - https:\/\/yoast.com\/wordpress\/plugins\/seo\/ -->\n<title>HOGAN - Baskets Hyperlight blanches \/ noires (41799) - Vousten Sports<\/title>\n<meta name=\"robots\" content=\"index, follow, max-snippet:-1, max-image-preview:large, max-video-preview:-1\" \/>\n<link rel=\"canonical\" href=\"https:\/\/www.voustensports.com\/fr\/hogan-hyperlight-sneaker-41799-2\/\" \/>\n<meta property=\"og:locale\" content=\"fr_FR\" \/>\n<meta property=\"og:type\" content=\"article\" \/>\n<meta property=\"og:title\" content=\"HOGAN - Baskets Hyperlight blanches \/ noires (41799) - Vousten Sports\" \/>\n<meta property=\"og:description\" content=\"Caract\u00e9ris\u00e9es par des formes fluides et dynamiques, les baskets Hogan Hyperlight allient la silhouette d&rsquo;une chaussure de jogging \u00e0 un style urbain. Leur tige en cuir lisse, orn\u00e9e d&rsquo;un H inclin\u00e9, rappelle les d\u00e9tails embl\u00e9matiques de la marque. Un style dynamique, avec une semelle int\u00e9rieure en mousse \u00e0 m\u00e9moire de forme et une semelle ext\u00e9rieure [...]\" \/>\n<meta property=\"og:url\" content=\"https:\/\/www.voustensports.com\/fr\/hogan-hyperlight-sneaker-41799-2\/\" \/>\n<meta property=\"og:site_name\" content=\"Vousten Sports\" \/>\n<meta property=\"article:modified_time\" content=\"2026-04-14T02:03:06+00:00\" \/>\n<meta property=\"og:image\" content=\"https:\/\/www.voustensports.com\/wp-content\/uploads\/2023\/06\/Sneakers-Hyperlight-wit-zwart-417991.png\" \/>\n\t<meta property=\"og:image:width\" content=\"713\" \/>\n\t<meta property=\"og:image:height\" content=\"713\" \/>\n\t<meta property=\"og:image:type\" content=\"image\/png\" \/>\n<meta name=\"twitter:card\" content=\"summary_large_image\" \/>\n<meta name=\"twitter:label1\" content=\"Est. reading time\" \/>\n\t<meta name=\"twitter:data1\" content=\"1 minute\" \/>\n<script type=\"application\/ld+json\" class=\"yoast-schema-graph\">{\"@context\":\"https:\/\/schema.org\",\"@graph\":[{\"@type\":\"WebPage\",\"@id\":\"https:\/\/www.voustensports.com\/fr\/hogan-hyperlight-sneaker-41799-2\/\",\"url\":\"https:\/\/www.voustensports.com\/fr\/hogan-hyperlight-sneaker-41799-2\/\",\"name\":\"HOGAN - Baskets Hyperlight blanches \/ noires (41799) - Vousten Sports\",\"isPartOf\":{\"@id\":\"https:\/\/www.voustensports.com\/nl\/#website\"},\"primaryImageOfPage\":{\"@id\":\"https:\/\/www.voustensports.com\/fr\/hogan-hyperlight-sneaker-41799-2\/#primaryimage\"},\"image\":{\"@id\":\"https:\/\/www.voustensports.com\/fr\/hogan-hyperlight-sneaker-41799-2\/#primaryimage\"},\"thumbnailUrl\":\"https:\/\/www.voustensports.com\/wp-content\/uploads\/2023\/06\/Sneakers-Hyperlight-wit-zwart-417991.png\",\"datePublished\":\"2025-10-16T16:55:11+00:00\",\"dateModified\":\"2026-04-14T02:03:06+00:00\",\"breadcrumb\":{\"@id\":\"https:\/\/www.voustensports.com\/fr\/hogan-hyperlight-sneaker-41799-2\/#breadcrumb\"},\"inLanguage\":\"fr-FR\",\"potentialAction\":[{\"@type\":\"ReadAction\",\"target\":[\"https:\/\/www.voustensports.com\/fr\/hogan-hyperlight-sneaker-41799-2\/\"]}]},{\"@type\":\"ImageObject\",\"inLanguage\":\"fr-FR\",\"@id\":\"https:\/\/www.voustensports.com\/fr\/hogan-hyperlight-sneaker-41799-2\/#primaryimage\",\"url\":\"https:\/\/www.voustensports.com\/wp-content\/uploads\/2023\/06\/Sneakers-Hyperlight-wit-zwart-417991.png\",\"contentUrl\":\"https:\/\/www.voustensports.com\/wp-content\/uploads\/2023\/06\/Sneakers-Hyperlight-wit-zwart-417991.png\",\"width\":713,\"height\":713},{\"@type\":\"BreadcrumbList\",\"@id\":\"https:\/\/www.voustensports.com\/fr\/hogan-hyperlight-sneaker-41799-2\/#breadcrumb\",\"itemListElement\":[{\"@type\":\"ListItem\",\"position\":1,\"name\":\"Home\",\"item\":\"https:\/\/www.voustensports.com\/fr\/\"},{\"@type\":\"ListItem\",\"position\":2,\"name\":\"Boutique\",\"item\":\"https:\/\/www.voustensports.com\/fr\/shop\/\"},{\"@type\":\"ListItem\",\"position\":3,\"name\":\"HOGAN &#8211; Baskets Hyperlight blanches \/ noires (41799)\"}]},{\"@type\":\"WebSite\",\"@id\":\"https:\/\/www.voustensports.com\/nl\/#website\",\"url\":\"https:\/\/www.voustensports.com\/nl\/\",\"name\":\"Vousten Sports\",\"description\":\"\",\"potentialAction\":[{\"@type\":\"SearchAction\",\"target\":{\"@type\":\"EntryPoint\",\"urlTemplate\":\"https:\/\/www.voustensports.com\/nl\/?s={search_term_string}\"},\"query-input\":{\"@type\":\"PropertyValueSpecification\",\"valueRequired\":true,\"valueName\":\"search_term_string\"}}],\"inLanguage\":\"fr-FR\"}]}<\/script>\n<!-- \/ Yoast SEO plugin. -->","yoast_head_json":{"title":"HOGAN - Baskets Hyperlight blanches \/ noires (41799) - Vousten Sports","robots":{"index":"index","follow":"follow","max-snippet":"max-snippet:-1","max-image-preview":"max-image-preview:large","max-video-preview":"max-video-preview:-1"},"canonical":"https:\/\/www.voustensports.com\/fr\/hogan-hyperlight-sneaker-41799-2\/","og_locale":"fr_FR","og_type":"article","og_title":"HOGAN - Baskets Hyperlight blanches \/ noires (41799) - Vousten Sports","og_description":"Caract\u00e9ris\u00e9es par des formes fluides et dynamiques, les baskets Hogan Hyperlight allient la silhouette d&rsquo;une chaussure de jogging \u00e0 un style urbain. Leur tige en cuir lisse, orn\u00e9e d&rsquo;un H inclin\u00e9, rappelle les d\u00e9tails embl\u00e9matiques de la marque. Un style dynamique, avec une semelle int\u00e9rieure en mousse \u00e0 m\u00e9moire de forme et une semelle ext\u00e9rieure [...]","og_url":"https:\/\/www.voustensports.com\/fr\/hogan-hyperlight-sneaker-41799-2\/","og_site_name":"Vousten Sports","article_modified_time":"2026-04-14T02:03:06+00:00","og_image":[{"width":713,"height":713,"url":"https:\/\/www.voustensports.com\/wp-content\/uploads\/2023\/06\/Sneakers-Hyperlight-wit-zwart-417991.png","type":"image\/png"}],"twitter_card":"summary_large_image","twitter_misc":{"Est. reading time":"1 minute"},"schema":{"@context":"https:\/\/schema.org","@graph":[{"@type":"WebPage","@id":"https:\/\/www.voustensports.com\/fr\/hogan-hyperlight-sneaker-41799-2\/","url":"https:\/\/www.voustensports.com\/fr\/hogan-hyperlight-sneaker-41799-2\/","name":"HOGAN - Baskets Hyperlight blanches \/ noires (41799) - Vousten Sports","isPartOf":{"@id":"https:\/\/www.voustensports.com\/nl\/#website"},"primaryImageOfPage":{"@id":"https:\/\/www.voustensports.com\/fr\/hogan-hyperlight-sneaker-41799-2\/#primaryimage"},"image":{"@id":"https:\/\/www.voustensports.com\/fr\/hogan-hyperlight-sneaker-41799-2\/#primaryimage"},"thumbnailUrl":"https:\/\/www.voustensports.com\/wp-content\/uploads\/2023\/06\/Sneakers-Hyperlight-wit-zwart-417991.png","datePublished":"2025-10-16T16:55:11+00:00","dateModified":"2026-04-14T02:03:06+00:00","breadcrumb":{"@id":"https:\/\/www.voustensports.com\/fr\/hogan-hyperlight-sneaker-41799-2\/#breadcrumb"},"inLanguage":"fr-FR","potentialAction":[{"@type":"ReadAction","target":["https:\/\/www.voustensports.com\/fr\/hogan-hyperlight-sneaker-41799-2\/"]}]},{"@type":"ImageObject","inLanguage":"fr-FR","@id":"https:\/\/www.voustensports.com\/fr\/hogan-hyperlight-sneaker-41799-2\/#primaryimage","url":"https:\/\/www.voustensports.com\/wp-content\/uploads\/2023\/06\/Sneakers-Hyperlight-wit-zwart-417991.png","contentUrl":"https:\/\/www.voustensports.com\/wp-content\/uploads\/2023\/06\/Sneakers-Hyperlight-wit-zwart-417991.png","width":713,"height":713},{"@type":"BreadcrumbList","@id":"https:\/\/www.voustensports.com\/fr\/hogan-hyperlight-sneaker-41799-2\/#breadcrumb","itemListElement":[{"@type":"ListItem","position":1,"name":"Home","item":"https:\/\/www.voustensports.com\/fr\/"},{"@type":"ListItem","position":2,"name":"Boutique","item":"https:\/\/www.voustensports.com\/fr\/shop\/"},{"@type":"ListItem","position":3,"name":"HOGAN &#8211; Baskets Hyperlight blanches \/ noires (41799)"}]},{"@type":"WebSite","@id":"https:\/\/www.voustensports.com\/nl\/#website","url":"https:\/\/www.voustensports.com\/nl\/","name":"Vousten Sports","description":"","potentialAction":[{"@type":"SearchAction","target":{"@type":"EntryPoint","urlTemplate":"https:\/\/www.voustensports.com\/nl\/?s={search_term_string}"},"query-input":{"@type":"PropertyValueSpecification","valueRequired":true,"valueName":"search_term_string"}}],"inLanguage":"fr-FR"}]}},"_links":{"self":[{"href":"https:\/\/www.voustensports.com\/fr\/wp-json\/wp\/v2\/product\/213226","targetHints":{"allow":["GET"]}}],"collection":[{"href":"https:\/\/www.voustensports.com\/fr\/wp-json\/wp\/v2\/product"}],"about":[{"href":"https:\/\/www.voustensports.com\/fr\/wp-json\/wp\/v2\/types\/product"}],"replies":[{"embeddable":true,"href":"https:\/\/www.voustensports.com\/fr\/wp-json\/wp\/v2\/comments?post=213226"}],"wp:featuredmedia":[{"embeddable":true,"href":"https:\/\/www.voustensports.com\/fr\/wp-json\/wp\/v2\/media\/214138"}],"wp:attachment":[{"href":"https:\/\/www.voustensports.com\/fr\/wp-json\/wp\/v2\/media?parent=213226"}],"wp:term":[{"taxonomy":"product_cat","embeddable":true,"href":"https:\/\/www.voustensports.com\/fr\/wp-json\/wp\/v2\/product_cat?post=213226"},{"taxonomy":"product_tag","embeddable":true,"href":"https:\/\/www.voustensports.com\/fr\/wp-json\/wp\/v2\/product_tag?post=213226"}],"curies":[{"name":"wp","href":"https:\/\/api.w.org\/{rel}","templated":true}]}}